{"id":20211043391,"date":"2025-01-28T11:04:00","date_gmt":"2025-01-28T11:04:00","guid":{"rendered":"https:\/\/arizer.eu\/home\/about\/why-dry-herb-vaporizers\/"},"modified":"2025-05-29T07:08:04","modified_gmt":"2025-05-29T07:08:04","slug":"why-dry-herb-vaporizers","status":"publish","type":"page","link":"https:\/\/arizer.eu\/it\/home\/about\/why-dry-herb-vaporizers\/","title":{"rendered":"State pensando a un vaporizzatore di erbe secche?"},"content":{"rendered":"\t\t<div data-elementor-type=\"wp-page\" data-elementor-id=\"20211043391\" class=\"elementor elementor-20211043391 elementor-20211042632\" data-elementor-post-type=\"page\">\n\t\t\t\t<div class=\"elementor-element elementor-element-a235986 e-con-full e-flex e-con e-parent\" data-id=\"a235986\" data-element_type=\"container\" data-e-type=\"container\">\n\t\t\t\t<div class=\"elementor-element elementor-element-231aa95a elementor-hidden-mobile elementor-widget elementor-widget-theme-post-featured-image elementor-widget-image\" data-id=\"231aa95a\" data-element_type=\"widget\" data-e-type=\"widget\" data-widget_type=\"theme-post-featured-image.default\">\n\t\t\t\t<div class=\"elementor-widget-container\">\n\t\t\t\t\t\t\t\t\t\t\t\t\t\t\t<img decoding=\"async\" src=\"https:\/\/arizer.net\/wp-content\/uploads\/sites\/5\/2025\/01\/DESKTOP-1-1.jpg\" title=\"\" alt=\"\" loading=\"lazy\" \/>\t\t\t\t\t\t\t\t\t\t\t\t\t\t\t<\/div>\n\t\t\t\t<\/div>\n\t\t\t\t<div class=\"elementor-element elementor-element-7edaafa elementor-hidden-desktop elementor-hidden-tablet elementor-widget elementor-widget-image\" data-id=\"7edaafa\" data-element_type=\"widget\" data-e-type=\"widget\" data-widget_type=\"image.default\">\n\t\t\t\t<div class=\"elementor-widget-container\">\n\t\t\t\t\t\t\t\t\t\t\t\t\t\t\t<img fetchpriority=\"high\" decoding=\"async\" width=\"430\" height=\"484\" src=\"https:\/\/arizer.eu\/wp-content\/uploads\/sites\/8\/2025\/01\/MOBILE.jpg\" class=\"attachment-full size-full wp-image-20211042643 wp-post-image\" alt=\"\" srcset=\"https:\/\/arizer.eu\/wp-content\/uploads\/sites\/8\/2025\/01\/MOBILE.jpg 430w, https:\/\/arizer.eu\/wp-content\/uploads\/sites\/8\/2025\/01\/MOBILE-267x300.jpg 267w, https:\/\/arizer.eu\/wp-content\/uploads\/sites\/8\/2025\/01\/MOBILE-21x24.jpg 21w, https:\/\/arizer.eu\/wp-content\/uploads\/sites\/8\/2025\/01\/MOBILE-32x36.jpg 32w, https:\/\/arizer.eu\/wp-content\/uploads\/sites\/8\/2025\/01\/MOBILE-43x48.jpg 43w\" sizes=\"(max-width: 34.9rem) calc(100vw - 2rem), (max-width: 53rem) calc(8 * (100vw \/ 12)), (min-width: 53rem) calc(6 * (100vw \/ 12)), 100vw\" title=\"\" \/>\t\t\t\t\t\t\t\t\t\t\t\t\t\t\t<\/div>\n\t\t\t\t<\/div>\n\t\t<div class=\"elementor-element elementor-element-14f83af4 e-flex e-con-boxed e-con e-child\" data-id=\"14f83af4\" data-element_type=\"container\" data-e-type=\"container\">\n\t\t\t\t\t<div class=\"e-con-inner\">\n\t\t\t\t<div class=\"elementor-element elementor-element-36d7e388 elementor-widget elementor-widget-text-editor\" data-id=\"36d7e388\" data-element_type=\"widget\" data-e-type=\"widget\" data-widget_type=\"text-editor.default\">\n\t\t\t\t<div class=\"elementor-widget-container\">\n\t\t\t\t\t\t\t\t\t<p><span data-sheets-root=\"1\">La crescente disponibilit\u00e0 di erbe e fiori secchi da fonti affidabili (oltre ai progressi nel giardinaggio domestico) significa che la qualit\u00e0 e la potenza non sono mai state cos\u00ec elevate. Godetevi i sapori naturali e corposi e beneficiate dell&#8217;effetto \u201centourage\u201d dell&#8217;uso di piante intere con un vaporizzatore per erbe secche Arizer.<\/span><\/p><p><span data-sheets-root=\"1\">Un&#8217;ampia gamma di variabili influisce sul tasso di estrazione a caldo dei terpeni naturali e dei composti botanici dalle erbe e dai fiori secchi. Tutti i vaporizzatori di erbe secche hanno una propria sorta di \u201cfirma del vapore\u201d basata su caratteristiche del dispositivo come la potenza, il tempo di riscaldamento, il controllo della temperatura, il design del forno, le propriet\u00e0 termiche e il flusso d&#8217;aria, nonch\u00e9 su input dell&#8217;utente come il tipo, la qualit\u00e0, la freschezza, la consistenza e la densit\u00e0 del carico di erbe\/fiore secchi.<\/span><\/p><p><span data-sheets-root=\"1\">Per quanto siano numerose le opzioni presenti oggi sul mercato, non esistono due vaporizzatori esattamente uguali. Alcuni vaporizzatori danno la priorit\u00e0 ad aspetti come il tempo di riscaldamento, la stabilit\u00e0 della temperatura, il sapore e la velocit\u00e0 di estrazione, a scapito di altre caratteristiche. Anche aspetti come le temperature superficiali del dispositivo, la durata della batteria, il tempo di ricarica o le batterie intercambiabili possono influire sulla vostra esperienza di svapo.<\/span><\/p><p><span data-sheets-root=\"1\">Arizer offre un&#8217;ampia gamma di vaporizzatori di erbe secche portatili e da tavolo per soddisfare i gusti e le esigenze di tutti, con un&#8217;attenzione particolare a ci\u00f2 che conta di pi\u00f9&#8230; qualit\u00e0 premium, prestazioni di alto livello e prezzi accessibili. Leggete i nostri articoli del blog sulle erbe secche per saperne di pi\u00f9 sui vaporizzatori di erbe secche e scoprite perch\u00e9 Arizer \u00e8 Better by Design.<\/span><\/p>\t\t\t\t\t\t\t\t<\/div>\n\t\t\t\t<\/div>\n\t\t\t\t\t<\/div>\n\t\t\t\t<\/div>\n\t\t\t\t<\/div>\n\t\t<div class=\"elementor-element elementor-element-7c032d3d e-flex e-con-boxed e-con e-parent\" data-id=\"7c032d3d\" data-element_type=\"container\" data-e-type=\"container\">\n\t\t\t\t\t<div class=\"e-con-inner\">\n\t\t\t\t<div class=\"elementor-element elementor-element-72d14cd5 elementor-widget elementor-widget-heading\" data-id=\"72d14cd5\" data-element_type=\"widget\" data-e-type=\"widget\" data-widget_type=\"heading.default\">\n\t\t\t\t<div class=\"elementor-widget-container\">\n\t\t\t\t\t<h5 class=\"elementor-heading-title elementor-size-default\">Articoli sui vaporizzatori di erbe secche<\/h5>\t\t\t\t<\/div>\n\t\t\t\t<\/div>\n\t\t\t\t<div class=\"elementor-element elementor-element-67840255 elementor-widget elementor-widget-text-editor\" data-id=\"67840255\" data-element_type=\"widget\" data-e-type=\"widget\" data-widget_type=\"text-editor.default\">\n\t\t\t\t<div class=\"elementor-widget-container\">\n\t\t\t\t\t\t\t\t\t<p><span data-sheets-root=\"1\">In arrivo<\/span><\/p>\t\t\t\t\t\t\t\t<\/div>\n\t\t\t\t<\/div>\n\t\t\t\t\t<\/div>\n\t\t\t\t<\/div>\n\t\t<div class=\"elementor-element elementor-element-4ff22cce e-flex e-con-boxed e-con e-parent\" data-id=\"4ff22cce\" data-element_type=\"container\" data-e-type=\"container\">\n\t\t\t\t\t<div class=\"e-con-inner\">\n\t\t\t\t<div class=\"elementor-element elementor-element-5cfe9251 elementor-hidden-mobile elementor-widget elementor-widget-text-editor\" data-id=\"5cfe9251\" data-element_type=\"widget\" data-e-type=\"widget\" data-widget_type=\"text-editor.default\">\n\t\t\t\t<div class=\"elementor-widget-container\">\n\t\t\t\t\t\t\t\t\t<a href=\"\/about\/\">About Arizer<\/a> | <a href=\"\/about\/history\/\">History of Arizer<\/a> | <a href=\"\/home\/about\/thinking-about-a-dry-herb-vaporizer\/\">Why Dry<\/a> | <a href=\"\/home\/about\/the-clear-choice-is-glass\/\">The Clarity of Glass<\/a><br>\n<a href=\"\/home\/about\/custom-session-settings\/\">Custom Session Settings<\/a> | <a href=\"\/home\/about\/hints-tips-story\/\">Hints, Tips &amp; Story<\/a> | <a href=\"\/home\/about\/v-scale\/\">V-Scale\u00a0<\/a>\t\t\t\t\t\t\t\t<\/div>\n\t\t\t\t<\/div>\n\t\t\t\t<div class=\"elementor-element elementor-element-4c2da187 elementor-hidden-desktop elementor-hidden-tablet elementor-widget elementor-widget-text-editor\" data-id=\"4c2da187\" data-element_type=\"widget\" data-e-type=\"widget\" data-widget_type=\"text-editor.default\">\n\t\t\t\t<div class=\"elementor-widget-container\">\n\t\t\t\t\t\t\t\t\t<a href=\"\/about\/\">About Arizer<\/a> | <a href=\"\/about\/history\/\">History of Arizer<\/a> | <a href=\"\/home\/about\/thinking-about-a-dry-herb-vaporizer\/\">Why Dry<\/a> | <a href=\"\/home\/about\/the-clear-choice-is-glass\/\">The Clarity of Glass<\/a><br>\n<a href=\"\/home\/about\/custom-session-settings\/\">Custom Session Settings<\/a> | <a href=\"\/home\/about\/hints-tips-story\/\">Hints, Tips &amp; Story<\/a> | <a href=\"\/home\/about\/v-scale\/\">V-Scale\u00a0<\/a>\t\t\t\t\t\t\t\t<\/div>\n\t\t\t\t<\/div>\n\t\t\t\t\t<\/div>\n\t\t\t\t<\/div>\n\t\t\t\t<\/div>\n\t\t","protected":false},"excerpt":{"rendered":"<p>La crescente disponibilit\u00e0 di erbe e fiori secchi da fonti affidabili (oltre ai progressi nel giardinaggio domestico) significa che la qualit\u00e0 e la potenza non sono mai state cos\u00ec elevate. Godetevi i sapori naturali e corposi e beneficiate dell&#8217;effetto \u201centourage\u201d dell&#8217;uso di piante intere con un vaporizzatore per erbe secche Arizer. Un&#8217;ampia gamma di variabili [&hellip;]<\/p>\n","protected":false},"author":1,"featured_media":0,"parent":20211043307,"menu_order":0,"comment_status":"closed","ping_status":"closed","template":"","meta":{"_acf_changed":false,"footnotes":""},"class_list":["post-20211043391","page","type-page","status-publish","hentry","entry"],"acf":[],"yoast_head":"<!-- This site is optimized with the Yoast SEO Premium plugin v27.1 (Yoast SEO v27.1.1) - https:\/\/yoast.com\/product\/yoast-seo-premium-wordpress\/ -->\n<title>State pensando a un vaporizzatore di erbe secche? - Arizer EU<\/title>\n<meta name=\"robots\" content=\"index, follow, max-snippet:-1, max-image-preview:large, max-video-preview:-1\" \/>\n<meta property=\"og:locale\" content=\"it_IT\" \/>\n<meta property=\"og:type\" content=\"article\" \/>\n<meta property=\"og:title\" content=\"State pensando a un vaporizzatore di erbe secche?\" \/>\n<meta property=\"og:description\" content=\"La crescente disponibilit\u00e0 di erbe e fiori secchi da fonti affidabili (oltre ai progressi nel giardinaggio domestico) significa che la qualit\u00e0 e la\" \/>\n<meta property=\"og:url\" content=\"https:\/\/arizer.eu\/it\/home\/about\/why-dry-herb-vaporizers\/\" \/>\n<meta property=\"og:site_name\" content=\"Arizer EU\" \/>\n<meta property=\"article:modified_time\" content=\"2025-05-29T07:08:04+00:00\" \/>\n<meta property=\"og:image\" content=\"https:\/\/arizer.eu\/wp-content\/uploads\/sites\/8\/2025\/01\/MOBILE.jpg\" \/>\n<meta name=\"twitter:card\" content=\"summary_large_image\" \/>\n<meta name=\"twitter:label1\" content=\"Tempo di lettura stimato\" \/>\n\t<meta name=\"twitter:data1\" content=\"3 minuti\" \/>\n<script type=\"application\/ld+json\" class=\"yoast-schema-graph\">{\"@context\":\"https:\/\/schema.org\",\"@graph\":[{\"@type\":\"WebPage\",\"@id\":\"https:\/\/arizer.eu\/it\/home\/about\/why-dry-herb-vaporizers\/\",\"url\":\"https:\/\/arizer.eu\/it\/home\/about\/why-dry-herb-vaporizers\/\",\"name\":\"State pensando a un vaporizzatore di erbe secche? - Arizer EU\",\"isPartOf\":{\"@id\":\"https:\/\/arizer.eu\/it\/#website\"},\"primaryImageOfPage\":{\"@id\":\"https:\/\/arizer.eu\/it\/home\/about\/why-dry-herb-vaporizers\/#primaryimage\"},\"image\":{\"@id\":\"https:\/\/arizer.eu\/it\/home\/about\/why-dry-herb-vaporizers\/#primaryimage\"},\"thumbnailUrl\":\"https:\/\/arizer.eu\/wp-content\/uploads\/sites\/8\/2025\/01\/MOBILE.jpg\",\"datePublished\":\"2025-01-28T11:04:00+00:00\",\"dateModified\":\"2025-05-29T07:08:04+00:00\",\"breadcrumb\":{\"@id\":\"https:\/\/arizer.eu\/it\/home\/about\/why-dry-herb-vaporizers\/#breadcrumb\"},\"inLanguage\":\"it-IT\",\"potentialAction\":[{\"@type\":\"ReadAction\",\"target\":[\"https:\/\/arizer.eu\/it\/home\/about\/why-dry-herb-vaporizers\/\"]}]},{\"@type\":\"ImageObject\",\"inLanguage\":\"it-IT\",\"@id\":\"https:\/\/arizer.eu\/it\/home\/about\/why-dry-herb-vaporizers\/#primaryimage\",\"url\":\"https:\/\/arizer.eu\/wp-content\/uploads\/sites\/8\/2025\/01\/MOBILE.jpg\",\"contentUrl\":\"https:\/\/arizer.eu\/wp-content\/uploads\/sites\/8\/2025\/01\/MOBILE.jpg\"},{\"@type\":\"BreadcrumbList\",\"@id\":\"https:\/\/arizer.eu\/it\/home\/about\/why-dry-herb-vaporizers\/#breadcrumb\",\"itemListElement\":[{\"@type\":\"ListItem\",\"position\":1,\"name\":\"Home\",\"item\":\"https:\/\/arizer.eu\/it\/\"},{\"@type\":\"ListItem\",\"position\":2,\"name\":\"Home\",\"item\":\"https:\/\/arizer.eu\/it\/\"},{\"@type\":\"ListItem\",\"position\":3,\"name\":\"About\",\"item\":\"https:\/\/arizer.eu\/it\/home\/about\/\"},{\"@type\":\"ListItem\",\"position\":4,\"name\":\"State pensando a un vaporizzatore di erbe secche?\"}]},{\"@type\":\"WebSite\",\"@id\":\"https:\/\/arizer.eu\/it\/#website\",\"url\":\"https:\/\/arizer.eu\/it\/\",\"name\":\"Arizer EU\",\"description\":\"Best Portable Electronic Vaporizers | Better By Design\",\"publisher\":{\"@id\":\"https:\/\/arizer.eu\/it\/#organization\"},\"potentialAction\":[{\"@type\":\"SearchAction\",\"target\":{\"@type\":\"EntryPoint\",\"urlTemplate\":\"https:\/\/arizer.eu\/it\/?s={search_term_string}\"},\"query-input\":{\"@type\":\"PropertyValueSpecification\",\"valueRequired\":true,\"valueName\":\"search_term_string\"}}],\"inLanguage\":\"it-IT\"},{\"@type\":\"Organization\",\"@id\":\"https:\/\/arizer.eu\/it\/#organization\",\"name\":\"AR TECH\",\"url\":\"https:\/\/arizer.eu\/it\/\",\"logo\":{\"@type\":\"ImageObject\",\"inLanguage\":\"it-IT\",\"@id\":\"https:\/\/arizer.eu\/it\/#\/schema\/logo\/image\/\",\"url\":\"\",\"contentUrl\":\"\",\"caption\":\"AR TECH\"},\"image\":{\"@id\":\"https:\/\/arizer.eu\/it\/#\/schema\/logo\/image\/\"},\"sameAs\":[\"https:\/\/www.instagram.com\/arizertech\/\",\"https:\/\/www.youtube.com\/channel\/UCg1A_lcPMTaYi5GHJnxvM_A\"]}]}<\/script>\n<!-- \/ Yoast SEO Premium plugin. -->","yoast_head_json":{"title":"State pensando a un vaporizzatore di erbe secche? - Arizer EU","robots":{"index":"index","follow":"follow","max-snippet":"max-snippet:-1","max-image-preview":"max-image-preview:large","max-video-preview":"max-video-preview:-1"},"og_locale":"it_IT","og_type":"article","og_title":"State pensando a un vaporizzatore di erbe secche?","og_description":"La crescente disponibilit\u00e0 di erbe e fiori secchi da fonti affidabili (oltre ai progressi nel giardinaggio domestico) significa che la qualit\u00e0 e la","og_url":"https:\/\/arizer.eu\/it\/home\/about\/why-dry-herb-vaporizers\/","og_site_name":"Arizer EU","article_modified_time":"2025-05-29T07:08:04+00:00","og_image":[{"url":"https:\/\/arizer.eu\/wp-content\/uploads\/sites\/8\/2025\/01\/MOBILE.jpg","type":"","width":"","height":""}],"twitter_card":"summary_large_image","twitter_misc":{"Tempo di lettura stimato":"3 minuti"},"schema":{"@context":"https:\/\/schema.org","@graph":[{"@type":"WebPage","@id":"https:\/\/arizer.eu\/it\/home\/about\/why-dry-herb-vaporizers\/","url":"https:\/\/arizer.eu\/it\/home\/about\/why-dry-herb-vaporizers\/","name":"State pensando a un vaporizzatore di erbe secche? - Arizer EU","isPartOf":{"@id":"https:\/\/arizer.eu\/it\/#website"},"primaryImageOfPage":{"@id":"https:\/\/arizer.eu\/it\/home\/about\/why-dry-herb-vaporizers\/#primaryimage"},"image":{"@id":"https:\/\/arizer.eu\/it\/home\/about\/why-dry-herb-vaporizers\/#primaryimage"},"thumbnailUrl":"https:\/\/arizer.eu\/wp-content\/uploads\/sites\/8\/2025\/01\/MOBILE.jpg","datePublished":"2025-01-28T11:04:00+00:00","dateModified":"2025-05-29T07:08:04+00:00","breadcrumb":{"@id":"https:\/\/arizer.eu\/it\/home\/about\/why-dry-herb-vaporizers\/#breadcrumb"},"inLanguage":"it-IT","potentialAction":[{"@type":"ReadAction","target":["https:\/\/arizer.eu\/it\/home\/about\/why-dry-herb-vaporizers\/"]}]},{"@type":"ImageObject","inLanguage":"it-IT","@id":"https:\/\/arizer.eu\/it\/home\/about\/why-dry-herb-vaporizers\/#primaryimage","url":"https:\/\/arizer.eu\/wp-content\/uploads\/sites\/8\/2025\/01\/MOBILE.jpg","contentUrl":"https:\/\/arizer.eu\/wp-content\/uploads\/sites\/8\/2025\/01\/MOBILE.jpg"},{"@type":"BreadcrumbList","@id":"https:\/\/arizer.eu\/it\/home\/about\/why-dry-herb-vaporizers\/#breadcrumb","itemListElement":[{"@type":"ListItem","position":1,"name":"Home","item":"https:\/\/arizer.eu\/it\/"},{"@type":"ListItem","position":2,"name":"Home","item":"https:\/\/arizer.eu\/it\/"},{"@type":"ListItem","position":3,"name":"About","item":"https:\/\/arizer.eu\/it\/home\/about\/"},{"@type":"ListItem","position":4,"name":"State pensando a un vaporizzatore di erbe secche?"}]},{"@type":"WebSite","@id":"https:\/\/arizer.eu\/it\/#website","url":"https:\/\/arizer.eu\/it\/","name":"Arizer EU","description":"Best Portable Electronic Vaporizers | Better By Design","publisher":{"@id":"https:\/\/arizer.eu\/it\/#organization"},"potentialAction":[{"@type":"SearchAction","target":{"@type":"EntryPoint","urlTemplate":"https:\/\/arizer.eu\/it\/?s={search_term_string}"},"query-input":{"@type":"PropertyValueSpecification","valueRequired":true,"valueName":"search_term_string"}}],"inLanguage":"it-IT"},{"@type":"Organization","@id":"https:\/\/arizer.eu\/it\/#organization","name":"AR TECH","url":"https:\/\/arizer.eu\/it\/","logo":{"@type":"ImageObject","inLanguage":"it-IT","@id":"https:\/\/arizer.eu\/it\/#\/schema\/logo\/image\/","url":"","contentUrl":"","caption":"AR TECH"},"image":{"@id":"https:\/\/arizer.eu\/it\/#\/schema\/logo\/image\/"},"sameAs":["https:\/\/www.instagram.com\/arizertech\/","https:\/\/www.youtube.com\/channel\/UCg1A_lcPMTaYi5GHJnxvM_A"]}]}},"_links":{"self":[{"href":"https:\/\/arizer.eu\/it\/wp-json\/wp\/v2\/pages\/20211043391","targetHints":{"allow":["GET"]}}],"collection":[{"href":"https:\/\/arizer.eu\/it\/wp-json\/wp\/v2\/pages"}],"about":[{"href":"https:\/\/arizer.eu\/it\/wp-json\/wp\/v2\/types\/page"}],"author":[{"embeddable":true,"href":"https:\/\/arizer.eu\/it\/wp-json\/wp\/v2\/users\/1"}],"replies":[{"embeddable":true,"href":"https:\/\/arizer.eu\/it\/wp-json\/wp\/v2\/comments?post=20211043391"}],"version-history":[{"count":5,"href":"https:\/\/arizer.eu\/it\/wp-json\/wp\/v2\/pages\/20211043391\/revisions"}],"predecessor-version":[{"id":20211048704,"href":"https:\/\/arizer.eu\/it\/wp-json\/wp\/v2\/pages\/20211043391\/revisions\/20211048704"}],"up":[{"embeddable":true,"href":"https:\/\/arizer.eu\/it\/wp-json\/wp\/v2\/pages\/20211043307"}],"wp:attachment":[{"href":"https:\/\/arizer.eu\/it\/wp-json\/wp\/v2\/media?parent=20211043391"}],"curies":[{"name":"wp","href":"https:\/\/api.w.org\/{rel}","templated":true}]}}