{"id":20211041418,"date":"2020-01-08T05:02:28","date_gmt":"2020-01-08T05:02:28","guid":{"rendered":"https:\/\/arizer.eu\/terms-of-use\/"},"modified":"2026-04-13T19:11:55","modified_gmt":"2026-04-13T19:11:55","slug":"terms-of-use","status":"publish","type":"page","link":"https:\/\/arizer.eu\/it\/terms-of-use\/","title":{"rendered":"Arizer Website Terms of Use"},"content":{"rendered":"\t\t<div data-elementor-type=\"wp-page\" data-elementor-id=\"20211041418\" class=\"elementor elementor-20211041418 elementor-5531\" data-elementor-post-type=\"page\">\n\t\t\t\t\t\t<section class=\"elementor-section elementor-top-section elementor-element elementor-element-8371e21 elementor-section-boxed elementor-section-height-default elementor-section-height-default\" data-id=\"8371e21\" data-element_type=\"section\" data-e-type=\"section\">\n\t\t\t\t\t\t<div class=\"elementor-container elementor-column-gap-default\">\n\t\t\t\t\t<div class=\"elementor-column elementor-col-100 elementor-top-column elementor-element elementor-element-7dad27c\" data-id=\"7dad27c\" data-element_type=\"column\" data-e-type=\"column\">\n\t\t\t<div class=\"elementor-widget-wrap elementor-element-populated\">\n\t\t\t\t\t\t<div class=\"elementor-element elementor-element-9659cb7 elementor-widget elementor-widget-heading\" data-id=\"9659cb7\" data-element_type=\"widget\" data-e-type=\"widget\" data-widget_type=\"heading.default\">\n\t\t\t\t<div class=\"elementor-widget-container\">\n\t\t\t\t\t<h1 class=\"elementor-heading-title elementor-size-default\">Termini e condizioni<\/h1>\t\t\t\t<\/div>\n\t\t\t\t<\/div>\n\t\t\t\t\t<\/div>\n\t\t<\/div>\n\t\t\t\t\t<\/div>\n\t\t<\/section>\n\t\t\t\t<section class=\"elementor-section elementor-top-section elementor-element elementor-element-fa51637 elementor-section-boxed elementor-section-height-default elementor-section-height-default\" data-id=\"fa51637\" data-element_type=\"section\" data-e-type=\"section\">\n\t\t\t\t\t\t<div class=\"elementor-container elementor-column-gap-default\">\n\t\t\t\t\t<div class=\"elementor-column elementor-col-100 elementor-top-column elementor-element elementor-element-05937f2\" data-id=\"05937f2\" data-element_type=\"column\" data-e-type=\"column\">\n\t\t\t<div class=\"elementor-widget-wrap elementor-element-populated\">\n\t\t\t\t\t\t<div class=\"elementor-element elementor-element-02558ff elementor-widget elementor-widget-text-editor\" data-id=\"02558ff\" data-element_type=\"widget\" data-e-type=\"widget\" data-widget_type=\"text-editor.default\">\n\t\t\t\t<div class=\"elementor-widget-container\">\n\t\t\t\t\t\t\t\t\t<h2>1. Ambito di applicazione<\/h2><p>Le presenti condizioni generali si applicano a tutti gli ordini effettuati da consumatori e professionisti tramite il nostro negozio online.<\/p><p>Per consumatore si intende qualsiasi persona fisica che conclude un negozio giuridico per scopi che non rientrano prevalentemente nella sua attivit\u00e0 commerciale o professionale autonoma. Per professionista si intende una persona fisica o giuridica o una societ\u00e0 di persone con capacit\u00e0 giuridica che, al momento della conclusione di un negozio giuridico, agisce nell\u2019esercizio della propria attivit\u00e0 commerciale o professionale autonoma.<\/p><p>Nei confronti dei professionisti, le presenti condizioni generali si applicano anche ai futuri rapporti commerciali senza che sia necessario un ulteriore richiamo. Qualora il professionista utilizzi condizioni generali contrastanti o integrative, la loro validit\u00e0 \u00e8 espressamente esclusa; esse diventeranno parte del contratto solo se espressamente accettate da noi.<\/p><h2>2. Parte contraente, conclusione del contratto<\/h2><p>Il contratto di acquisto \u00e8 concluso con Reinhart GmbH &amp; Co. KG.<\/p><p>Inserendo i prodotti nel negozio online, formuliamo un\u2019offerta vincolante per la conclusione di un contratto relativo a tali articoli. \u00c8 possibile inserire i prodotti nel carrello senza impegno e modificare i dati in qualsiasi momento prima dell\u2019invio dell\u2019ordine vincolante utilizzando gli strumenti di correzione previsti e spiegati durante il processo di acquisto. Il contratto si conclude nel momento in cui si accetta l\u2019offerta relativa ai prodotti presenti nel carrello cliccando sul pulsante di ordine. Subito dopo l\u2019invio dell\u2019ordine, riceverete una conferma via e-mail.<\/p><h2>3. Lingua del contratto, archiviazione del testo contrattuale<\/h2><p>Le lingue disponibili per la conclusione del contratto sono italiano e inglese.<\/p><p>Il testo del contratto non viene archiviato da noi.<\/p><h2>4. Condizioni di spedizione<\/h2><p>Ai prezzi dei prodotti indicati possono essere aggiunti costi di spedizione. Maggiori dettagli sull\u2019importo delle spese di spedizione sono disponibili nelle offerte.<\/p><p>Effettuiamo consegne esclusivamente tramite spedizione. Non \u00e8 purtroppo possibile il ritiro diretto della merce.<\/p><h2>5. Metodi di pagamento<\/h2><p>Nel nostro negozio sono disponibili i seguenti metodi di pagamento:<\/p><p>Bonifico bancario<br \/>Se scegliete il pagamento anticipato, vi comunicheremo le nostre coordinate bancarie in una e-mail separata e spediremo la merce dopo aver ricevuto il pagamento.<\/p><p>PayPal<br \/>Durante il processo di ordine verrete reindirizzati al sito del fornitore online PayPal. Per pagare l\u2019importo della fattura tramite PayPal, dovete essere registrati oppure registrarvi, autenticarvi con i vostri dati di accesso e confermare l\u2019ordine di pagamento. Dopo aver effettuato l\u2019ordine nel negozio, richiederemo a PayPal di avviare la transazione di pagamento. Ulteriori istruzioni vi saranno fornite durante il processo di ordine.<\/p><p>SOFORT \u00dcberweisung<br \/>Dopo aver effettuato l\u2019ordine, verrete reindirizzati al sito del fornitore SOFORT \u00dcberweisung. Per poter pagare tramite questo servizio, dovete disporre di un conto di online banking con procedura PIN\/TAN attivata, autenticarvi e confermare l\u2019ordine di pagamento. Ulteriori istruzioni vi saranno fornite durante il processo di ordine. La transazione verr\u00e0 eseguita immediatamente e il vostro conto sar\u00e0 addebitato.<\/p><p>Non vengono aggiunti costi aggiuntivi (0%) al prezzo di acquisto.<\/p><h2>6. Riserva di propriet\u00e0<\/h2><p>La merce rimane di nostra propriet\u00e0 fino al pagamento completo.<\/p><p>Per i professionisti si applica inoltre quanto segue: ci riserviamo la propriet\u00e0 della merce fino al completo pagamento di tutti i crediti derivanti da un rapporto commerciale in corso. \u00c8 possibile rivendere la merce soggetta a riserva di propriet\u00e0 nel normale svolgimento dell\u2019attivit\u00e0; cedete fin da ora a noi tutti i crediti derivanti da tale rivendita per un importo pari alla fattura, indipendentemente da un\u2019eventuale combinazione o trasformazione della merce. Accettiamo tale cessione. Rimanete autorizzati alla riscossione dei crediti, ma possiamo riscuoterli direttamente se non rispettate i vostri obblighi di pagamento. Si applica la garanzia legale per i difetti. Informazioni su eventuali garanzie aggiuntive e sulle relative condizioni sono disponibili con il prodotto e su apposite pagine informative del negozio online.<\/p><h2>7. Risoluzione delle controversie<\/h2><p>La Commissione Europea mette a disposizione una piattaforma per la risoluzione delle controversie online (ODR), disponibile al seguente link: http:\/\/ec.europa.eu\/consumers\/odr\/<\/p><p>Non siamo obbligati n\u00e9 disposti a partecipare a una procedura di risoluzione delle controversie davanti a un organismo di mediazione dei consumatori.<\/p><h2>8. Recensioni dei prodotti<\/h2><p>Apprezziamo i vostri contributi e vi incoraggiamo a lasciare recensioni sui prodotti Arizer. Le recensioni devono essere pertinenti, oneste e focalizzate sul prodotto stesso.<\/p><p>I feedback riguardanti Arizer come azienda, la spedizione, il servizio clienti o l\u2019imballaggio devono essere indirizzati al nostro team di supporto all\u2019indirizzo service@arizer.com<br \/>.<\/p><p>Inviando una recensione sul nostro sito web, accettate che Arizer possa pubblicare la vostra recensione, insieme al vostro nome, sul nostro sito web in qualsiasi formato o posizione a sua discrezione.<\/p><p>Accettate inoltre che Arizer possa modificare le recensioni per migliorarne chiarezza, lunghezza o appropriatezza, purch\u00e9 l\u2019intento della recensione non venga alterato. Arizer si riserva il diritto di rimuovere o non pubblicare qualsiasi contenuto ritenuto non pertinente o inappropriato.<\/p><h2>9. Disposizioni finali<\/h2><p>Se siete un professionista, si applica il diritto tedesco con esclusione della Convenzione delle Nazioni Unite sui contratti di vendita internazionale di merci.<\/p><p>Se siete commercianti ai sensi del Codice commerciale tedesco, una persona giuridica di diritto pubblico o un patrimonio speciale di diritto pubblico, il foro competente esclusivo per tutte le controversie derivanti dai rapporti contrattuali tra noi e voi \u00e8 la nostra sede legale.<\/p>\t\t\t\t\t\t\t\t<\/div>\n\t\t\t\t<\/div>\n\t\t\t\t\t<\/div>\n\t\t<\/div>\n\t\t\t\t\t<\/div>\n\t\t<\/section>\n\t\t\t\t<\/div>\n\t\t","protected":false},"excerpt":{"rendered":"<p>Termini e condizioni 1. Ambito di applicazione Le presenti condizioni generali si applicano a tutti gli ordini effettuati da consumatori e professionisti tramite il nostro negozio online. Per consumatore si intende qualsiasi persona fisica che conclude un negozio giuridico per scopi che non rientrano prevalentemente nella sua attivit\u00e0 commerciale o professionale autonoma. Per professionista si [&hellip;]<\/p>\n","protected":false},"author":1,"featured_media":0,"parent":0,"menu_order":0,"comment_status":"closed","ping_status":"closed","template":"","meta":{"_acf_changed":false,"footnotes":""},"class_list":["post-20211041418","page","type-page","status-publish","hentry","entry"],"acf":[],"yoast_head":"<!-- This site is optimized with the Yoast SEO Premium plugin v27.1 (Yoast SEO v27.1.1) - https:\/\/yoast.com\/product\/yoast-seo-premium-wordpress\/ -->\n<title>Arizer Website Terms of Use - Arizer EU<\/title>\n<meta name=\"robots\" content=\"index, follow, max-snippet:-1, max-image-preview:large, max-video-preview:-1\" \/>\n<meta property=\"og:locale\" content=\"it_IT\" \/>\n<meta property=\"og:type\" content=\"article\" \/>\n<meta property=\"og:title\" content=\"Arizer Website Terms of Use\" \/>\n<meta property=\"og:description\" content=\"Termini e condizioni 1. Ambito di applicazioneLe presenti condizioni generali si applicano a tutti gli ordini effettuati da consumatori e professionisti\" \/>\n<meta property=\"og:url\" content=\"https:\/\/arizer.eu\/it\/terms-of-use\/\" \/>\n<meta property=\"og:site_name\" content=\"Arizer EU\" \/>\n<meta property=\"article:modified_time\" content=\"2026-04-13T19:11:55+00:00\" \/>\n<meta name=\"twitter:card\" content=\"summary_large_image\" \/>\n<meta name=\"twitter:label1\" content=\"Tempo di lettura stimato\" \/>\n\t<meta name=\"twitter:data1\" content=\"5 minuti\" \/>\n<script type=\"application\/ld+json\" class=\"yoast-schema-graph\">{\"@context\":\"https:\/\/schema.org\",\"@graph\":[{\"@type\":\"WebPage\",\"@id\":\"https:\/\/arizer.eu\/it\/terms-of-use\/\",\"url\":\"https:\/\/arizer.eu\/it\/terms-of-use\/\",\"name\":\"Arizer Website Terms of Use - Arizer EU\",\"isPartOf\":{\"@id\":\"https:\/\/arizer.eu\/it\/#website\"},\"datePublished\":\"2020-01-08T05:02:28+00:00\",\"dateModified\":\"2026-04-13T19:11:55+00:00\",\"breadcrumb\":{\"@id\":\"https:\/\/arizer.eu\/it\/terms-of-use\/#breadcrumb\"},\"inLanguage\":\"it-IT\",\"potentialAction\":[{\"@type\":\"ReadAction\",\"target\":[\"https:\/\/arizer.eu\/it\/terms-of-use\/\"]}]},{\"@type\":\"BreadcrumbList\",\"@id\":\"https:\/\/arizer.eu\/it\/terms-of-use\/#breadcrumb\",\"itemListElement\":[{\"@type\":\"ListItem\",\"position\":1,\"name\":\"Home\",\"item\":\"https:\/\/arizer.eu\/it\/\"},{\"@type\":\"ListItem\",\"position\":2,\"name\":\"Arizer Website Terms of Use\"}]},{\"@type\":\"WebSite\",\"@id\":\"https:\/\/arizer.eu\/it\/#website\",\"url\":\"https:\/\/arizer.eu\/it\/\",\"name\":\"Arizer EU\",\"description\":\"Best Portable Electronic Vaporizers | Better By Design\",\"publisher\":{\"@id\":\"https:\/\/arizer.eu\/it\/#organization\"},\"potentialAction\":[{\"@type\":\"SearchAction\",\"target\":{\"@type\":\"EntryPoint\",\"urlTemplate\":\"https:\/\/arizer.eu\/it\/?s={search_term_string}\"},\"query-input\":{\"@type\":\"PropertyValueSpecification\",\"valueRequired\":true,\"valueName\":\"search_term_string\"}}],\"inLanguage\":\"it-IT\"},{\"@type\":\"Organization\",\"@id\":\"https:\/\/arizer.eu\/it\/#organization\",\"name\":\"AR TECH\",\"url\":\"https:\/\/arizer.eu\/it\/\",\"logo\":{\"@type\":\"ImageObject\",\"inLanguage\":\"it-IT\",\"@id\":\"https:\/\/arizer.eu\/it\/#\/schema\/logo\/image\/\",\"url\":\"\",\"contentUrl\":\"\",\"caption\":\"AR TECH\"},\"image\":{\"@id\":\"https:\/\/arizer.eu\/it\/#\/schema\/logo\/image\/\"},\"sameAs\":[\"https:\/\/www.instagram.com\/arizertech\/\",\"https:\/\/www.youtube.com\/channel\/UCg1A_lcPMTaYi5GHJnxvM_A\"]}]}<\/script>\n<!-- \/ Yoast SEO Premium plugin. -->","yoast_head_json":{"title":"Arizer Website Terms of Use - Arizer EU","robots":{"index":"index","follow":"follow","max-snippet":"max-snippet:-1","max-image-preview":"max-image-preview:large","max-video-preview":"max-video-preview:-1"},"og_locale":"it_IT","og_type":"article","og_title":"Arizer Website Terms of Use","og_description":"Termini e condizioni 1. Ambito di applicazioneLe presenti condizioni generali si applicano a tutti gli ordini effettuati da consumatori e professionisti","og_url":"https:\/\/arizer.eu\/it\/terms-of-use\/","og_site_name":"Arizer EU","article_modified_time":"2026-04-13T19:11:55+00:00","twitter_card":"summary_large_image","twitter_misc":{"Tempo di lettura stimato":"5 minuti"},"schema":{"@context":"https:\/\/schema.org","@graph":[{"@type":"WebPage","@id":"https:\/\/arizer.eu\/it\/terms-of-use\/","url":"https:\/\/arizer.eu\/it\/terms-of-use\/","name":"Arizer Website Terms of Use - Arizer EU","isPartOf":{"@id":"https:\/\/arizer.eu\/it\/#website"},"datePublished":"2020-01-08T05:02:28+00:00","dateModified":"2026-04-13T19:11:55+00:00","breadcrumb":{"@id":"https:\/\/arizer.eu\/it\/terms-of-use\/#breadcrumb"},"inLanguage":"it-IT","potentialAction":[{"@type":"ReadAction","target":["https:\/\/arizer.eu\/it\/terms-of-use\/"]}]},{"@type":"BreadcrumbList","@id":"https:\/\/arizer.eu\/it\/terms-of-use\/#breadcrumb","itemListElement":[{"@type":"ListItem","position":1,"name":"Home","item":"https:\/\/arizer.eu\/it\/"},{"@type":"ListItem","position":2,"name":"Arizer Website Terms of Use"}]},{"@type":"WebSite","@id":"https:\/\/arizer.eu\/it\/#website","url":"https:\/\/arizer.eu\/it\/","name":"Arizer EU","description":"Best Portable Electronic Vaporizers | Better By Design","publisher":{"@id":"https:\/\/arizer.eu\/it\/#organization"},"potentialAction":[{"@type":"SearchAction","target":{"@type":"EntryPoint","urlTemplate":"https:\/\/arizer.eu\/it\/?s={search_term_string}"},"query-input":{"@type":"PropertyValueSpecification","valueRequired":true,"valueName":"search_term_string"}}],"inLanguage":"it-IT"},{"@type":"Organization","@id":"https:\/\/arizer.eu\/it\/#organization","name":"AR TECH","url":"https:\/\/arizer.eu\/it\/","logo":{"@type":"ImageObject","inLanguage":"it-IT","@id":"https:\/\/arizer.eu\/it\/#\/schema\/logo\/image\/","url":"","contentUrl":"","caption":"AR TECH"},"image":{"@id":"https:\/\/arizer.eu\/it\/#\/schema\/logo\/image\/"},"sameAs":["https:\/\/www.instagram.com\/arizertech\/","https:\/\/www.youtube.com\/channel\/UCg1A_lcPMTaYi5GHJnxvM_A"]}]}},"_links":{"self":[{"href":"https:\/\/arizer.eu\/it\/wp-json\/wp\/v2\/pages\/20211041418","targetHints":{"allow":["GET"]}}],"collection":[{"href":"https:\/\/arizer.eu\/it\/wp-json\/wp\/v2\/pages"}],"about":[{"href":"https:\/\/arizer.eu\/it\/wp-json\/wp\/v2\/types\/page"}],"author":[{"embeddable":true,"href":"https:\/\/arizer.eu\/it\/wp-json\/wp\/v2\/users\/1"}],"replies":[{"embeddable":true,"href":"https:\/\/arizer.eu\/it\/wp-json\/wp\/v2\/comments?post=20211041418"}],"version-history":[{"count":11,"href":"https:\/\/arizer.eu\/it\/wp-json\/wp\/v2\/pages\/20211041418\/revisions"}],"predecessor-version":[{"id":20220684610,"href":"https:\/\/arizer.eu\/it\/wp-json\/wp\/v2\/pages\/20211041418\/revisions\/20220684610"}],"wp:attachment":[{"href":"https:\/\/arizer.eu\/it\/wp-json\/wp\/v2\/media?parent=20211041418"}],"curies":[{"name":"wp","href":"https:\/\/api.w.org\/{rel}","templated":true}]}}