{"id":20220683378,"date":"2026-03-31T18:47:29","date_gmt":"2026-03-31T18:47:29","guid":{"rendered":"https:\/\/arizer.eu\/?post_type=product&#038;p=20220683378"},"modified":"2026-03-31T18:47:33","modified_gmt":"2026-03-31T18:47:33","slug":"pre-load-go-case","status":"publish","type":"product","link":"https:\/\/arizer.eu\/fr\/produit\/pre-load-go-case\/","title":{"rendered":"Pre-Load &#038; Go Case"},"content":{"rendered":"","protected":false},"excerpt":{"rendered":"<p>Description : Le Pre-Load &amp; Go Case nouvellement repens\u00e9 \u00e9l\u00e8ve la portabilit\u00e9 du Go SRT \u00e0 un tout autre niveau. Conservant le m\u00eame format compact et pr\u00eat pour le voyage que le Arizer Go Pre-Load &amp; Go Case, il dispose d\u00e9sormais d\u2019un agencement int\u00e9rieur nouveau et am\u00e9lior\u00e9, con\u00e7u pour plus de flexibilit\u00e9 et une pr\u00e9paration de session optimale. Que ce soit pour une journ\u00e9e bien remplie ou un week-end, le Pre-Load &amp; Go Case est votre arsenal de vaporisation pr\u00eat \u00e0 l\u2019emploi \u2014 con\u00e7u pour la rapidit\u00e9, la pr\u00e9cision et une portabilit\u00e9 totale.<\/p>\n<p>Contenu : 1 x \u00e9tui rigide \u00e0 charni\u00e8re avec insert en silicone, 10 x Go Shells, 10 x grilles filtrantes Go, 10 x Go Stem Caps, 10 x Go Shell Grips, 1 x outil de m\u00e9lange en acier inoxydable<\/p>\n","protected":false},"featured_media":20220683370,"comment_status":"closed","ping_status":"closed","template":"","meta":{"_acf_changed":false},"product_brand":[],"product_cat":[1635,1639],"product_tag":[],"class_list":{"0":"post-20220683378","1":"product","2":"type-product","3":"status-publish","4":"has-post-thumbnail","6":"product_cat-go-srt-accessories-fr","7":"product_cat-go-srt-cases-fr","8":"entry","10":"first","11":"outofstock","12":"taxable","13":"shipping-taxable","14":"purchasable","15":"product-type-simple"},"bundled_by":[],"bundle_stock_status":"outofstock","bundle_stock_quantity":0,"bundle_virtual":false,"bundle_layout":"","bundle_add_to_cart_form_location":"","bundle_editable_in_cart":false,"bundle_sold_individually_context":"","bundle_item_grouping":"","bundle_min_size":"","bundle_max_size":"","bundle_price":[],"bundled_items":[],"bundle_sell_ids":[],"acf":[],"yoast_head":"<!-- This site is optimized with the Yoast SEO Premium plugin v27.1 (Yoast SEO v27.1.1) - https:\/\/yoast.com\/product\/yoast-seo-premium-wordpress\/ -->\n<title>Pre-Load &amp; Go Case - Arizer EU<\/title>\n<meta name=\"robots\" content=\"index, follow, max-snippet:-1, max-image-preview:large, max-video-preview:-1\" \/>\n<meta property=\"og:locale\" content=\"fr_FR\" \/>\n<meta property=\"og:type\" content=\"article\" \/>\n<meta property=\"og:title\" content=\"Pre-Load &amp; Go Case\" \/>\n<meta property=\"og:description\" content=\"Description : Le Pre-Load &amp; Go Case nouvellement repens\u00e9 \u00e9l\u00e8ve la portabilit\u00e9 du Go SRT \u00e0 un tout autre niveau. Conservant le m\u00eame format compact et pr\u00eat pour le voyage que le Arizer Go Pre-Load &amp; Go Case, il dispose d\u00e9sormais d\u2019un agencement int\u00e9rieur nouveau et am\u00e9lior\u00e9, con\u00e7u pour plus de flexibilit\u00e9 et une pr\u00e9paration de session optimale. Que ce soit pour une journ\u00e9e bien remplie ou un week-end, le Pre-Load &amp; Go Case est votre arsenal de vaporisation pr\u00eat \u00e0 l\u2019emploi \u2014 con\u00e7u pour la rapidit\u00e9, la pr\u00e9cision et une portabilit\u00e9 totale.  Contenu : 1 x \u00e9tui rigide \u00e0 charni\u00e8re avec insert en silicone, 10 x Go Shells, 10 x grilles filtrantes Go, 10 x Go Stem Caps, 10 x Go Shell Grips, 1 x outil de m\u00e9lange en acier inoxydable\" \/>\n<meta property=\"og:url\" content=\"https:\/\/arizer.eu\/fr\/produit\/pre-load-go-case\/\" \/>\n<meta property=\"og:site_name\" content=\"Arizer EU\" \/>\n<meta property=\"article:modified_time\" content=\"2026-03-31T18:47:33+00:00\" \/>\n<meta property=\"og:image\" content=\"https:\/\/arizer.eu\/wp-content\/uploads\/sites\/8\/2025\/09\/17-Pre-Load-And-Go-Case-SRT-1.jpg\" \/>\n\t<meta property=\"og:image:width\" content=\"1000\" \/>\n\t<meta property=\"og:image:height\" content=\"1000\" \/>\n\t<meta property=\"og:image:type\" content=\"image\/jpeg\" \/>\n<meta name=\"twitter:card\" content=\"summary_large_image\" \/>\n<meta name=\"twitter:label1\" content=\"Prix\" \/>\n\t<meta name=\"twitter:data1\" content=\"99.99&euro;\" \/>\n\t<meta name=\"twitter:label2\" content=\"Disponibilit\u00e9\" \/>\n\t<meta name=\"twitter:data2\" content=\"Rupture de stock\" \/>\n<script type=\"application\/ld+json\" class=\"yoast-schema-graph\">{\"@context\":\"https:\/\/schema.org\",\"@graph\":[{\"@type\":\"WebPage\",\"@id\":\"https:\/\/arizer.eu\/fr\/produit\/pre-load-go-case\/\",\"url\":\"https:\/\/arizer.eu\/fr\/produit\/pre-load-go-case\/\",\"name\":\"Pre-Load & Go Case - Arizer EU\",\"isPartOf\":{\"@id\":\"https:\/\/arizer.eu\/fr\/#website\"},\"primaryImageOfPage\":{\"@id\":\"https:\/\/arizer.eu\/fr\/produit\/pre-load-go-case\/#primaryimage\"},\"image\":{\"@id\":\"https:\/\/arizer.eu\/fr\/produit\/pre-load-go-case\/#primaryimage\"},\"thumbnailUrl\":\"https:\/\/arizer.eu\/wp-content\/uploads\/sites\/8\/2025\/09\/17-Pre-Load-And-Go-Case-SRT-1.jpg\",\"datePublished\":\"2026-03-31T18:47:29+00:00\",\"dateModified\":\"2026-03-31T18:47:33+00:00\",\"breadcrumb\":{\"@id\":\"https:\/\/arizer.eu\/fr\/produit\/pre-load-go-case\/#breadcrumb\"},\"inLanguage\":\"fr-FR\",\"potentialAction\":[{\"@type\":\"ReadAction\",\"target\":[\"https:\/\/arizer.eu\/fr\/produit\/pre-load-go-case\/\"]}]},{\"@type\":\"ImageObject\",\"inLanguage\":\"fr-FR\",\"@id\":\"https:\/\/arizer.eu\/fr\/produit\/pre-load-go-case\/#primaryimage\",\"url\":\"https:\/\/arizer.eu\/wp-content\/uploads\/sites\/8\/2025\/09\/17-Pre-Load-And-Go-Case-SRT-1.jpg\",\"contentUrl\":\"https:\/\/arizer.eu\/wp-content\/uploads\/sites\/8\/2025\/09\/17-Pre-Load-And-Go-Case-SRT-1.jpg\",\"width\":1000,\"height\":1000,\"caption\":\"Pre-load and Go Case Go SRT\"},{\"@type\":\"BreadcrumbList\",\"@id\":\"https:\/\/arizer.eu\/fr\/produit\/pre-load-go-case\/#breadcrumb\",\"itemListElement\":[{\"@type\":\"ListItem\",\"position\":1,\"name\":\"Home\",\"item\":\"https:\/\/arizer.eu\/fr\/\"},{\"@type\":\"ListItem\",\"position\":2,\"name\":\"Pre-Load &#038; Go Case\"}]},{\"@type\":\"WebSite\",\"@id\":\"https:\/\/arizer.eu\/fr\/#website\",\"url\":\"https:\/\/arizer.eu\/fr\/\",\"name\":\"Arizer EU\",\"description\":\"Best Portable Electronic Vaporizers | Better By Design\",\"publisher\":{\"@id\":\"https:\/\/arizer.eu\/fr\/#organization\"},\"potentialAction\":[{\"@type\":\"SearchAction\",\"target\":{\"@type\":\"EntryPoint\",\"urlTemplate\":\"https:\/\/arizer.eu\/fr\/?s={search_term_string}\"},\"query-input\":{\"@type\":\"PropertyValueSpecification\",\"valueRequired\":true,\"valueName\":\"search_term_string\"}}],\"inLanguage\":\"fr-FR\"},{\"@type\":\"Organization\",\"@id\":\"https:\/\/arizer.eu\/fr\/#organization\",\"name\":\"AR TECH\",\"url\":\"https:\/\/arizer.eu\/fr\/\",\"logo\":{\"@type\":\"ImageObject\",\"inLanguage\":\"fr-FR\",\"@id\":\"https:\/\/arizer.eu\/fr\/#\/schema\/logo\/image\/\",\"url\":\"\",\"contentUrl\":\"\",\"caption\":\"AR TECH\"},\"image\":{\"@id\":\"https:\/\/arizer.eu\/fr\/#\/schema\/logo\/image\/\"},\"sameAs\":[\"https:\/\/www.instagram.com\/arizertech\/\",\"https:\/\/www.youtube.com\/channel\/UCg1A_lcPMTaYi5GHJnxvM_A\"]}]}<\/script>\n<meta property=\"product:price:amount\" content=\"99.99\" \/>\n<meta property=\"product:price:currency\" content=\"EUR\" \/>\n<meta property=\"og:availability\" content=\"out of stock\" \/>\n<meta property=\"product:availability\" content=\"out of stock\" \/>\n<meta property=\"product:retailer_item_id\" content=\"8212\" \/>\n<meta property=\"product:condition\" content=\"new\" \/>\n<!-- \/ Yoast SEO Premium plugin. -->","yoast_head_json":{"title":"Pre-Load & Go Case - Arizer EU","robots":{"index":"index","follow":"follow","max-snippet":"max-snippet:-1","max-image-preview":"max-image-preview:large","max-video-preview":"max-video-preview:-1"},"og_locale":"fr_FR","og_type":"article","og_title":"Pre-Load & Go Case","og_description":"Description : Le Pre-Load &amp; Go Case nouvellement repens\u00e9 \u00e9l\u00e8ve la portabilit\u00e9 du Go SRT \u00e0 un tout autre niveau. Conservant le m\u00eame format compact et pr\u00eat pour le voyage que le Arizer Go Pre-Load &amp; Go Case, il dispose d\u00e9sormais d\u2019un agencement int\u00e9rieur nouveau et am\u00e9lior\u00e9, con\u00e7u pour plus de flexibilit\u00e9 et une pr\u00e9paration de session optimale. Que ce soit pour une journ\u00e9e bien remplie ou un week-end, le Pre-Load &amp; Go Case est votre arsenal de vaporisation pr\u00eat \u00e0 l\u2019emploi \u2014 con\u00e7u pour la rapidit\u00e9, la pr\u00e9cision et une portabilit\u00e9 totale.  Contenu : 1 x \u00e9tui rigide \u00e0 charni\u00e8re avec insert en silicone, 10 x Go Shells, 10 x grilles filtrantes Go, 10 x Go Stem Caps, 10 x Go Shell Grips, 1 x outil de m\u00e9lange en acier inoxydable","og_url":"https:\/\/arizer.eu\/fr\/produit\/pre-load-go-case\/","og_site_name":"Arizer EU","article_modified_time":"2026-03-31T18:47:33+00:00","og_image":[{"width":1000,"height":1000,"url":"https:\/\/arizer.eu\/wp-content\/uploads\/sites\/8\/2025\/09\/17-Pre-Load-And-Go-Case-SRT-1.jpg","type":"image\/jpeg"}],"twitter_card":"summary_large_image","twitter_misc":{"Prix":"99.99&euro;","Disponibilit\u00e9":"Rupture de stock"},"schema":{"@context":"https:\/\/schema.org","@graph":[{"@type":"WebPage","@id":"https:\/\/arizer.eu\/fr\/produit\/pre-load-go-case\/","url":"https:\/\/arizer.eu\/fr\/produit\/pre-load-go-case\/","name":"Pre-Load & Go Case - Arizer EU","isPartOf":{"@id":"https:\/\/arizer.eu\/fr\/#website"},"primaryImageOfPage":{"@id":"https:\/\/arizer.eu\/fr\/produit\/pre-load-go-case\/#primaryimage"},"image":{"@id":"https:\/\/arizer.eu\/fr\/produit\/pre-load-go-case\/#primaryimage"},"thumbnailUrl":"https:\/\/arizer.eu\/wp-content\/uploads\/sites\/8\/2025\/09\/17-Pre-Load-And-Go-Case-SRT-1.jpg","datePublished":"2026-03-31T18:47:29+00:00","dateModified":"2026-03-31T18:47:33+00:00","breadcrumb":{"@id":"https:\/\/arizer.eu\/fr\/produit\/pre-load-go-case\/#breadcrumb"},"inLanguage":"fr-FR","potentialAction":[{"@type":"ReadAction","target":["https:\/\/arizer.eu\/fr\/produit\/pre-load-go-case\/"]}]},{"@type":"ImageObject","inLanguage":"fr-FR","@id":"https:\/\/arizer.eu\/fr\/produit\/pre-load-go-case\/#primaryimage","url":"https:\/\/arizer.eu\/wp-content\/uploads\/sites\/8\/2025\/09\/17-Pre-Load-And-Go-Case-SRT-1.jpg","contentUrl":"https:\/\/arizer.eu\/wp-content\/uploads\/sites\/8\/2025\/09\/17-Pre-Load-And-Go-Case-SRT-1.jpg","width":1000,"height":1000,"caption":"Pre-load and Go Case Go SRT"},{"@type":"BreadcrumbList","@id":"https:\/\/arizer.eu\/fr\/produit\/pre-load-go-case\/#breadcrumb","itemListElement":[{"@type":"ListItem","position":1,"name":"Home","item":"https:\/\/arizer.eu\/fr\/"},{"@type":"ListItem","position":2,"name":"Pre-Load &#038; Go Case"}]},{"@type":"WebSite","@id":"https:\/\/arizer.eu\/fr\/#website","url":"https:\/\/arizer.eu\/fr\/","name":"Arizer EU","description":"Best Portable Electronic Vaporizers | Better By Design","publisher":{"@id":"https:\/\/arizer.eu\/fr\/#organization"},"potentialAction":[{"@type":"SearchAction","target":{"@type":"EntryPoint","urlTemplate":"https:\/\/arizer.eu\/fr\/?s={search_term_string}"},"query-input":{"@type":"PropertyValueSpecification","valueRequired":true,"valueName":"search_term_string"}}],"inLanguage":"fr-FR"},{"@type":"Organization","@id":"https:\/\/arizer.eu\/fr\/#organization","name":"AR TECH","url":"https:\/\/arizer.eu\/fr\/","logo":{"@type":"ImageObject","inLanguage":"fr-FR","@id":"https:\/\/arizer.eu\/fr\/#\/schema\/logo\/image\/","url":"","contentUrl":"","caption":"AR TECH"},"image":{"@id":"https:\/\/arizer.eu\/fr\/#\/schema\/logo\/image\/"},"sameAs":["https:\/\/www.instagram.com\/arizertech\/","https:\/\/www.youtube.com\/channel\/UCg1A_lcPMTaYi5GHJnxvM_A"]}]},"product_price_amount":"99.99","product_price_currency":"EUR","og_availability":"out of stock","product_availability":"out of stock","product_retailer_item_id":"8212","product_condition":"new"},"_links":{"self":[{"href":"https:\/\/arizer.eu\/fr\/wp-json\/wp\/v2\/product\/20220683378","targetHints":{"allow":["GET"]}}],"collection":[{"href":"https:\/\/arizer.eu\/fr\/wp-json\/wp\/v2\/product"}],"about":[{"href":"https:\/\/arizer.eu\/fr\/wp-json\/wp\/v2\/types\/product"}],"replies":[{"embeddable":true,"href":"https:\/\/arizer.eu\/fr\/wp-json\/wp\/v2\/comments?post=20220683378"}],"version-history":[{"count":1,"href":"https:\/\/arizer.eu\/fr\/wp-json\/wp\/v2\/product\/20220683378\/revisions"}],"predecessor-version":[{"id":20220683379,"href":"https:\/\/arizer.eu\/fr\/wp-json\/wp\/v2\/product\/20220683378\/revisions\/20220683379"}],"wp:featuredmedia":[{"embeddable":true,"href":"https:\/\/arizer.eu\/fr\/wp-json\/wp\/v2\/media\/20220683370"}],"wp:attachment":[{"href":"https:\/\/arizer.eu\/fr\/wp-json\/wp\/v2\/media?parent=20220683378"}],"wp:term":[{"taxonomy":"product_brand","embeddable":true,"href":"https:\/\/arizer.eu\/fr\/wp-json\/wp\/v2\/product_brand?post=20220683378"},{"taxonomy":"product_cat","embeddable":true,"href":"https:\/\/arizer.eu\/fr\/wp-json\/wp\/v2\/product_cat?post=20220683378"},{"taxonomy":"product_tag","embeddable":true,"href":"https:\/\/arizer.eu\/fr\/wp-json\/wp\/v2\/product_tag?post=20220683378"}],"curies":[{"name":"wp","href":"https:\/\/api.w.org\/{rel}","templated":true}]}}