{"id":20220683331,"date":"2026-03-31T18:48:22","date_gmt":"2026-03-31T18:48:22","guid":{"rendered":"https:\/\/arizer.eu\/?post_type=product&#038;p=20220683331"},"modified":"2026-03-31T18:48:25","modified_gmt":"2026-03-31T18:48:25","slug":"cable-usb-c-vers-usb-c","status":"publish","type":"product","link":"https:\/\/arizer.eu\/fr\/produkt\/cable-usb-c-vers-usb-c\/","title":{"rendered":"C\u00e2ble USB-C vers USB-C"},"content":{"rendered":"","protected":false},"excerpt":{"rendered":"<p>Description : C\u00e2ble USB-C vers USB-C premium de 4&prime; (environ 1,2 m) en silicone noir plat, con\u00e7u pour une charge et un transfert de donn\u00e9es fiables. Durable, flexible et r\u00e9sistant aux n\u0153uds pour un usage quotidien.<\/p>\n<p>Contenu : 1 x c\u00e2ble USB-C vers USB-C (4&prime;)<\/p>\n","protected":false},"featured_media":20220683325,"comment_status":"closed","ping_status":"closed","template":"","meta":{"_acf_changed":false},"product_brand":[],"product_cat":[1635,1647],"product_tag":[1610,1271],"class_list":{"0":"post-20220683331","1":"product","2":"type-product","3":"status-publish","4":"has-post-thumbnail","6":"product_cat-go-srt-accessories-fr","7":"product_cat-go-srt-power-fr","8":"product_tag-go-srt","9":"product_tag-solo-iii-fr","10":"entry","12":"first","13":"instock","14":"taxable","15":"shipping-taxable","16":"purchasable","17":"product-type-simple"},"bundled_by":[],"bundle_stock_status":"instock","bundle_stock_quantity":null,"bundle_virtual":false,"bundle_layout":"","bundle_add_to_cart_form_location":"","bundle_editable_in_cart":false,"bundle_sold_individually_context":"","bundle_item_grouping":"","bundle_min_size":"","bundle_max_size":"","bundle_price":[],"bundled_items":[],"bundle_sell_ids":[],"acf":[],"yoast_head":"<!-- This site is optimized with the Yoast SEO Premium plugin v27.1 (Yoast SEO v27.1.1) - https:\/\/yoast.com\/product\/yoast-seo-premium-wordpress\/ -->\n<title>C\u00e2ble USB-C vers USB-C - Arizer EU<\/title>\n<meta name=\"robots\" content=\"index, follow, max-snippet:-1, max-image-preview:large, max-video-preview:-1\" \/>\n<meta property=\"og:locale\" content=\"fr_FR\" \/>\n<meta property=\"og:type\" content=\"article\" \/>\n<meta property=\"og:title\" content=\"C\u00e2ble USB-C vers USB-C\" \/>\n<meta property=\"og:description\" content=\"Description : C\u00e2ble USB-C vers USB-C premium de 4&#039; (environ 1,2 m) en silicone noir plat, con\u00e7u pour une charge et un transfert de donn\u00e9es fiables. Durable, flexible et r\u00e9sistant aux n\u0153uds pour un usage quotidien.  Contenu : 1 x c\u00e2ble USB-C vers USB-C (4&#039;)\" \/>\n<meta property=\"og:url\" content=\"https:\/\/arizer.eu\/fr\/produkt\/cable-usb-c-vers-usb-c\/\" \/>\n<meta property=\"og:site_name\" content=\"Arizer EU\" \/>\n<meta property=\"article:modified_time\" content=\"2026-03-31T18:48:25+00:00\" \/>\n<meta property=\"og:image\" content=\"https:\/\/arizer.eu\/wp-content\/uploads\/sites\/8\/2025\/09\/22-USB-C11.jpg\" \/>\n\t<meta property=\"og:image:width\" content=\"1000\" \/>\n\t<meta property=\"og:image:height\" content=\"1000\" \/>\n\t<meta property=\"og:image:type\" content=\"image\/jpeg\" \/>\n<meta name=\"twitter:card\" content=\"summary_large_image\" \/>\n<meta name=\"twitter:label1\" content=\"Prix\" \/>\n\t<meta name=\"twitter:data1\" content=\"9.99&euro;\" \/>\n\t<meta name=\"twitter:label2\" content=\"Disponibilit\u00e9\" \/>\n\t<meta name=\"twitter:data2\" content=\"En stock\" \/>\n<script type=\"application\/ld+json\" class=\"yoast-schema-graph\">{\"@context\":\"https:\/\/schema.org\",\"@graph\":[{\"@type\":\"WebPage\",\"@id\":\"https:\/\/arizer.eu\/fr\/produkt\/cable-usb-c-vers-usb-c\/\",\"url\":\"https:\/\/arizer.eu\/fr\/produkt\/cable-usb-c-vers-usb-c\/\",\"name\":\"C\u00e2ble USB-C vers USB-C - Arizer EU\",\"isPartOf\":{\"@id\":\"https:\/\/arizer.eu\/fr\/#website\"},\"primaryImageOfPage\":{\"@id\":\"https:\/\/arizer.eu\/fr\/produkt\/cable-usb-c-vers-usb-c\/#primaryimage\"},\"image\":{\"@id\":\"https:\/\/arizer.eu\/fr\/produkt\/cable-usb-c-vers-usb-c\/#primaryimage\"},\"thumbnailUrl\":\"https:\/\/arizer.eu\/wp-content\/uploads\/sites\/8\/2025\/09\/22-USB-C11.jpg\",\"datePublished\":\"2026-03-31T18:48:22+00:00\",\"dateModified\":\"2026-03-31T18:48:25+00:00\",\"breadcrumb\":{\"@id\":\"https:\/\/arizer.eu\/fr\/produkt\/cable-usb-c-vers-usb-c\/#breadcrumb\"},\"inLanguage\":\"fr-FR\",\"potentialAction\":[{\"@type\":\"ReadAction\",\"target\":[\"https:\/\/arizer.eu\/fr\/produkt\/cable-usb-c-vers-usb-c\/\"]}]},{\"@type\":\"ImageObject\",\"inLanguage\":\"fr-FR\",\"@id\":\"https:\/\/arizer.eu\/fr\/produkt\/cable-usb-c-vers-usb-c\/#primaryimage\",\"url\":\"https:\/\/arizer.eu\/wp-content\/uploads\/sites\/8\/2025\/09\/22-USB-C11.jpg\",\"contentUrl\":\"https:\/\/arizer.eu\/wp-content\/uploads\/sites\/8\/2025\/09\/22-USB-C11.jpg\",\"width\":1000,\"height\":1000,\"caption\":\"usb-c to usb-c\"},{\"@type\":\"BreadcrumbList\",\"@id\":\"https:\/\/arizer.eu\/fr\/produkt\/cable-usb-c-vers-usb-c\/#breadcrumb\",\"itemListElement\":[{\"@type\":\"ListItem\",\"position\":1,\"name\":\"Home\",\"item\":\"https:\/\/arizer.eu\/fr\/\"},{\"@type\":\"ListItem\",\"position\":2,\"name\":\"C\u00e2ble USB-C vers USB-C\"}]},{\"@type\":\"WebSite\",\"@id\":\"https:\/\/arizer.eu\/fr\/#website\",\"url\":\"https:\/\/arizer.eu\/fr\/\",\"name\":\"Arizer EU\",\"description\":\"Best Portable Electronic Vaporizers | Better By Design\",\"publisher\":{\"@id\":\"https:\/\/arizer.eu\/fr\/#organization\"},\"potentialAction\":[{\"@type\":\"SearchAction\",\"target\":{\"@type\":\"EntryPoint\",\"urlTemplate\":\"https:\/\/arizer.eu\/fr\/?s={search_term_string}\"},\"query-input\":{\"@type\":\"PropertyValueSpecification\",\"valueRequired\":true,\"valueName\":\"search_term_string\"}}],\"inLanguage\":\"fr-FR\"},{\"@type\":\"Organization\",\"@id\":\"https:\/\/arizer.eu\/fr\/#organization\",\"name\":\"AR TECH\",\"url\":\"https:\/\/arizer.eu\/fr\/\",\"logo\":{\"@type\":\"ImageObject\",\"inLanguage\":\"fr-FR\",\"@id\":\"https:\/\/arizer.eu\/fr\/#\/schema\/logo\/image\/\",\"url\":\"\",\"contentUrl\":\"\",\"caption\":\"AR TECH\"},\"image\":{\"@id\":\"https:\/\/arizer.eu\/fr\/#\/schema\/logo\/image\/\"},\"sameAs\":[\"https:\/\/www.instagram.com\/arizertech\/\",\"https:\/\/www.youtube.com\/channel\/UCg1A_lcPMTaYi5GHJnxvM_A\"]}]}<\/script>\n<meta property=\"product:price:amount\" content=\"9.99\" \/>\n<meta property=\"product:price:currency\" content=\"EUR\" \/>\n<meta property=\"og:availability\" content=\"instock\" \/>\n<meta property=\"product:availability\" content=\"instock\" \/>\n<meta property=\"product:retailer_item_id\" content=\"ARPW-GS40\" \/>\n<meta property=\"product:condition\" content=\"new\" \/>\n<!-- \/ Yoast SEO Premium plugin. -->","yoast_head_json":{"title":"C\u00e2ble USB-C vers USB-C - Arizer EU","robots":{"index":"index","follow":"follow","max-snippet":"max-snippet:-1","max-image-preview":"max-image-preview:large","max-video-preview":"max-video-preview:-1"},"og_locale":"fr_FR","og_type":"article","og_title":"C\u00e2ble USB-C vers USB-C","og_description":"Description : C\u00e2ble USB-C vers USB-C premium de 4' (environ 1,2 m) en silicone noir plat, con\u00e7u pour une charge et un transfert de donn\u00e9es fiables. Durable, flexible et r\u00e9sistant aux n\u0153uds pour un usage quotidien.  Contenu : 1 x c\u00e2ble USB-C vers USB-C (4')","og_url":"https:\/\/arizer.eu\/fr\/produkt\/cable-usb-c-vers-usb-c\/","og_site_name":"Arizer EU","article_modified_time":"2026-03-31T18:48:25+00:00","og_image":[{"width":1000,"height":1000,"url":"https:\/\/arizer.eu\/wp-content\/uploads\/sites\/8\/2025\/09\/22-USB-C11.jpg","type":"image\/jpeg"}],"twitter_card":"summary_large_image","twitter_misc":{"Prix":"9.99&euro;","Disponibilit\u00e9":"En stock"},"schema":{"@context":"https:\/\/schema.org","@graph":[{"@type":"WebPage","@id":"https:\/\/arizer.eu\/fr\/produkt\/cable-usb-c-vers-usb-c\/","url":"https:\/\/arizer.eu\/fr\/produkt\/cable-usb-c-vers-usb-c\/","name":"C\u00e2ble USB-C vers USB-C - Arizer EU","isPartOf":{"@id":"https:\/\/arizer.eu\/fr\/#website"},"primaryImageOfPage":{"@id":"https:\/\/arizer.eu\/fr\/produkt\/cable-usb-c-vers-usb-c\/#primaryimage"},"image":{"@id":"https:\/\/arizer.eu\/fr\/produkt\/cable-usb-c-vers-usb-c\/#primaryimage"},"thumbnailUrl":"https:\/\/arizer.eu\/wp-content\/uploads\/sites\/8\/2025\/09\/22-USB-C11.jpg","datePublished":"2026-03-31T18:48:22+00:00","dateModified":"2026-03-31T18:48:25+00:00","breadcrumb":{"@id":"https:\/\/arizer.eu\/fr\/produkt\/cable-usb-c-vers-usb-c\/#breadcrumb"},"inLanguage":"fr-FR","potentialAction":[{"@type":"ReadAction","target":["https:\/\/arizer.eu\/fr\/produkt\/cable-usb-c-vers-usb-c\/"]}]},{"@type":"ImageObject","inLanguage":"fr-FR","@id":"https:\/\/arizer.eu\/fr\/produkt\/cable-usb-c-vers-usb-c\/#primaryimage","url":"https:\/\/arizer.eu\/wp-content\/uploads\/sites\/8\/2025\/09\/22-USB-C11.jpg","contentUrl":"https:\/\/arizer.eu\/wp-content\/uploads\/sites\/8\/2025\/09\/22-USB-C11.jpg","width":1000,"height":1000,"caption":"usb-c to usb-c"},{"@type":"BreadcrumbList","@id":"https:\/\/arizer.eu\/fr\/produkt\/cable-usb-c-vers-usb-c\/#breadcrumb","itemListElement":[{"@type":"ListItem","position":1,"name":"Home","item":"https:\/\/arizer.eu\/fr\/"},{"@type":"ListItem","position":2,"name":"C\u00e2ble USB-C vers USB-C"}]},{"@type":"WebSite","@id":"https:\/\/arizer.eu\/fr\/#website","url":"https:\/\/arizer.eu\/fr\/","name":"Arizer EU","description":"Best Portable Electronic Vaporizers | Better By Design","publisher":{"@id":"https:\/\/arizer.eu\/fr\/#organization"},"potentialAction":[{"@type":"SearchAction","target":{"@type":"EntryPoint","urlTemplate":"https:\/\/arizer.eu\/fr\/?s={search_term_string}"},"query-input":{"@type":"PropertyValueSpecification","valueRequired":true,"valueName":"search_term_string"}}],"inLanguage":"fr-FR"},{"@type":"Organization","@id":"https:\/\/arizer.eu\/fr\/#organization","name":"AR TECH","url":"https:\/\/arizer.eu\/fr\/","logo":{"@type":"ImageObject","inLanguage":"fr-FR","@id":"https:\/\/arizer.eu\/fr\/#\/schema\/logo\/image\/","url":"","contentUrl":"","caption":"AR TECH"},"image":{"@id":"https:\/\/arizer.eu\/fr\/#\/schema\/logo\/image\/"},"sameAs":["https:\/\/www.instagram.com\/arizertech\/","https:\/\/www.youtube.com\/channel\/UCg1A_lcPMTaYi5GHJnxvM_A"]}]},"product_price_amount":"9.99","product_price_currency":"EUR","og_availability":"instock","product_availability":"instock","product_retailer_item_id":"ARPW-GS40","product_condition":"new"},"_links":{"self":[{"href":"https:\/\/arizer.eu\/fr\/wp-json\/wp\/v2\/product\/20220683331","targetHints":{"allow":["GET"]}}],"collection":[{"href":"https:\/\/arizer.eu\/fr\/wp-json\/wp\/v2\/product"}],"about":[{"href":"https:\/\/arizer.eu\/fr\/wp-json\/wp\/v2\/types\/product"}],"replies":[{"embeddable":true,"href":"https:\/\/arizer.eu\/fr\/wp-json\/wp\/v2\/comments?post=20220683331"}],"version-history":[{"count":1,"href":"https:\/\/arizer.eu\/fr\/wp-json\/wp\/v2\/product\/20220683331\/revisions"}],"predecessor-version":[{"id":20220683332,"href":"https:\/\/arizer.eu\/fr\/wp-json\/wp\/v2\/product\/20220683331\/revisions\/20220683332"}],"wp:featuredmedia":[{"embeddable":true,"href":"https:\/\/arizer.eu\/fr\/wp-json\/wp\/v2\/media\/20220683325"}],"wp:attachment":[{"href":"https:\/\/arizer.eu\/fr\/wp-json\/wp\/v2\/media?parent=20220683331"}],"wp:term":[{"taxonomy":"product_brand","embeddable":true,"href":"https:\/\/arizer.eu\/fr\/wp-json\/wp\/v2\/product_brand?post=20220683331"},{"taxonomy":"product_cat","embeddable":true,"href":"https:\/\/arizer.eu\/fr\/wp-json\/wp\/v2\/product_cat?post=20220683331"},{"taxonomy":"product_tag","embeddable":true,"href":"https:\/\/arizer.eu\/fr\/wp-json\/wp\/v2\/product_tag?post=20220683331"}],"curies":[{"name":"wp","href":"https:\/\/api.w.org\/{rel}","templated":true}]}}