{"id":20220683306,"date":"2026-03-31T18:48:37","date_gmt":"2026-03-31T18:48:37","guid":{"rendered":"https:\/\/arizer.eu\/?post_type=product&#038;p=20220683306"},"modified":"2026-03-31T18:48:40","modified_gmt":"2026-03-31T18:48:40","slug":"brosse-de-nettoyage","status":"publish","type":"product","link":"https:\/\/arizer.eu\/fr\/produit\/brosse-de-nettoyage\/","title":{"rendered":"Brosse de nettoyage (Nouveau)"},"content":{"rendered":"","protected":false},"excerpt":{"rendered":"<p>Description : Brosse avec manche en bois de h\u00eatre et poils en fibres naturelles de Tampico d\u2019origine v\u00e9g\u00e9tale, parfaite pour enlever les d\u00e9bris pouvant tomber dans la chambre de chauffe. Simple, durable et efficace pour l\u2019entretien quotidien.<\/p>\n<p>Contenu : 1 x Brosse de nettoyage<\/p>\n","protected":false},"featured_media":20220683299,"comment_status":"closed","ping_status":"closed","template":"","meta":{"_acf_changed":false},"product_brand":[],"product_cat":[1635,1643],"product_tag":[],"class_list":{"0":"post-20220683306","1":"product","2":"type-product","3":"status-publish","4":"has-post-thumbnail","6":"product_cat-go-srt-accessories-fr","7":"product_cat-go-srt-parts-fr","8":"entry","10":"first","11":"instock","12":"taxable","13":"shipping-taxable","14":"purchasable","15":"product-type-simple"},"bundled_by":[],"bundle_stock_status":"instock","bundle_stock_quantity":null,"bundle_virtual":false,"bundle_layout":"","bundle_add_to_cart_form_location":"","bundle_editable_in_cart":false,"bundle_sold_individually_context":"","bundle_item_grouping":"","bundle_min_size":"","bundle_max_size":"","bundle_price":[],"bundled_items":[],"bundle_sell_ids":[],"acf":[],"yoast_head":"<!-- This site is optimized with the Yoast SEO Premium plugin v27.1 (Yoast SEO v27.1.1) - https:\/\/yoast.com\/product\/yoast-seo-premium-wordpress\/ -->\n<title>Brosse de nettoyage (Nouveau) - Arizer EU<\/title>\n<meta name=\"robots\" content=\"index, follow, max-snippet:-1, max-image-preview:large, max-video-preview:-1\" \/>\n<meta property=\"og:locale\" content=\"fr_FR\" \/>\n<meta property=\"og:type\" content=\"article\" \/>\n<meta property=\"og:title\" content=\"Brosse de nettoyage (Nouveau)\" \/>\n<meta property=\"og:description\" content=\"Description : Brosse avec manche en bois de h\u00eatre et poils en fibres naturelles de Tampico d\u2019origine v\u00e9g\u00e9tale, parfaite pour enlever les d\u00e9bris pouvant tomber dans la chambre de chauffe. Simple, durable et efficace pour l\u2019entretien quotidien.  Contenu : 1 x Brosse de nettoyage\" \/>\n<meta property=\"og:url\" content=\"https:\/\/arizer.eu\/fr\/produit\/brosse-de-nettoyage\/\" \/>\n<meta property=\"og:site_name\" content=\"Arizer EU\" \/>\n<meta property=\"article:modified_time\" content=\"2026-03-31T18:48:40+00:00\" \/>\n<meta property=\"og:image\" content=\"https:\/\/arizer.eu\/wp-content\/uploads\/sites\/8\/2025\/09\/14-Bamboo-Brush.jpg\" \/>\n\t<meta property=\"og:image:width\" content=\"1000\" \/>\n\t<meta property=\"og:image:height\" content=\"1000\" \/>\n\t<meta property=\"og:image:type\" content=\"image\/jpeg\" \/>\n<meta name=\"twitter:card\" content=\"summary_large_image\" \/>\n<meta name=\"twitter:label1\" content=\"Prix\" \/>\n\t<meta name=\"twitter:data1\" content=\"4.99&euro;\" \/>\n\t<meta name=\"twitter:label2\" content=\"Disponibilit\u00e9\" \/>\n\t<meta name=\"twitter:data2\" content=\"En stock\" \/>\n<script type=\"application\/ld+json\" class=\"yoast-schema-graph\">{\"@context\":\"https:\/\/schema.org\",\"@graph\":[{\"@type\":\"WebPage\",\"@id\":\"https:\/\/arizer.eu\/fr\/produit\/brosse-de-nettoyage\/\",\"url\":\"https:\/\/arizer.eu\/fr\/produit\/brosse-de-nettoyage\/\",\"name\":\"Brosse de nettoyage (Nouveau) - Arizer EU\",\"isPartOf\":{\"@id\":\"https:\/\/arizer.eu\/fr\/#website\"},\"primaryImageOfPage\":{\"@id\":\"https:\/\/arizer.eu\/fr\/produit\/brosse-de-nettoyage\/#primaryimage\"},\"image\":{\"@id\":\"https:\/\/arizer.eu\/fr\/produit\/brosse-de-nettoyage\/#primaryimage\"},\"thumbnailUrl\":\"https:\/\/arizer.eu\/wp-content\/uploads\/sites\/8\/2025\/09\/14-Bamboo-Brush.jpg\",\"datePublished\":\"2026-03-31T18:48:37+00:00\",\"dateModified\":\"2026-03-31T18:48:40+00:00\",\"breadcrumb\":{\"@id\":\"https:\/\/arizer.eu\/fr\/produit\/brosse-de-nettoyage\/#breadcrumb\"},\"inLanguage\":\"fr-FR\",\"potentialAction\":[{\"@type\":\"ReadAction\",\"target\":[\"https:\/\/arizer.eu\/fr\/produit\/brosse-de-nettoyage\/\"]}]},{\"@type\":\"ImageObject\",\"inLanguage\":\"fr-FR\",\"@id\":\"https:\/\/arizer.eu\/fr\/produit\/brosse-de-nettoyage\/#primaryimage\",\"url\":\"https:\/\/arizer.eu\/wp-content\/uploads\/sites\/8\/2025\/09\/14-Bamboo-Brush.jpg\",\"contentUrl\":\"https:\/\/arizer.eu\/wp-content\/uploads\/sites\/8\/2025\/09\/14-Bamboo-Brush.jpg\",\"width\":1000,\"height\":1000,\"caption\":\"bamboo cleaning brush\"},{\"@type\":\"BreadcrumbList\",\"@id\":\"https:\/\/arizer.eu\/fr\/produit\/brosse-de-nettoyage\/#breadcrumb\",\"itemListElement\":[{\"@type\":\"ListItem\",\"position\":1,\"name\":\"Home\",\"item\":\"https:\/\/arizer.eu\/fr\/\"},{\"@type\":\"ListItem\",\"position\":2,\"name\":\"Brosse de nettoyage (Nouveau)\"}]},{\"@type\":\"WebSite\",\"@id\":\"https:\/\/arizer.eu\/fr\/#website\",\"url\":\"https:\/\/arizer.eu\/fr\/\",\"name\":\"Arizer EU\",\"description\":\"Best Portable Electronic Vaporizers | Better By Design\",\"publisher\":{\"@id\":\"https:\/\/arizer.eu\/fr\/#organization\"},\"potentialAction\":[{\"@type\":\"SearchAction\",\"target\":{\"@type\":\"EntryPoint\",\"urlTemplate\":\"https:\/\/arizer.eu\/fr\/?s={search_term_string}\"},\"query-input\":{\"@type\":\"PropertyValueSpecification\",\"valueRequired\":true,\"valueName\":\"search_term_string\"}}],\"inLanguage\":\"fr-FR\"},{\"@type\":\"Organization\",\"@id\":\"https:\/\/arizer.eu\/fr\/#organization\",\"name\":\"AR TECH\",\"url\":\"https:\/\/arizer.eu\/fr\/\",\"logo\":{\"@type\":\"ImageObject\",\"inLanguage\":\"fr-FR\",\"@id\":\"https:\/\/arizer.eu\/fr\/#\/schema\/logo\/image\/\",\"url\":\"\",\"contentUrl\":\"\",\"caption\":\"AR TECH\"},\"image\":{\"@id\":\"https:\/\/arizer.eu\/fr\/#\/schema\/logo\/image\/\"},\"sameAs\":[\"https:\/\/www.instagram.com\/arizertech\/\",\"https:\/\/www.youtube.com\/channel\/UCg1A_lcPMTaYi5GHJnxvM_A\"]}]}<\/script>\n<meta property=\"product:price:amount\" content=\"4.99\" \/>\n<meta property=\"product:price:currency\" content=\"EUR\" \/>\n<meta property=\"og:availability\" content=\"instock\" \/>\n<meta property=\"product:availability\" content=\"instock\" \/>\n<meta property=\"product:retailer_item_id\" content=\"ARGS-H100\" \/>\n<meta property=\"product:condition\" content=\"new\" \/>\n<!-- \/ Yoast SEO Premium plugin. -->","yoast_head_json":{"title":"Brosse de nettoyage (Nouveau) - Arizer EU","robots":{"index":"index","follow":"follow","max-snippet":"max-snippet:-1","max-image-preview":"max-image-preview:large","max-video-preview":"max-video-preview:-1"},"og_locale":"fr_FR","og_type":"article","og_title":"Brosse de nettoyage (Nouveau)","og_description":"Description : Brosse avec manche en bois de h\u00eatre et poils en fibres naturelles de Tampico d\u2019origine v\u00e9g\u00e9tale, parfaite pour enlever les d\u00e9bris pouvant tomber dans la chambre de chauffe. Simple, durable et efficace pour l\u2019entretien quotidien.  Contenu : 1 x Brosse de nettoyage","og_url":"https:\/\/arizer.eu\/fr\/produit\/brosse-de-nettoyage\/","og_site_name":"Arizer EU","article_modified_time":"2026-03-31T18:48:40+00:00","og_image":[{"width":1000,"height":1000,"url":"https:\/\/arizer.eu\/wp-content\/uploads\/sites\/8\/2025\/09\/14-Bamboo-Brush.jpg","type":"image\/jpeg"}],"twitter_card":"summary_large_image","twitter_misc":{"Prix":"4.99&euro;","Disponibilit\u00e9":"En stock"},"schema":{"@context":"https:\/\/schema.org","@graph":[{"@type":"WebPage","@id":"https:\/\/arizer.eu\/fr\/produit\/brosse-de-nettoyage\/","url":"https:\/\/arizer.eu\/fr\/produit\/brosse-de-nettoyage\/","name":"Brosse de nettoyage (Nouveau) - Arizer EU","isPartOf":{"@id":"https:\/\/arizer.eu\/fr\/#website"},"primaryImageOfPage":{"@id":"https:\/\/arizer.eu\/fr\/produit\/brosse-de-nettoyage\/#primaryimage"},"image":{"@id":"https:\/\/arizer.eu\/fr\/produit\/brosse-de-nettoyage\/#primaryimage"},"thumbnailUrl":"https:\/\/arizer.eu\/wp-content\/uploads\/sites\/8\/2025\/09\/14-Bamboo-Brush.jpg","datePublished":"2026-03-31T18:48:37+00:00","dateModified":"2026-03-31T18:48:40+00:00","breadcrumb":{"@id":"https:\/\/arizer.eu\/fr\/produit\/brosse-de-nettoyage\/#breadcrumb"},"inLanguage":"fr-FR","potentialAction":[{"@type":"ReadAction","target":["https:\/\/arizer.eu\/fr\/produit\/brosse-de-nettoyage\/"]}]},{"@type":"ImageObject","inLanguage":"fr-FR","@id":"https:\/\/arizer.eu\/fr\/produit\/brosse-de-nettoyage\/#primaryimage","url":"https:\/\/arizer.eu\/wp-content\/uploads\/sites\/8\/2025\/09\/14-Bamboo-Brush.jpg","contentUrl":"https:\/\/arizer.eu\/wp-content\/uploads\/sites\/8\/2025\/09\/14-Bamboo-Brush.jpg","width":1000,"height":1000,"caption":"bamboo cleaning brush"},{"@type":"BreadcrumbList","@id":"https:\/\/arizer.eu\/fr\/produit\/brosse-de-nettoyage\/#breadcrumb","itemListElement":[{"@type":"ListItem","position":1,"name":"Home","item":"https:\/\/arizer.eu\/fr\/"},{"@type":"ListItem","position":2,"name":"Brosse de nettoyage (Nouveau)"}]},{"@type":"WebSite","@id":"https:\/\/arizer.eu\/fr\/#website","url":"https:\/\/arizer.eu\/fr\/","name":"Arizer EU","description":"Best Portable Electronic Vaporizers | Better By Design","publisher":{"@id":"https:\/\/arizer.eu\/fr\/#organization"},"potentialAction":[{"@type":"SearchAction","target":{"@type":"EntryPoint","urlTemplate":"https:\/\/arizer.eu\/fr\/?s={search_term_string}"},"query-input":{"@type":"PropertyValueSpecification","valueRequired":true,"valueName":"search_term_string"}}],"inLanguage":"fr-FR"},{"@type":"Organization","@id":"https:\/\/arizer.eu\/fr\/#organization","name":"AR TECH","url":"https:\/\/arizer.eu\/fr\/","logo":{"@type":"ImageObject","inLanguage":"fr-FR","@id":"https:\/\/arizer.eu\/fr\/#\/schema\/logo\/image\/","url":"","contentUrl":"","caption":"AR TECH"},"image":{"@id":"https:\/\/arizer.eu\/fr\/#\/schema\/logo\/image\/"},"sameAs":["https:\/\/www.instagram.com\/arizertech\/","https:\/\/www.youtube.com\/channel\/UCg1A_lcPMTaYi5GHJnxvM_A"]}]},"product_price_amount":"4.99","product_price_currency":"EUR","og_availability":"instock","product_availability":"instock","product_retailer_item_id":"ARGS-H100","product_condition":"new"},"_links":{"self":[{"href":"https:\/\/arizer.eu\/fr\/wp-json\/wp\/v2\/product\/20220683306","targetHints":{"allow":["GET"]}}],"collection":[{"href":"https:\/\/arizer.eu\/fr\/wp-json\/wp\/v2\/product"}],"about":[{"href":"https:\/\/arizer.eu\/fr\/wp-json\/wp\/v2\/types\/product"}],"replies":[{"embeddable":true,"href":"https:\/\/arizer.eu\/fr\/wp-json\/wp\/v2\/comments?post=20220683306"}],"version-history":[{"count":1,"href":"https:\/\/arizer.eu\/fr\/wp-json\/wp\/v2\/product\/20220683306\/revisions"}],"predecessor-version":[{"id":20220683307,"href":"https:\/\/arizer.eu\/fr\/wp-json\/wp\/v2\/product\/20220683306\/revisions\/20220683307"}],"wp:featuredmedia":[{"embeddable":true,"href":"https:\/\/arizer.eu\/fr\/wp-json\/wp\/v2\/media\/20220683299"}],"wp:attachment":[{"href":"https:\/\/arizer.eu\/fr\/wp-json\/wp\/v2\/media?parent=20220683306"}],"wp:term":[{"taxonomy":"product_brand","embeddable":true,"href":"https:\/\/arizer.eu\/fr\/wp-json\/wp\/v2\/product_brand?post=20220683306"},{"taxonomy":"product_cat","embeddable":true,"href":"https:\/\/arizer.eu\/fr\/wp-json\/wp\/v2\/product_cat?post=20220683306"},{"taxonomy":"product_tag","embeddable":true,"href":"https:\/\/arizer.eu\/fr\/wp-json\/wp\/v2\/product_tag?post=20220683306"}],"curies":[{"name":"wp","href":"https:\/\/api.w.org\/{rel}","templated":true}]}}