{"id":20220683291,"date":"2026-03-31T18:48:51","date_gmt":"2026-03-31T18:48:51","guid":{"rendered":"https:\/\/arizer.eu\/?post_type=product&#038;p=20220683291"},"modified":"2026-03-31T18:48:53","modified_gmt":"2026-03-31T18:48:53","slug":"go-shell-grip-pack","status":"publish","type":"product","link":"https:\/\/arizer.eu\/fr\/produkt\/go-shell-grip-pack\/","title":{"rendered":"Go Shell Grip Pack (Nouveau)"},"content":{"rendered":"","protected":false},"excerpt":{"rendered":"<p>Description : Les Go Shell Grips offrent une solution mains libres pour manipuler la chaleur. Con\u00e7u pour s\u2019ajuster parfaitement sur la partie sup\u00e9rieure \u00e9troite de votre Shell, cet outil en silicone vous permet de retirer en toute s\u00e9curit\u00e9 les pods en verre chauds du Go SRT apr\u00e8s une session. Retournez-le, et il fait \u00e9galement office d\u2019outil de tassage \u2014 id\u00e9al pour compacter vos herbes \u00e0 la bonne densit\u00e9 et pr\u00e9server l\u2019espace de circulation d\u2019air essentiel.<\/p>\n<p>Contenu : 6 x Go Shell Grips<\/p>\n","protected":false},"featured_media":20220683284,"comment_status":"closed","ping_status":"closed","template":"","meta":{"_acf_changed":false},"product_brand":[],"product_cat":[1635,1643],"product_tag":[1610],"class_list":{"0":"post-20220683291","1":"product","2":"type-product","3":"status-publish","4":"has-post-thumbnail","6":"product_cat-go-srt-accessories-fr","7":"product_cat-go-srt-parts-fr","8":"product_tag-go-srt","9":"entry","11":"first","12":"instock","13":"taxable","14":"shipping-taxable","15":"purchasable","16":"product-type-simple"},"bundled_by":[],"bundle_stock_status":"instock","bundle_stock_quantity":null,"bundle_virtual":false,"bundle_layout":"","bundle_add_to_cart_form_location":"","bundle_editable_in_cart":false,"bundle_sold_individually_context":"","bundle_item_grouping":"","bundle_min_size":"","bundle_max_size":"","bundle_price":[],"bundled_items":[],"bundle_sell_ids":[],"acf":[],"yoast_head":"<!-- This site is optimized with the Yoast SEO Premium plugin v27.1 (Yoast SEO v27.1.1) - https:\/\/yoast.com\/product\/yoast-seo-premium-wordpress\/ -->\n<title>Go Shell Grip Pack (Nouveau) - Arizer EU<\/title>\n<meta name=\"robots\" content=\"index, follow, max-snippet:-1, max-image-preview:large, max-video-preview:-1\" \/>\n<meta property=\"og:locale\" content=\"fr_FR\" \/>\n<meta property=\"og:type\" content=\"article\" \/>\n<meta property=\"og:title\" content=\"Go Shell Grip Pack (Nouveau)\" \/>\n<meta property=\"og:description\" content=\"Description : Les Go Shell Grips offrent une solution mains libres pour manipuler la chaleur. Con\u00e7u pour s\u2019ajuster parfaitement sur la partie sup\u00e9rieure \u00e9troite de votre Shell, cet outil en silicone vous permet de retirer en toute s\u00e9curit\u00e9 les pods en verre chauds du Go SRT apr\u00e8s une session. Retournez-le, et il fait \u00e9galement office d\u2019outil de tassage \u2014 id\u00e9al pour compacter vos herbes \u00e0 la bonne densit\u00e9 et pr\u00e9server l\u2019espace de circulation d\u2019air essentiel.  Contenu : 6 x Go Shell Grips\" \/>\n<meta property=\"og:url\" content=\"https:\/\/arizer.eu\/fr\/produkt\/go-shell-grip-pack\/\" \/>\n<meta property=\"og:site_name\" content=\"Arizer EU\" \/>\n<meta property=\"article:modified_time\" content=\"2026-03-31T18:48:53+00:00\" \/>\n<meta property=\"og:image\" content=\"https:\/\/arizer.eu\/wp-content\/uploads\/sites\/8\/2025\/09\/05-Go-Shell-Grip-Pack.jpg\" \/>\n\t<meta property=\"og:image:width\" content=\"1000\" \/>\n\t<meta property=\"og:image:height\" content=\"1000\" \/>\n\t<meta property=\"og:image:type\" content=\"image\/jpeg\" \/>\n<meta name=\"twitter:card\" content=\"summary_large_image\" \/>\n<meta name=\"twitter:label1\" content=\"Prix\" \/>\n\t<meta name=\"twitter:data1\" content=\"9.99&euro;\" \/>\n\t<meta name=\"twitter:label2\" content=\"Disponibilit\u00e9\" \/>\n\t<meta name=\"twitter:data2\" content=\"En stock\" \/>\n<script type=\"application\/ld+json\" class=\"yoast-schema-graph\">{\"@context\":\"https:\/\/schema.org\",\"@graph\":[{\"@type\":\"WebPage\",\"@id\":\"https:\/\/arizer.eu\/fr\/produkt\/go-shell-grip-pack\/\",\"url\":\"https:\/\/arizer.eu\/fr\/produkt\/go-shell-grip-pack\/\",\"name\":\"Go Shell Grip Pack (Nouveau) - Arizer EU\",\"isPartOf\":{\"@id\":\"https:\/\/arizer.eu\/fr\/#website\"},\"primaryImageOfPage\":{\"@id\":\"https:\/\/arizer.eu\/fr\/produkt\/go-shell-grip-pack\/#primaryimage\"},\"image\":{\"@id\":\"https:\/\/arizer.eu\/fr\/produkt\/go-shell-grip-pack\/#primaryimage\"},\"thumbnailUrl\":\"https:\/\/arizer.eu\/wp-content\/uploads\/sites\/8\/2025\/09\/05-Go-Shell-Grip-Pack.jpg\",\"datePublished\":\"2026-03-31T18:48:51+00:00\",\"dateModified\":\"2026-03-31T18:48:53+00:00\",\"breadcrumb\":{\"@id\":\"https:\/\/arizer.eu\/fr\/produkt\/go-shell-grip-pack\/#breadcrumb\"},\"inLanguage\":\"fr-FR\",\"potentialAction\":[{\"@type\":\"ReadAction\",\"target\":[\"https:\/\/arizer.eu\/fr\/produkt\/go-shell-grip-pack\/\"]}]},{\"@type\":\"ImageObject\",\"inLanguage\":\"fr-FR\",\"@id\":\"https:\/\/arizer.eu\/fr\/produkt\/go-shell-grip-pack\/#primaryimage\",\"url\":\"https:\/\/arizer.eu\/wp-content\/uploads\/sites\/8\/2025\/09\/05-Go-Shell-Grip-Pack.jpg\",\"contentUrl\":\"https:\/\/arizer.eu\/wp-content\/uploads\/sites\/8\/2025\/09\/05-Go-Shell-Grip-Pack.jpg\",\"width\":1000,\"height\":1000,\"caption\":\"Go shell grip pack\"},{\"@type\":\"BreadcrumbList\",\"@id\":\"https:\/\/arizer.eu\/fr\/produkt\/go-shell-grip-pack\/#breadcrumb\",\"itemListElement\":[{\"@type\":\"ListItem\",\"position\":1,\"name\":\"Home\",\"item\":\"https:\/\/arizer.eu\/fr\/\"},{\"@type\":\"ListItem\",\"position\":2,\"name\":\"Go Shell Grip Pack (Nouveau)\"}]},{\"@type\":\"WebSite\",\"@id\":\"https:\/\/arizer.eu\/fr\/#website\",\"url\":\"https:\/\/arizer.eu\/fr\/\",\"name\":\"Arizer EU\",\"description\":\"Best Portable Electronic Vaporizers | Better By Design\",\"publisher\":{\"@id\":\"https:\/\/arizer.eu\/fr\/#organization\"},\"potentialAction\":[{\"@type\":\"SearchAction\",\"target\":{\"@type\":\"EntryPoint\",\"urlTemplate\":\"https:\/\/arizer.eu\/fr\/?s={search_term_string}\"},\"query-input\":{\"@type\":\"PropertyValueSpecification\",\"valueRequired\":true,\"valueName\":\"search_term_string\"}}],\"inLanguage\":\"fr-FR\"},{\"@type\":\"Organization\",\"@id\":\"https:\/\/arizer.eu\/fr\/#organization\",\"name\":\"AR TECH\",\"url\":\"https:\/\/arizer.eu\/fr\/\",\"logo\":{\"@type\":\"ImageObject\",\"inLanguage\":\"fr-FR\",\"@id\":\"https:\/\/arizer.eu\/fr\/#\/schema\/logo\/image\/\",\"url\":\"\",\"contentUrl\":\"\",\"caption\":\"AR TECH\"},\"image\":{\"@id\":\"https:\/\/arizer.eu\/fr\/#\/schema\/logo\/image\/\"},\"sameAs\":[\"https:\/\/www.instagram.com\/arizertech\/\",\"https:\/\/www.youtube.com\/channel\/UCg1A_lcPMTaYi5GHJnxvM_A\"]}]}<\/script>\n<meta property=\"product:price:amount\" content=\"9.99\" \/>\n<meta property=\"product:price:currency\" content=\"EUR\" \/>\n<meta property=\"og:availability\" content=\"instock\" \/>\n<meta property=\"product:availability\" content=\"instock\" \/>\n<meta property=\"product:retailer_item_id\" content=\"ARGS-S200\" \/>\n<meta property=\"product:condition\" content=\"new\" \/>\n<!-- \/ Yoast SEO Premium plugin. -->","yoast_head_json":{"title":"Go Shell Grip Pack (Nouveau) - Arizer EU","robots":{"index":"index","follow":"follow","max-snippet":"max-snippet:-1","max-image-preview":"max-image-preview:large","max-video-preview":"max-video-preview:-1"},"og_locale":"fr_FR","og_type":"article","og_title":"Go Shell Grip Pack (Nouveau)","og_description":"Description : Les Go Shell Grips offrent une solution mains libres pour manipuler la chaleur. Con\u00e7u pour s\u2019ajuster parfaitement sur la partie sup\u00e9rieure \u00e9troite de votre Shell, cet outil en silicone vous permet de retirer en toute s\u00e9curit\u00e9 les pods en verre chauds du Go SRT apr\u00e8s une session. Retournez-le, et il fait \u00e9galement office d\u2019outil de tassage \u2014 id\u00e9al pour compacter vos herbes \u00e0 la bonne densit\u00e9 et pr\u00e9server l\u2019espace de circulation d\u2019air essentiel.  Contenu : 6 x Go Shell Grips","og_url":"https:\/\/arizer.eu\/fr\/produkt\/go-shell-grip-pack\/","og_site_name":"Arizer EU","article_modified_time":"2026-03-31T18:48:53+00:00","og_image":[{"width":1000,"height":1000,"url":"https:\/\/arizer.eu\/wp-content\/uploads\/sites\/8\/2025\/09\/05-Go-Shell-Grip-Pack.jpg","type":"image\/jpeg"}],"twitter_card":"summary_large_image","twitter_misc":{"Prix":"9.99&euro;","Disponibilit\u00e9":"En stock"},"schema":{"@context":"https:\/\/schema.org","@graph":[{"@type":"WebPage","@id":"https:\/\/arizer.eu\/fr\/produkt\/go-shell-grip-pack\/","url":"https:\/\/arizer.eu\/fr\/produkt\/go-shell-grip-pack\/","name":"Go Shell Grip Pack (Nouveau) - Arizer EU","isPartOf":{"@id":"https:\/\/arizer.eu\/fr\/#website"},"primaryImageOfPage":{"@id":"https:\/\/arizer.eu\/fr\/produkt\/go-shell-grip-pack\/#primaryimage"},"image":{"@id":"https:\/\/arizer.eu\/fr\/produkt\/go-shell-grip-pack\/#primaryimage"},"thumbnailUrl":"https:\/\/arizer.eu\/wp-content\/uploads\/sites\/8\/2025\/09\/05-Go-Shell-Grip-Pack.jpg","datePublished":"2026-03-31T18:48:51+00:00","dateModified":"2026-03-31T18:48:53+00:00","breadcrumb":{"@id":"https:\/\/arizer.eu\/fr\/produkt\/go-shell-grip-pack\/#breadcrumb"},"inLanguage":"fr-FR","potentialAction":[{"@type":"ReadAction","target":["https:\/\/arizer.eu\/fr\/produkt\/go-shell-grip-pack\/"]}]},{"@type":"ImageObject","inLanguage":"fr-FR","@id":"https:\/\/arizer.eu\/fr\/produkt\/go-shell-grip-pack\/#primaryimage","url":"https:\/\/arizer.eu\/wp-content\/uploads\/sites\/8\/2025\/09\/05-Go-Shell-Grip-Pack.jpg","contentUrl":"https:\/\/arizer.eu\/wp-content\/uploads\/sites\/8\/2025\/09\/05-Go-Shell-Grip-Pack.jpg","width":1000,"height":1000,"caption":"Go shell grip pack"},{"@type":"BreadcrumbList","@id":"https:\/\/arizer.eu\/fr\/produkt\/go-shell-grip-pack\/#breadcrumb","itemListElement":[{"@type":"ListItem","position":1,"name":"Home","item":"https:\/\/arizer.eu\/fr\/"},{"@type":"ListItem","position":2,"name":"Go Shell Grip Pack (Nouveau)"}]},{"@type":"WebSite","@id":"https:\/\/arizer.eu\/fr\/#website","url":"https:\/\/arizer.eu\/fr\/","name":"Arizer EU","description":"Best Portable Electronic Vaporizers | Better By Design","publisher":{"@id":"https:\/\/arizer.eu\/fr\/#organization"},"potentialAction":[{"@type":"SearchAction","target":{"@type":"EntryPoint","urlTemplate":"https:\/\/arizer.eu\/fr\/?s={search_term_string}"},"query-input":{"@type":"PropertyValueSpecification","valueRequired":true,"valueName":"search_term_string"}}],"inLanguage":"fr-FR"},{"@type":"Organization","@id":"https:\/\/arizer.eu\/fr\/#organization","name":"AR TECH","url":"https:\/\/arizer.eu\/fr\/","logo":{"@type":"ImageObject","inLanguage":"fr-FR","@id":"https:\/\/arizer.eu\/fr\/#\/schema\/logo\/image\/","url":"","contentUrl":"","caption":"AR TECH"},"image":{"@id":"https:\/\/arizer.eu\/fr\/#\/schema\/logo\/image\/"},"sameAs":["https:\/\/www.instagram.com\/arizertech\/","https:\/\/www.youtube.com\/channel\/UCg1A_lcPMTaYi5GHJnxvM_A"]}]},"product_price_amount":"9.99","product_price_currency":"EUR","og_availability":"instock","product_availability":"instock","product_retailer_item_id":"ARGS-S200","product_condition":"new"},"_links":{"self":[{"href":"https:\/\/arizer.eu\/fr\/wp-json\/wp\/v2\/product\/20220683291","targetHints":{"allow":["GET"]}}],"collection":[{"href":"https:\/\/arizer.eu\/fr\/wp-json\/wp\/v2\/product"}],"about":[{"href":"https:\/\/arizer.eu\/fr\/wp-json\/wp\/v2\/types\/product"}],"replies":[{"embeddable":true,"href":"https:\/\/arizer.eu\/fr\/wp-json\/wp\/v2\/comments?post=20220683291"}],"version-history":[{"count":1,"href":"https:\/\/arizer.eu\/fr\/wp-json\/wp\/v2\/product\/20220683291\/revisions"}],"predecessor-version":[{"id":20220683292,"href":"https:\/\/arizer.eu\/fr\/wp-json\/wp\/v2\/product\/20220683291\/revisions\/20220683292"}],"wp:featuredmedia":[{"embeddable":true,"href":"https:\/\/arizer.eu\/fr\/wp-json\/wp\/v2\/media\/20220683284"}],"wp:attachment":[{"href":"https:\/\/arizer.eu\/fr\/wp-json\/wp\/v2\/media?parent=20220683291"}],"wp:term":[{"taxonomy":"product_brand","embeddable":true,"href":"https:\/\/arizer.eu\/fr\/wp-json\/wp\/v2\/product_brand?post=20220683291"},{"taxonomy":"product_cat","embeddable":true,"href":"https:\/\/arizer.eu\/fr\/wp-json\/wp\/v2\/product_cat?post=20220683291"},{"taxonomy":"product_tag","embeddable":true,"href":"https:\/\/arizer.eu\/fr\/wp-json\/wp\/v2\/product_tag?post=20220683291"}],"curies":[{"name":"wp","href":"https:\/\/api.w.org\/{rel}","templated":true}]}}