{"id":20220683219,"date":"2026-03-31T18:49:19","date_gmt":"2026-03-31T18:49:19","guid":{"rendered":"https:\/\/arizer.eu\/?post_type=product&#038;p=20220683219"},"modified":"2026-03-31T18:49:23","modified_gmt":"2026-03-31T18:49:23","slug":"go-mouthpiece","status":"publish","type":"product","link":"https:\/\/arizer.eu\/fr\/produit\/go-mouthpiece\/","title":{"rendered":"Go Mouthpiece"},"content":{"rendered":"","protected":false},"excerpt":{"rendered":"<p>Description : Fabriqu\u00e9 en verre borosilicat\u00e9 de qualit\u00e9 sup\u00e9rieure, le Go Mouthpiece est con\u00e7u pour une utilisation en inhalation directe avec les Go Shells. Profitez de la vapeur douce et savoureuse signature d\u2019Arizer, avec en plus un flux d\u2019air largement ouvert et la pr\u00e9charge et interchangeabilit\u00e9 les plus fluides du march\u00e9.<\/p>\n","protected":false},"featured_media":20220683212,"comment_status":"closed","ping_status":"closed","template":"","meta":{"_acf_changed":false},"product_brand":[],"product_cat":[1635,1643],"product_tag":[1610],"class_list":{"0":"post-20220683219","1":"product","2":"type-product","3":"status-publish","4":"has-post-thumbnail","6":"product_cat-go-srt-accessories-fr","7":"product_cat-go-srt-parts-fr","8":"product_tag-go-srt","9":"entry","11":"first","12":"outofstock","13":"taxable","14":"shipping-taxable","15":"purchasable","16":"product-type-simple"},"bundled_by":[],"bundle_stock_status":"outofstock","bundle_stock_quantity":0,"bundle_virtual":false,"bundle_layout":"","bundle_add_to_cart_form_location":"","bundle_editable_in_cart":false,"bundle_sold_individually_context":"","bundle_item_grouping":"","bundle_min_size":"","bundle_max_size":"","bundle_price":[],"bundled_items":[],"bundle_sell_ids":[],"acf":[],"yoast_head":"<!-- This site is optimized with the Yoast SEO Premium plugin v27.1 (Yoast SEO v27.1.1) - https:\/\/yoast.com\/product\/yoast-seo-premium-wordpress\/ -->\n<title>Go Mouthpiece - Arizer EU<\/title>\n<meta name=\"robots\" content=\"index, follow, max-snippet:-1, max-image-preview:large, max-video-preview:-1\" \/>\n<meta property=\"og:locale\" content=\"fr_FR\" \/>\n<meta property=\"og:type\" content=\"article\" \/>\n<meta property=\"og:title\" content=\"Go Mouthpiece\" \/>\n<meta property=\"og:description\" content=\"Description : Fabriqu\u00e9 en verre borosilicat\u00e9 de qualit\u00e9 sup\u00e9rieure, le Go Mouthpiece est con\u00e7u pour une utilisation en inhalation directe avec les Go Shells. Profitez de la vapeur douce et savoureuse signature d\u2019Arizer, avec en plus un flux d\u2019air largement ouvert et la pr\u00e9charge et interchangeabilit\u00e9 les plus fluides du march\u00e9.\" \/>\n<meta property=\"og:url\" content=\"https:\/\/arizer.eu\/fr\/produit\/go-mouthpiece\/\" \/>\n<meta property=\"og:site_name\" content=\"Arizer EU\" \/>\n<meta property=\"article:modified_time\" content=\"2026-03-31T18:49:23+00:00\" \/>\n<meta property=\"og:image\" content=\"https:\/\/arizer.eu\/wp-content\/uploads\/sites\/8\/2026\/03\/02-Go-Mouthpiece.jpg\" \/>\n\t<meta property=\"og:image:width\" content=\"1000\" \/>\n\t<meta property=\"og:image:height\" content=\"1000\" \/>\n\t<meta property=\"og:image:type\" content=\"image\/jpeg\" \/>\n<meta name=\"twitter:card\" content=\"summary_large_image\" \/>\n<meta name=\"twitter:label1\" content=\"Prix\" \/>\n\t<meta name=\"twitter:data1\" content=\"9.99&euro;\" \/>\n\t<meta name=\"twitter:label2\" content=\"Disponibilit\u00e9\" \/>\n\t<meta name=\"twitter:data2\" content=\"Rupture de stock\" \/>\n<script type=\"application\/ld+json\" class=\"yoast-schema-graph\">{\"@context\":\"https:\/\/schema.org\",\"@graph\":[{\"@type\":\"WebPage\",\"@id\":\"https:\/\/arizer.eu\/fr\/produit\/go-mouthpiece\/\",\"url\":\"https:\/\/arizer.eu\/fr\/produit\/go-mouthpiece\/\",\"name\":\"Go Mouthpiece - Arizer EU\",\"isPartOf\":{\"@id\":\"https:\/\/arizer.eu\/fr\/#website\"},\"primaryImageOfPage\":{\"@id\":\"https:\/\/arizer.eu\/fr\/produit\/go-mouthpiece\/#primaryimage\"},\"image\":{\"@id\":\"https:\/\/arizer.eu\/fr\/produit\/go-mouthpiece\/#primaryimage\"},\"thumbnailUrl\":\"https:\/\/arizer.eu\/wp-content\/uploads\/sites\/8\/2026\/03\/02-Go-Mouthpiece.jpg\",\"datePublished\":\"2026-03-31T18:49:19+00:00\",\"dateModified\":\"2026-03-31T18:49:23+00:00\",\"breadcrumb\":{\"@id\":\"https:\/\/arizer.eu\/fr\/produit\/go-mouthpiece\/#breadcrumb\"},\"inLanguage\":\"fr-FR\",\"potentialAction\":[{\"@type\":\"ReadAction\",\"target\":[\"https:\/\/arizer.eu\/fr\/produit\/go-mouthpiece\/\"]}]},{\"@type\":\"ImageObject\",\"inLanguage\":\"fr-FR\",\"@id\":\"https:\/\/arizer.eu\/fr\/produit\/go-mouthpiece\/#primaryimage\",\"url\":\"https:\/\/arizer.eu\/wp-content\/uploads\/sites\/8\/2026\/03\/02-Go-Mouthpiece.jpg\",\"contentUrl\":\"https:\/\/arizer.eu\/wp-content\/uploads\/sites\/8\/2026\/03\/02-Go-Mouthpiece.jpg\",\"width\":1000,\"height\":1000,\"caption\":\"go mouothpiece\"},{\"@type\":\"BreadcrumbList\",\"@id\":\"https:\/\/arizer.eu\/fr\/produit\/go-mouthpiece\/#breadcrumb\",\"itemListElement\":[{\"@type\":\"ListItem\",\"position\":1,\"name\":\"Home\",\"item\":\"https:\/\/arizer.eu\/fr\/\"},{\"@type\":\"ListItem\",\"position\":2,\"name\":\"Go Mouthpiece\"}]},{\"@type\":\"WebSite\",\"@id\":\"https:\/\/arizer.eu\/fr\/#website\",\"url\":\"https:\/\/arizer.eu\/fr\/\",\"name\":\"Arizer EU\",\"description\":\"Best Portable Electronic Vaporizers | Better By Design\",\"publisher\":{\"@id\":\"https:\/\/arizer.eu\/fr\/#organization\"},\"potentialAction\":[{\"@type\":\"SearchAction\",\"target\":{\"@type\":\"EntryPoint\",\"urlTemplate\":\"https:\/\/arizer.eu\/fr\/?s={search_term_string}\"},\"query-input\":{\"@type\":\"PropertyValueSpecification\",\"valueRequired\":true,\"valueName\":\"search_term_string\"}}],\"inLanguage\":\"fr-FR\"},{\"@type\":\"Organization\",\"@id\":\"https:\/\/arizer.eu\/fr\/#organization\",\"name\":\"AR TECH\",\"url\":\"https:\/\/arizer.eu\/fr\/\",\"logo\":{\"@type\":\"ImageObject\",\"inLanguage\":\"fr-FR\",\"@id\":\"https:\/\/arizer.eu\/fr\/#\/schema\/logo\/image\/\",\"url\":\"\",\"contentUrl\":\"\",\"caption\":\"AR TECH\"},\"image\":{\"@id\":\"https:\/\/arizer.eu\/fr\/#\/schema\/logo\/image\/\"},\"sameAs\":[\"https:\/\/www.instagram.com\/arizertech\/\",\"https:\/\/www.youtube.com\/channel\/UCg1A_lcPMTaYi5GHJnxvM_A\"]}]}<\/script>\n<meta property=\"product:price:amount\" content=\"9.99\" \/>\n<meta property=\"product:price:currency\" content=\"EUR\" \/>\n<meta property=\"og:availability\" content=\"out of stock\" \/>\n<meta property=\"product:availability\" content=\"out of stock\" \/>\n<meta property=\"product:retailer_item_id\" content=\"8214\" \/>\n<meta property=\"product:condition\" content=\"new\" \/>\n<!-- \/ Yoast SEO Premium plugin. -->","yoast_head_json":{"title":"Go Mouthpiece - Arizer EU","robots":{"index":"index","follow":"follow","max-snippet":"max-snippet:-1","max-image-preview":"max-image-preview:large","max-video-preview":"max-video-preview:-1"},"og_locale":"fr_FR","og_type":"article","og_title":"Go Mouthpiece","og_description":"Description : Fabriqu\u00e9 en verre borosilicat\u00e9 de qualit\u00e9 sup\u00e9rieure, le Go Mouthpiece est con\u00e7u pour une utilisation en inhalation directe avec les Go Shells. Profitez de la vapeur douce et savoureuse signature d\u2019Arizer, avec en plus un flux d\u2019air largement ouvert et la pr\u00e9charge et interchangeabilit\u00e9 les plus fluides du march\u00e9.","og_url":"https:\/\/arizer.eu\/fr\/produit\/go-mouthpiece\/","og_site_name":"Arizer EU","article_modified_time":"2026-03-31T18:49:23+00:00","og_image":[{"width":1000,"height":1000,"url":"https:\/\/arizer.eu\/wp-content\/uploads\/sites\/8\/2026\/03\/02-Go-Mouthpiece.jpg","type":"image\/jpeg"}],"twitter_card":"summary_large_image","twitter_misc":{"Prix":"9.99&euro;","Disponibilit\u00e9":"Rupture de stock"},"schema":{"@context":"https:\/\/schema.org","@graph":[{"@type":"WebPage","@id":"https:\/\/arizer.eu\/fr\/produit\/go-mouthpiece\/","url":"https:\/\/arizer.eu\/fr\/produit\/go-mouthpiece\/","name":"Go Mouthpiece - Arizer EU","isPartOf":{"@id":"https:\/\/arizer.eu\/fr\/#website"},"primaryImageOfPage":{"@id":"https:\/\/arizer.eu\/fr\/produit\/go-mouthpiece\/#primaryimage"},"image":{"@id":"https:\/\/arizer.eu\/fr\/produit\/go-mouthpiece\/#primaryimage"},"thumbnailUrl":"https:\/\/arizer.eu\/wp-content\/uploads\/sites\/8\/2026\/03\/02-Go-Mouthpiece.jpg","datePublished":"2026-03-31T18:49:19+00:00","dateModified":"2026-03-31T18:49:23+00:00","breadcrumb":{"@id":"https:\/\/arizer.eu\/fr\/produit\/go-mouthpiece\/#breadcrumb"},"inLanguage":"fr-FR","potentialAction":[{"@type":"ReadAction","target":["https:\/\/arizer.eu\/fr\/produit\/go-mouthpiece\/"]}]},{"@type":"ImageObject","inLanguage":"fr-FR","@id":"https:\/\/arizer.eu\/fr\/produit\/go-mouthpiece\/#primaryimage","url":"https:\/\/arizer.eu\/wp-content\/uploads\/sites\/8\/2026\/03\/02-Go-Mouthpiece.jpg","contentUrl":"https:\/\/arizer.eu\/wp-content\/uploads\/sites\/8\/2026\/03\/02-Go-Mouthpiece.jpg","width":1000,"height":1000,"caption":"go mouothpiece"},{"@type":"BreadcrumbList","@id":"https:\/\/arizer.eu\/fr\/produit\/go-mouthpiece\/#breadcrumb","itemListElement":[{"@type":"ListItem","position":1,"name":"Home","item":"https:\/\/arizer.eu\/fr\/"},{"@type":"ListItem","position":2,"name":"Go Mouthpiece"}]},{"@type":"WebSite","@id":"https:\/\/arizer.eu\/fr\/#website","url":"https:\/\/arizer.eu\/fr\/","name":"Arizer EU","description":"Best Portable Electronic Vaporizers | Better By Design","publisher":{"@id":"https:\/\/arizer.eu\/fr\/#organization"},"potentialAction":[{"@type":"SearchAction","target":{"@type":"EntryPoint","urlTemplate":"https:\/\/arizer.eu\/fr\/?s={search_term_string}"},"query-input":{"@type":"PropertyValueSpecification","valueRequired":true,"valueName":"search_term_string"}}],"inLanguage":"fr-FR"},{"@type":"Organization","@id":"https:\/\/arizer.eu\/fr\/#organization","name":"AR TECH","url":"https:\/\/arizer.eu\/fr\/","logo":{"@type":"ImageObject","inLanguage":"fr-FR","@id":"https:\/\/arizer.eu\/fr\/#\/schema\/logo\/image\/","url":"","contentUrl":"","caption":"AR TECH"},"image":{"@id":"https:\/\/arizer.eu\/fr\/#\/schema\/logo\/image\/"},"sameAs":["https:\/\/www.instagram.com\/arizertech\/","https:\/\/www.youtube.com\/channel\/UCg1A_lcPMTaYi5GHJnxvM_A"]}]},"product_price_amount":"9.99","product_price_currency":"EUR","og_availability":"out of stock","product_availability":"out of stock","product_retailer_item_id":"8214","product_condition":"new"},"_links":{"self":[{"href":"https:\/\/arizer.eu\/fr\/wp-json\/wp\/v2\/product\/20220683219","targetHints":{"allow":["GET"]}}],"collection":[{"href":"https:\/\/arizer.eu\/fr\/wp-json\/wp\/v2\/product"}],"about":[{"href":"https:\/\/arizer.eu\/fr\/wp-json\/wp\/v2\/types\/product"}],"replies":[{"embeddable":true,"href":"https:\/\/arizer.eu\/fr\/wp-json\/wp\/v2\/comments?post=20220683219"}],"version-history":[{"count":2,"href":"https:\/\/arizer.eu\/fr\/wp-json\/wp\/v2\/product\/20220683219\/revisions"}],"predecessor-version":[{"id":20220683544,"href":"https:\/\/arizer.eu\/fr\/wp-json\/wp\/v2\/product\/20220683219\/revisions\/20220683544"}],"wp:featuredmedia":[{"embeddable":true,"href":"https:\/\/arizer.eu\/fr\/wp-json\/wp\/v2\/media\/20220683212"}],"wp:attachment":[{"href":"https:\/\/arizer.eu\/fr\/wp-json\/wp\/v2\/media?parent=20220683219"}],"wp:term":[{"taxonomy":"product_brand","embeddable":true,"href":"https:\/\/arizer.eu\/fr\/wp-json\/wp\/v2\/product_brand?post=20220683219"},{"taxonomy":"product_cat","embeddable":true,"href":"https:\/\/arizer.eu\/fr\/wp-json\/wp\/v2\/product_cat?post=20220683219"},{"taxonomy":"product_tag","embeddable":true,"href":"https:\/\/arizer.eu\/fr\/wp-json\/wp\/v2\/product_tag?post=20220683219"}],"curies":[{"name":"wp","href":"https:\/\/api.w.org\/{rel}","templated":true}]}}