{"id":20220674494,"date":"2025-11-03T05:25:26","date_gmt":"2025-11-03T05:25:26","guid":{"rendered":"https:\/\/arizer.eu\/?post_type=product&#038;p=20220674494"},"modified":"2025-11-11T09:55:22","modified_gmt":"2025-11-11T09:55:22","slug":"valise-arizer-go-pre-load-go-bundle","status":"publish","type":"product","link":"https:\/\/arizer.eu\/fr\/produkt\/valise-arizer-go-pre-load-go-bundle\/","title":{"rendered":"Valise Arizer Go Pre-Load &#038; Go"},"content":{"rendered":"","protected":false},"excerpt":{"rendered":"<p class=\"ai-optimize-34\">Description : Avec notre NOUVELLE mallette Arizer Go Pre-Load &amp; Go, vous \u00eates toujours pr\u00eat \u00e0 l&#8217;emploi. Cette mallette discr\u00e8te et \u00e9l\u00e9gante, qui r\u00e9duit les odeurs, vous permet de transporter facilement cinq tubes aromatiques en verre pr\u00e9charg\u00e9s et un outil d&rsquo;agitation en acier inoxydable.<\/p>\n<p class=\"ai-optimize-35\">Contient : 5 tubes aromatiques Arizer Go en verre, 5 bouchons d&#8217;embout Arizer Go en silicone, 1 outil d&rsquo;agitation en acier inoxydable, 1 mallette Pre-Load &amp; Go<\/p>\n","protected":false},"featured_media":20211033024,"comment_status":"closed","ping_status":"closed","template":"","meta":{"_acf_changed":false},"product_brand":[],"product_cat":[1430],"product_tag":[1112],"class_list":{"0":"post-20220674494","1":"product","2":"type-product","3":"status-publish","4":"has-post-thumbnail","6":"product_cat-rh-3-fr","7":"product_tag-argo-fr-2","8":"pa_brand-arizer-fr","9":"entry","11":"first","12":"instock","13":"sale","14":"taxable","15":"shipping-taxable","16":"purchasable","17":"product-type-simple"},"bundled_by":["20220673165","20220674637"],"bundle_stock_status":"instock","bundle_stock_quantity":44,"bundle_virtual":false,"bundle_layout":"","bundle_add_to_cart_form_location":"","bundle_editable_in_cart":false,"bundle_sold_individually_context":"","bundle_item_grouping":"","bundle_min_size":"","bundle_max_size":"","bundle_price":[],"bundled_items":[],"bundle_sell_ids":[],"acf":[],"yoast_head":"<!-- This site is optimized with the Yoast SEO Premium plugin v27.1 (Yoast SEO v27.1.1) - https:\/\/yoast.com\/product\/yoast-seo-premium-wordpress\/ -->\n<title>Buy Arizer Go Pre-Load &amp; Go Case Online - Arizer Accessories<\/title>\n<meta name=\"description\" content=\"Buy Arizer Go Pre-Load &amp; Go Case Online. \u2714 Compatibility: Arizer Go \u2714 5 Arizer Go Glass Aroma Tubes \u2714 5 Arizer Go Silicone Stem Caps \u2714 1 Stainless Steel Stirring Tool \u2714 1 Pre-Load &amp; Go Case.\" \/>\n<meta name=\"robots\" content=\"index, follow, max-snippet:-1, max-image-preview:large, max-video-preview:-1\" \/>\n<meta property=\"og:locale\" content=\"fr_FR\" \/>\n<meta property=\"og:type\" content=\"article\" \/>\n<meta property=\"og:title\" content=\"Valise Arizer Go Pre-Load &amp; Go\" \/>\n<meta property=\"og:description\" content=\"Description : Avec notre NOUVELLE mallette Arizer Go Pre-Load &amp; Go, vous \u00eates toujours pr\u00eat \u00e0 l&#039;emploi. Cette mallette discr\u00e8te et \u00e9l\u00e9gante, qui r\u00e9duit les odeurs, vous permet de transporter facilement cinq tubes aromatiques en verre pr\u00e9charg\u00e9s et un outil d&#039;agitation en acier inoxydable. Contient : 5 tubes aromatiques Arizer Go en verre, 5 bouchons d&#039;embout Arizer Go en silicone, 1 outil d&#039;agitation en acier inoxydable, 1 mallette Pre-Load &amp; Go\" \/>\n<meta property=\"og:url\" content=\"https:\/\/arizer.eu\/fr\/produkt\/valise-arizer-go-pre-load-go-bundle\/\" \/>\n<meta property=\"og:site_name\" content=\"Arizer EU\" \/>\n<meta property=\"article:modified_time\" content=\"2025-11-11T09:55:22+00:00\" \/>\n<meta property=\"og:image\" content=\"https:\/\/arizer.eu\/wp-content\/uploads\/sites\/8\/2019\/11\/argo-pre-load-and-go-case-1.jpeg\" \/>\n\t<meta property=\"og:image:width\" content=\"1000\" \/>\n\t<meta property=\"og:image:height\" content=\"1000\" \/>\n\t<meta property=\"og:image:type\" content=\"image\/jpeg\" \/>\n<meta name=\"twitter:card\" content=\"summary_large_image\" \/>\n<meta name=\"twitter:label1\" content=\"Prix\" \/>\n\t<meta name=\"twitter:data1\" content=\"62.50&euro;\" \/>\n\t<meta name=\"twitter:label2\" content=\"Disponibilit\u00e9\" \/>\n\t<meta name=\"twitter:data2\" content=\"En stock\" \/>\n<script type=\"application\/ld+json\" class=\"yoast-schema-graph\">{\"@context\":\"https:\/\/schema.org\",\"@graph\":[{\"@type\":\"WebPage\",\"@id\":\"https:\/\/arizer.eu\/fr\/produkt\/valise-arizer-go-pre-load-go-bundle\/\",\"url\":\"https:\/\/arizer.eu\/fr\/produkt\/valise-arizer-go-pre-load-go-bundle\/\",\"name\":\"Buy Arizer Go Pre-Load & Go Case Online - Arizer Accessories\",\"isPartOf\":{\"@id\":\"https:\/\/arizer.eu\/fr\/#website\"},\"primaryImageOfPage\":{\"@id\":\"https:\/\/arizer.eu\/fr\/produkt\/valise-arizer-go-pre-load-go-bundle\/#primaryimage\"},\"image\":{\"@id\":\"https:\/\/arizer.eu\/fr\/produkt\/valise-arizer-go-pre-load-go-bundle\/#primaryimage\"},\"thumbnailUrl\":\"https:\/\/arizer.eu\/wp-content\/uploads\/sites\/8\/2019\/11\/argo-pre-load-and-go-case-1.jpeg\",\"datePublished\":\"2025-11-03T05:25:26+00:00\",\"dateModified\":\"2025-11-11T09:55:22+00:00\",\"description\":\"Buy Arizer Go Pre-Load & Go Case Online. \u2714 Compatibility: Arizer Go \u2714 5 Arizer Go Glass Aroma Tubes \u2714 5 Arizer Go Silicone Stem Caps \u2714 1 Stainless Steel Stirring Tool \u2714 1 Pre-Load & Go Case.\",\"breadcrumb\":{\"@id\":\"https:\/\/arizer.eu\/fr\/produkt\/valise-arizer-go-pre-load-go-bundle\/#breadcrumb\"},\"inLanguage\":\"fr-FR\",\"potentialAction\":[{\"@type\":\"ReadAction\",\"target\":[\"https:\/\/arizer.eu\/fr\/produkt\/valise-arizer-go-pre-load-go-bundle\/\"]}]},{\"@type\":\"ImageObject\",\"inLanguage\":\"fr-FR\",\"@id\":\"https:\/\/arizer.eu\/fr\/produkt\/valise-arizer-go-pre-load-go-bundle\/#primaryimage\",\"url\":\"https:\/\/arizer.eu\/wp-content\/uploads\/sites\/8\/2019\/11\/argo-pre-load-and-go-case-1.jpeg\",\"contentUrl\":\"https:\/\/arizer.eu\/wp-content\/uploads\/sites\/8\/2019\/11\/argo-pre-load-and-go-case-1.jpeg\",\"width\":1000,\"height\":1000},{\"@type\":\"BreadcrumbList\",\"@id\":\"https:\/\/arizer.eu\/fr\/produkt\/valise-arizer-go-pre-load-go-bundle\/#breadcrumb\",\"itemListElement\":[{\"@type\":\"ListItem\",\"position\":1,\"name\":\"Home\",\"item\":\"https:\/\/arizer.eu\/fr\/\"},{\"@type\":\"ListItem\",\"position\":2,\"name\":\"Valise Arizer Go Pre-Load &#038; Go\"}]},{\"@type\":\"WebSite\",\"@id\":\"https:\/\/arizer.eu\/fr\/#website\",\"url\":\"https:\/\/arizer.eu\/fr\/\",\"name\":\"Arizer EU\",\"description\":\"Best Portable Electronic Vaporizers | Better By Design\",\"publisher\":{\"@id\":\"https:\/\/arizer.eu\/fr\/#organization\"},\"potentialAction\":[{\"@type\":\"SearchAction\",\"target\":{\"@type\":\"EntryPoint\",\"urlTemplate\":\"https:\/\/arizer.eu\/fr\/?s={search_term_string}\"},\"query-input\":{\"@type\":\"PropertyValueSpecification\",\"valueRequired\":true,\"valueName\":\"search_term_string\"}}],\"inLanguage\":\"fr-FR\"},{\"@type\":\"Organization\",\"@id\":\"https:\/\/arizer.eu\/fr\/#organization\",\"name\":\"AR TECH\",\"url\":\"https:\/\/arizer.eu\/fr\/\",\"logo\":{\"@type\":\"ImageObject\",\"inLanguage\":\"fr-FR\",\"@id\":\"https:\/\/arizer.eu\/fr\/#\/schema\/logo\/image\/\",\"url\":\"\",\"contentUrl\":\"\",\"caption\":\"AR TECH\"},\"image\":{\"@id\":\"https:\/\/arizer.eu\/fr\/#\/schema\/logo\/image\/\"},\"sameAs\":[\"https:\/\/www.instagram.com\/arizertech\/\",\"https:\/\/www.youtube.com\/channel\/UCg1A_lcPMTaYi5GHJnxvM_A\"]}]}<\/script>\n<meta property=\"product:price:amount\" content=\"62.50\" \/>\n<meta property=\"product:price:currency\" content=\"EUR\" \/>\n<meta property=\"og:availability\" content=\"instock\" \/>\n<meta property=\"product:availability\" content=\"instock\" \/>\n<meta property=\"product:retailer_item_id\" content=\"2341-1\" \/>\n<meta property=\"product:condition\" content=\"new\" \/>\n<!-- \/ Yoast SEO Premium plugin. -->","yoast_head_json":{"title":"Buy Arizer Go Pre-Load & Go Case Online - Arizer Accessories","description":"Buy Arizer Go Pre-Load & Go Case Online. \u2714 Compatibility: Arizer Go \u2714 5 Arizer Go Glass Aroma Tubes \u2714 5 Arizer Go Silicone Stem Caps \u2714 1 Stainless Steel Stirring Tool \u2714 1 Pre-Load & Go Case.","robots":{"index":"index","follow":"follow","max-snippet":"max-snippet:-1","max-image-preview":"max-image-preview:large","max-video-preview":"max-video-preview:-1"},"og_locale":"fr_FR","og_type":"article","og_title":"Valise Arizer Go Pre-Load & Go","og_description":"Description : Avec notre NOUVELLE mallette Arizer Go Pre-Load &amp; Go, vous \u00eates toujours pr\u00eat \u00e0 l'emploi. Cette mallette discr\u00e8te et \u00e9l\u00e9gante, qui r\u00e9duit les odeurs, vous permet de transporter facilement cinq tubes aromatiques en verre pr\u00e9charg\u00e9s et un outil d'agitation en acier inoxydable. Contient : 5 tubes aromatiques Arizer Go en verre, 5 bouchons d'embout Arizer Go en silicone, 1 outil d'agitation en acier inoxydable, 1 mallette Pre-Load &amp; Go","og_url":"https:\/\/arizer.eu\/fr\/produkt\/valise-arizer-go-pre-load-go-bundle\/","og_site_name":"Arizer EU","article_modified_time":"2025-11-11T09:55:22+00:00","og_image":[{"width":1000,"height":1000,"url":"https:\/\/arizer.eu\/wp-content\/uploads\/sites\/8\/2019\/11\/argo-pre-load-and-go-case-1.jpeg","type":"image\/jpeg"}],"twitter_card":"summary_large_image","twitter_misc":{"Prix":"62.50&euro;","Disponibilit\u00e9":"En stock"},"schema":{"@context":"https:\/\/schema.org","@graph":[{"@type":"WebPage","@id":"https:\/\/arizer.eu\/fr\/produkt\/valise-arizer-go-pre-load-go-bundle\/","url":"https:\/\/arizer.eu\/fr\/produkt\/valise-arizer-go-pre-load-go-bundle\/","name":"Buy Arizer Go Pre-Load & Go Case Online - Arizer Accessories","isPartOf":{"@id":"https:\/\/arizer.eu\/fr\/#website"},"primaryImageOfPage":{"@id":"https:\/\/arizer.eu\/fr\/produkt\/valise-arizer-go-pre-load-go-bundle\/#primaryimage"},"image":{"@id":"https:\/\/arizer.eu\/fr\/produkt\/valise-arizer-go-pre-load-go-bundle\/#primaryimage"},"thumbnailUrl":"https:\/\/arizer.eu\/wp-content\/uploads\/sites\/8\/2019\/11\/argo-pre-load-and-go-case-1.jpeg","datePublished":"2025-11-03T05:25:26+00:00","dateModified":"2025-11-11T09:55:22+00:00","description":"Buy Arizer Go Pre-Load & Go Case Online. \u2714 Compatibility: Arizer Go \u2714 5 Arizer Go Glass Aroma Tubes \u2714 5 Arizer Go Silicone Stem Caps \u2714 1 Stainless Steel Stirring Tool \u2714 1 Pre-Load & Go Case.","breadcrumb":{"@id":"https:\/\/arizer.eu\/fr\/produkt\/valise-arizer-go-pre-load-go-bundle\/#breadcrumb"},"inLanguage":"fr-FR","potentialAction":[{"@type":"ReadAction","target":["https:\/\/arizer.eu\/fr\/produkt\/valise-arizer-go-pre-load-go-bundle\/"]}]},{"@type":"ImageObject","inLanguage":"fr-FR","@id":"https:\/\/arizer.eu\/fr\/produkt\/valise-arizer-go-pre-load-go-bundle\/#primaryimage","url":"https:\/\/arizer.eu\/wp-content\/uploads\/sites\/8\/2019\/11\/argo-pre-load-and-go-case-1.jpeg","contentUrl":"https:\/\/arizer.eu\/wp-content\/uploads\/sites\/8\/2019\/11\/argo-pre-load-and-go-case-1.jpeg","width":1000,"height":1000},{"@type":"BreadcrumbList","@id":"https:\/\/arizer.eu\/fr\/produkt\/valise-arizer-go-pre-load-go-bundle\/#breadcrumb","itemListElement":[{"@type":"ListItem","position":1,"name":"Home","item":"https:\/\/arizer.eu\/fr\/"},{"@type":"ListItem","position":2,"name":"Valise Arizer Go Pre-Load &#038; Go"}]},{"@type":"WebSite","@id":"https:\/\/arizer.eu\/fr\/#website","url":"https:\/\/arizer.eu\/fr\/","name":"Arizer EU","description":"Best Portable Electronic Vaporizers | Better By Design","publisher":{"@id":"https:\/\/arizer.eu\/fr\/#organization"},"potentialAction":[{"@type":"SearchAction","target":{"@type":"EntryPoint","urlTemplate":"https:\/\/arizer.eu\/fr\/?s={search_term_string}"},"query-input":{"@type":"PropertyValueSpecification","valueRequired":true,"valueName":"search_term_string"}}],"inLanguage":"fr-FR"},{"@type":"Organization","@id":"https:\/\/arizer.eu\/fr\/#organization","name":"AR TECH","url":"https:\/\/arizer.eu\/fr\/","logo":{"@type":"ImageObject","inLanguage":"fr-FR","@id":"https:\/\/arizer.eu\/fr\/#\/schema\/logo\/image\/","url":"","contentUrl":"","caption":"AR TECH"},"image":{"@id":"https:\/\/arizer.eu\/fr\/#\/schema\/logo\/image\/"},"sameAs":["https:\/\/www.instagram.com\/arizertech\/","https:\/\/www.youtube.com\/channel\/UCg1A_lcPMTaYi5GHJnxvM_A"]}]},"product_price_amount":"62.50","product_price_currency":"EUR","og_availability":"instock","product_availability":"instock","product_retailer_item_id":"2341-1","product_condition":"new"},"_links":{"self":[{"href":"https:\/\/arizer.eu\/fr\/wp-json\/wp\/v2\/product\/20220674494","targetHints":{"allow":["GET"]}}],"collection":[{"href":"https:\/\/arizer.eu\/fr\/wp-json\/wp\/v2\/product"}],"about":[{"href":"https:\/\/arizer.eu\/fr\/wp-json\/wp\/v2\/types\/product"}],"replies":[{"embeddable":true,"href":"https:\/\/arizer.eu\/fr\/wp-json\/wp\/v2\/comments?post=20220674494"}],"version-history":[{"count":2,"href":"https:\/\/arizer.eu\/fr\/wp-json\/wp\/v2\/product\/20220674494\/revisions"}],"predecessor-version":[{"id":20220674570,"href":"https:\/\/arizer.eu\/fr\/wp-json\/wp\/v2\/product\/20220674494\/revisions\/20220674570"}],"wp:featuredmedia":[{"embeddable":true,"href":"https:\/\/arizer.eu\/fr\/wp-json\/wp\/v2\/media\/20211033024"}],"wp:attachment":[{"href":"https:\/\/arizer.eu\/fr\/wp-json\/wp\/v2\/media?parent=20220674494"}],"wp:term":[{"taxonomy":"product_brand","embeddable":true,"href":"https:\/\/arizer.eu\/fr\/wp-json\/wp\/v2\/product_brand?post=20220674494"},{"taxonomy":"product_cat","embeddable":true,"href":"https:\/\/arizer.eu\/fr\/wp-json\/wp\/v2\/product_cat?post=20220674494"},{"taxonomy":"product_tag","embeddable":true,"href":"https:\/\/arizer.eu\/fr\/wp-json\/wp\/v2\/product_tag?post=20220674494"}],"curies":[{"name":"wp","href":"https:\/\/api.w.org\/{rel}","templated":true}]}}