{"id":20220669924,"date":"2025-09-30T10:07:39","date_gmt":"2025-09-30T10:07:39","guid":{"rendered":"https:\/\/arizer.eu\/produkt\/herb-mill\/"},"modified":"2025-09-30T11:01:06","modified_gmt":"2025-09-30T11:01:06","slug":"herb-mill","status":"publish","type":"product","link":"https:\/\/arizer.eu\/fr\/produkt\/herb-mill\/","title":{"rendered":"Herb Mill"},"content":{"rendered":"","protected":false},"excerpt":{"rendered":"<p><b>Description : Pr\u00e9parez vos herbes fra\u00eeches pour la vaporisation avec le moulin \u00e0 herbes premium 3 pi\u00e8ces d\u2019Arizer \u2013 con\u00e7u pour offrir une mouture parfaitement homog\u00e8ne. Fabriqu\u00e9 en aluminium de classe A 6063 durable, il est dot\u00e9 de dents personnalis\u00e9es et d\u2019un motif de trous optimis\u00e9, d\u2019une chambre spacieuse pour stocker les herbes moulues et de puissants aimants qui maintiennent les pi\u00e8ces solidement assembl\u00e9es pour une utilisation propre et sans effort.<\/b><\/p>\n<p>Inclus : Moulin \u00e0 herbes premium 3 pi\u00e8ces<\/p>\n","protected":false},"featured_media":20220669913,"comment_status":"closed","ping_status":"closed","template":"","meta":{"_acf_changed":false},"product_brand":[],"product_cat":[426,453,454,455,746,758,812,456,457,872,888,920,936,458,1245,1261,459,1009,1011,952,968,980,996],"product_tag":[],"class_list":{"0":"post-20220669924","1":"product","2":"type-product","3":"status-publish","4":"has-post-thumbnail","6":"product_cat-air-max-acessories-fr","7":"product_cat-air-max-parts-fr","8":"product_cat-air-se-accessories-fr","9":"product_cat-air-se-parts-fr","10":"product_cat-air2-accessories-fr","11":"product_cat-air2-parts-fr","12":"product_cat-argo-accessories-fr","13":"product_cat-arizer-air-accessories-fr","14":"product_cat-arizer-air-parts-fr","15":"product_cat-extreme-q-accessories-fr","16":"product_cat-extreme-q-parts-fr","17":"product_cat-solo-accessories-fr","18":"product_cat-solo-parts-fr","19":"product_cat-solo2-accessories-fr","20":"product_cat-solo2-max-accessories-fr","21":"product_cat-solo2-max-parts-fr","22":"product_cat-solo2-parts-fr","23":"product_cat-solo3-accessories-fr","24":"product_cat-solo3-parts-fr","25":"product_cat-v-tower-accessories-fr","26":"product_cat-v-tower-parts-fr","27":"product_cat-xq2-acessories-fr","28":"product_cat-xq2-parts-fr","29":"entry","31":"first","32":"instock","33":"sale","34":"taxable","35":"shipping-taxable","36":"purchasable","37":"product-type-simple"},"bundled_by":[],"bundle_stock_status":"instock","bundle_stock_quantity":null,"bundle_virtual":false,"bundle_layout":"","bundle_add_to_cart_form_location":"","bundle_editable_in_cart":false,"bundle_sold_individually_context":"","bundle_item_grouping":"","bundle_min_size":"","bundle_max_size":"","bundle_price":[],"bundled_items":[],"bundle_sell_ids":[],"acf":[],"yoast_head":"<!-- This site is optimized with the Yoast SEO Premium plugin v27.1 (Yoast SEO v27.1.1) - https:\/\/yoast.com\/product\/yoast-seo-premium-wordpress\/ -->\n<title>Herb Mill - Arizer EU<\/title>\n<meta name=\"robots\" content=\"index, follow, max-snippet:-1, max-image-preview:large, max-video-preview:-1\" \/>\n<meta property=\"og:locale\" content=\"fr_FR\" \/>\n<meta property=\"og:type\" content=\"article\" \/>\n<meta property=\"og:title\" content=\"Herb Mill\" \/>\n<meta property=\"og:description\" content=\"Description : Pr\u00e9parez vos herbes fra\u00eeches pour la vaporisation avec le moulin \u00e0 herbes premium 3 pi\u00e8ces d\u2019Arizer \u2013 con\u00e7u pour offrir une mouture parfaitement homog\u00e8ne. Fabriqu\u00e9 en aluminium de classe A 6063 durable, il est dot\u00e9 de dents personnalis\u00e9es et d\u2019un motif de trous optimis\u00e9, d\u2019une chambre spacieuse pour stocker les herbes moulues et de puissants aimants qui maintiennent les pi\u00e8ces solidement assembl\u00e9es pour une utilisation propre et sans effort.  Inclus : Moulin \u00e0 herbes premium 3 pi\u00e8ces\" \/>\n<meta property=\"og:url\" content=\"https:\/\/arizer.eu\/fr\/produkt\/herb-mill\/\" \/>\n<meta property=\"og:site_name\" content=\"Arizer EU\" \/>\n<meta property=\"article:modified_time\" content=\"2025-09-30T11:01:06+00:00\" \/>\n<meta property=\"og:image\" content=\"https:\/\/arizer.eu\/wp-content\/uploads\/sites\/8\/2025\/09\/Accessory-Grinders-Arizer-Black-NEW-1.jpg\" \/>\n\t<meta property=\"og:image:width\" content=\"600\" \/>\n\t<meta property=\"og:image:height\" content=\"600\" \/>\n\t<meta property=\"og:image:type\" content=\"image\/jpeg\" \/>\n<meta name=\"twitter:card\" content=\"summary_large_image\" \/>\n<meta name=\"twitter:label1\" content=\"Prix\" \/>\n\t<meta name=\"twitter:data1\" content=\"55.24&euro;\" \/>\n\t<meta name=\"twitter:label2\" content=\"Disponibilit\u00e9\" \/>\n\t<meta name=\"twitter:data2\" content=\"En stock\" \/>\n<script type=\"application\/ld+json\" class=\"yoast-schema-graph\">{\"@context\":\"https:\/\/schema.org\",\"@graph\":[{\"@type\":\"WebPage\",\"@id\":\"https:\/\/arizer.eu\/fr\/produkt\/herb-mill\/\",\"url\":\"https:\/\/arizer.eu\/fr\/produkt\/herb-mill\/\",\"name\":\"Herb Mill - Arizer EU\",\"isPartOf\":{\"@id\":\"https:\/\/arizer.eu\/fr\/#website\"},\"primaryImageOfPage\":{\"@id\":\"https:\/\/arizer.eu\/fr\/produkt\/herb-mill\/#primaryimage\"},\"image\":{\"@id\":\"https:\/\/arizer.eu\/fr\/produkt\/herb-mill\/#primaryimage\"},\"thumbnailUrl\":\"https:\/\/arizer.eu\/wp-content\/uploads\/sites\/8\/2025\/09\/Accessory-Grinders-Arizer-Black-NEW-1.jpg\",\"datePublished\":\"2025-09-30T10:07:39+00:00\",\"dateModified\":\"2025-09-30T11:01:06+00:00\",\"breadcrumb\":{\"@id\":\"https:\/\/arizer.eu\/fr\/produkt\/herb-mill\/#breadcrumb\"},\"inLanguage\":\"fr-FR\",\"potentialAction\":[{\"@type\":\"ReadAction\",\"target\":[\"https:\/\/arizer.eu\/fr\/produkt\/herb-mill\/\"]}]},{\"@type\":\"ImageObject\",\"inLanguage\":\"fr-FR\",\"@id\":\"https:\/\/arizer.eu\/fr\/produkt\/herb-mill\/#primaryimage\",\"url\":\"https:\/\/arizer.eu\/wp-content\/uploads\/sites\/8\/2025\/09\/Accessory-Grinders-Arizer-Black-NEW-1.jpg\",\"contentUrl\":\"https:\/\/arizer.eu\/wp-content\/uploads\/sites\/8\/2025\/09\/Accessory-Grinders-Arizer-Black-NEW-1.jpg\",\"width\":600,\"height\":600},{\"@type\":\"BreadcrumbList\",\"@id\":\"https:\/\/arizer.eu\/fr\/produkt\/herb-mill\/#breadcrumb\",\"itemListElement\":[{\"@type\":\"ListItem\",\"position\":1,\"name\":\"Home\",\"item\":\"https:\/\/arizer.eu\/fr\/\"},{\"@type\":\"ListItem\",\"position\":2,\"name\":\"Herb Mill\"}]},{\"@type\":\"WebSite\",\"@id\":\"https:\/\/arizer.eu\/fr\/#website\",\"url\":\"https:\/\/arizer.eu\/fr\/\",\"name\":\"Arizer EU\",\"description\":\"Best Portable Electronic Vaporizers | Better By Design\",\"publisher\":{\"@id\":\"https:\/\/arizer.eu\/fr\/#organization\"},\"potentialAction\":[{\"@type\":\"SearchAction\",\"target\":{\"@type\":\"EntryPoint\",\"urlTemplate\":\"https:\/\/arizer.eu\/fr\/?s={search_term_string}\"},\"query-input\":{\"@type\":\"PropertyValueSpecification\",\"valueRequired\":true,\"valueName\":\"search_term_string\"}}],\"inLanguage\":\"fr-FR\"},{\"@type\":\"Organization\",\"@id\":\"https:\/\/arizer.eu\/fr\/#organization\",\"name\":\"AR TECH\",\"url\":\"https:\/\/arizer.eu\/fr\/\",\"logo\":{\"@type\":\"ImageObject\",\"inLanguage\":\"fr-FR\",\"@id\":\"https:\/\/arizer.eu\/fr\/#\/schema\/logo\/image\/\",\"url\":\"\",\"contentUrl\":\"\",\"caption\":\"AR TECH\"},\"image\":{\"@id\":\"https:\/\/arizer.eu\/fr\/#\/schema\/logo\/image\/\"},\"sameAs\":[\"https:\/\/www.instagram.com\/arizertech\/\",\"https:\/\/www.youtube.com\/channel\/UCg1A_lcPMTaYi5GHJnxvM_A\"]}]}<\/script>\n<meta property=\"product:price:amount\" content=\"55.24\" \/>\n<meta property=\"product:price:currency\" content=\"EUR\" \/>\n<meta property=\"og:availability\" content=\"instock\" \/>\n<meta property=\"product:availability\" content=\"instock\" \/>\n<meta property=\"product:retailer_item_id\" content=\"ARPM-GBA3\" \/>\n<meta property=\"product:condition\" content=\"new\" \/>\n<!-- \/ Yoast SEO Premium plugin. -->","yoast_head_json":{"title":"Herb Mill - Arizer EU","robots":{"index":"index","follow":"follow","max-snippet":"max-snippet:-1","max-image-preview":"max-image-preview:large","max-video-preview":"max-video-preview:-1"},"og_locale":"fr_FR","og_type":"article","og_title":"Herb Mill","og_description":"Description : Pr\u00e9parez vos herbes fra\u00eeches pour la vaporisation avec le moulin \u00e0 herbes premium 3 pi\u00e8ces d\u2019Arizer \u2013 con\u00e7u pour offrir une mouture parfaitement homog\u00e8ne. Fabriqu\u00e9 en aluminium de classe A 6063 durable, il est dot\u00e9 de dents personnalis\u00e9es et d\u2019un motif de trous optimis\u00e9, d\u2019une chambre spacieuse pour stocker les herbes moulues et de puissants aimants qui maintiennent les pi\u00e8ces solidement assembl\u00e9es pour une utilisation propre et sans effort.  Inclus : Moulin \u00e0 herbes premium 3 pi\u00e8ces","og_url":"https:\/\/arizer.eu\/fr\/produkt\/herb-mill\/","og_site_name":"Arizer EU","article_modified_time":"2025-09-30T11:01:06+00:00","og_image":[{"width":600,"height":600,"url":"https:\/\/arizer.eu\/wp-content\/uploads\/sites\/8\/2025\/09\/Accessory-Grinders-Arizer-Black-NEW-1.jpg","type":"image\/jpeg"}],"twitter_card":"summary_large_image","twitter_misc":{"Prix":"55.24&euro;","Disponibilit\u00e9":"En stock"},"schema":{"@context":"https:\/\/schema.org","@graph":[{"@type":"WebPage","@id":"https:\/\/arizer.eu\/fr\/produkt\/herb-mill\/","url":"https:\/\/arizer.eu\/fr\/produkt\/herb-mill\/","name":"Herb Mill - Arizer EU","isPartOf":{"@id":"https:\/\/arizer.eu\/fr\/#website"},"primaryImageOfPage":{"@id":"https:\/\/arizer.eu\/fr\/produkt\/herb-mill\/#primaryimage"},"image":{"@id":"https:\/\/arizer.eu\/fr\/produkt\/herb-mill\/#primaryimage"},"thumbnailUrl":"https:\/\/arizer.eu\/wp-content\/uploads\/sites\/8\/2025\/09\/Accessory-Grinders-Arizer-Black-NEW-1.jpg","datePublished":"2025-09-30T10:07:39+00:00","dateModified":"2025-09-30T11:01:06+00:00","breadcrumb":{"@id":"https:\/\/arizer.eu\/fr\/produkt\/herb-mill\/#breadcrumb"},"inLanguage":"fr-FR","potentialAction":[{"@type":"ReadAction","target":["https:\/\/arizer.eu\/fr\/produkt\/herb-mill\/"]}]},{"@type":"ImageObject","inLanguage":"fr-FR","@id":"https:\/\/arizer.eu\/fr\/produkt\/herb-mill\/#primaryimage","url":"https:\/\/arizer.eu\/wp-content\/uploads\/sites\/8\/2025\/09\/Accessory-Grinders-Arizer-Black-NEW-1.jpg","contentUrl":"https:\/\/arizer.eu\/wp-content\/uploads\/sites\/8\/2025\/09\/Accessory-Grinders-Arizer-Black-NEW-1.jpg","width":600,"height":600},{"@type":"BreadcrumbList","@id":"https:\/\/arizer.eu\/fr\/produkt\/herb-mill\/#breadcrumb","itemListElement":[{"@type":"ListItem","position":1,"name":"Home","item":"https:\/\/arizer.eu\/fr\/"},{"@type":"ListItem","position":2,"name":"Herb Mill"}]},{"@type":"WebSite","@id":"https:\/\/arizer.eu\/fr\/#website","url":"https:\/\/arizer.eu\/fr\/","name":"Arizer EU","description":"Best Portable Electronic Vaporizers | Better By Design","publisher":{"@id":"https:\/\/arizer.eu\/fr\/#organization"},"potentialAction":[{"@type":"SearchAction","target":{"@type":"EntryPoint","urlTemplate":"https:\/\/arizer.eu\/fr\/?s={search_term_string}"},"query-input":{"@type":"PropertyValueSpecification","valueRequired":true,"valueName":"search_term_string"}}],"inLanguage":"fr-FR"},{"@type":"Organization","@id":"https:\/\/arizer.eu\/fr\/#organization","name":"AR TECH","url":"https:\/\/arizer.eu\/fr\/","logo":{"@type":"ImageObject","inLanguage":"fr-FR","@id":"https:\/\/arizer.eu\/fr\/#\/schema\/logo\/image\/","url":"","contentUrl":"","caption":"AR TECH"},"image":{"@id":"https:\/\/arizer.eu\/fr\/#\/schema\/logo\/image\/"},"sameAs":["https:\/\/www.instagram.com\/arizertech\/","https:\/\/www.youtube.com\/channel\/UCg1A_lcPMTaYi5GHJnxvM_A"]}]},"product_price_amount":"55.24","product_price_currency":"EUR","og_availability":"instock","product_availability":"instock","product_retailer_item_id":"ARPM-GBA3","product_condition":"new"},"_links":{"self":[{"href":"https:\/\/arizer.eu\/fr\/wp-json\/wp\/v2\/product\/20220669924","targetHints":{"allow":["GET"]}}],"collection":[{"href":"https:\/\/arizer.eu\/fr\/wp-json\/wp\/v2\/product"}],"about":[{"href":"https:\/\/arizer.eu\/fr\/wp-json\/wp\/v2\/types\/product"}],"replies":[{"embeddable":true,"href":"https:\/\/arizer.eu\/fr\/wp-json\/wp\/v2\/comments?post=20220669924"}],"version-history":[{"count":1,"href":"https:\/\/arizer.eu\/fr\/wp-json\/wp\/v2\/product\/20220669924\/revisions"}],"predecessor-version":[{"id":20220669928,"href":"https:\/\/arizer.eu\/fr\/wp-json\/wp\/v2\/product\/20220669924\/revisions\/20220669928"}],"wp:featuredmedia":[{"embeddable":true,"href":"https:\/\/arizer.eu\/fr\/wp-json\/wp\/v2\/media\/20220669913"}],"wp:attachment":[{"href":"https:\/\/arizer.eu\/fr\/wp-json\/wp\/v2\/media?parent=20220669924"}],"wp:term":[{"taxonomy":"product_brand","embeddable":true,"href":"https:\/\/arizer.eu\/fr\/wp-json\/wp\/v2\/product_brand?post=20220669924"},{"taxonomy":"product_cat","embeddable":true,"href":"https:\/\/arizer.eu\/fr\/wp-json\/wp\/v2\/product_cat?post=20220669924"},{"taxonomy":"product_tag","embeddable":true,"href":"https:\/\/arizer.eu\/fr\/wp-json\/wp\/v2\/product_tag?post=20220669924"}],"curies":[{"name":"wp","href":"https:\/\/api.w.org\/{rel}","templated":true}]}}