{"id":20211045836,"date":"2023-11-02T12:27:59","date_gmt":"2023-11-02T12:27:59","guid":{"rendered":"https:\/\/arizer.eu\/air-18650-battery-case\/"},"modified":"2025-04-07T10:00:36","modified_gmt":"2025-04-07T10:00:36","slug":"air-18650-battery-case","status":"publish","type":"product","link":"https:\/\/arizer.eu\/fr\/produkt\/air-18650-battery-case\/","title":{"rendered":"\u00c9tui pour batterie 18650"},"content":{"rendered":"","protected":false},"excerpt":{"rendered":"<p>Description : \u00c9tui de protection pour deux batteries 18650 de rechange<\/p>\n<p>Comprend : 1 x \u00e9tui pour batterie 18650<\/p>\n","protected":false},"featured_media":20211032204,"comment_status":"closed","ping_status":"closed","template":"","meta":{"_acf_changed":false},"product_brand":[],"product_cat":[454,798,746,754,812,820,456,846,1430],"product_tag":[1136],"class_list":{"0":"post-20211045836","1":"product","2":"type-product","3":"status-publish","4":"has-post-thumbnail","6":"product_cat-air-se-accessories-fr","7":"product_cat-air-se-cases-containers-fr","8":"product_cat-air2-accessories-fr","9":"product_cat-air2-cases-containers-fr","10":"product_cat-argo-accessories-fr","11":"product_cat-argo-cases-containers-fr","12":"product_cat-arizer-air-accessories-fr","13":"product_cat-arizer-air-cases-containers-fr","14":"product_cat-rh-3-fr","15":"product_tag-arizer-18650-battery-fr","16":"pa_brand-arizer-fr","17":"entry","19":"first","20":"instock","21":"sale","22":"taxable","23":"shipping-taxable","24":"purchasable","25":"product-type-simple"},"bundled_by":[],"bundle_stock_status":"instock","bundle_stock_quantity":4,"bundle_virtual":false,"bundle_layout":"","bundle_add_to_cart_form_location":"","bundle_editable_in_cart":false,"bundle_sold_individually_context":"","bundle_item_grouping":"","bundle_min_size":"","bundle_max_size":"","bundle_price":[],"bundled_items":[],"bundle_sell_ids":[],"acf":[],"yoast_head":"<!-- This site is optimized with the Yoast SEO Premium plugin v27.1 (Yoast SEO v27.1.1) - https:\/\/yoast.com\/product\/yoast-seo-premium-wordpress\/ -->\n<title>Buy ArGo Battery Case - Arizer ArGo Accessories<\/title>\n<meta name=\"description\" content=\"Buy Arizer ArGo Battery Case for Pocket Weed Vaporizer Online. \u2714 Compatibility: ArGo, Air II, &amp; Air Batteries \u2714 Hold one or two Batteries \u2714 Fast Shipping Options.\" \/>\n<meta name=\"robots\" content=\"index, follow, max-snippet:-1, max-image-preview:large, max-video-preview:-1\" \/>\n<meta property=\"og:locale\" content=\"fr_FR\" \/>\n<meta property=\"og:type\" content=\"article\" \/>\n<meta property=\"og:title\" content=\"\u00c9tui pour batterie 18650\" \/>\n<meta property=\"og:description\" content=\"Description : \u00c9tui de protection pour deux batteries 18650 de rechange  Comprend : 1 x \u00e9tui pour batterie 18650\" \/>\n<meta property=\"og:url\" content=\"https:\/\/arizer.eu\/fr\/produkt\/air-18650-battery-case\/\" \/>\n<meta property=\"og:site_name\" content=\"Arizer EU\" \/>\n<meta property=\"article:modified_time\" content=\"2025-04-07T10:00:36+00:00\" \/>\n<meta property=\"og:image\" content=\"https:\/\/arizer.eu\/wp-content\/uploads\/sites\/8\/2020\/01\/air-battery-case.jpg\" \/>\n\t<meta property=\"og:image:width\" content=\"1000\" \/>\n\t<meta property=\"og:image:height\" content=\"1000\" \/>\n\t<meta property=\"og:image:type\" content=\"image\/jpeg\" \/>\n<meta name=\"twitter:card\" content=\"summary_large_image\" \/>\n<meta name=\"twitter:label1\" content=\"Prix\" \/>\n\t<meta name=\"twitter:data1\" content=\"1.70&euro;\" \/>\n\t<meta name=\"twitter:label2\" content=\"Disponibilit\u00e9\" \/>\n\t<meta name=\"twitter:data2\" content=\"En stock\" \/>\n<script type=\"application\/ld+json\" class=\"yoast-schema-graph\">{\"@context\":\"https:\/\/schema.org\",\"@graph\":[{\"@type\":\"WebPage\",\"@id\":\"https:\/\/arizer.eu\/fr\/produkt\/air-18650-battery-case\/\",\"url\":\"https:\/\/arizer.eu\/fr\/produkt\/air-18650-battery-case\/\",\"name\":\"Buy ArGo Battery Case - Arizer ArGo Accessories\",\"isPartOf\":{\"@id\":\"https:\/\/arizer.eu\/fr\/#website\"},\"primaryImageOfPage\":{\"@id\":\"https:\/\/arizer.eu\/fr\/produkt\/air-18650-battery-case\/#primaryimage\"},\"image\":{\"@id\":\"https:\/\/arizer.eu\/fr\/produkt\/air-18650-battery-case\/#primaryimage\"},\"thumbnailUrl\":\"https:\/\/arizer.eu\/wp-content\/uploads\/sites\/8\/2020\/01\/air-battery-case.jpg\",\"datePublished\":\"2023-11-02T12:27:59+00:00\",\"dateModified\":\"2025-04-07T10:00:36+00:00\",\"description\":\"Buy Arizer ArGo Battery Case for Pocket Weed Vaporizer Online. \u2714 Compatibility: ArGo, Air II, & Air Batteries \u2714 Hold one or two Batteries \u2714 Fast Shipping Options.\",\"breadcrumb\":{\"@id\":\"https:\/\/arizer.eu\/fr\/produkt\/air-18650-battery-case\/#breadcrumb\"},\"inLanguage\":\"fr-FR\",\"potentialAction\":[{\"@type\":\"ReadAction\",\"target\":[\"https:\/\/arizer.eu\/fr\/produkt\/air-18650-battery-case\/\"]}]},{\"@type\":\"ImageObject\",\"inLanguage\":\"fr-FR\",\"@id\":\"https:\/\/arizer.eu\/fr\/produkt\/air-18650-battery-case\/#primaryimage\",\"url\":\"https:\/\/arizer.eu\/wp-content\/uploads\/sites\/8\/2020\/01\/air-battery-case.jpg\",\"contentUrl\":\"https:\/\/arizer.eu\/wp-content\/uploads\/sites\/8\/2020\/01\/air-battery-case.jpg\",\"width\":1000,\"height\":1000},{\"@type\":\"BreadcrumbList\",\"@id\":\"https:\/\/arizer.eu\/fr\/produkt\/air-18650-battery-case\/#breadcrumb\",\"itemListElement\":[{\"@type\":\"ListItem\",\"position\":1,\"name\":\"Home\",\"item\":\"https:\/\/arizer.eu\/fr\/\"},{\"@type\":\"ListItem\",\"position\":2,\"name\":\"\u00c9tui pour batterie 18650\"}]},{\"@type\":\"WebSite\",\"@id\":\"https:\/\/arizer.eu\/fr\/#website\",\"url\":\"https:\/\/arizer.eu\/fr\/\",\"name\":\"Arizer EU\",\"description\":\"Best Portable Electronic Vaporizers | Better By Design\",\"publisher\":{\"@id\":\"https:\/\/arizer.eu\/fr\/#organization\"},\"potentialAction\":[{\"@type\":\"SearchAction\",\"target\":{\"@type\":\"EntryPoint\",\"urlTemplate\":\"https:\/\/arizer.eu\/fr\/?s={search_term_string}\"},\"query-input\":{\"@type\":\"PropertyValueSpecification\",\"valueRequired\":true,\"valueName\":\"search_term_string\"}}],\"inLanguage\":\"fr-FR\"},{\"@type\":\"Organization\",\"@id\":\"https:\/\/arizer.eu\/fr\/#organization\",\"name\":\"AR TECH\",\"url\":\"https:\/\/arizer.eu\/fr\/\",\"logo\":{\"@type\":\"ImageObject\",\"inLanguage\":\"fr-FR\",\"@id\":\"https:\/\/arizer.eu\/fr\/#\/schema\/logo\/image\/\",\"url\":\"\",\"contentUrl\":\"\",\"caption\":\"AR TECH\"},\"image\":{\"@id\":\"https:\/\/arizer.eu\/fr\/#\/schema\/logo\/image\/\"},\"sameAs\":[\"https:\/\/www.instagram.com\/arizertech\/\",\"https:\/\/www.youtube.com\/channel\/UCg1A_lcPMTaYi5GHJnxvM_A\"]}]}<\/script>\n<meta property=\"product:price:amount\" content=\"1.70\" \/>\n<meta property=\"product:price:currency\" content=\"EUR\" \/>\n<meta property=\"og:availability\" content=\"instock\" \/>\n<meta property=\"product:availability\" content=\"instock\" \/>\n<meta property=\"product:retailer_item_id\" content=\"2107\" \/>\n<meta property=\"product:condition\" content=\"new\" \/>\n<!-- \/ Yoast SEO Premium plugin. -->","yoast_head_json":{"title":"Buy ArGo Battery Case - Arizer ArGo Accessories","description":"Buy Arizer ArGo Battery Case for Pocket Weed Vaporizer Online. \u2714 Compatibility: ArGo, Air II, & Air Batteries \u2714 Hold one or two Batteries \u2714 Fast Shipping Options.","robots":{"index":"index","follow":"follow","max-snippet":"max-snippet:-1","max-image-preview":"max-image-preview:large","max-video-preview":"max-video-preview:-1"},"og_locale":"fr_FR","og_type":"article","og_title":"\u00c9tui pour batterie 18650","og_description":"Description : \u00c9tui de protection pour deux batteries 18650 de rechange  Comprend : 1 x \u00e9tui pour batterie 18650","og_url":"https:\/\/arizer.eu\/fr\/produkt\/air-18650-battery-case\/","og_site_name":"Arizer EU","article_modified_time":"2025-04-07T10:00:36+00:00","og_image":[{"width":1000,"height":1000,"url":"https:\/\/arizer.eu\/wp-content\/uploads\/sites\/8\/2020\/01\/air-battery-case.jpg","type":"image\/jpeg"}],"twitter_card":"summary_large_image","twitter_misc":{"Prix":"1.70&euro;","Disponibilit\u00e9":"En stock"},"schema":{"@context":"https:\/\/schema.org","@graph":[{"@type":"WebPage","@id":"https:\/\/arizer.eu\/fr\/produkt\/air-18650-battery-case\/","url":"https:\/\/arizer.eu\/fr\/produkt\/air-18650-battery-case\/","name":"Buy ArGo Battery Case - Arizer ArGo Accessories","isPartOf":{"@id":"https:\/\/arizer.eu\/fr\/#website"},"primaryImageOfPage":{"@id":"https:\/\/arizer.eu\/fr\/produkt\/air-18650-battery-case\/#primaryimage"},"image":{"@id":"https:\/\/arizer.eu\/fr\/produkt\/air-18650-battery-case\/#primaryimage"},"thumbnailUrl":"https:\/\/arizer.eu\/wp-content\/uploads\/sites\/8\/2020\/01\/air-battery-case.jpg","datePublished":"2023-11-02T12:27:59+00:00","dateModified":"2025-04-07T10:00:36+00:00","description":"Buy Arizer ArGo Battery Case for Pocket Weed Vaporizer Online. \u2714 Compatibility: ArGo, Air II, & Air Batteries \u2714 Hold one or two Batteries \u2714 Fast Shipping Options.","breadcrumb":{"@id":"https:\/\/arizer.eu\/fr\/produkt\/air-18650-battery-case\/#breadcrumb"},"inLanguage":"fr-FR","potentialAction":[{"@type":"ReadAction","target":["https:\/\/arizer.eu\/fr\/produkt\/air-18650-battery-case\/"]}]},{"@type":"ImageObject","inLanguage":"fr-FR","@id":"https:\/\/arizer.eu\/fr\/produkt\/air-18650-battery-case\/#primaryimage","url":"https:\/\/arizer.eu\/wp-content\/uploads\/sites\/8\/2020\/01\/air-battery-case.jpg","contentUrl":"https:\/\/arizer.eu\/wp-content\/uploads\/sites\/8\/2020\/01\/air-battery-case.jpg","width":1000,"height":1000},{"@type":"BreadcrumbList","@id":"https:\/\/arizer.eu\/fr\/produkt\/air-18650-battery-case\/#breadcrumb","itemListElement":[{"@type":"ListItem","position":1,"name":"Home","item":"https:\/\/arizer.eu\/fr\/"},{"@type":"ListItem","position":2,"name":"\u00c9tui pour batterie 18650"}]},{"@type":"WebSite","@id":"https:\/\/arizer.eu\/fr\/#website","url":"https:\/\/arizer.eu\/fr\/","name":"Arizer EU","description":"Best Portable Electronic Vaporizers | Better By Design","publisher":{"@id":"https:\/\/arizer.eu\/fr\/#organization"},"potentialAction":[{"@type":"SearchAction","target":{"@type":"EntryPoint","urlTemplate":"https:\/\/arizer.eu\/fr\/?s={search_term_string}"},"query-input":{"@type":"PropertyValueSpecification","valueRequired":true,"valueName":"search_term_string"}}],"inLanguage":"fr-FR"},{"@type":"Organization","@id":"https:\/\/arizer.eu\/fr\/#organization","name":"AR TECH","url":"https:\/\/arizer.eu\/fr\/","logo":{"@type":"ImageObject","inLanguage":"fr-FR","@id":"https:\/\/arizer.eu\/fr\/#\/schema\/logo\/image\/","url":"","contentUrl":"","caption":"AR TECH"},"image":{"@id":"https:\/\/arizer.eu\/fr\/#\/schema\/logo\/image\/"},"sameAs":["https:\/\/www.instagram.com\/arizertech\/","https:\/\/www.youtube.com\/channel\/UCg1A_lcPMTaYi5GHJnxvM_A"]}]},"product_price_amount":"1.70","product_price_currency":"EUR","og_availability":"instock","product_availability":"instock","product_retailer_item_id":"2107","product_condition":"new"},"_links":{"self":[{"href":"https:\/\/arizer.eu\/fr\/wp-json\/wp\/v2\/product\/20211045836","targetHints":{"allow":["GET"]}}],"collection":[{"href":"https:\/\/arizer.eu\/fr\/wp-json\/wp\/v2\/product"}],"about":[{"href":"https:\/\/arizer.eu\/fr\/wp-json\/wp\/v2\/types\/product"}],"replies":[{"embeddable":true,"href":"https:\/\/arizer.eu\/fr\/wp-json\/wp\/v2\/comments?post=20211045836"}],"version-history":[{"count":1,"href":"https:\/\/arizer.eu\/fr\/wp-json\/wp\/v2\/product\/20211045836\/revisions"}],"predecessor-version":[{"id":20211045841,"href":"https:\/\/arizer.eu\/fr\/wp-json\/wp\/v2\/product\/20211045836\/revisions\/20211045841"}],"wp:featuredmedia":[{"embeddable":true,"href":"https:\/\/arizer.eu\/fr\/wp-json\/wp\/v2\/media\/20211032204"}],"wp:attachment":[{"href":"https:\/\/arizer.eu\/fr\/wp-json\/wp\/v2\/media?parent=20211045836"}],"wp:term":[{"taxonomy":"product_brand","embeddable":true,"href":"https:\/\/arizer.eu\/fr\/wp-json\/wp\/v2\/product_brand?post=20211045836"},{"taxonomy":"product_cat","embeddable":true,"href":"https:\/\/arizer.eu\/fr\/wp-json\/wp\/v2\/product_cat?post=20211045836"},{"taxonomy":"product_tag","embeddable":true,"href":"https:\/\/arizer.eu\/fr\/wp-json\/wp\/v2\/product_tag?post=20211045836"}],"curies":[{"name":"wp","href":"https:\/\/api.w.org\/{rel}","templated":true}]}}