{"id":20211039673,"date":"2019-11-25T05:48:00","date_gmt":"2019-11-25T05:48:00","guid":{"rendered":"https:\/\/arizer-europe.com\/air-screen-pack\/"},"modified":"2026-04-19T13:33:36","modified_gmt":"2026-04-19T13:33:36","slug":"air-screen-pack","status":"publish","type":"product","link":"https:\/\/arizer.eu\/fr\/produkt\/air-screen-pack\/","title":{"rendered":"Kit d&#8217;embouts Air \/ Solo"},"content":{"rendered":"","protected":false},"excerpt":{"rendered":"<p>Description : Tamis filtrants en acier inoxydable de haute qualit\u00e9 pour les tubes aromatiques en verre. Remarque : les tamis m\u00e9talliques sont disponibles pour votre commodit\u00e9, mais ils rendent la vapeur dure et diminuent les ar\u00f4mes. Les tubes aromatiques en verre ont un tamis en verre int\u00e9gr\u00e9 pour garder la vapeur pure et savoureuse. Nous recommandons d&rsquo;utiliser des plantes enti\u00e8res ou grossi\u00e8rement moulues sans tamis m\u00e9tallique pour une vapeur douce et savoureuse.<\/p>\n<p>Contient : 6 x Air \/ Solo tamis de filtrage en acier inoxydable<\/p>\n","protected":false},"featured_media":20211033194,"comment_status":"closed","ping_status":"closed","template":"","meta":{"_acf_changed":false},"product_brand":[],"product_cat":[426,453,454,455,746,758,456,457,1430,920,936,458,1245,1261,459,1009,1011],"product_tag":[1066,1086,1098,1319,1320],"class_list":{"0":"post-20211039673","1":"product","2":"type-product","3":"status-publish","4":"has-post-thumbnail","6":"product_cat-air-max-acessories-fr","7":"product_cat-air-max-parts-fr","8":"product_cat-air-se-accessories-fr","9":"product_cat-air-se-parts-fr","10":"product_cat-air2-accessories-fr","11":"product_cat-air2-parts-fr","12":"product_cat-arizer-air-accessories-fr","13":"product_cat-arizer-air-parts-fr","14":"product_cat-rh-3-fr","15":"product_cat-solo-accessories-fr","16":"product_cat-solo-parts-fr","17":"product_cat-solo2-accessories-fr","18":"product_cat-solo2-max-accessories-fr","19":"product_cat-solo2-max-parts-fr","20":"product_cat-solo2-parts-fr","21":"product_cat-solo3-accessories-fr","22":"product_cat-solo3-parts-fr","23":"product_tag-air-solo-frosted-glass-aroma-tubes-fr","24":"product_tag-air-solo-glass-aroma-tubes-fr","25":"product_tag-air-solo-tipped-glass-aroma-tubes-fr","26":"product_tag-xl-frosted-glass-aroma-tubes-fr","27":"product_tag-xl-glass-aroma-tubes-fr","28":"pa_brand-arizer-fr","29":"entry","31":"first","32":"instock","33":"taxable","34":"shipping-taxable","35":"purchasable","36":"product-type-simple"},"bundled_by":[],"bundle_stock_status":"instock","bundle_stock_quantity":539,"bundle_virtual":false,"bundle_layout":"","bundle_add_to_cart_form_location":"","bundle_editable_in_cart":false,"bundle_sold_individually_context":"","bundle_item_grouping":"","bundle_min_size":"","bundle_max_size":"","bundle_price":[],"bundled_items":[],"bundle_sell_ids":[],"acf":[],"yoast_head":"<!-- This site is optimized with the Yoast SEO Premium plugin v27.1 (Yoast SEO v27.1.1) - https:\/\/yoast.com\/product\/yoast-seo-premium-wordpress\/ -->\n<title>Buy Arizer Air Screen Pack at Best Price - Air Accessories<\/title>\n<meta name=\"description\" content=\"Buy Arizer Air Screen Pack of 6 High Quality Stainless Steel Filter Screens for Glass Aroma Tubes which compatible with Air Glass Aroma, Tipped &amp; Frosted Glass Aroma Tubes.\" \/>\n<meta name=\"robots\" content=\"index, follow, max-snippet:-1, max-image-preview:large, max-video-preview:-1\" \/>\n<meta property=\"og:locale\" content=\"fr_FR\" \/>\n<meta property=\"og:type\" content=\"article\" \/>\n<meta property=\"og:title\" content=\"Kit d&#039;embouts Air \/ Solo\" \/>\n<meta property=\"og:description\" content=\"Description : Tamis filtrants en acier inoxydable de haute qualit\u00e9 pour les tubes aromatiques en verre. Remarque : les tamis m\u00e9talliques sont disponibles pour votre commodit\u00e9, mais ils rendent la vapeur dure et diminuent les ar\u00f4mes. Les tubes aromatiques en verre ont un tamis en verre int\u00e9gr\u00e9 pour garder la vapeur pure et savoureuse. Nous recommandons d&#039;utiliser des plantes enti\u00e8res ou grossi\u00e8rement moulues sans tamis m\u00e9tallique pour une vapeur douce et savoureuse.  Contient : 6 x Air \/ Solo tamis de filtrage en acier inoxydable\" \/>\n<meta property=\"og:url\" content=\"https:\/\/arizer.eu\/fr\/produkt\/air-screen-pack\/\" \/>\n<meta property=\"og:site_name\" content=\"Arizer EU\" \/>\n<meta property=\"article:modified_time\" content=\"2026-04-19T13:33:36+00:00\" \/>\n<meta property=\"og:image\" content=\"https:\/\/arizer.eu\/wp-content\/uploads\/sites\/8\/2023\/02\/010-Air-MAX-Screen-Pack.jpg\" \/>\n\t<meta property=\"og:image:width\" content=\"1000\" \/>\n\t<meta property=\"og:image:height\" content=\"1000\" \/>\n\t<meta property=\"og:image:type\" content=\"image\/jpeg\" \/>\n<meta name=\"twitter:card\" content=\"summary_large_image\" \/>\n<meta name=\"twitter:label1\" content=\"Prix\" \/>\n\t<meta name=\"twitter:data1\" content=\"2.50&euro;\" \/>\n\t<meta name=\"twitter:label2\" content=\"Disponibilit\u00e9\" \/>\n\t<meta name=\"twitter:data2\" content=\"En stock\" \/>\n<script type=\"application\/ld+json\" class=\"yoast-schema-graph\">{\"@context\":\"https:\/\/schema.org\",\"@graph\":[{\"@type\":\"WebPage\",\"@id\":\"https:\/\/arizer.eu\/fr\/produkt\/air-screen-pack\/\",\"url\":\"https:\/\/arizer.eu\/fr\/produkt\/air-screen-pack\/\",\"name\":\"Buy Arizer Air Screen Pack at Best Price - Air Accessories\",\"isPartOf\":{\"@id\":\"https:\/\/arizer.eu\/fr\/#website\"},\"primaryImageOfPage\":{\"@id\":\"https:\/\/arizer.eu\/fr\/produkt\/air-screen-pack\/#primaryimage\"},\"image\":{\"@id\":\"https:\/\/arizer.eu\/fr\/produkt\/air-screen-pack\/#primaryimage\"},\"thumbnailUrl\":\"https:\/\/arizer.eu\/wp-content\/uploads\/sites\/8\/2023\/02\/010-Air-MAX-Screen-Pack.jpg\",\"datePublished\":\"2019-11-25T05:48:00+00:00\",\"dateModified\":\"2026-04-19T13:33:36+00:00\",\"description\":\"Buy Arizer Air Screen Pack of 6 High Quality Stainless Steel Filter Screens for Glass Aroma Tubes which compatible with Air Glass Aroma, Tipped & Frosted Glass Aroma Tubes.\",\"breadcrumb\":{\"@id\":\"https:\/\/arizer.eu\/fr\/produkt\/air-screen-pack\/#breadcrumb\"},\"inLanguage\":\"fr-FR\",\"potentialAction\":[{\"@type\":\"ReadAction\",\"target\":[\"https:\/\/arizer.eu\/fr\/produkt\/air-screen-pack\/\"]}]},{\"@type\":\"ImageObject\",\"inLanguage\":\"fr-FR\",\"@id\":\"https:\/\/arizer.eu\/fr\/produkt\/air-screen-pack\/#primaryimage\",\"url\":\"https:\/\/arizer.eu\/wp-content\/uploads\/sites\/8\/2023\/02\/010-Air-MAX-Screen-Pack.jpg\",\"contentUrl\":\"https:\/\/arizer.eu\/wp-content\/uploads\/sites\/8\/2023\/02\/010-Air-MAX-Screen-Pack.jpg\",\"width\":1000,\"height\":1000},{\"@type\":\"BreadcrumbList\",\"@id\":\"https:\/\/arizer.eu\/fr\/produkt\/air-screen-pack\/#breadcrumb\",\"itemListElement\":[{\"@type\":\"ListItem\",\"position\":1,\"name\":\"Home\",\"item\":\"https:\/\/arizer.eu\/fr\/\"},{\"@type\":\"ListItem\",\"position\":2,\"name\":\"Kit d&#8217;embouts Air \/ Solo\"}]},{\"@type\":\"WebSite\",\"@id\":\"https:\/\/arizer.eu\/fr\/#website\",\"url\":\"https:\/\/arizer.eu\/fr\/\",\"name\":\"Arizer EU\",\"description\":\"Best Portable Electronic Vaporizers | Better By Design\",\"publisher\":{\"@id\":\"https:\/\/arizer.eu\/fr\/#organization\"},\"potentialAction\":[{\"@type\":\"SearchAction\",\"target\":{\"@type\":\"EntryPoint\",\"urlTemplate\":\"https:\/\/arizer.eu\/fr\/?s={search_term_string}\"},\"query-input\":{\"@type\":\"PropertyValueSpecification\",\"valueRequired\":true,\"valueName\":\"search_term_string\"}}],\"inLanguage\":\"fr-FR\"},{\"@type\":\"Organization\",\"@id\":\"https:\/\/arizer.eu\/fr\/#organization\",\"name\":\"AR TECH\",\"url\":\"https:\/\/arizer.eu\/fr\/\",\"logo\":{\"@type\":\"ImageObject\",\"inLanguage\":\"fr-FR\",\"@id\":\"https:\/\/arizer.eu\/fr\/#\/schema\/logo\/image\/\",\"url\":\"\",\"contentUrl\":\"\",\"caption\":\"AR TECH\"},\"image\":{\"@id\":\"https:\/\/arizer.eu\/fr\/#\/schema\/logo\/image\/\"},\"sameAs\":[\"https:\/\/www.instagram.com\/arizertech\/\",\"https:\/\/www.youtube.com\/channel\/UCg1A_lcPMTaYi5GHJnxvM_A\"]}]}<\/script>\n<meta property=\"product:price:amount\" content=\"2.50\" \/>\n<meta property=\"product:price:currency\" content=\"EUR\" \/>\n<meta property=\"og:availability\" content=\"instock\" \/>\n<meta property=\"product:availability\" content=\"instock\" \/>\n<meta property=\"product:retailer_item_id\" content=\"2795\" \/>\n<meta property=\"product:condition\" content=\"new\" \/>\n<!-- \/ Yoast SEO Premium plugin. -->","yoast_head_json":{"title":"Buy Arizer Air Screen Pack at Best Price - Air Accessories","description":"Buy Arizer Air Screen Pack of 6 High Quality Stainless Steel Filter Screens for Glass Aroma Tubes which compatible with Air Glass Aroma, Tipped & Frosted Glass Aroma Tubes.","robots":{"index":"index","follow":"follow","max-snippet":"max-snippet:-1","max-image-preview":"max-image-preview:large","max-video-preview":"max-video-preview:-1"},"og_locale":"fr_FR","og_type":"article","og_title":"Kit d'embouts Air \/ Solo","og_description":"Description : Tamis filtrants en acier inoxydable de haute qualit\u00e9 pour les tubes aromatiques en verre. Remarque : les tamis m\u00e9talliques sont disponibles pour votre commodit\u00e9, mais ils rendent la vapeur dure et diminuent les ar\u00f4mes. Les tubes aromatiques en verre ont un tamis en verre int\u00e9gr\u00e9 pour garder la vapeur pure et savoureuse. Nous recommandons d'utiliser des plantes enti\u00e8res ou grossi\u00e8rement moulues sans tamis m\u00e9tallique pour une vapeur douce et savoureuse.  Contient : 6 x Air \/ Solo tamis de filtrage en acier inoxydable","og_url":"https:\/\/arizer.eu\/fr\/produkt\/air-screen-pack\/","og_site_name":"Arizer EU","article_modified_time":"2026-04-19T13:33:36+00:00","og_image":[{"width":1000,"height":1000,"url":"https:\/\/arizer.eu\/wp-content\/uploads\/sites\/8\/2023\/02\/010-Air-MAX-Screen-Pack.jpg","type":"image\/jpeg"}],"twitter_card":"summary_large_image","twitter_misc":{"Prix":"2.50&euro;","Disponibilit\u00e9":"En stock"},"schema":{"@context":"https:\/\/schema.org","@graph":[{"@type":"WebPage","@id":"https:\/\/arizer.eu\/fr\/produkt\/air-screen-pack\/","url":"https:\/\/arizer.eu\/fr\/produkt\/air-screen-pack\/","name":"Buy Arizer Air Screen Pack at Best Price - Air Accessories","isPartOf":{"@id":"https:\/\/arizer.eu\/fr\/#website"},"primaryImageOfPage":{"@id":"https:\/\/arizer.eu\/fr\/produkt\/air-screen-pack\/#primaryimage"},"image":{"@id":"https:\/\/arizer.eu\/fr\/produkt\/air-screen-pack\/#primaryimage"},"thumbnailUrl":"https:\/\/arizer.eu\/wp-content\/uploads\/sites\/8\/2023\/02\/010-Air-MAX-Screen-Pack.jpg","datePublished":"2019-11-25T05:48:00+00:00","dateModified":"2026-04-19T13:33:36+00:00","description":"Buy Arizer Air Screen Pack of 6 High Quality Stainless Steel Filter Screens for Glass Aroma Tubes which compatible with Air Glass Aroma, Tipped & Frosted Glass Aroma Tubes.","breadcrumb":{"@id":"https:\/\/arizer.eu\/fr\/produkt\/air-screen-pack\/#breadcrumb"},"inLanguage":"fr-FR","potentialAction":[{"@type":"ReadAction","target":["https:\/\/arizer.eu\/fr\/produkt\/air-screen-pack\/"]}]},{"@type":"ImageObject","inLanguage":"fr-FR","@id":"https:\/\/arizer.eu\/fr\/produkt\/air-screen-pack\/#primaryimage","url":"https:\/\/arizer.eu\/wp-content\/uploads\/sites\/8\/2023\/02\/010-Air-MAX-Screen-Pack.jpg","contentUrl":"https:\/\/arizer.eu\/wp-content\/uploads\/sites\/8\/2023\/02\/010-Air-MAX-Screen-Pack.jpg","width":1000,"height":1000},{"@type":"BreadcrumbList","@id":"https:\/\/arizer.eu\/fr\/produkt\/air-screen-pack\/#breadcrumb","itemListElement":[{"@type":"ListItem","position":1,"name":"Home","item":"https:\/\/arizer.eu\/fr\/"},{"@type":"ListItem","position":2,"name":"Kit d&#8217;embouts Air \/ Solo"}]},{"@type":"WebSite","@id":"https:\/\/arizer.eu\/fr\/#website","url":"https:\/\/arizer.eu\/fr\/","name":"Arizer EU","description":"Best Portable Electronic Vaporizers | Better By Design","publisher":{"@id":"https:\/\/arizer.eu\/fr\/#organization"},"potentialAction":[{"@type":"SearchAction","target":{"@type":"EntryPoint","urlTemplate":"https:\/\/arizer.eu\/fr\/?s={search_term_string}"},"query-input":{"@type":"PropertyValueSpecification","valueRequired":true,"valueName":"search_term_string"}}],"inLanguage":"fr-FR"},{"@type":"Organization","@id":"https:\/\/arizer.eu\/fr\/#organization","name":"AR TECH","url":"https:\/\/arizer.eu\/fr\/","logo":{"@type":"ImageObject","inLanguage":"fr-FR","@id":"https:\/\/arizer.eu\/fr\/#\/schema\/logo\/image\/","url":"","contentUrl":"","caption":"AR TECH"},"image":{"@id":"https:\/\/arizer.eu\/fr\/#\/schema\/logo\/image\/"},"sameAs":["https:\/\/www.instagram.com\/arizertech\/","https:\/\/www.youtube.com\/channel\/UCg1A_lcPMTaYi5GHJnxvM_A"]}]},"product_price_amount":"2.50","product_price_currency":"EUR","og_availability":"instock","product_availability":"instock","product_retailer_item_id":"2795","product_condition":"new"},"_links":{"self":[{"href":"https:\/\/arizer.eu\/fr\/wp-json\/wp\/v2\/product\/20211039673","targetHints":{"allow":["GET"]}}],"collection":[{"href":"https:\/\/arizer.eu\/fr\/wp-json\/wp\/v2\/product"}],"about":[{"href":"https:\/\/arizer.eu\/fr\/wp-json\/wp\/v2\/types\/product"}],"replies":[{"embeddable":true,"href":"https:\/\/arizer.eu\/fr\/wp-json\/wp\/v2\/comments?post=20211039673"}],"version-history":[{"count":3,"href":"https:\/\/arizer.eu\/fr\/wp-json\/wp\/v2\/product\/20211039673\/revisions"}],"predecessor-version":[{"id":20211045944,"href":"https:\/\/arizer.eu\/fr\/wp-json\/wp\/v2\/product\/20211039673\/revisions\/20211045944"}],"wp:featuredmedia":[{"embeddable":true,"href":"https:\/\/arizer.eu\/fr\/wp-json\/wp\/v2\/media\/20211033194"}],"wp:attachment":[{"href":"https:\/\/arizer.eu\/fr\/wp-json\/wp\/v2\/media?parent=20211039673"}],"wp:term":[{"taxonomy":"product_brand","embeddable":true,"href":"https:\/\/arizer.eu\/fr\/wp-json\/wp\/v2\/product_brand?post=20211039673"},{"taxonomy":"product_cat","embeddable":true,"href":"https:\/\/arizer.eu\/fr\/wp-json\/wp\/v2\/product_cat?post=20211039673"},{"taxonomy":"product_tag","embeddable":true,"href":"https:\/\/arizer.eu\/fr\/wp-json\/wp\/v2\/product_tag?post=20211039673"}],"curies":[{"name":"wp","href":"https:\/\/api.w.org\/{rel}","templated":true}]}}