{"id":20211039599,"date":"2019-11-25T06:09:29","date_gmt":"2019-11-25T11:09:29","guid":{"rendered":"https:\/\/arizer-europe.com\/solo-soft-shell-case\/"},"modified":"2026-03-31T23:25:08","modified_gmt":"2026-03-31T23:25:08","slug":"solo-soft-shell-case","status":"publish","type":"product","link":"https:\/\/arizer.eu\/fr\/produkt\/solo-soft-shell-case\/","title":{"rendered":"Sacoche souple"},"content":{"rendered":"","protected":false},"excerpt":{"rendered":"<p>Description : Avec le sac Soft-Shell, vous \u00eates parfaitement \u00e9quip\u00e9 pour votre prochaine sortie. Ce sac l\u00e9ger et rembourr\u00e9 \u00e0 trois compartiments vous permet de ranger tout ce dont vous avez besoin dans un petit paquet.<\/p>\n<p>Comprend : 1 x sac Soft-Shell<\/p>\n","protected":false},"featured_media":20211033214,"comment_status":"closed","ping_status":"closed","template":"","meta":{"_acf_changed":false},"product_brand":[],"product_cat":[426,780,454,798,746,754,812,820,456,846,1430,920,928,458,906,1245,1253,1009,1013],"product_tag":[460,461,462,463,1112,464,465,1275,1271],"class_list":{"0":"post-20211039599","1":"product","2":"type-product","3":"status-publish","4":"has-post-thumbnail","6":"product_cat-air-max-acessories-fr","7":"product_cat-air-max-cases-containers-fr","8":"product_cat-air-se-accessories-fr","9":"product_cat-air-se-cases-containers-fr","10":"product_cat-air2-accessories-fr","11":"product_cat-air2-cases-containers-fr","12":"product_cat-argo-accessories-fr","13":"product_cat-argo-cases-containers-fr","14":"product_cat-arizer-air-accessories-fr","15":"product_cat-arizer-air-cases-containers-fr","16":"product_cat-rh-3-fr","17":"product_cat-solo-accessories-fr","18":"product_cat-solo-cases-containers-fr","19":"product_cat-solo2-accessories-fr","20":"product_cat-solo2-cases-containers-fr","21":"product_cat-solo2-max-accessories-fr","22":"product_cat-solo2-max-cases-containers-fr","23":"product_cat-solo3-accessories-fr","24":"product_cat-solo3-cases-containers-fr","25":"product_tag-air-fr","26":"product_tag-air-ii-fr","27":"product_tag-air-max-fr","28":"product_tag-air-se-fr","29":"product_tag-argo-fr-2","30":"product_tag-solo-fr","31":"product_tag-solo-ii-fr","32":"product_tag-solo-ii-max-fr","33":"product_tag-solo-iii-fr","34":"pa_brand-arizer-fr","35":"entry","37":"first","38":"instock","39":"taxable","40":"shipping-taxable","41":"purchasable","42":"product-type-simple"},"bundled_by":[],"bundle_stock_status":"instock","bundle_stock_quantity":115,"bundle_virtual":false,"bundle_layout":"","bundle_add_to_cart_form_location":"","bundle_editable_in_cart":false,"bundle_sold_individually_context":"","bundle_item_grouping":"","bundle_min_size":"","bundle_max_size":"","bundle_price":[],"bundled_items":[],"bundle_sell_ids":[],"acf":[],"yoast_head":"<!-- This site is optimized with the Yoast SEO Premium plugin v27.1 (Yoast SEO v27.1.1) - https:\/\/yoast.com\/product\/yoast-seo-premium-wordpress\/ -->\n<title>Buy Arizer Air Soft-Shell Case at Best Price - Air Accessories<\/title>\n<meta name=\"description\" content=\"Buy Original Air Soft-Shell Case to carry your Air, Air Charger or Car Charger, 6 pre-loaded Glass Aroma Tubes, spare batteries and more! \u2705 Fast Shipping.\" \/>\n<meta name=\"robots\" content=\"index, follow, max-snippet:-1, max-image-preview:large, max-video-preview:-1\" \/>\n<meta property=\"og:locale\" content=\"fr_FR\" \/>\n<meta property=\"og:type\" content=\"article\" \/>\n<meta property=\"og:title\" content=\"Sacoche souple\" \/>\n<meta property=\"og:description\" content=\"Description : Avec le sac Soft-Shell, vous \u00eates parfaitement \u00e9quip\u00e9 pour votre prochaine sortie. Ce sac l\u00e9ger et rembourr\u00e9 \u00e0 trois compartiments vous permet de ranger tout ce dont vous avez besoin dans un petit paquet.  Comprend : 1 x sac Soft-Shell\" \/>\n<meta property=\"og:url\" content=\"https:\/\/arizer.eu\/fr\/produkt\/solo-soft-shell-case\/\" \/>\n<meta property=\"og:site_name\" content=\"Arizer EU\" \/>\n<meta property=\"article:modified_time\" content=\"2026-03-31T23:25:08+00:00\" \/>\n<meta property=\"og:image\" content=\"https:\/\/arizer.eu\/wp-content\/uploads\/sites\/8\/2023\/02\/016-Air-MAX-Soft-Shell-Case.jpg\" \/>\n\t<meta property=\"og:image:width\" content=\"1000\" \/>\n\t<meta property=\"og:image:height\" content=\"1000\" \/>\n\t<meta property=\"og:image:type\" content=\"image\/jpeg\" \/>\n<meta name=\"twitter:card\" content=\"summary_large_image\" \/>\n<meta name=\"twitter:label1\" content=\"Prix\" \/>\n\t<meta name=\"twitter:data1\" content=\"18.50&euro;\" \/>\n\t<meta name=\"twitter:label2\" content=\"Disponibilit\u00e9\" \/>\n\t<meta name=\"twitter:data2\" content=\"En stock\" \/>\n<script type=\"application\/ld+json\" class=\"yoast-schema-graph\">{\"@context\":\"https:\/\/schema.org\",\"@graph\":[{\"@type\":\"WebPage\",\"@id\":\"https:\/\/arizer.eu\/fr\/produkt\/solo-soft-shell-case\/\",\"url\":\"https:\/\/arizer.eu\/fr\/produkt\/solo-soft-shell-case\/\",\"name\":\"Buy Arizer Air Soft-Shell Case at Best Price - Air Accessories\",\"isPartOf\":{\"@id\":\"https:\/\/arizer.eu\/fr\/#website\"},\"primaryImageOfPage\":{\"@id\":\"https:\/\/arizer.eu\/fr\/produkt\/solo-soft-shell-case\/#primaryimage\"},\"image\":{\"@id\":\"https:\/\/arizer.eu\/fr\/produkt\/solo-soft-shell-case\/#primaryimage\"},\"thumbnailUrl\":\"https:\/\/arizer.eu\/wp-content\/uploads\/sites\/8\/2023\/02\/016-Air-MAX-Soft-Shell-Case.jpg\",\"datePublished\":\"2019-11-25T11:09:29+00:00\",\"dateModified\":\"2026-03-31T23:25:08+00:00\",\"description\":\"Buy Original Air Soft-Shell Case to carry your Air, Air Charger or Car Charger, 6 pre-loaded Glass Aroma Tubes, spare batteries and more! \u2705 Fast Shipping.\",\"breadcrumb\":{\"@id\":\"https:\/\/arizer.eu\/fr\/produkt\/solo-soft-shell-case\/#breadcrumb\"},\"inLanguage\":\"fr-FR\",\"potentialAction\":[{\"@type\":\"ReadAction\",\"target\":[\"https:\/\/arizer.eu\/fr\/produkt\/solo-soft-shell-case\/\"]}]},{\"@type\":\"ImageObject\",\"inLanguage\":\"fr-FR\",\"@id\":\"https:\/\/arizer.eu\/fr\/produkt\/solo-soft-shell-case\/#primaryimage\",\"url\":\"https:\/\/arizer.eu\/wp-content\/uploads\/sites\/8\/2023\/02\/016-Air-MAX-Soft-Shell-Case.jpg\",\"contentUrl\":\"https:\/\/arizer.eu\/wp-content\/uploads\/sites\/8\/2023\/02\/016-Air-MAX-Soft-Shell-Case.jpg\",\"width\":1000,\"height\":1000},{\"@type\":\"BreadcrumbList\",\"@id\":\"https:\/\/arizer.eu\/fr\/produkt\/solo-soft-shell-case\/#breadcrumb\",\"itemListElement\":[{\"@type\":\"ListItem\",\"position\":1,\"name\":\"Home\",\"item\":\"https:\/\/arizer.eu\/fr\/\"},{\"@type\":\"ListItem\",\"position\":2,\"name\":\"Sacoche souple\"}]},{\"@type\":\"WebSite\",\"@id\":\"https:\/\/arizer.eu\/fr\/#website\",\"url\":\"https:\/\/arizer.eu\/fr\/\",\"name\":\"Arizer EU\",\"description\":\"Best Portable Electronic Vaporizers | Better By Design\",\"publisher\":{\"@id\":\"https:\/\/arizer.eu\/fr\/#organization\"},\"potentialAction\":[{\"@type\":\"SearchAction\",\"target\":{\"@type\":\"EntryPoint\",\"urlTemplate\":\"https:\/\/arizer.eu\/fr\/?s={search_term_string}\"},\"query-input\":{\"@type\":\"PropertyValueSpecification\",\"valueRequired\":true,\"valueName\":\"search_term_string\"}}],\"inLanguage\":\"fr-FR\"},{\"@type\":\"Organization\",\"@id\":\"https:\/\/arizer.eu\/fr\/#organization\",\"name\":\"AR TECH\",\"url\":\"https:\/\/arizer.eu\/fr\/\",\"logo\":{\"@type\":\"ImageObject\",\"inLanguage\":\"fr-FR\",\"@id\":\"https:\/\/arizer.eu\/fr\/#\/schema\/logo\/image\/\",\"url\":\"\",\"contentUrl\":\"\",\"caption\":\"AR TECH\"},\"image\":{\"@id\":\"https:\/\/arizer.eu\/fr\/#\/schema\/logo\/image\/\"},\"sameAs\":[\"https:\/\/www.instagram.com\/arizertech\/\",\"https:\/\/www.youtube.com\/channel\/UCg1A_lcPMTaYi5GHJnxvM_A\"]}]}<\/script>\n<meta property=\"product:price:amount\" content=\"18.50\" \/>\n<meta property=\"product:price:currency\" content=\"EUR\" \/>\n<meta property=\"og:availability\" content=\"instock\" \/>\n<meta property=\"product:availability\" content=\"instock\" \/>\n<meta property=\"product:retailer_item_id\" content=\"2796\" \/>\n<meta property=\"product:condition\" content=\"new\" \/>\n<!-- \/ Yoast SEO Premium plugin. -->","yoast_head_json":{"title":"Buy Arizer Air Soft-Shell Case at Best Price - Air Accessories","description":"Buy Original Air Soft-Shell Case to carry your Air, Air Charger or Car Charger, 6 pre-loaded Glass Aroma Tubes, spare batteries and more! \u2705 Fast Shipping.","robots":{"index":"index","follow":"follow","max-snippet":"max-snippet:-1","max-image-preview":"max-image-preview:large","max-video-preview":"max-video-preview:-1"},"og_locale":"fr_FR","og_type":"article","og_title":"Sacoche souple","og_description":"Description : Avec le sac Soft-Shell, vous \u00eates parfaitement \u00e9quip\u00e9 pour votre prochaine sortie. Ce sac l\u00e9ger et rembourr\u00e9 \u00e0 trois compartiments vous permet de ranger tout ce dont vous avez besoin dans un petit paquet.  Comprend : 1 x sac Soft-Shell","og_url":"https:\/\/arizer.eu\/fr\/produkt\/solo-soft-shell-case\/","og_site_name":"Arizer EU","article_modified_time":"2026-03-31T23:25:08+00:00","og_image":[{"width":1000,"height":1000,"url":"https:\/\/arizer.eu\/wp-content\/uploads\/sites\/8\/2023\/02\/016-Air-MAX-Soft-Shell-Case.jpg","type":"image\/jpeg"}],"twitter_card":"summary_large_image","twitter_misc":{"Prix":"18.50&euro;","Disponibilit\u00e9":"En stock"},"schema":{"@context":"https:\/\/schema.org","@graph":[{"@type":"WebPage","@id":"https:\/\/arizer.eu\/fr\/produkt\/solo-soft-shell-case\/","url":"https:\/\/arizer.eu\/fr\/produkt\/solo-soft-shell-case\/","name":"Buy Arizer Air Soft-Shell Case at Best Price - Air Accessories","isPartOf":{"@id":"https:\/\/arizer.eu\/fr\/#website"},"primaryImageOfPage":{"@id":"https:\/\/arizer.eu\/fr\/produkt\/solo-soft-shell-case\/#primaryimage"},"image":{"@id":"https:\/\/arizer.eu\/fr\/produkt\/solo-soft-shell-case\/#primaryimage"},"thumbnailUrl":"https:\/\/arizer.eu\/wp-content\/uploads\/sites\/8\/2023\/02\/016-Air-MAX-Soft-Shell-Case.jpg","datePublished":"2019-11-25T11:09:29+00:00","dateModified":"2026-03-31T23:25:08+00:00","description":"Buy Original Air Soft-Shell Case to carry your Air, Air Charger or Car Charger, 6 pre-loaded Glass Aroma Tubes, spare batteries and more! \u2705 Fast Shipping.","breadcrumb":{"@id":"https:\/\/arizer.eu\/fr\/produkt\/solo-soft-shell-case\/#breadcrumb"},"inLanguage":"fr-FR","potentialAction":[{"@type":"ReadAction","target":["https:\/\/arizer.eu\/fr\/produkt\/solo-soft-shell-case\/"]}]},{"@type":"ImageObject","inLanguage":"fr-FR","@id":"https:\/\/arizer.eu\/fr\/produkt\/solo-soft-shell-case\/#primaryimage","url":"https:\/\/arizer.eu\/wp-content\/uploads\/sites\/8\/2023\/02\/016-Air-MAX-Soft-Shell-Case.jpg","contentUrl":"https:\/\/arizer.eu\/wp-content\/uploads\/sites\/8\/2023\/02\/016-Air-MAX-Soft-Shell-Case.jpg","width":1000,"height":1000},{"@type":"BreadcrumbList","@id":"https:\/\/arizer.eu\/fr\/produkt\/solo-soft-shell-case\/#breadcrumb","itemListElement":[{"@type":"ListItem","position":1,"name":"Home","item":"https:\/\/arizer.eu\/fr\/"},{"@type":"ListItem","position":2,"name":"Sacoche souple"}]},{"@type":"WebSite","@id":"https:\/\/arizer.eu\/fr\/#website","url":"https:\/\/arizer.eu\/fr\/","name":"Arizer EU","description":"Best Portable Electronic Vaporizers | Better By Design","publisher":{"@id":"https:\/\/arizer.eu\/fr\/#organization"},"potentialAction":[{"@type":"SearchAction","target":{"@type":"EntryPoint","urlTemplate":"https:\/\/arizer.eu\/fr\/?s={search_term_string}"},"query-input":{"@type":"PropertyValueSpecification","valueRequired":true,"valueName":"search_term_string"}}],"inLanguage":"fr-FR"},{"@type":"Organization","@id":"https:\/\/arizer.eu\/fr\/#organization","name":"AR TECH","url":"https:\/\/arizer.eu\/fr\/","logo":{"@type":"ImageObject","inLanguage":"fr-FR","@id":"https:\/\/arizer.eu\/fr\/#\/schema\/logo\/image\/","url":"","contentUrl":"","caption":"AR TECH"},"image":{"@id":"https:\/\/arizer.eu\/fr\/#\/schema\/logo\/image\/"},"sameAs":["https:\/\/www.instagram.com\/arizertech\/","https:\/\/www.youtube.com\/channel\/UCg1A_lcPMTaYi5GHJnxvM_A"]}]},"product_price_amount":"18.50","product_price_currency":"EUR","og_availability":"instock","product_availability":"instock","product_retailer_item_id":"2796","product_condition":"new"},"_links":{"self":[{"href":"https:\/\/arizer.eu\/fr\/wp-json\/wp\/v2\/product\/20211039599","targetHints":{"allow":["GET"]}}],"collection":[{"href":"https:\/\/arizer.eu\/fr\/wp-json\/wp\/v2\/product"}],"about":[{"href":"https:\/\/arizer.eu\/fr\/wp-json\/wp\/v2\/types\/product"}],"replies":[{"embeddable":true,"href":"https:\/\/arizer.eu\/fr\/wp-json\/wp\/v2\/comments?post=20211039599"}],"version-history":[{"count":3,"href":"https:\/\/arizer.eu\/fr\/wp-json\/wp\/v2\/product\/20211039599\/revisions"}],"predecessor-version":[{"id":20220683545,"href":"https:\/\/arizer.eu\/fr\/wp-json\/wp\/v2\/product\/20211039599\/revisions\/20220683545"}],"wp:featuredmedia":[{"embeddable":true,"href":"https:\/\/arizer.eu\/fr\/wp-json\/wp\/v2\/media\/20211033214"}],"wp:attachment":[{"href":"https:\/\/arizer.eu\/fr\/wp-json\/wp\/v2\/media?parent=20211039599"}],"wp:term":[{"taxonomy":"product_brand","embeddable":true,"href":"https:\/\/arizer.eu\/fr\/wp-json\/wp\/v2\/product_brand?post=20211039599"},{"taxonomy":"product_cat","embeddable":true,"href":"https:\/\/arizer.eu\/fr\/wp-json\/wp\/v2\/product_cat?post=20211039599"},{"taxonomy":"product_tag","embeddable":true,"href":"https:\/\/arizer.eu\/fr\/wp-json\/wp\/v2\/product_tag?post=20211039599"}],"curies":[{"name":"wp","href":"https:\/\/api.w.org\/{rel}","templated":true}]}}