{"id":20211039558,"date":"2023-10-27T10:07:27","date_gmt":"2023-10-27T10:07:27","guid":{"rendered":"https:\/\/arizer-europe.com\/18650-battery-w-charge-tester\/"},"modified":"2026-01-26T13:45:37","modified_gmt":"2026-01-26T13:45:37","slug":"18650-battery-w-charge-tester","status":"publish","type":"product","link":"https:\/\/arizer.eu\/fr\/produkt\/18650-battery-w-charge-tester\/","title":{"rendered":"Testeur de batterie 18650 avec et sans charge"},"content":{"rendered":"","protected":false},"excerpt":{"rendered":"<p class=\"ai-optimize-29\">Description : Batterie 18650 de remplacement pour Arizer Go, Air SE, &amp; Air II &#8211; Batterie Li-ion haute puissance, haute qualit\u00e9, longue dur\u00e9e de vie. PLUS, stockez, prot\u00e9gez et v\u00e9rifiez facilement le niveau de charge de votre batterie de rechange avec notre testeur de charge de batterie pratique !<\/p>\n<p class=\"ai-optimize-30\">Comprend : 1 x Batterie 18650 + 1 x Testeur de charge 18650<\/p>\n","protected":false},"featured_media":20211033254,"comment_status":"closed","ping_status":"closed","template":"","meta":{"_acf_changed":false},"product_brand":[],"product_cat":[454,808,746,762,812,832,456,856,1430],"product_tag":[460,461,463,1112],"class_list":{"0":"post-20211039558","1":"product","2":"type-product","3":"status-publish","4":"has-post-thumbnail","6":"product_cat-air-se-accessories-fr","7":"product_cat-air-se-power-fr","8":"product_cat-air2-accessories-fr","9":"product_cat-air2-power-fr","10":"product_cat-argo-accessories-fr","11":"product_cat-argo-power-fr","12":"product_cat-arizer-air-accessories-fr","13":"product_cat-arizer-air-power-fr","14":"product_cat-rh-3-fr","15":"product_tag-air-fr","16":"product_tag-air-ii-fr","17":"product_tag-air-se-fr","18":"product_tag-argo-fr-2","19":"entry","21":"first","22":"instock","23":"sale","24":"taxable","25":"shipping-taxable","26":"purchasable","27":"product-type-simple"},"bundled_by":[],"bundle_stock_status":"instock","bundle_stock_quantity":30,"bundle_virtual":false,"bundle_layout":"","bundle_add_to_cart_form_location":"","bundle_editable_in_cart":false,"bundle_sold_individually_context":"","bundle_item_grouping":"","bundle_min_size":"","bundle_max_size":"","bundle_price":[],"bundled_items":[],"bundle_sell_ids":[],"acf":[],"yoast_head":"<!-- This site is optimized with the Yoast SEO Premium plugin v27.1 (Yoast SEO v27.1.1) - https:\/\/yoast.com\/product\/yoast-seo-premium-wordpress\/ -->\n<title>Testeur de batterie 18650 avec et sans charge - Arizer EU<\/title>\n<meta name=\"robots\" content=\"index, follow, max-snippet:-1, max-image-preview:large, max-video-preview:-1\" \/>\n<meta property=\"og:locale\" content=\"fr_FR\" \/>\n<meta property=\"og:type\" content=\"article\" \/>\n<meta property=\"og:title\" content=\"Testeur de batterie 18650 avec et sans charge\" \/>\n<meta property=\"og:description\" content=\"Description : Batterie 18650 de remplacement pour Arizer Go, Air SE, &amp; Air II - Batterie Li-ion haute puissance, haute qualit\u00e9, longue dur\u00e9e de vie. PLUS, stockez, prot\u00e9gez et v\u00e9rifiez facilement le niveau de charge de votre batterie de rechange avec notre testeur de charge de batterie pratique ! Comprend : 1 x Batterie 18650 + 1 x Testeur de charge 18650\" \/>\n<meta property=\"og:url\" content=\"https:\/\/arizer.eu\/fr\/produkt\/18650-battery-w-charge-tester\/\" \/>\n<meta property=\"og:site_name\" content=\"Arizer EU\" \/>\n<meta property=\"article:modified_time\" content=\"2026-01-26T13:45:37+00:00\" \/>\n<meta property=\"og:image\" content=\"https:\/\/arizer.eu\/wp-content\/uploads\/sites\/8\/2023\/02\/Accessory_NEW-Battery_Air-II_Brown.jpg\" \/>\n\t<meta property=\"og:image:width\" content=\"1000\" \/>\n\t<meta property=\"og:image:height\" content=\"1000\" \/>\n\t<meta property=\"og:image:type\" content=\"image\/jpeg\" \/>\n<meta name=\"twitter:card\" content=\"summary_large_image\" \/>\n<meta name=\"twitter:label1\" content=\"Prix\" \/>\n\t<meta name=\"twitter:data1\" content=\"14.88&euro;\" \/>\n\t<meta name=\"twitter:label2\" content=\"Disponibilit\u00e9\" \/>\n\t<meta name=\"twitter:data2\" content=\"En stock\" \/>\n<script type=\"application\/ld+json\" class=\"yoast-schema-graph\">{\"@context\":\"https:\/\/schema.org\",\"@graph\":[{\"@type\":\"WebPage\",\"@id\":\"https:\/\/arizer.eu\/fr\/produkt\/18650-battery-w-charge-tester\/\",\"url\":\"https:\/\/arizer.eu\/fr\/produkt\/18650-battery-w-charge-tester\/\",\"name\":\"Testeur de batterie 18650 avec et sans charge - Arizer EU\",\"isPartOf\":{\"@id\":\"https:\/\/arizer.eu\/fr\/#website\"},\"primaryImageOfPage\":{\"@id\":\"https:\/\/arizer.eu\/fr\/produkt\/18650-battery-w-charge-tester\/#primaryimage\"},\"image\":{\"@id\":\"https:\/\/arizer.eu\/fr\/produkt\/18650-battery-w-charge-tester\/#primaryimage\"},\"thumbnailUrl\":\"https:\/\/arizer.eu\/wp-content\/uploads\/sites\/8\/2023\/02\/Accessory_NEW-Battery_Air-II_Brown.jpg\",\"datePublished\":\"2023-10-27T10:07:27+00:00\",\"dateModified\":\"2026-01-26T13:45:37+00:00\",\"breadcrumb\":{\"@id\":\"https:\/\/arizer.eu\/fr\/produkt\/18650-battery-w-charge-tester\/#breadcrumb\"},\"inLanguage\":\"fr-FR\",\"potentialAction\":[{\"@type\":\"ReadAction\",\"target\":[\"https:\/\/arizer.eu\/fr\/produkt\/18650-battery-w-charge-tester\/\"]}]},{\"@type\":\"ImageObject\",\"inLanguage\":\"fr-FR\",\"@id\":\"https:\/\/arizer.eu\/fr\/produkt\/18650-battery-w-charge-tester\/#primaryimage\",\"url\":\"https:\/\/arizer.eu\/wp-content\/uploads\/sites\/8\/2023\/02\/Accessory_NEW-Battery_Air-II_Brown.jpg\",\"contentUrl\":\"https:\/\/arizer.eu\/wp-content\/uploads\/sites\/8\/2023\/02\/Accessory_NEW-Battery_Air-II_Brown.jpg\",\"width\":1000,\"height\":1000},{\"@type\":\"BreadcrumbList\",\"@id\":\"https:\/\/arizer.eu\/fr\/produkt\/18650-battery-w-charge-tester\/#breadcrumb\",\"itemListElement\":[{\"@type\":\"ListItem\",\"position\":1,\"name\":\"Home\",\"item\":\"https:\/\/arizer.eu\/fr\/\"},{\"@type\":\"ListItem\",\"position\":2,\"name\":\"Testeur de batterie 18650 avec et sans charge\"}]},{\"@type\":\"WebSite\",\"@id\":\"https:\/\/arizer.eu\/fr\/#website\",\"url\":\"https:\/\/arizer.eu\/fr\/\",\"name\":\"Arizer EU\",\"description\":\"Best Portable Electronic Vaporizers | Better By Design\",\"publisher\":{\"@id\":\"https:\/\/arizer.eu\/fr\/#organization\"},\"potentialAction\":[{\"@type\":\"SearchAction\",\"target\":{\"@type\":\"EntryPoint\",\"urlTemplate\":\"https:\/\/arizer.eu\/fr\/?s={search_term_string}\"},\"query-input\":{\"@type\":\"PropertyValueSpecification\",\"valueRequired\":true,\"valueName\":\"search_term_string\"}}],\"inLanguage\":\"fr-FR\"},{\"@type\":\"Organization\",\"@id\":\"https:\/\/arizer.eu\/fr\/#organization\",\"name\":\"AR TECH\",\"url\":\"https:\/\/arizer.eu\/fr\/\",\"logo\":{\"@type\":\"ImageObject\",\"inLanguage\":\"fr-FR\",\"@id\":\"https:\/\/arizer.eu\/fr\/#\/schema\/logo\/image\/\",\"url\":\"\",\"contentUrl\":\"\",\"caption\":\"AR TECH\"},\"image\":{\"@id\":\"https:\/\/arizer.eu\/fr\/#\/schema\/logo\/image\/\"},\"sameAs\":[\"https:\/\/www.instagram.com\/arizertech\/\",\"https:\/\/www.youtube.com\/channel\/UCg1A_lcPMTaYi5GHJnxvM_A\"]}]}<\/script>\n<meta property=\"product:price:amount\" content=\"14.88\" \/>\n<meta property=\"product:price:currency\" content=\"EUR\" \/>\n<meta property=\"og:availability\" content=\"instock\" \/>\n<meta property=\"product:availability\" content=\"instock\" \/>\n<meta property=\"product:retailer_item_id\" content=\"2797\" \/>\n<meta property=\"product:condition\" content=\"new\" \/>\n<!-- \/ Yoast SEO Premium plugin. -->","yoast_head_json":{"title":"Testeur de batterie 18650 avec et sans charge - Arizer EU","robots":{"index":"index","follow":"follow","max-snippet":"max-snippet:-1","max-image-preview":"max-image-preview:large","max-video-preview":"max-video-preview:-1"},"og_locale":"fr_FR","og_type":"article","og_title":"Testeur de batterie 18650 avec et sans charge","og_description":"Description : Batterie 18650 de remplacement pour Arizer Go, Air SE, &amp; Air II - Batterie Li-ion haute puissance, haute qualit\u00e9, longue dur\u00e9e de vie. PLUS, stockez, prot\u00e9gez et v\u00e9rifiez facilement le niveau de charge de votre batterie de rechange avec notre testeur de charge de batterie pratique ! Comprend : 1 x Batterie 18650 + 1 x Testeur de charge 18650","og_url":"https:\/\/arizer.eu\/fr\/produkt\/18650-battery-w-charge-tester\/","og_site_name":"Arizer EU","article_modified_time":"2026-01-26T13:45:37+00:00","og_image":[{"width":1000,"height":1000,"url":"https:\/\/arizer.eu\/wp-content\/uploads\/sites\/8\/2023\/02\/Accessory_NEW-Battery_Air-II_Brown.jpg","type":"image\/jpeg"}],"twitter_card":"summary_large_image","twitter_misc":{"Prix":"14.88&euro;","Disponibilit\u00e9":"En stock"},"schema":{"@context":"https:\/\/schema.org","@graph":[{"@type":"WebPage","@id":"https:\/\/arizer.eu\/fr\/produkt\/18650-battery-w-charge-tester\/","url":"https:\/\/arizer.eu\/fr\/produkt\/18650-battery-w-charge-tester\/","name":"Testeur de batterie 18650 avec et sans charge - Arizer EU","isPartOf":{"@id":"https:\/\/arizer.eu\/fr\/#website"},"primaryImageOfPage":{"@id":"https:\/\/arizer.eu\/fr\/produkt\/18650-battery-w-charge-tester\/#primaryimage"},"image":{"@id":"https:\/\/arizer.eu\/fr\/produkt\/18650-battery-w-charge-tester\/#primaryimage"},"thumbnailUrl":"https:\/\/arizer.eu\/wp-content\/uploads\/sites\/8\/2023\/02\/Accessory_NEW-Battery_Air-II_Brown.jpg","datePublished":"2023-10-27T10:07:27+00:00","dateModified":"2026-01-26T13:45:37+00:00","breadcrumb":{"@id":"https:\/\/arizer.eu\/fr\/produkt\/18650-battery-w-charge-tester\/#breadcrumb"},"inLanguage":"fr-FR","potentialAction":[{"@type":"ReadAction","target":["https:\/\/arizer.eu\/fr\/produkt\/18650-battery-w-charge-tester\/"]}]},{"@type":"ImageObject","inLanguage":"fr-FR","@id":"https:\/\/arizer.eu\/fr\/produkt\/18650-battery-w-charge-tester\/#primaryimage","url":"https:\/\/arizer.eu\/wp-content\/uploads\/sites\/8\/2023\/02\/Accessory_NEW-Battery_Air-II_Brown.jpg","contentUrl":"https:\/\/arizer.eu\/wp-content\/uploads\/sites\/8\/2023\/02\/Accessory_NEW-Battery_Air-II_Brown.jpg","width":1000,"height":1000},{"@type":"BreadcrumbList","@id":"https:\/\/arizer.eu\/fr\/produkt\/18650-battery-w-charge-tester\/#breadcrumb","itemListElement":[{"@type":"ListItem","position":1,"name":"Home","item":"https:\/\/arizer.eu\/fr\/"},{"@type":"ListItem","position":2,"name":"Testeur de batterie 18650 avec et sans charge"}]},{"@type":"WebSite","@id":"https:\/\/arizer.eu\/fr\/#website","url":"https:\/\/arizer.eu\/fr\/","name":"Arizer EU","description":"Best Portable Electronic Vaporizers | Better By Design","publisher":{"@id":"https:\/\/arizer.eu\/fr\/#organization"},"potentialAction":[{"@type":"SearchAction","target":{"@type":"EntryPoint","urlTemplate":"https:\/\/arizer.eu\/fr\/?s={search_term_string}"},"query-input":{"@type":"PropertyValueSpecification","valueRequired":true,"valueName":"search_term_string"}}],"inLanguage":"fr-FR"},{"@type":"Organization","@id":"https:\/\/arizer.eu\/fr\/#organization","name":"AR TECH","url":"https:\/\/arizer.eu\/fr\/","logo":{"@type":"ImageObject","inLanguage":"fr-FR","@id":"https:\/\/arizer.eu\/fr\/#\/schema\/logo\/image\/","url":"","contentUrl":"","caption":"AR TECH"},"image":{"@id":"https:\/\/arizer.eu\/fr\/#\/schema\/logo\/image\/"},"sameAs":["https:\/\/www.instagram.com\/arizertech\/","https:\/\/www.youtube.com\/channel\/UCg1A_lcPMTaYi5GHJnxvM_A"]}]},"product_price_amount":"14.88","product_price_currency":"EUR","og_availability":"instock","product_availability":"instock","product_retailer_item_id":"2797","product_condition":"new"},"_links":{"self":[{"href":"https:\/\/arizer.eu\/fr\/wp-json\/wp\/v2\/product\/20211039558","targetHints":{"allow":["GET"]}}],"collection":[{"href":"https:\/\/arizer.eu\/fr\/wp-json\/wp\/v2\/product"}],"about":[{"href":"https:\/\/arizer.eu\/fr\/wp-json\/wp\/v2\/types\/product"}],"replies":[{"embeddable":true,"href":"https:\/\/arizer.eu\/fr\/wp-json\/wp\/v2\/comments?post=20211039558"}],"version-history":[{"count":4,"href":"https:\/\/arizer.eu\/fr\/wp-json\/wp\/v2\/product\/20211039558\/revisions"}],"predecessor-version":[{"id":20220675131,"href":"https:\/\/arizer.eu\/fr\/wp-json\/wp\/v2\/product\/20211039558\/revisions\/20220675131"}],"wp:featuredmedia":[{"embeddable":true,"href":"https:\/\/arizer.eu\/fr\/wp-json\/wp\/v2\/media\/20211033254"}],"wp:attachment":[{"href":"https:\/\/arizer.eu\/fr\/wp-json\/wp\/v2\/media?parent=20211039558"}],"wp:term":[{"taxonomy":"product_brand","embeddable":true,"href":"https:\/\/arizer.eu\/fr\/wp-json\/wp\/v2\/product_brand?post=20211039558"},{"taxonomy":"product_cat","embeddable":true,"href":"https:\/\/arizer.eu\/fr\/wp-json\/wp\/v2\/product_cat?post=20211039558"},{"taxonomy":"product_tag","embeddable":true,"href":"https:\/\/arizer.eu\/fr\/wp-json\/wp\/v2\/product_tag?post=20211039558"}],"curies":[{"name":"wp","href":"https:\/\/api.w.org\/{rel}","templated":true}]}}