{"id":20211039512,"date":"2019-11-25T01:00:15","date_gmt":"2019-11-25T06:00:15","guid":{"rendered":"https:\/\/arizer-europe.com\/argo-screen-pack\/"},"modified":"2026-03-30T15:30:10","modified_gmt":"2026-03-30T15:30:10","slug":"argo-screen-pack","status":"publish","type":"product","link":"https:\/\/arizer.eu\/fr\/produit\/argo-screen-pack\/","title":{"rendered":"Set de tamis Go"},"content":{"rendered":"","protected":false},"excerpt":{"rendered":"<p>Description : Grilles filtrantes en acier inoxydable de haute qualit\u00e9 pour Arizer Go et Go SRT. N\u00e9cessaires avec les Go Shells pour la filtration et un flux d\u2019air largement ouvert. Optionnelles avec le Go Glass Aroma Tube pour les mat\u00e9riaux tr\u00e8s fins ; pour une saveur optimale, utilisez des plantes enti\u00e8res ou grossi\u00e8rement moulues sans grille.<\/p>\n<p>Contenu : 6 x grilles filtrantes Go en acier inoxydable<\/p>\n","protected":false},"featured_media":20211032280,"comment_status":"closed","ping_status":"closed","template":"","meta":{"_acf_changed":false},"product_brand":[],"product_cat":[812,828,1635,1643,1430],"product_tag":[1128,1132],"class_list":{"0":"post-20211039512","1":"product","2":"type-product","3":"status-publish","4":"has-post-thumbnail","6":"product_cat-argo-accessories-fr","7":"product_cat-argo-parts-fr","8":"product_cat-go-srt-accessories-fr","9":"product_cat-go-srt-parts-fr","10":"product_cat-rh-3-fr","11":"product_tag-argo-frosted-glass-aroma-tube-fr","12":"product_tag-argo-glass-aroma-tube-fr","13":"pa_brand-arizer-fr","14":"entry","16":"first","17":"instock","18":"taxable","19":"shipping-taxable","20":"purchasable","21":"product-type-variable","22":"has-default-attributes","23":"rtwpvs-product"},"bundled_by":[],"bundle_stock_status":"instock","bundle_stock_quantity":120,"bundle_virtual":false,"bundle_layout":"","bundle_add_to_cart_form_location":"","bundle_editable_in_cart":false,"bundle_sold_individually_context":"","bundle_item_grouping":"","bundle_min_size":"","bundle_max_size":"","bundle_price":[],"bundled_items":[],"bundle_sell_ids":[],"acf":[],"yoast_head":"<!-- This site is optimized with the Yoast SEO Premium plugin v27.1 (Yoast SEO v27.1.1) - https:\/\/yoast.com\/product\/yoast-seo-premium-wordpress\/ -->\n<title>Buy Go Screen Pack Online - Arizer Go Accessories<\/title>\n<meta name=\"description\" content=\"Buy Go Screen Pack for Pocket Weed Vaporizer Online. \u2714 Compatibility: Go Glass Aroma Tubes only, \u2714 6 High Qualities Stainless Steel Filter Screens \u2714 Fast Shipping Options.\" \/>\n<meta name=\"robots\" content=\"index, follow, max-snippet:-1, max-image-preview:large, max-video-preview:-1\" \/>\n<meta property=\"og:locale\" content=\"fr_FR\" \/>\n<meta property=\"og:type\" content=\"article\" \/>\n<meta property=\"og:title\" content=\"Set de tamis Go\" \/>\n<meta property=\"og:description\" content=\"Description : Grilles filtrantes en acier inoxydable de haute qualit\u00e9 pour Arizer Go et Go SRT. N\u00e9cessaires avec les Go Shells pour la filtration et un flux d\u2019air largement ouvert. Optionnelles avec le Go Glass Aroma Tube pour les mat\u00e9riaux tr\u00e8s fins ; pour une saveur optimale, utilisez des plantes enti\u00e8res ou grossi\u00e8rement moulues sans grille.  Contenu : 6 x grilles filtrantes Go en acier inoxydable\" \/>\n<meta property=\"og:url\" content=\"https:\/\/arizer.eu\/fr\/produit\/argo-screen-pack\/\" \/>\n<meta property=\"og:site_name\" content=\"Arizer EU\" \/>\n<meta property=\"article:modified_time\" content=\"2026-03-30T15:30:10+00:00\" \/>\n<meta property=\"og:image\" content=\"https:\/\/arizer.eu\/wp-content\/uploads\/sites\/8\/2019\/11\/air-solo-argo-screen-pack.jpg\" \/>\n\t<meta property=\"og:image:width\" content=\"1000\" \/>\n\t<meta property=\"og:image:height\" content=\"1000\" \/>\n\t<meta property=\"og:image:type\" content=\"image\/jpeg\" \/>\n<meta name=\"twitter:card\" content=\"summary_large_image\" \/>\n<meta name=\"twitter:label1\" content=\"Disponibilit\u00e9\" \/>\n\t<meta name=\"twitter:data1\" content=\"En stock\" \/>\n<script type=\"application\/ld+json\" class=\"yoast-schema-graph\">{\"@context\":\"https:\/\/schema.org\",\"@graph\":[{\"@type\":\"WebPage\",\"@id\":\"https:\/\/arizer.eu\/fr\/produit\/argo-screen-pack\/\",\"url\":\"https:\/\/arizer.eu\/fr\/produit\/argo-screen-pack\/\",\"name\":\"Buy Go Screen Pack Online - Arizer Go Accessories\",\"isPartOf\":{\"@id\":\"https:\/\/arizer.eu\/fr\/#website\"},\"primaryImageOfPage\":{\"@id\":\"https:\/\/arizer.eu\/fr\/produit\/argo-screen-pack\/#primaryimage\"},\"image\":{\"@id\":\"https:\/\/arizer.eu\/fr\/produit\/argo-screen-pack\/#primaryimage\"},\"thumbnailUrl\":\"https:\/\/arizer.eu\/wp-content\/uploads\/sites\/8\/2019\/11\/air-solo-argo-screen-pack.jpg\",\"datePublished\":\"2019-11-25T06:00:15+00:00\",\"dateModified\":\"2026-03-30T15:30:10+00:00\",\"description\":\"Buy Go Screen Pack for Pocket Weed Vaporizer Online. \u2714 Compatibility: Go Glass Aroma Tubes only, \u2714 6 High Qualities Stainless Steel Filter Screens \u2714 Fast Shipping Options.\",\"breadcrumb\":{\"@id\":\"https:\/\/arizer.eu\/fr\/produit\/argo-screen-pack\/#breadcrumb\"},\"inLanguage\":\"fr-FR\",\"potentialAction\":[{\"@type\":\"ReadAction\",\"target\":[\"https:\/\/arizer.eu\/fr\/produit\/argo-screen-pack\/\"]}]},{\"@type\":\"ImageObject\",\"inLanguage\":\"fr-FR\",\"@id\":\"https:\/\/arizer.eu\/fr\/produit\/argo-screen-pack\/#primaryimage\",\"url\":\"https:\/\/arizer.eu\/wp-content\/uploads\/sites\/8\/2019\/11\/air-solo-argo-screen-pack.jpg\",\"contentUrl\":\"https:\/\/arizer.eu\/wp-content\/uploads\/sites\/8\/2019\/11\/air-solo-argo-screen-pack.jpg\",\"width\":1000,\"height\":1000},{\"@type\":\"BreadcrumbList\",\"@id\":\"https:\/\/arizer.eu\/fr\/produit\/argo-screen-pack\/#breadcrumb\",\"itemListElement\":[{\"@type\":\"ListItem\",\"position\":1,\"name\":\"Home\",\"item\":\"https:\/\/arizer.eu\/fr\/\"},{\"@type\":\"ListItem\",\"position\":2,\"name\":\"Set de tamis Go\"}]},{\"@type\":\"WebSite\",\"@id\":\"https:\/\/arizer.eu\/fr\/#website\",\"url\":\"https:\/\/arizer.eu\/fr\/\",\"name\":\"Arizer EU\",\"description\":\"Best Portable Electronic Vaporizers | Better By Design\",\"publisher\":{\"@id\":\"https:\/\/arizer.eu\/fr\/#organization\"},\"potentialAction\":[{\"@type\":\"SearchAction\",\"target\":{\"@type\":\"EntryPoint\",\"urlTemplate\":\"https:\/\/arizer.eu\/fr\/?s={search_term_string}\"},\"query-input\":{\"@type\":\"PropertyValueSpecification\",\"valueRequired\":true,\"valueName\":\"search_term_string\"}}],\"inLanguage\":\"fr-FR\"},{\"@type\":\"Organization\",\"@id\":\"https:\/\/arizer.eu\/fr\/#organization\",\"name\":\"AR TECH\",\"url\":\"https:\/\/arizer.eu\/fr\/\",\"logo\":{\"@type\":\"ImageObject\",\"inLanguage\":\"fr-FR\",\"@id\":\"https:\/\/arizer.eu\/fr\/#\/schema\/logo\/image\/\",\"url\":\"\",\"contentUrl\":\"\",\"caption\":\"AR TECH\"},\"image\":{\"@id\":\"https:\/\/arizer.eu\/fr\/#\/schema\/logo\/image\/\"},\"sameAs\":[\"https:\/\/www.instagram.com\/arizertech\/\",\"https:\/\/www.youtube.com\/channel\/UCg1A_lcPMTaYi5GHJnxvM_A\"]}]}<\/script>\n<meta property=\"og:availability\" content=\"instock\" \/>\n<meta property=\"product:availability\" content=\"instock\" \/>\n<meta property=\"product:retailer_item_id\" content=\"2931\" \/>\n<meta property=\"product:condition\" content=\"new\" \/>\n<!-- \/ Yoast SEO Premium plugin. -->","yoast_head_json":{"title":"Buy Go Screen Pack Online - Arizer Go Accessories","description":"Buy Go Screen Pack for Pocket Weed Vaporizer Online. \u2714 Compatibility: Go Glass Aroma Tubes only, \u2714 6 High Qualities Stainless Steel Filter Screens \u2714 Fast Shipping Options.","robots":{"index":"index","follow":"follow","max-snippet":"max-snippet:-1","max-image-preview":"max-image-preview:large","max-video-preview":"max-video-preview:-1"},"og_locale":"fr_FR","og_type":"article","og_title":"Set de tamis Go","og_description":"Description : Grilles filtrantes en acier inoxydable de haute qualit\u00e9 pour Arizer Go et Go SRT. N\u00e9cessaires avec les Go Shells pour la filtration et un flux d\u2019air largement ouvert. Optionnelles avec le Go Glass Aroma Tube pour les mat\u00e9riaux tr\u00e8s fins ; pour une saveur optimale, utilisez des plantes enti\u00e8res ou grossi\u00e8rement moulues sans grille.  Contenu : 6 x grilles filtrantes Go en acier inoxydable","og_url":"https:\/\/arizer.eu\/fr\/produit\/argo-screen-pack\/","og_site_name":"Arizer EU","article_modified_time":"2026-03-30T15:30:10+00:00","og_image":[{"width":1000,"height":1000,"url":"https:\/\/arizer.eu\/wp-content\/uploads\/sites\/8\/2019\/11\/air-solo-argo-screen-pack.jpg","type":"image\/jpeg"}],"twitter_card":"summary_large_image","twitter_misc":{"Disponibilit\u00e9":"En stock"},"schema":{"@context":"https:\/\/schema.org","@graph":[{"@type":"WebPage","@id":"https:\/\/arizer.eu\/fr\/produit\/argo-screen-pack\/","url":"https:\/\/arizer.eu\/fr\/produit\/argo-screen-pack\/","name":"Buy Go Screen Pack Online - Arizer Go Accessories","isPartOf":{"@id":"https:\/\/arizer.eu\/fr\/#website"},"primaryImageOfPage":{"@id":"https:\/\/arizer.eu\/fr\/produit\/argo-screen-pack\/#primaryimage"},"image":{"@id":"https:\/\/arizer.eu\/fr\/produit\/argo-screen-pack\/#primaryimage"},"thumbnailUrl":"https:\/\/arizer.eu\/wp-content\/uploads\/sites\/8\/2019\/11\/air-solo-argo-screen-pack.jpg","datePublished":"2019-11-25T06:00:15+00:00","dateModified":"2026-03-30T15:30:10+00:00","description":"Buy Go Screen Pack for Pocket Weed Vaporizer Online. \u2714 Compatibility: Go Glass Aroma Tubes only, \u2714 6 High Qualities Stainless Steel Filter Screens \u2714 Fast Shipping Options.","breadcrumb":{"@id":"https:\/\/arizer.eu\/fr\/produit\/argo-screen-pack\/#breadcrumb"},"inLanguage":"fr-FR","potentialAction":[{"@type":"ReadAction","target":["https:\/\/arizer.eu\/fr\/produit\/argo-screen-pack\/"]}]},{"@type":"ImageObject","inLanguage":"fr-FR","@id":"https:\/\/arizer.eu\/fr\/produit\/argo-screen-pack\/#primaryimage","url":"https:\/\/arizer.eu\/wp-content\/uploads\/sites\/8\/2019\/11\/air-solo-argo-screen-pack.jpg","contentUrl":"https:\/\/arizer.eu\/wp-content\/uploads\/sites\/8\/2019\/11\/air-solo-argo-screen-pack.jpg","width":1000,"height":1000},{"@type":"BreadcrumbList","@id":"https:\/\/arizer.eu\/fr\/produit\/argo-screen-pack\/#breadcrumb","itemListElement":[{"@type":"ListItem","position":1,"name":"Home","item":"https:\/\/arizer.eu\/fr\/"},{"@type":"ListItem","position":2,"name":"Set de tamis Go"}]},{"@type":"WebSite","@id":"https:\/\/arizer.eu\/fr\/#website","url":"https:\/\/arizer.eu\/fr\/","name":"Arizer EU","description":"Best Portable Electronic Vaporizers | Better By Design","publisher":{"@id":"https:\/\/arizer.eu\/fr\/#organization"},"potentialAction":[{"@type":"SearchAction","target":{"@type":"EntryPoint","urlTemplate":"https:\/\/arizer.eu\/fr\/?s={search_term_string}"},"query-input":{"@type":"PropertyValueSpecification","valueRequired":true,"valueName":"search_term_string"}}],"inLanguage":"fr-FR"},{"@type":"Organization","@id":"https:\/\/arizer.eu\/fr\/#organization","name":"AR TECH","url":"https:\/\/arizer.eu\/fr\/","logo":{"@type":"ImageObject","inLanguage":"fr-FR","@id":"https:\/\/arizer.eu\/fr\/#\/schema\/logo\/image\/","url":"","contentUrl":"","caption":"AR TECH"},"image":{"@id":"https:\/\/arizer.eu\/fr\/#\/schema\/logo\/image\/"},"sameAs":["https:\/\/www.instagram.com\/arizertech\/","https:\/\/www.youtube.com\/channel\/UCg1A_lcPMTaYi5GHJnxvM_A"]}]},"og_availability":"instock","product_availability":"instock","product_retailer_item_id":"2931","product_condition":"new"},"_links":{"self":[{"href":"https:\/\/arizer.eu\/fr\/wp-json\/wp\/v2\/product\/20211039512","targetHints":{"allow":["GET"]}}],"collection":[{"href":"https:\/\/arizer.eu\/fr\/wp-json\/wp\/v2\/product"}],"about":[{"href":"https:\/\/arizer.eu\/fr\/wp-json\/wp\/v2\/types\/product"}],"replies":[{"embeddable":true,"href":"https:\/\/arizer.eu\/fr\/wp-json\/wp\/v2\/comments?post=20211039512"}],"version-history":[{"count":6,"href":"https:\/\/arizer.eu\/fr\/wp-json\/wp\/v2\/product\/20211039512\/revisions"}],"predecessor-version":[{"id":20220683447,"href":"https:\/\/arizer.eu\/fr\/wp-json\/wp\/v2\/product\/20211039512\/revisions\/20220683447"}],"wp:featuredmedia":[{"embeddable":true,"href":"https:\/\/arizer.eu\/fr\/wp-json\/wp\/v2\/media\/20211032280"}],"wp:attachment":[{"href":"https:\/\/arizer.eu\/fr\/wp-json\/wp\/v2\/media?parent=20211039512"}],"wp:term":[{"taxonomy":"product_brand","embeddable":true,"href":"https:\/\/arizer.eu\/fr\/wp-json\/wp\/v2\/product_brand?post=20211039512"},{"taxonomy":"product_cat","embeddable":true,"href":"https:\/\/arizer.eu\/fr\/wp-json\/wp\/v2\/product_cat?post=20211039512"},{"taxonomy":"product_tag","embeddable":true,"href":"https:\/\/arizer.eu\/fr\/wp-json\/wp\/v2\/product_tag?post=20211039512"}],"curies":[{"name":"wp","href":"https:\/\/api.w.org\/{rel}","templated":true}]}}