{"id":20211039498,"date":"2019-11-21T05:25:25","date_gmt":"2019-11-21T10:25:25","guid":{"rendered":"https:\/\/arizer-europe.com\/argo-glass-aroma-tube\/"},"modified":"2026-03-30T00:44:14","modified_gmt":"2026-03-30T00:44:14","slug":"argo-glass-aroma-tube","status":"publish","type":"product","link":"https:\/\/arizer.eu\/fr\/produkt\/argo-glass-aroma-tube\/","title":{"rendered":"Go Glass Aroma Tube"},"content":{"rendered":"","protected":false},"excerpt":{"rendered":"<p>Description : D\u00e9couvrez le chemin de vapeur en verre pur signature d\u2019Arizer avec le Go Glass Aroma Tube. Doux, savoureux et facile \u00e0 nettoyer, il sert \u00e0 la fois de pod et d\u2019embout, vous permettant de pr\u00e9charger des doses pr\u00e9cises \u00e0 l\u2019avance. Gr\u00e2ce \u00e0 son filtre en verre int\u00e9gr\u00e9, aucun tamis en acier s\u00e9par\u00e9 n\u2019est n\u00e9cessaire \u2014 le choix privil\u00e9gi\u00e9 pour ceux qui recherchent puret\u00e9 et saveur 100 % verre.<\/p>\n<p>Contenu : 1 x Go Glass Aroma Tube<\/p>\n","protected":false},"featured_media":20211032106,"comment_status":"closed","ping_status":"closed","template":"","meta":{"_acf_changed":false},"product_brand":[],"product_cat":[812,828,1635,1643,1430],"product_tag":[1112,1610],"class_list":{"0":"post-20211039498","1":"product","2":"type-product","3":"status-publish","4":"has-post-thumbnail","6":"product_cat-argo-accessories-fr","7":"product_cat-argo-parts-fr","8":"product_cat-go-srt-accessories-fr","9":"product_cat-go-srt-parts-fr","10":"product_cat-rh-3-fr","11":"product_tag-argo-fr-2","12":"product_tag-go-srt","13":"pa_brand-arizer-fr","14":"entry","16":"first","17":"instock","18":"taxable","19":"shipping-taxable","20":"purchasable","21":"product-type-simple"},"bundled_by":[],"bundle_stock_status":"instock","bundle_stock_quantity":6,"bundle_virtual":false,"bundle_layout":"","bundle_add_to_cart_form_location":"","bundle_editable_in_cart":false,"bundle_sold_individually_context":"","bundle_item_grouping":"","bundle_min_size":"","bundle_max_size":"","bundle_price":[],"bundled_items":[],"bundle_sell_ids":[],"acf":[],"yoast_head":"<!-- This site is optimized with the Yoast SEO Premium plugin v27.1 (Yoast SEO v27.1.1) - https:\/\/yoast.com\/product\/yoast-seo-premium-wordpress\/ -->\n<title>Buy Go Glass Aroma Tube Online \u2013 Arizer Go Accessories<\/title>\n<meta name=\"description\" content=\"Buy Arizer Go Glass Aroma Tube for Pocket Vapes Online. \u2714 Compatibility: Arizer Go only \u2714 1 Arizer Go Glass Aroma Tube \u2714 Fast Shipping Options.\" \/>\n<meta name=\"robots\" content=\"index, follow, max-snippet:-1, max-image-preview:large, max-video-preview:-1\" \/>\n<meta property=\"og:locale\" content=\"fr_FR\" \/>\n<meta property=\"og:type\" content=\"article\" \/>\n<meta property=\"og:title\" content=\"Go Glass Aroma Tube\" \/>\n<meta property=\"og:description\" content=\"Description : D\u00e9couvrez le chemin de vapeur en verre pur signature d\u2019Arizer avec le Go Glass Aroma Tube. Doux, savoureux et facile \u00e0 nettoyer, il sert \u00e0 la fois de pod et d\u2019embout, vous permettant de pr\u00e9charger des doses pr\u00e9cises \u00e0 l\u2019avance. Gr\u00e2ce \u00e0 son filtre en verre int\u00e9gr\u00e9, aucun tamis en acier s\u00e9par\u00e9 n\u2019est n\u00e9cessaire \u2014 le choix privil\u00e9gi\u00e9 pour ceux qui recherchent puret\u00e9 et saveur 100 % verre.  Contenu : 1 x Go Glass Aroma Tube\" \/>\n<meta property=\"og:url\" content=\"https:\/\/arizer.eu\/fr\/produkt\/argo-glass-aroma-tube\/\" \/>\n<meta property=\"og:site_name\" content=\"Arizer EU\" \/>\n<meta property=\"article:modified_time\" content=\"2026-03-30T00:44:14+00:00\" \/>\n<meta property=\"og:image\" content=\"https:\/\/arizer.eu\/wp-content\/uploads\/sites\/8\/2019\/11\/ArGo-Glass-Aroma-Tube.jpg\" \/>\n\t<meta property=\"og:image:width\" content=\"1000\" \/>\n\t<meta property=\"og:image:height\" content=\"1000\" \/>\n\t<meta property=\"og:image:type\" content=\"image\/jpeg\" \/>\n<meta name=\"twitter:card\" content=\"summary_large_image\" \/>\n<meta name=\"twitter:label1\" content=\"Prix\" \/>\n\t<meta name=\"twitter:data1\" content=\"7.00&euro;\" \/>\n\t<meta name=\"twitter:label2\" content=\"Disponibilit\u00e9\" \/>\n\t<meta name=\"twitter:data2\" content=\"En stock\" \/>\n<script type=\"application\/ld+json\" class=\"yoast-schema-graph\">{\"@context\":\"https:\/\/schema.org\",\"@graph\":[{\"@type\":\"WebPage\",\"@id\":\"https:\/\/arizer.eu\/fr\/produkt\/argo-glass-aroma-tube\/\",\"url\":\"https:\/\/arizer.eu\/fr\/produkt\/argo-glass-aroma-tube\/\",\"name\":\"Buy Go Glass Aroma Tube Online \u2013 Arizer Go Accessories\",\"isPartOf\":{\"@id\":\"https:\/\/arizer.eu\/fr\/#website\"},\"primaryImageOfPage\":{\"@id\":\"https:\/\/arizer.eu\/fr\/produkt\/argo-glass-aroma-tube\/#primaryimage\"},\"image\":{\"@id\":\"https:\/\/arizer.eu\/fr\/produkt\/argo-glass-aroma-tube\/#primaryimage\"},\"thumbnailUrl\":\"https:\/\/arizer.eu\/wp-content\/uploads\/sites\/8\/2019\/11\/ArGo-Glass-Aroma-Tube.jpg\",\"datePublished\":\"2019-11-21T10:25:25+00:00\",\"dateModified\":\"2026-03-30T00:44:14+00:00\",\"description\":\"Buy Arizer Go Glass Aroma Tube for Pocket Vapes Online. \u2714 Compatibility: Arizer Go only \u2714 1 Arizer Go Glass Aroma Tube \u2714 Fast Shipping Options.\",\"breadcrumb\":{\"@id\":\"https:\/\/arizer.eu\/fr\/produkt\/argo-glass-aroma-tube\/#breadcrumb\"},\"inLanguage\":\"fr-FR\",\"potentialAction\":[{\"@type\":\"ReadAction\",\"target\":[\"https:\/\/arizer.eu\/fr\/produkt\/argo-glass-aroma-tube\/\"]}]},{\"@type\":\"ImageObject\",\"inLanguage\":\"fr-FR\",\"@id\":\"https:\/\/arizer.eu\/fr\/produkt\/argo-glass-aroma-tube\/#primaryimage\",\"url\":\"https:\/\/arizer.eu\/wp-content\/uploads\/sites\/8\/2019\/11\/ArGo-Glass-Aroma-Tube.jpg\",\"contentUrl\":\"https:\/\/arizer.eu\/wp-content\/uploads\/sites\/8\/2019\/11\/ArGo-Glass-Aroma-Tube.jpg\",\"width\":1000,\"height\":1000},{\"@type\":\"BreadcrumbList\",\"@id\":\"https:\/\/arizer.eu\/fr\/produkt\/argo-glass-aroma-tube\/#breadcrumb\",\"itemListElement\":[{\"@type\":\"ListItem\",\"position\":1,\"name\":\"Home\",\"item\":\"https:\/\/arizer.eu\/fr\/\"},{\"@type\":\"ListItem\",\"position\":2,\"name\":\"Go Glass Aroma Tube\"}]},{\"@type\":\"WebSite\",\"@id\":\"https:\/\/arizer.eu\/fr\/#website\",\"url\":\"https:\/\/arizer.eu\/fr\/\",\"name\":\"Arizer EU\",\"description\":\"Best Portable Electronic Vaporizers | Better By Design\",\"publisher\":{\"@id\":\"https:\/\/arizer.eu\/fr\/#organization\"},\"potentialAction\":[{\"@type\":\"SearchAction\",\"target\":{\"@type\":\"EntryPoint\",\"urlTemplate\":\"https:\/\/arizer.eu\/fr\/?s={search_term_string}\"},\"query-input\":{\"@type\":\"PropertyValueSpecification\",\"valueRequired\":true,\"valueName\":\"search_term_string\"}}],\"inLanguage\":\"fr-FR\"},{\"@type\":\"Organization\",\"@id\":\"https:\/\/arizer.eu\/fr\/#organization\",\"name\":\"AR TECH\",\"url\":\"https:\/\/arizer.eu\/fr\/\",\"logo\":{\"@type\":\"ImageObject\",\"inLanguage\":\"fr-FR\",\"@id\":\"https:\/\/arizer.eu\/fr\/#\/schema\/logo\/image\/\",\"url\":\"\",\"contentUrl\":\"\",\"caption\":\"AR TECH\"},\"image\":{\"@id\":\"https:\/\/arizer.eu\/fr\/#\/schema\/logo\/image\/\"},\"sameAs\":[\"https:\/\/www.instagram.com\/arizertech\/\",\"https:\/\/www.youtube.com\/channel\/UCg1A_lcPMTaYi5GHJnxvM_A\"]}]}<\/script>\n<meta property=\"product:price:amount\" content=\"7.00\" \/>\n<meta property=\"product:price:currency\" content=\"EUR\" \/>\n<meta property=\"og:availability\" content=\"instock\" \/>\n<meta property=\"product:availability\" content=\"instock\" \/>\n<meta property=\"product:retailer_item_id\" content=\"2929\" \/>\n<meta property=\"product:condition\" content=\"new\" \/>\n<!-- \/ Yoast SEO Premium plugin. -->","yoast_head_json":{"title":"Buy Go Glass Aroma Tube Online \u2013 Arizer Go Accessories","description":"Buy Arizer Go Glass Aroma Tube for Pocket Vapes Online. \u2714 Compatibility: Arizer Go only \u2714 1 Arizer Go Glass Aroma Tube \u2714 Fast Shipping Options.","robots":{"index":"index","follow":"follow","max-snippet":"max-snippet:-1","max-image-preview":"max-image-preview:large","max-video-preview":"max-video-preview:-1"},"og_locale":"fr_FR","og_type":"article","og_title":"Go Glass Aroma Tube","og_description":"Description : D\u00e9couvrez le chemin de vapeur en verre pur signature d\u2019Arizer avec le Go Glass Aroma Tube. Doux, savoureux et facile \u00e0 nettoyer, il sert \u00e0 la fois de pod et d\u2019embout, vous permettant de pr\u00e9charger des doses pr\u00e9cises \u00e0 l\u2019avance. Gr\u00e2ce \u00e0 son filtre en verre int\u00e9gr\u00e9, aucun tamis en acier s\u00e9par\u00e9 n\u2019est n\u00e9cessaire \u2014 le choix privil\u00e9gi\u00e9 pour ceux qui recherchent puret\u00e9 et saveur 100 % verre.  Contenu : 1 x Go Glass Aroma Tube","og_url":"https:\/\/arizer.eu\/fr\/produkt\/argo-glass-aroma-tube\/","og_site_name":"Arizer EU","article_modified_time":"2026-03-30T00:44:14+00:00","og_image":[{"width":1000,"height":1000,"url":"https:\/\/arizer.eu\/wp-content\/uploads\/sites\/8\/2019\/11\/ArGo-Glass-Aroma-Tube.jpg","type":"image\/jpeg"}],"twitter_card":"summary_large_image","twitter_misc":{"Prix":"7.00&euro;","Disponibilit\u00e9":"En stock"},"schema":{"@context":"https:\/\/schema.org","@graph":[{"@type":"WebPage","@id":"https:\/\/arizer.eu\/fr\/produkt\/argo-glass-aroma-tube\/","url":"https:\/\/arizer.eu\/fr\/produkt\/argo-glass-aroma-tube\/","name":"Buy Go Glass Aroma Tube Online \u2013 Arizer Go Accessories","isPartOf":{"@id":"https:\/\/arizer.eu\/fr\/#website"},"primaryImageOfPage":{"@id":"https:\/\/arizer.eu\/fr\/produkt\/argo-glass-aroma-tube\/#primaryimage"},"image":{"@id":"https:\/\/arizer.eu\/fr\/produkt\/argo-glass-aroma-tube\/#primaryimage"},"thumbnailUrl":"https:\/\/arizer.eu\/wp-content\/uploads\/sites\/8\/2019\/11\/ArGo-Glass-Aroma-Tube.jpg","datePublished":"2019-11-21T10:25:25+00:00","dateModified":"2026-03-30T00:44:14+00:00","description":"Buy Arizer Go Glass Aroma Tube for Pocket Vapes Online. \u2714 Compatibility: Arizer Go only \u2714 1 Arizer Go Glass Aroma Tube \u2714 Fast Shipping Options.","breadcrumb":{"@id":"https:\/\/arizer.eu\/fr\/produkt\/argo-glass-aroma-tube\/#breadcrumb"},"inLanguage":"fr-FR","potentialAction":[{"@type":"ReadAction","target":["https:\/\/arizer.eu\/fr\/produkt\/argo-glass-aroma-tube\/"]}]},{"@type":"ImageObject","inLanguage":"fr-FR","@id":"https:\/\/arizer.eu\/fr\/produkt\/argo-glass-aroma-tube\/#primaryimage","url":"https:\/\/arizer.eu\/wp-content\/uploads\/sites\/8\/2019\/11\/ArGo-Glass-Aroma-Tube.jpg","contentUrl":"https:\/\/arizer.eu\/wp-content\/uploads\/sites\/8\/2019\/11\/ArGo-Glass-Aroma-Tube.jpg","width":1000,"height":1000},{"@type":"BreadcrumbList","@id":"https:\/\/arizer.eu\/fr\/produkt\/argo-glass-aroma-tube\/#breadcrumb","itemListElement":[{"@type":"ListItem","position":1,"name":"Home","item":"https:\/\/arizer.eu\/fr\/"},{"@type":"ListItem","position":2,"name":"Go Glass Aroma Tube"}]},{"@type":"WebSite","@id":"https:\/\/arizer.eu\/fr\/#website","url":"https:\/\/arizer.eu\/fr\/","name":"Arizer EU","description":"Best Portable Electronic Vaporizers | Better By Design","publisher":{"@id":"https:\/\/arizer.eu\/fr\/#organization"},"potentialAction":[{"@type":"SearchAction","target":{"@type":"EntryPoint","urlTemplate":"https:\/\/arizer.eu\/fr\/?s={search_term_string}"},"query-input":{"@type":"PropertyValueSpecification","valueRequired":true,"valueName":"search_term_string"}}],"inLanguage":"fr-FR"},{"@type":"Organization","@id":"https:\/\/arizer.eu\/fr\/#organization","name":"AR TECH","url":"https:\/\/arizer.eu\/fr\/","logo":{"@type":"ImageObject","inLanguage":"fr-FR","@id":"https:\/\/arizer.eu\/fr\/#\/schema\/logo\/image\/","url":"","contentUrl":"","caption":"AR TECH"},"image":{"@id":"https:\/\/arizer.eu\/fr\/#\/schema\/logo\/image\/"},"sameAs":["https:\/\/www.instagram.com\/arizertech\/","https:\/\/www.youtube.com\/channel\/UCg1A_lcPMTaYi5GHJnxvM_A"]}]},"product_price_amount":"7.00","product_price_currency":"EUR","og_availability":"instock","product_availability":"instock","product_retailer_item_id":"2929","product_condition":"new"},"_links":{"self":[{"href":"https:\/\/arizer.eu\/fr\/wp-json\/wp\/v2\/product\/20211039498","targetHints":{"allow":["GET"]}}],"collection":[{"href":"https:\/\/arizer.eu\/fr\/wp-json\/wp\/v2\/product"}],"about":[{"href":"https:\/\/arizer.eu\/fr\/wp-json\/wp\/v2\/types\/product"}],"replies":[{"embeddable":true,"href":"https:\/\/arizer.eu\/fr\/wp-json\/wp\/v2\/comments?post=20211039498"}],"version-history":[{"count":7,"href":"https:\/\/arizer.eu\/fr\/wp-json\/wp\/v2\/product\/20211039498\/revisions"}],"predecessor-version":[{"id":20220683421,"href":"https:\/\/arizer.eu\/fr\/wp-json\/wp\/v2\/product\/20211039498\/revisions\/20220683421"}],"wp:featuredmedia":[{"embeddable":true,"href":"https:\/\/arizer.eu\/fr\/wp-json\/wp\/v2\/media\/20211032106"}],"wp:attachment":[{"href":"https:\/\/arizer.eu\/fr\/wp-json\/wp\/v2\/media?parent=20211039498"}],"wp:term":[{"taxonomy":"product_brand","embeddable":true,"href":"https:\/\/arizer.eu\/fr\/wp-json\/wp\/v2\/product_brand?post=20211039498"},{"taxonomy":"product_cat","embeddable":true,"href":"https:\/\/arizer.eu\/fr\/wp-json\/wp\/v2\/product_cat?post=20211039498"},{"taxonomy":"product_tag","embeddable":true,"href":"https:\/\/arizer.eu\/fr\/wp-json\/wp\/v2\/product_tag?post=20211039498"}],"curies":[{"name":"wp","href":"https:\/\/api.w.org\/{rel}","templated":true}]}}