{"id":20211039451,"date":"2019-11-25T07:52:05","date_gmt":"2019-11-25T07:52:05","guid":{"rendered":"https:\/\/arizer-europe.com\/extreme-q-remote-control\/"},"modified":"2025-04-04T13:07:04","modified_gmt":"2025-04-04T13:07:04","slug":"extreme-q-remote-control","status":"publish","type":"product","link":"https:\/\/arizer.eu\/fr\/produkt\/extreme-q-remote-control\/","title":{"rendered":"T\u00e9l\u00e9commande Extreme Q"},"content":{"rendered":"","protected":false},"excerpt":{"rendered":"<p>Description : T\u00e9l\u00e9commande pratique avec acc\u00e8s direct aux param\u00e8tres de session personnalis\u00e9s les plus fr\u00e9quemment<\/p>\n<p>utilis\u00e9s : 1 x T\u00e9l\u00e9commande Extreme Q<\/p>\n","protected":false},"featured_media":20211032372,"comment_status":"closed","ping_status":"closed","template":"","meta":{"_acf_changed":false},"product_brand":[],"product_cat":[872,888,1430],"product_tag":[1164],"class_list":{"0":"post-20211039451","1":"product","2":"type-product","3":"status-publish","4":"has-post-thumbnail","6":"product_cat-extreme-q-accessories-fr","7":"product_cat-extreme-q-parts-fr","8":"product_cat-rh-3-fr","9":"product_tag-extreme-q-fr","10":"pa_brand-arizer-fr","11":"entry","13":"first","14":"instock","15":"sale","16":"taxable","17":"shipping-taxable","18":"purchasable","19":"product-type-simple"},"bundled_by":[],"bundle_stock_status":"instock","bundle_stock_quantity":28,"bundle_virtual":false,"bundle_layout":"","bundle_add_to_cart_form_location":"","bundle_editable_in_cart":false,"bundle_sold_individually_context":"","bundle_item_grouping":"","bundle_min_size":"","bundle_max_size":"","bundle_price":[],"bundled_items":[],"bundle_sell_ids":[],"acf":[],"yoast_head":"<!-- This site is optimized with the Yoast SEO Premium plugin v27.1 (Yoast SEO v27.1.1) - https:\/\/yoast.com\/product\/yoast-seo-premium-wordpress\/ -->\n<title>Buy Remote Control for Arizer Extreme Q<\/title>\n<meta name=\"description\" content=\"Buy Original Remote Control for Arizer Extreme Q Only. \u2705 Best Price \u2705 Fast Shipping Options.\" \/>\n<meta name=\"robots\" content=\"index, follow, max-snippet:-1, max-image-preview:large, max-video-preview:-1\" \/>\n<meta property=\"og:locale\" content=\"fr_FR\" \/>\n<meta property=\"og:type\" content=\"article\" \/>\n<meta property=\"og:title\" content=\"T\u00e9l\u00e9commande Extreme Q\" \/>\n<meta property=\"og:description\" content=\"Description : T\u00e9l\u00e9commande pratique avec acc\u00e8s direct aux param\u00e8tres de session personnalis\u00e9s les plus fr\u00e9quemment  utilis\u00e9s : 1 x T\u00e9l\u00e9commande Extreme Q\" \/>\n<meta property=\"og:url\" content=\"https:\/\/arizer.eu\/fr\/produkt\/extreme-q-remote-control\/\" \/>\n<meta property=\"og:site_name\" content=\"Arizer EU\" \/>\n<meta property=\"article:modified_time\" content=\"2025-04-04T13:07:04+00:00\" \/>\n<meta property=\"og:image\" content=\"https:\/\/arizer.eu\/wp-content\/uploads\/sites\/8\/2019\/11\/extreme-q-remote.png\" \/>\n\t<meta property=\"og:image:width\" content=\"600\" \/>\n\t<meta property=\"og:image:height\" content=\"600\" \/>\n\t<meta property=\"og:image:type\" content=\"image\/png\" \/>\n<meta name=\"twitter:card\" content=\"summary_large_image\" \/>\n<meta name=\"twitter:label1\" content=\"Prix\" \/>\n\t<meta name=\"twitter:data1\" content=\"9.35&euro;\" \/>\n\t<meta name=\"twitter:label2\" content=\"Disponibilit\u00e9\" \/>\n\t<meta name=\"twitter:data2\" content=\"En stock\" \/>\n<script type=\"application\/ld+json\" class=\"yoast-schema-graph\">{\"@context\":\"https:\/\/schema.org\",\"@graph\":[{\"@type\":\"WebPage\",\"@id\":\"https:\/\/arizer.eu\/fr\/produkt\/extreme-q-remote-control\/\",\"url\":\"https:\/\/arizer.eu\/fr\/produkt\/extreme-q-remote-control\/\",\"name\":\"Buy Remote Control for Arizer Extreme Q\",\"isPartOf\":{\"@id\":\"https:\/\/arizer.eu\/fr\/#website\"},\"primaryImageOfPage\":{\"@id\":\"https:\/\/arizer.eu\/fr\/produkt\/extreme-q-remote-control\/#primaryimage\"},\"image\":{\"@id\":\"https:\/\/arizer.eu\/fr\/produkt\/extreme-q-remote-control\/#primaryimage\"},\"thumbnailUrl\":\"https:\/\/arizer.eu\/wp-content\/uploads\/sites\/8\/2019\/11\/extreme-q-remote.png\",\"datePublished\":\"2019-11-25T07:52:05+00:00\",\"dateModified\":\"2025-04-04T13:07:04+00:00\",\"description\":\"Buy Original Remote Control for Arizer Extreme Q Only. \u2705 Best Price \u2705 Fast Shipping Options.\",\"breadcrumb\":{\"@id\":\"https:\/\/arizer.eu\/fr\/produkt\/extreme-q-remote-control\/#breadcrumb\"},\"inLanguage\":\"fr-FR\",\"potentialAction\":[{\"@type\":\"ReadAction\",\"target\":[\"https:\/\/arizer.eu\/fr\/produkt\/extreme-q-remote-control\/\"]}]},{\"@type\":\"ImageObject\",\"inLanguage\":\"fr-FR\",\"@id\":\"https:\/\/arizer.eu\/fr\/produkt\/extreme-q-remote-control\/#primaryimage\",\"url\":\"https:\/\/arizer.eu\/wp-content\/uploads\/sites\/8\/2019\/11\/extreme-q-remote.png\",\"contentUrl\":\"https:\/\/arizer.eu\/wp-content\/uploads\/sites\/8\/2019\/11\/extreme-q-remote.png\",\"width\":600,\"height\":600},{\"@type\":\"BreadcrumbList\",\"@id\":\"https:\/\/arizer.eu\/fr\/produkt\/extreme-q-remote-control\/#breadcrumb\",\"itemListElement\":[{\"@type\":\"ListItem\",\"position\":1,\"name\":\"Home\",\"item\":\"https:\/\/arizer.eu\/fr\/\"},{\"@type\":\"ListItem\",\"position\":2,\"name\":\"T\u00e9l\u00e9commande Extreme Q\"}]},{\"@type\":\"WebSite\",\"@id\":\"https:\/\/arizer.eu\/fr\/#website\",\"url\":\"https:\/\/arizer.eu\/fr\/\",\"name\":\"Arizer EU\",\"description\":\"Best Portable Electronic Vaporizers | Better By Design\",\"publisher\":{\"@id\":\"https:\/\/arizer.eu\/fr\/#organization\"},\"potentialAction\":[{\"@type\":\"SearchAction\",\"target\":{\"@type\":\"EntryPoint\",\"urlTemplate\":\"https:\/\/arizer.eu\/fr\/?s={search_term_string}\"},\"query-input\":{\"@type\":\"PropertyValueSpecification\",\"valueRequired\":true,\"valueName\":\"search_term_string\"}}],\"inLanguage\":\"fr-FR\"},{\"@type\":\"Organization\",\"@id\":\"https:\/\/arizer.eu\/fr\/#organization\",\"name\":\"AR TECH\",\"url\":\"https:\/\/arizer.eu\/fr\/\",\"logo\":{\"@type\":\"ImageObject\",\"inLanguage\":\"fr-FR\",\"@id\":\"https:\/\/arizer.eu\/fr\/#\/schema\/logo\/image\/\",\"url\":\"\",\"contentUrl\":\"\",\"caption\":\"AR TECH\"},\"image\":{\"@id\":\"https:\/\/arizer.eu\/fr\/#\/schema\/logo\/image\/\"},\"sameAs\":[\"https:\/\/www.instagram.com\/arizertech\/\",\"https:\/\/www.youtube.com\/channel\/UCg1A_lcPMTaYi5GHJnxvM_A\"]}]}<\/script>\n<meta property=\"product:price:amount\" content=\"9.35\" \/>\n<meta property=\"product:price:currency\" content=\"EUR\" \/>\n<meta property=\"og:availability\" content=\"instock\" \/>\n<meta property=\"product:availability\" content=\"instock\" \/>\n<meta property=\"product:retailer_item_id\" content=\"2172\" \/>\n<meta property=\"product:condition\" content=\"new\" \/>\n<!-- \/ Yoast SEO Premium plugin. -->","yoast_head_json":{"title":"Buy Remote Control for Arizer Extreme Q","description":"Buy Original Remote Control for Arizer Extreme Q Only. \u2705 Best Price \u2705 Fast Shipping Options.","robots":{"index":"index","follow":"follow","max-snippet":"max-snippet:-1","max-image-preview":"max-image-preview:large","max-video-preview":"max-video-preview:-1"},"og_locale":"fr_FR","og_type":"article","og_title":"T\u00e9l\u00e9commande Extreme Q","og_description":"Description : T\u00e9l\u00e9commande pratique avec acc\u00e8s direct aux param\u00e8tres de session personnalis\u00e9s les plus fr\u00e9quemment  utilis\u00e9s : 1 x T\u00e9l\u00e9commande Extreme Q","og_url":"https:\/\/arizer.eu\/fr\/produkt\/extreme-q-remote-control\/","og_site_name":"Arizer EU","article_modified_time":"2025-04-04T13:07:04+00:00","og_image":[{"width":600,"height":600,"url":"https:\/\/arizer.eu\/wp-content\/uploads\/sites\/8\/2019\/11\/extreme-q-remote.png","type":"image\/png"}],"twitter_card":"summary_large_image","twitter_misc":{"Prix":"9.35&euro;","Disponibilit\u00e9":"En stock"},"schema":{"@context":"https:\/\/schema.org","@graph":[{"@type":"WebPage","@id":"https:\/\/arizer.eu\/fr\/produkt\/extreme-q-remote-control\/","url":"https:\/\/arizer.eu\/fr\/produkt\/extreme-q-remote-control\/","name":"Buy Remote Control for Arizer Extreme Q","isPartOf":{"@id":"https:\/\/arizer.eu\/fr\/#website"},"primaryImageOfPage":{"@id":"https:\/\/arizer.eu\/fr\/produkt\/extreme-q-remote-control\/#primaryimage"},"image":{"@id":"https:\/\/arizer.eu\/fr\/produkt\/extreme-q-remote-control\/#primaryimage"},"thumbnailUrl":"https:\/\/arizer.eu\/wp-content\/uploads\/sites\/8\/2019\/11\/extreme-q-remote.png","datePublished":"2019-11-25T07:52:05+00:00","dateModified":"2025-04-04T13:07:04+00:00","description":"Buy Original Remote Control for Arizer Extreme Q Only. \u2705 Best Price \u2705 Fast Shipping Options.","breadcrumb":{"@id":"https:\/\/arizer.eu\/fr\/produkt\/extreme-q-remote-control\/#breadcrumb"},"inLanguage":"fr-FR","potentialAction":[{"@type":"ReadAction","target":["https:\/\/arizer.eu\/fr\/produkt\/extreme-q-remote-control\/"]}]},{"@type":"ImageObject","inLanguage":"fr-FR","@id":"https:\/\/arizer.eu\/fr\/produkt\/extreme-q-remote-control\/#primaryimage","url":"https:\/\/arizer.eu\/wp-content\/uploads\/sites\/8\/2019\/11\/extreme-q-remote.png","contentUrl":"https:\/\/arizer.eu\/wp-content\/uploads\/sites\/8\/2019\/11\/extreme-q-remote.png","width":600,"height":600},{"@type":"BreadcrumbList","@id":"https:\/\/arizer.eu\/fr\/produkt\/extreme-q-remote-control\/#breadcrumb","itemListElement":[{"@type":"ListItem","position":1,"name":"Home","item":"https:\/\/arizer.eu\/fr\/"},{"@type":"ListItem","position":2,"name":"T\u00e9l\u00e9commande Extreme Q"}]},{"@type":"WebSite","@id":"https:\/\/arizer.eu\/fr\/#website","url":"https:\/\/arizer.eu\/fr\/","name":"Arizer EU","description":"Best Portable Electronic Vaporizers | Better By Design","publisher":{"@id":"https:\/\/arizer.eu\/fr\/#organization"},"potentialAction":[{"@type":"SearchAction","target":{"@type":"EntryPoint","urlTemplate":"https:\/\/arizer.eu\/fr\/?s={search_term_string}"},"query-input":{"@type":"PropertyValueSpecification","valueRequired":true,"valueName":"search_term_string"}}],"inLanguage":"fr-FR"},{"@type":"Organization","@id":"https:\/\/arizer.eu\/fr\/#organization","name":"AR TECH","url":"https:\/\/arizer.eu\/fr\/","logo":{"@type":"ImageObject","inLanguage":"fr-FR","@id":"https:\/\/arizer.eu\/fr\/#\/schema\/logo\/image\/","url":"","contentUrl":"","caption":"AR TECH"},"image":{"@id":"https:\/\/arizer.eu\/fr\/#\/schema\/logo\/image\/"},"sameAs":["https:\/\/www.instagram.com\/arizertech\/","https:\/\/www.youtube.com\/channel\/UCg1A_lcPMTaYi5GHJnxvM_A"]}]},"product_price_amount":"9.35","product_price_currency":"EUR","og_availability":"instock","product_availability":"instock","product_retailer_item_id":"2172","product_condition":"new"},"_links":{"self":[{"href":"https:\/\/arizer.eu\/fr\/wp-json\/wp\/v2\/product\/20211039451","targetHints":{"allow":["GET"]}}],"collection":[{"href":"https:\/\/arizer.eu\/fr\/wp-json\/wp\/v2\/product"}],"about":[{"href":"https:\/\/arizer.eu\/fr\/wp-json\/wp\/v2\/types\/product"}],"replies":[{"embeddable":true,"href":"https:\/\/arizer.eu\/fr\/wp-json\/wp\/v2\/comments?post=20211039451"}],"version-history":[{"count":2,"href":"https:\/\/arizer.eu\/fr\/wp-json\/wp\/v2\/product\/20211039451\/revisions"}],"predecessor-version":[{"id":20211045649,"href":"https:\/\/arizer.eu\/fr\/wp-json\/wp\/v2\/product\/20211039451\/revisions\/20211045649"}],"wp:featuredmedia":[{"embeddable":true,"href":"https:\/\/arizer.eu\/fr\/wp-json\/wp\/v2\/media\/20211032372"}],"wp:attachment":[{"href":"https:\/\/arizer.eu\/fr\/wp-json\/wp\/v2\/media?parent=20211039451"}],"wp:term":[{"taxonomy":"product_brand","embeddable":true,"href":"https:\/\/arizer.eu\/fr\/wp-json\/wp\/v2\/product_brand?post=20211039451"},{"taxonomy":"product_cat","embeddable":true,"href":"https:\/\/arizer.eu\/fr\/wp-json\/wp\/v2\/product_cat?post=20211039451"},{"taxonomy":"product_tag","embeddable":true,"href":"https:\/\/arizer.eu\/fr\/wp-json\/wp\/v2\/product_tag?post=20211039451"}],"curies":[{"name":"wp","href":"https:\/\/api.w.org\/{rel}","templated":true}]}}