{"id":20211039396,"date":"2019-11-25T07:32:11","date_gmt":"2019-11-25T07:32:11","guid":{"rendered":"https:\/\/arizer-europe.com\/glass-mini-whip-w-glass-screen\/"},"modified":"2025-09-03T06:58:45","modified_gmt":"2025-09-03T06:58:45","slug":"glass-mini-whip-w-glass-screen","status":"publish","type":"product","link":"https:\/\/arizer.eu\/fr\/produkt\/glass-mini-whip-w-glass-screen\/","title":{"rendered":"Glass Mini Whip avec \u00e9cran en verre"},"content":{"rendered":"","protected":false},"excerpt":{"rendered":"<p>Description : Un design en verre pur, refroidissant la vapeur, \u00e0 utiliser avec le syst\u00e8me Balloon.<\/p>\n<p><em><strong>*Id\u00e9al pour une utilisation avec des plantes enti\u00e8res ou grossi\u00e8rement moulues. <\/strong><\/em><\/p>\n<p>Comprend : 1 x Mini fouet en verre avec \u00e9cran en verre<\/p>\n","protected":false},"featured_media":20211033028,"comment_status":"closed","ping_status":"closed","template":"","meta":{"_acf_changed":false},"product_brand":[],"product_cat":[872,888,1430,980,996],"product_tag":[1168,1179,1183,1203],"class_list":{"0":"post-20211039396","1":"product","2":"type-product","3":"status-publish","4":"has-post-thumbnail","6":"product_cat-extreme-q-accessories-fr","7":"product_cat-extreme-q-parts-fr","8":"product_cat-rh-3-fr","9":"product_cat-xq2-acessories-fr","10":"product_cat-xq2-parts-fr","11":"product_tag-frosted-glass-balloon-mouthpiece-fr","12":"product_tag-glass-connoisseur-bowl-fr","13":"product_tag-glass-cyclone-bowl-fr","14":"product_tag-glass-tuff-bowl-fr","15":"pa_brand-arizer-fr","16":"entry","18":"first","19":"instock","20":"sale","21":"taxable","22":"shipping-taxable","23":"purchasable","24":"product-type-simple"},"bundled_by":[],"bundle_stock_status":"instock","bundle_stock_quantity":83,"bundle_virtual":false,"bundle_layout":"","bundle_add_to_cart_form_location":"","bundle_editable_in_cart":false,"bundle_sold_individually_context":"","bundle_item_grouping":"","bundle_min_size":"","bundle_max_size":"","bundle_price":[],"bundled_items":[],"bundle_sell_ids":[],"acf":[],"yoast_head":"<!-- This site is optimized with the Yoast SEO Premium plugin v27.1 (Yoast SEO v27.1.1) - https:\/\/yoast.com\/product\/yoast-seo-premium-wordpress\/ -->\n<title>Buy Glass Mini Whip with Glass Screen at Best Price - Arizer<\/title>\n<meta name=\"description\" content=\"Buy Original Glass Mini Whip with Glass Screen which is Ideal for use with whole or coarsely ground botanicals. \u2705 Fast Shipping.\" \/>\n<meta name=\"robots\" content=\"index, follow, max-snippet:-1, max-image-preview:large, max-video-preview:-1\" \/>\n<meta property=\"og:locale\" content=\"fr_FR\" \/>\n<meta property=\"og:type\" content=\"article\" \/>\n<meta property=\"og:title\" content=\"Glass Mini Whip avec \u00e9cran en verre\" \/>\n<meta property=\"og:description\" content=\"Description : Un design en verre pur, refroidissant la vapeur, \u00e0 utiliser avec le syst\u00e8me Balloon.  *Id\u00e9al pour une utilisation avec des plantes enti\u00e8res ou grossi\u00e8rement moulues.   Comprend : 1 x Mini fouet en verre avec \u00e9cran en verre\" \/>\n<meta property=\"og:url\" content=\"https:\/\/arizer.eu\/fr\/produkt\/glass-mini-whip-w-glass-screen\/\" \/>\n<meta property=\"og:site_name\" content=\"Arizer EU\" \/>\n<meta property=\"article:modified_time\" content=\"2025-09-03T06:58:45+00:00\" \/>\n<meta property=\"og:image\" content=\"https:\/\/arizer.eu\/wp-content\/uploads\/sites\/8\/2019\/11\/glass-mini-whip-with-glass-screen.jpeg\" \/>\n\t<meta property=\"og:image:width\" content=\"1000\" \/>\n\t<meta property=\"og:image:height\" content=\"1000\" \/>\n\t<meta property=\"og:image:type\" content=\"image\/jpeg\" \/>\n<meta name=\"twitter:card\" content=\"summary_large_image\" \/>\n<meta name=\"twitter:label1\" content=\"Prix\" \/>\n\t<meta name=\"twitter:data1\" content=\"8.93&euro;\" \/>\n\t<meta name=\"twitter:label2\" content=\"Disponibilit\u00e9\" \/>\n\t<meta name=\"twitter:data2\" content=\"En stock\" \/>\n<script type=\"application\/ld+json\" class=\"yoast-schema-graph\">{\"@context\":\"https:\/\/schema.org\",\"@graph\":[{\"@type\":\"WebPage\",\"@id\":\"https:\/\/arizer.eu\/fr\/produkt\/glass-mini-whip-w-glass-screen\/\",\"url\":\"https:\/\/arizer.eu\/fr\/produkt\/glass-mini-whip-w-glass-screen\/\",\"name\":\"Buy Glass Mini Whip with Glass Screen at Best Price - Arizer\",\"isPartOf\":{\"@id\":\"https:\/\/arizer.eu\/fr\/#website\"},\"primaryImageOfPage\":{\"@id\":\"https:\/\/arizer.eu\/fr\/produkt\/glass-mini-whip-w-glass-screen\/#primaryimage\"},\"image\":{\"@id\":\"https:\/\/arizer.eu\/fr\/produkt\/glass-mini-whip-w-glass-screen\/#primaryimage\"},\"thumbnailUrl\":\"https:\/\/arizer.eu\/wp-content\/uploads\/sites\/8\/2019\/11\/glass-mini-whip-with-glass-screen.jpeg\",\"datePublished\":\"2019-11-25T07:32:11+00:00\",\"dateModified\":\"2025-09-03T06:58:45+00:00\",\"description\":\"Buy Original Glass Mini Whip with Glass Screen which is Ideal for use with whole or coarsely ground botanicals. \u2705 Fast Shipping.\",\"breadcrumb\":{\"@id\":\"https:\/\/arizer.eu\/fr\/produkt\/glass-mini-whip-w-glass-screen\/#breadcrumb\"},\"inLanguage\":\"fr-FR\",\"potentialAction\":[{\"@type\":\"ReadAction\",\"target\":[\"https:\/\/arizer.eu\/fr\/produkt\/glass-mini-whip-w-glass-screen\/\"]}]},{\"@type\":\"ImageObject\",\"inLanguage\":\"fr-FR\",\"@id\":\"https:\/\/arizer.eu\/fr\/produkt\/glass-mini-whip-w-glass-screen\/#primaryimage\",\"url\":\"https:\/\/arizer.eu\/wp-content\/uploads\/sites\/8\/2019\/11\/glass-mini-whip-with-glass-screen.jpeg\",\"contentUrl\":\"https:\/\/arizer.eu\/wp-content\/uploads\/sites\/8\/2019\/11\/glass-mini-whip-with-glass-screen.jpeg\",\"width\":1000,\"height\":1000},{\"@type\":\"BreadcrumbList\",\"@id\":\"https:\/\/arizer.eu\/fr\/produkt\/glass-mini-whip-w-glass-screen\/#breadcrumb\",\"itemListElement\":[{\"@type\":\"ListItem\",\"position\":1,\"name\":\"Home\",\"item\":\"https:\/\/arizer.eu\/fr\/\"},{\"@type\":\"ListItem\",\"position\":2,\"name\":\"Glass Mini Whip avec \u00e9cran en verre\"}]},{\"@type\":\"WebSite\",\"@id\":\"https:\/\/arizer.eu\/fr\/#website\",\"url\":\"https:\/\/arizer.eu\/fr\/\",\"name\":\"Arizer EU\",\"description\":\"Best Portable Electronic Vaporizers | Better By Design\",\"publisher\":{\"@id\":\"https:\/\/arizer.eu\/fr\/#organization\"},\"potentialAction\":[{\"@type\":\"SearchAction\",\"target\":{\"@type\":\"EntryPoint\",\"urlTemplate\":\"https:\/\/arizer.eu\/fr\/?s={search_term_string}\"},\"query-input\":{\"@type\":\"PropertyValueSpecification\",\"valueRequired\":true,\"valueName\":\"search_term_string\"}}],\"inLanguage\":\"fr-FR\"},{\"@type\":\"Organization\",\"@id\":\"https:\/\/arizer.eu\/fr\/#organization\",\"name\":\"AR TECH\",\"url\":\"https:\/\/arizer.eu\/fr\/\",\"logo\":{\"@type\":\"ImageObject\",\"inLanguage\":\"fr-FR\",\"@id\":\"https:\/\/arizer.eu\/fr\/#\/schema\/logo\/image\/\",\"url\":\"\",\"contentUrl\":\"\",\"caption\":\"AR TECH\"},\"image\":{\"@id\":\"https:\/\/arizer.eu\/fr\/#\/schema\/logo\/image\/\"},\"sameAs\":[\"https:\/\/www.instagram.com\/arizertech\/\",\"https:\/\/www.youtube.com\/channel\/UCg1A_lcPMTaYi5GHJnxvM_A\"]}]}<\/script>\n<meta property=\"product:price:amount\" content=\"8.93\" \/>\n<meta property=\"product:price:currency\" content=\"EUR\" \/>\n<meta property=\"og:availability\" content=\"instock\" \/>\n<meta property=\"product:availability\" content=\"instock\" \/>\n<meta property=\"product:retailer_item_id\" content=\"6895\" \/>\n<meta property=\"product:condition\" content=\"new\" \/>\n<!-- \/ Yoast SEO Premium plugin. -->","yoast_head_json":{"title":"Buy Glass Mini Whip with Glass Screen at Best Price - Arizer","description":"Buy Original Glass Mini Whip with Glass Screen which is Ideal for use with whole or coarsely ground botanicals. \u2705 Fast Shipping.","robots":{"index":"index","follow":"follow","max-snippet":"max-snippet:-1","max-image-preview":"max-image-preview:large","max-video-preview":"max-video-preview:-1"},"og_locale":"fr_FR","og_type":"article","og_title":"Glass Mini Whip avec \u00e9cran en verre","og_description":"Description : Un design en verre pur, refroidissant la vapeur, \u00e0 utiliser avec le syst\u00e8me Balloon.  *Id\u00e9al pour une utilisation avec des plantes enti\u00e8res ou grossi\u00e8rement moulues.   Comprend : 1 x Mini fouet en verre avec \u00e9cran en verre","og_url":"https:\/\/arizer.eu\/fr\/produkt\/glass-mini-whip-w-glass-screen\/","og_site_name":"Arizer EU","article_modified_time":"2025-09-03T06:58:45+00:00","og_image":[{"width":1000,"height":1000,"url":"https:\/\/arizer.eu\/wp-content\/uploads\/sites\/8\/2019\/11\/glass-mini-whip-with-glass-screen.jpeg","type":"image\/jpeg"}],"twitter_card":"summary_large_image","twitter_misc":{"Prix":"8.93&euro;","Disponibilit\u00e9":"En stock"},"schema":{"@context":"https:\/\/schema.org","@graph":[{"@type":"WebPage","@id":"https:\/\/arizer.eu\/fr\/produkt\/glass-mini-whip-w-glass-screen\/","url":"https:\/\/arizer.eu\/fr\/produkt\/glass-mini-whip-w-glass-screen\/","name":"Buy Glass Mini Whip with Glass Screen at Best Price - Arizer","isPartOf":{"@id":"https:\/\/arizer.eu\/fr\/#website"},"primaryImageOfPage":{"@id":"https:\/\/arizer.eu\/fr\/produkt\/glass-mini-whip-w-glass-screen\/#primaryimage"},"image":{"@id":"https:\/\/arizer.eu\/fr\/produkt\/glass-mini-whip-w-glass-screen\/#primaryimage"},"thumbnailUrl":"https:\/\/arizer.eu\/wp-content\/uploads\/sites\/8\/2019\/11\/glass-mini-whip-with-glass-screen.jpeg","datePublished":"2019-11-25T07:32:11+00:00","dateModified":"2025-09-03T06:58:45+00:00","description":"Buy Original Glass Mini Whip with Glass Screen which is Ideal for use with whole or coarsely ground botanicals. \u2705 Fast Shipping.","breadcrumb":{"@id":"https:\/\/arizer.eu\/fr\/produkt\/glass-mini-whip-w-glass-screen\/#breadcrumb"},"inLanguage":"fr-FR","potentialAction":[{"@type":"ReadAction","target":["https:\/\/arizer.eu\/fr\/produkt\/glass-mini-whip-w-glass-screen\/"]}]},{"@type":"ImageObject","inLanguage":"fr-FR","@id":"https:\/\/arizer.eu\/fr\/produkt\/glass-mini-whip-w-glass-screen\/#primaryimage","url":"https:\/\/arizer.eu\/wp-content\/uploads\/sites\/8\/2019\/11\/glass-mini-whip-with-glass-screen.jpeg","contentUrl":"https:\/\/arizer.eu\/wp-content\/uploads\/sites\/8\/2019\/11\/glass-mini-whip-with-glass-screen.jpeg","width":1000,"height":1000},{"@type":"BreadcrumbList","@id":"https:\/\/arizer.eu\/fr\/produkt\/glass-mini-whip-w-glass-screen\/#breadcrumb","itemListElement":[{"@type":"ListItem","position":1,"name":"Home","item":"https:\/\/arizer.eu\/fr\/"},{"@type":"ListItem","position":2,"name":"Glass Mini Whip avec \u00e9cran en verre"}]},{"@type":"WebSite","@id":"https:\/\/arizer.eu\/fr\/#website","url":"https:\/\/arizer.eu\/fr\/","name":"Arizer EU","description":"Best Portable Electronic Vaporizers | Better By Design","publisher":{"@id":"https:\/\/arizer.eu\/fr\/#organization"},"potentialAction":[{"@type":"SearchAction","target":{"@type":"EntryPoint","urlTemplate":"https:\/\/arizer.eu\/fr\/?s={search_term_string}"},"query-input":{"@type":"PropertyValueSpecification","valueRequired":true,"valueName":"search_term_string"}}],"inLanguage":"fr-FR"},{"@type":"Organization","@id":"https:\/\/arizer.eu\/fr\/#organization","name":"AR TECH","url":"https:\/\/arizer.eu\/fr\/","logo":{"@type":"ImageObject","inLanguage":"fr-FR","@id":"https:\/\/arizer.eu\/fr\/#\/schema\/logo\/image\/","url":"","contentUrl":"","caption":"AR TECH"},"image":{"@id":"https:\/\/arizer.eu\/fr\/#\/schema\/logo\/image\/"},"sameAs":["https:\/\/www.instagram.com\/arizertech\/","https:\/\/www.youtube.com\/channel\/UCg1A_lcPMTaYi5GHJnxvM_A"]}]},"product_price_amount":"8.93","product_price_currency":"EUR","og_availability":"instock","product_availability":"instock","product_retailer_item_id":"6895","product_condition":"new"},"_links":{"self":[{"href":"https:\/\/arizer.eu\/fr\/wp-json\/wp\/v2\/product\/20211039396","targetHints":{"allow":["GET"]}}],"collection":[{"href":"https:\/\/arizer.eu\/fr\/wp-json\/wp\/v2\/product"}],"about":[{"href":"https:\/\/arizer.eu\/fr\/wp-json\/wp\/v2\/types\/product"}],"replies":[{"embeddable":true,"href":"https:\/\/arizer.eu\/fr\/wp-json\/wp\/v2\/comments?post=20211039396"}],"version-history":[{"count":3,"href":"https:\/\/arizer.eu\/fr\/wp-json\/wp\/v2\/product\/20211039396\/revisions"}],"predecessor-version":[{"id":20211045595,"href":"https:\/\/arizer.eu\/fr\/wp-json\/wp\/v2\/product\/20211039396\/revisions\/20211045595"}],"wp:featuredmedia":[{"embeddable":true,"href":"https:\/\/arizer.eu\/fr\/wp-json\/wp\/v2\/media\/20211033028"}],"wp:attachment":[{"href":"https:\/\/arizer.eu\/fr\/wp-json\/wp\/v2\/media?parent=20211039396"}],"wp:term":[{"taxonomy":"product_brand","embeddable":true,"href":"https:\/\/arizer.eu\/fr\/wp-json\/wp\/v2\/product_brand?post=20211039396"},{"taxonomy":"product_cat","embeddable":true,"href":"https:\/\/arizer.eu\/fr\/wp-json\/wp\/v2\/product_cat?post=20211039396"},{"taxonomy":"product_tag","embeddable":true,"href":"https:\/\/arizer.eu\/fr\/wp-json\/wp\/v2\/product_tag?post=20211039396"}],"curies":[{"name":"wp","href":"https:\/\/api.w.org\/{rel}","templated":true}]}}