{"id":20211039322,"date":"2021-09-29T13:51:36","date_gmt":"2021-09-29T13:51:36","guid":{"rendered":"https:\/\/arizer-europe.com\/xq2-ac110-240v-dc19v-power-adapter\/"},"modified":"2026-01-26T13:45:36","modified_gmt":"2026-01-26T13:45:36","slug":"xq2-ac110-240v-dc19v-power-adapter","status":"publish","type":"product","link":"https:\/\/arizer.eu\/fr\/produkt\/xq2-ac110-240v-dc19v-power-adapter\/","title":{"rendered":"Adaptateur \u00e9lectrique AC110-240v, DC19v"},"content":{"rendered":"","protected":false},"excerpt":{"rendered":"<p>Description : \u00c9quip\u00e9 pour une utilisation mondiale avec une capacit\u00e9 d&rsquo;entr\u00e9e de 110-240V et des certifications de s\u00e9curit\u00e9 internationales.<\/p>\n<p>Comprend : 1 x adaptateur d&rsquo;alimentation avec cordon d&rsquo;alimentation<\/p>\n","protected":false},"featured_media":20211032264,"comment_status":"closed","ping_status":"closed","template":"","meta":{"_acf_changed":false},"product_brand":[],"product_cat":[872,892,1430,952,972,980,1000],"product_tag":[1164,1227,1235],"class_list":{"0":"post-20211039322","1":"product","2":"type-product","3":"status-publish","4":"has-post-thumbnail","6":"product_cat-extreme-q-accessories-fr","7":"product_cat-extreme-q-power-fr","8":"product_cat-rh-3-fr","9":"product_cat-v-tower-accessories-fr","10":"product_cat-v-tower-power-fr","11":"product_cat-xq2-acessories-fr","12":"product_cat-xq2-power-fr","13":"product_tag-extreme-q-fr","14":"product_tag-v-tower-fr","15":"product_tag-xq2-fr","16":"pa_brand-arizer-fr","17":"entry","19":"first","20":"instock","21":"sale","22":"taxable","23":"shipping-taxable","24":"purchasable","25":"product-type-variable","26":"has-default-attributes","27":"rtwpvs-product"},"bundled_by":[],"bundle_stock_status":"instock","bundle_stock_quantity":44,"bundle_virtual":false,"bundle_layout":"","bundle_add_to_cart_form_location":"","bundle_editable_in_cart":false,"bundle_sold_individually_context":"","bundle_item_grouping":"","bundle_min_size":"","bundle_max_size":"","bundle_price":[],"bundled_items":[],"bundle_sell_ids":[],"acf":[],"yoast_head":"<!-- This site is optimized with the Yoast SEO Premium plugin v27.1 (Yoast SEO v27.1.1) - https:\/\/yoast.com\/product\/yoast-seo-premium-wordpress\/ -->\n<title>XQ2 Power Adapter with Power Cord.<\/title>\n<meta name=\"description\" content=\"Buy Arizer XQ2 Power Adapter Power Cord at best price from the Official Arizer Online Store.\" \/>\n<meta name=\"robots\" content=\"index, follow, max-snippet:-1, max-image-preview:large, max-video-preview:-1\" \/>\n<meta property=\"og:locale\" content=\"fr_FR\" \/>\n<meta property=\"og:type\" content=\"article\" \/>\n<meta property=\"og:title\" content=\"Adaptateur \u00e9lectrique AC110-240v, DC19v\" \/>\n<meta property=\"og:description\" content=\"Description : \u00c9quip\u00e9 pour une utilisation mondiale avec une capacit\u00e9 d&#039;entr\u00e9e de 110-240V et des certifications de s\u00e9curit\u00e9 internationales.  Comprend : 1 x adaptateur d&#039;alimentation avec cordon d&#039;alimentation\" \/>\n<meta property=\"og:url\" content=\"https:\/\/arizer.eu\/fr\/produkt\/xq2-ac110-240v-dc19v-power-adapter\/\" \/>\n<meta property=\"og:site_name\" content=\"Arizer EU\" \/>\n<meta property=\"article:modified_time\" content=\"2026-01-26T13:45:36+00:00\" \/>\n<meta property=\"og:image\" content=\"https:\/\/arizer.eu\/wp-content\/uploads\/sites\/8\/2020\/01\/extreme-q-and-v-tower-power-charger-us.png\" \/>\n\t<meta property=\"og:image:width\" content=\"600\" \/>\n\t<meta property=\"og:image:height\" content=\"600\" \/>\n\t<meta property=\"og:image:type\" content=\"image\/png\" \/>\n<meta name=\"twitter:card\" content=\"summary_large_image\" \/>\n<meta name=\"twitter:label1\" content=\"Disponibilit\u00e9\" \/>\n\t<meta name=\"twitter:data1\" content=\"En stock\" \/>\n<script type=\"application\/ld+json\" class=\"yoast-schema-graph\">{\"@context\":\"https:\/\/schema.org\",\"@graph\":[{\"@type\":\"WebPage\",\"@id\":\"https:\/\/arizer.eu\/fr\/produkt\/xq2-ac110-240v-dc19v-power-adapter\/\",\"url\":\"https:\/\/arizer.eu\/fr\/produkt\/xq2-ac110-240v-dc19v-power-adapter\/\",\"name\":\"XQ2 Power Adapter with Power Cord.\",\"isPartOf\":{\"@id\":\"https:\/\/arizer.eu\/fr\/#website\"},\"primaryImageOfPage\":{\"@id\":\"https:\/\/arizer.eu\/fr\/produkt\/xq2-ac110-240v-dc19v-power-adapter\/#primaryimage\"},\"image\":{\"@id\":\"https:\/\/arizer.eu\/fr\/produkt\/xq2-ac110-240v-dc19v-power-adapter\/#primaryimage\"},\"thumbnailUrl\":\"https:\/\/arizer.eu\/wp-content\/uploads\/sites\/8\/2020\/01\/extreme-q-and-v-tower-power-charger-us.png\",\"datePublished\":\"2021-09-29T13:51:36+00:00\",\"dateModified\":\"2026-01-26T13:45:36+00:00\",\"description\":\"Buy Arizer XQ2 Power Adapter Power Cord at best price from the Official Arizer Online Store.\",\"breadcrumb\":{\"@id\":\"https:\/\/arizer.eu\/fr\/produkt\/xq2-ac110-240v-dc19v-power-adapter\/#breadcrumb\"},\"inLanguage\":\"fr-FR\",\"potentialAction\":[{\"@type\":\"ReadAction\",\"target\":[\"https:\/\/arizer.eu\/fr\/produkt\/xq2-ac110-240v-dc19v-power-adapter\/\"]}]},{\"@type\":\"ImageObject\",\"inLanguage\":\"fr-FR\",\"@id\":\"https:\/\/arizer.eu\/fr\/produkt\/xq2-ac110-240v-dc19v-power-adapter\/#primaryimage\",\"url\":\"https:\/\/arizer.eu\/wp-content\/uploads\/sites\/8\/2020\/01\/extreme-q-and-v-tower-power-charger-us.png\",\"contentUrl\":\"https:\/\/arizer.eu\/wp-content\/uploads\/sites\/8\/2020\/01\/extreme-q-and-v-tower-power-charger-us.png\",\"width\":600,\"height\":600},{\"@type\":\"BreadcrumbList\",\"@id\":\"https:\/\/arizer.eu\/fr\/produkt\/xq2-ac110-240v-dc19v-power-adapter\/#breadcrumb\",\"itemListElement\":[{\"@type\":\"ListItem\",\"position\":1,\"name\":\"Home\",\"item\":\"https:\/\/arizer.eu\/fr\/\"},{\"@type\":\"ListItem\",\"position\":2,\"name\":\"Adaptateur \u00e9lectrique AC110-240v, DC19v\"}]},{\"@type\":\"WebSite\",\"@id\":\"https:\/\/arizer.eu\/fr\/#website\",\"url\":\"https:\/\/arizer.eu\/fr\/\",\"name\":\"Arizer EU\",\"description\":\"Best Portable Electronic Vaporizers | Better By Design\",\"publisher\":{\"@id\":\"https:\/\/arizer.eu\/fr\/#organization\"},\"potentialAction\":[{\"@type\":\"SearchAction\",\"target\":{\"@type\":\"EntryPoint\",\"urlTemplate\":\"https:\/\/arizer.eu\/fr\/?s={search_term_string}\"},\"query-input\":{\"@type\":\"PropertyValueSpecification\",\"valueRequired\":true,\"valueName\":\"search_term_string\"}}],\"inLanguage\":\"fr-FR\"},{\"@type\":\"Organization\",\"@id\":\"https:\/\/arizer.eu\/fr\/#organization\",\"name\":\"AR TECH\",\"url\":\"https:\/\/arizer.eu\/fr\/\",\"logo\":{\"@type\":\"ImageObject\",\"inLanguage\":\"fr-FR\",\"@id\":\"https:\/\/arizer.eu\/fr\/#\/schema\/logo\/image\/\",\"url\":\"\",\"contentUrl\":\"\",\"caption\":\"AR TECH\"},\"image\":{\"@id\":\"https:\/\/arizer.eu\/fr\/#\/schema\/logo\/image\/\"},\"sameAs\":[\"https:\/\/www.instagram.com\/arizertech\/\",\"https:\/\/www.youtube.com\/channel\/UCg1A_lcPMTaYi5GHJnxvM_A\"]}]}<\/script>\n<meta property=\"og:availability\" content=\"instock\" \/>\n<meta property=\"product:availability\" content=\"instock\" \/>\n<meta property=\"product:condition\" content=\"new\" \/>\n<!-- \/ Yoast SEO Premium plugin. -->","yoast_head_json":{"title":"XQ2 Power Adapter with Power Cord.","description":"Buy Arizer XQ2 Power Adapter Power Cord at best price from the Official Arizer Online Store.","robots":{"index":"index","follow":"follow","max-snippet":"max-snippet:-1","max-image-preview":"max-image-preview:large","max-video-preview":"max-video-preview:-1"},"og_locale":"fr_FR","og_type":"article","og_title":"Adaptateur \u00e9lectrique AC110-240v, DC19v","og_description":"Description : \u00c9quip\u00e9 pour une utilisation mondiale avec une capacit\u00e9 d'entr\u00e9e de 110-240V et des certifications de s\u00e9curit\u00e9 internationales.  Comprend : 1 x adaptateur d'alimentation avec cordon d'alimentation","og_url":"https:\/\/arizer.eu\/fr\/produkt\/xq2-ac110-240v-dc19v-power-adapter\/","og_site_name":"Arizer EU","article_modified_time":"2026-01-26T13:45:36+00:00","og_image":[{"width":600,"height":600,"url":"https:\/\/arizer.eu\/wp-content\/uploads\/sites\/8\/2020\/01\/extreme-q-and-v-tower-power-charger-us.png","type":"image\/png"}],"twitter_card":"summary_large_image","twitter_misc":{"Disponibilit\u00e9":"En stock"},"schema":{"@context":"https:\/\/schema.org","@graph":[{"@type":"WebPage","@id":"https:\/\/arizer.eu\/fr\/produkt\/xq2-ac110-240v-dc19v-power-adapter\/","url":"https:\/\/arizer.eu\/fr\/produkt\/xq2-ac110-240v-dc19v-power-adapter\/","name":"XQ2 Power Adapter with Power Cord.","isPartOf":{"@id":"https:\/\/arizer.eu\/fr\/#website"},"primaryImageOfPage":{"@id":"https:\/\/arizer.eu\/fr\/produkt\/xq2-ac110-240v-dc19v-power-adapter\/#primaryimage"},"image":{"@id":"https:\/\/arizer.eu\/fr\/produkt\/xq2-ac110-240v-dc19v-power-adapter\/#primaryimage"},"thumbnailUrl":"https:\/\/arizer.eu\/wp-content\/uploads\/sites\/8\/2020\/01\/extreme-q-and-v-tower-power-charger-us.png","datePublished":"2021-09-29T13:51:36+00:00","dateModified":"2026-01-26T13:45:36+00:00","description":"Buy Arizer XQ2 Power Adapter Power Cord at best price from the Official Arizer Online Store.","breadcrumb":{"@id":"https:\/\/arizer.eu\/fr\/produkt\/xq2-ac110-240v-dc19v-power-adapter\/#breadcrumb"},"inLanguage":"fr-FR","potentialAction":[{"@type":"ReadAction","target":["https:\/\/arizer.eu\/fr\/produkt\/xq2-ac110-240v-dc19v-power-adapter\/"]}]},{"@type":"ImageObject","inLanguage":"fr-FR","@id":"https:\/\/arizer.eu\/fr\/produkt\/xq2-ac110-240v-dc19v-power-adapter\/#primaryimage","url":"https:\/\/arizer.eu\/wp-content\/uploads\/sites\/8\/2020\/01\/extreme-q-and-v-tower-power-charger-us.png","contentUrl":"https:\/\/arizer.eu\/wp-content\/uploads\/sites\/8\/2020\/01\/extreme-q-and-v-tower-power-charger-us.png","width":600,"height":600},{"@type":"BreadcrumbList","@id":"https:\/\/arizer.eu\/fr\/produkt\/xq2-ac110-240v-dc19v-power-adapter\/#breadcrumb","itemListElement":[{"@type":"ListItem","position":1,"name":"Home","item":"https:\/\/arizer.eu\/fr\/"},{"@type":"ListItem","position":2,"name":"Adaptateur \u00e9lectrique AC110-240v, DC19v"}]},{"@type":"WebSite","@id":"https:\/\/arizer.eu\/fr\/#website","url":"https:\/\/arizer.eu\/fr\/","name":"Arizer EU","description":"Best Portable Electronic Vaporizers | Better By Design","publisher":{"@id":"https:\/\/arizer.eu\/fr\/#organization"},"potentialAction":[{"@type":"SearchAction","target":{"@type":"EntryPoint","urlTemplate":"https:\/\/arizer.eu\/fr\/?s={search_term_string}"},"query-input":{"@type":"PropertyValueSpecification","valueRequired":true,"valueName":"search_term_string"}}],"inLanguage":"fr-FR"},{"@type":"Organization","@id":"https:\/\/arizer.eu\/fr\/#organization","name":"AR TECH","url":"https:\/\/arizer.eu\/fr\/","logo":{"@type":"ImageObject","inLanguage":"fr-FR","@id":"https:\/\/arizer.eu\/fr\/#\/schema\/logo\/image\/","url":"","contentUrl":"","caption":"AR TECH"},"image":{"@id":"https:\/\/arizer.eu\/fr\/#\/schema\/logo\/image\/"},"sameAs":["https:\/\/www.instagram.com\/arizertech\/","https:\/\/www.youtube.com\/channel\/UCg1A_lcPMTaYi5GHJnxvM_A"]}]},"og_availability":"instock","product_availability":"instock","product_condition":"new"},"_links":{"self":[{"href":"https:\/\/arizer.eu\/fr\/wp-json\/wp\/v2\/product\/20211039322","targetHints":{"allow":["GET"]}}],"collection":[{"href":"https:\/\/arizer.eu\/fr\/wp-json\/wp\/v2\/product"}],"about":[{"href":"https:\/\/arizer.eu\/fr\/wp-json\/wp\/v2\/types\/product"}],"replies":[{"embeddable":true,"href":"https:\/\/arizer.eu\/fr\/wp-json\/wp\/v2\/comments?post=20211039322"}],"version-history":[{"count":3,"href":"https:\/\/arizer.eu\/fr\/wp-json\/wp\/v2\/product\/20211039322\/revisions"}],"predecessor-version":[{"id":20211045556,"href":"https:\/\/arizer.eu\/fr\/wp-json\/wp\/v2\/product\/20211039322\/revisions\/20211045556"}],"wp:featuredmedia":[{"embeddable":true,"href":"https:\/\/arizer.eu\/fr\/wp-json\/wp\/v2\/media\/20211032264"}],"wp:attachment":[{"href":"https:\/\/arizer.eu\/fr\/wp-json\/wp\/v2\/media?parent=20211039322"}],"wp:term":[{"taxonomy":"product_brand","embeddable":true,"href":"https:\/\/arizer.eu\/fr\/wp-json\/wp\/v2\/product_brand?post=20211039322"},{"taxonomy":"product_cat","embeddable":true,"href":"https:\/\/arizer.eu\/fr\/wp-json\/wp\/v2\/product_cat?post=20211039322"},{"taxonomy":"product_tag","embeddable":true,"href":"https:\/\/arizer.eu\/fr\/wp-json\/wp\/v2\/product_tag?post=20211039322"}],"curies":[{"name":"wp","href":"https:\/\/api.w.org\/{rel}","templated":true}]}}