{"id":20211039262,"date":"2021-09-16T08:00:46","date_gmt":"2021-09-16T08:00:46","guid":{"rendered":"https:\/\/arizer-europe.com\/glass-connoisseur-bowl\/"},"modified":"2026-01-27T14:17:05","modified_gmt":"2026-01-27T14:17:05","slug":"glass-connoisseur-bowl","status":"publish","type":"product","link":"https:\/\/arizer.eu\/fr\/produkt\/glass-connoisseur-bowl\/","title":{"rendered":"Glass Connoisseur Bowl"},"content":{"rendered":"","protected":false},"excerpt":{"rendered":"<p>Description : Flux d&rsquo;air complet optimis\u00e9, \u00e9cran en verre et deux tailles de chambre. Utilisez la chambre Cloud avec une grande capacit\u00e9 pour une production de vapeur rapide et puissante, ou utilisez la chambre Flavor avec une petite capacit\u00e9 de microdosage pour une vapeur l\u00e9g\u00e8re, douce et savoureuse.<\/p>\n<p>Comprend : 1 x Bol Connaisseur en verre<\/p>\n","protected":false},"featured_media":20211033228,"comment_status":"closed","ping_status":"closed","template":"","meta":{"_acf_changed":false},"product_brand":[],"product_cat":[872,888,1430,952,968,980,996],"product_tag":[1164,1227,1235],"class_list":{"0":"post-20211039262","1":"product","2":"type-product","3":"status-publish","4":"has-post-thumbnail","6":"product_cat-extreme-q-accessories-fr","7":"product_cat-extreme-q-parts-fr","8":"product_cat-rh-3-fr","9":"product_cat-v-tower-accessories-fr","10":"product_cat-v-tower-parts-fr","11":"product_cat-xq2-acessories-fr","12":"product_cat-xq2-parts-fr","13":"product_tag-extreme-q-fr","14":"product_tag-v-tower-fr","15":"product_tag-xq2-fr","16":"entry","18":"first","19":"instock","20":"sale","21":"taxable","22":"shipping-taxable","23":"purchasable","24":"product-type-simple"},"bundled_by":[],"bundle_stock_status":"instock","bundle_stock_quantity":285,"bundle_virtual":false,"bundle_layout":"","bundle_add_to_cart_form_location":"","bundle_editable_in_cart":false,"bundle_sold_individually_context":"","bundle_item_grouping":"","bundle_min_size":"","bundle_max_size":"","bundle_price":[],"bundled_items":[],"bundle_sell_ids":[],"acf":[],"yoast_head":"<!-- This site is optimized with the Yoast SEO Premium plugin v27.1 (Yoast SEO v27.1.1) - https:\/\/yoast.com\/product\/yoast-seo-premium-wordpress\/ -->\n<title>Glass Connoisseur Bowl for Arizer XQ2<\/title>\n<meta name=\"description\" content=\"Buy Arizer 1 x Glass Connoisseur Bowl for Arizer XQ2 at best price from the Official Arizer Online Store.\" \/>\n<meta name=\"robots\" content=\"index, follow, max-snippet:-1, max-image-preview:large, max-video-preview:-1\" \/>\n<meta property=\"og:locale\" content=\"fr_FR\" \/>\n<meta property=\"og:type\" content=\"article\" \/>\n<meta property=\"og:title\" content=\"Glass Connoisseur Bowl\" \/>\n<meta property=\"og:description\" content=\"Description : Flux d&#039;air complet optimis\u00e9, \u00e9cran en verre et deux tailles de chambre. Utilisez la chambre Cloud avec une grande capacit\u00e9 pour une production de vapeur rapide et puissante, ou utilisez la chambre Flavor avec une petite capacit\u00e9 de microdosage pour une vapeur l\u00e9g\u00e8re, douce et savoureuse. Comprend : 1 x Bol Connaisseur en verre\" \/>\n<meta property=\"og:url\" content=\"https:\/\/arizer.eu\/fr\/produkt\/glass-connoisseur-bowl\/\" \/>\n<meta property=\"og:site_name\" content=\"Arizer EU\" \/>\n<meta property=\"article:modified_time\" content=\"2026-01-27T14:17:05+00:00\" \/>\n<meta property=\"og:image\" content=\"https:\/\/arizer.eu\/wp-content\/uploads\/sites\/8\/2023\/02\/XQ2-Conn-Bowl_NEW.jpg\" \/>\n\t<meta property=\"og:image:width\" content=\"1000\" \/>\n\t<meta property=\"og:image:height\" content=\"1000\" \/>\n\t<meta property=\"og:image:type\" content=\"image\/jpeg\" \/>\n<meta name=\"twitter:card\" content=\"summary_large_image\" \/>\n<meta name=\"twitter:label1\" content=\"Prix\" \/>\n\t<meta name=\"twitter:data1\" content=\"11.48&euro;\" \/>\n\t<meta name=\"twitter:label2\" content=\"Disponibilit\u00e9\" \/>\n\t<meta name=\"twitter:data2\" content=\"En stock\" \/>\n<script type=\"application\/ld+json\" class=\"yoast-schema-graph\">{\"@context\":\"https:\/\/schema.org\",\"@graph\":[{\"@type\":\"WebPage\",\"@id\":\"https:\/\/arizer.eu\/fr\/produkt\/glass-connoisseur-bowl\/\",\"url\":\"https:\/\/arizer.eu\/fr\/produkt\/glass-connoisseur-bowl\/\",\"name\":\"Glass Connoisseur Bowl for Arizer XQ2\",\"isPartOf\":{\"@id\":\"https:\/\/arizer.eu\/fr\/#website\"},\"primaryImageOfPage\":{\"@id\":\"https:\/\/arizer.eu\/fr\/produkt\/glass-connoisseur-bowl\/#primaryimage\"},\"image\":{\"@id\":\"https:\/\/arizer.eu\/fr\/produkt\/glass-connoisseur-bowl\/#primaryimage\"},\"thumbnailUrl\":\"https:\/\/arizer.eu\/wp-content\/uploads\/sites\/8\/2023\/02\/XQ2-Conn-Bowl_NEW.jpg\",\"datePublished\":\"2021-09-16T08:00:46+00:00\",\"dateModified\":\"2026-01-27T14:17:05+00:00\",\"description\":\"Buy Arizer 1 x Glass Connoisseur Bowl for Arizer XQ2 at best price from the Official Arizer Online Store.\",\"breadcrumb\":{\"@id\":\"https:\/\/arizer.eu\/fr\/produkt\/glass-connoisseur-bowl\/#breadcrumb\"},\"inLanguage\":\"fr-FR\",\"potentialAction\":[{\"@type\":\"ReadAction\",\"target\":[\"https:\/\/arizer.eu\/fr\/produkt\/glass-connoisseur-bowl\/\"]}]},{\"@type\":\"ImageObject\",\"inLanguage\":\"fr-FR\",\"@id\":\"https:\/\/arizer.eu\/fr\/produkt\/glass-connoisseur-bowl\/#primaryimage\",\"url\":\"https:\/\/arizer.eu\/wp-content\/uploads\/sites\/8\/2023\/02\/XQ2-Conn-Bowl_NEW.jpg\",\"contentUrl\":\"https:\/\/arizer.eu\/wp-content\/uploads\/sites\/8\/2023\/02\/XQ2-Conn-Bowl_NEW.jpg\",\"width\":1000,\"height\":1000},{\"@type\":\"BreadcrumbList\",\"@id\":\"https:\/\/arizer.eu\/fr\/produkt\/glass-connoisseur-bowl\/#breadcrumb\",\"itemListElement\":[{\"@type\":\"ListItem\",\"position\":1,\"name\":\"Home\",\"item\":\"https:\/\/arizer.eu\/fr\/\"},{\"@type\":\"ListItem\",\"position\":2,\"name\":\"Glass Connoisseur Bowl\"}]},{\"@type\":\"WebSite\",\"@id\":\"https:\/\/arizer.eu\/fr\/#website\",\"url\":\"https:\/\/arizer.eu\/fr\/\",\"name\":\"Arizer EU\",\"description\":\"Best Portable Electronic Vaporizers | Better By Design\",\"publisher\":{\"@id\":\"https:\/\/arizer.eu\/fr\/#organization\"},\"potentialAction\":[{\"@type\":\"SearchAction\",\"target\":{\"@type\":\"EntryPoint\",\"urlTemplate\":\"https:\/\/arizer.eu\/fr\/?s={search_term_string}\"},\"query-input\":{\"@type\":\"PropertyValueSpecification\",\"valueRequired\":true,\"valueName\":\"search_term_string\"}}],\"inLanguage\":\"fr-FR\"},{\"@type\":\"Organization\",\"@id\":\"https:\/\/arizer.eu\/fr\/#organization\",\"name\":\"AR TECH\",\"url\":\"https:\/\/arizer.eu\/fr\/\",\"logo\":{\"@type\":\"ImageObject\",\"inLanguage\":\"fr-FR\",\"@id\":\"https:\/\/arizer.eu\/fr\/#\/schema\/logo\/image\/\",\"url\":\"\",\"contentUrl\":\"\",\"caption\":\"AR TECH\"},\"image\":{\"@id\":\"https:\/\/arizer.eu\/fr\/#\/schema\/logo\/image\/\"},\"sameAs\":[\"https:\/\/www.instagram.com\/arizertech\/\",\"https:\/\/www.youtube.com\/channel\/UCg1A_lcPMTaYi5GHJnxvM_A\"]}]}<\/script>\n<meta property=\"product:price:amount\" content=\"11.48\" \/>\n<meta property=\"product:price:currency\" content=\"EUR\" \/>\n<meta property=\"og:availability\" content=\"instock\" \/>\n<meta property=\"product:availability\" content=\"instock\" \/>\n<meta property=\"product:retailer_item_id\" content=\"6565\" \/>\n<meta property=\"product:condition\" content=\"new\" \/>\n<!-- \/ Yoast SEO Premium plugin. -->","yoast_head_json":{"title":"Glass Connoisseur Bowl for Arizer XQ2","description":"Buy Arizer 1 x Glass Connoisseur Bowl for Arizer XQ2 at best price from the Official Arizer Online Store.","robots":{"index":"index","follow":"follow","max-snippet":"max-snippet:-1","max-image-preview":"max-image-preview:large","max-video-preview":"max-video-preview:-1"},"og_locale":"fr_FR","og_type":"article","og_title":"Glass Connoisseur Bowl","og_description":"Description : Flux d'air complet optimis\u00e9, \u00e9cran en verre et deux tailles de chambre. Utilisez la chambre Cloud avec une grande capacit\u00e9 pour une production de vapeur rapide et puissante, ou utilisez la chambre Flavor avec une petite capacit\u00e9 de microdosage pour une vapeur l\u00e9g\u00e8re, douce et savoureuse. Comprend : 1 x Bol Connaisseur en verre","og_url":"https:\/\/arizer.eu\/fr\/produkt\/glass-connoisseur-bowl\/","og_site_name":"Arizer EU","article_modified_time":"2026-01-27T14:17:05+00:00","og_image":[{"width":1000,"height":1000,"url":"https:\/\/arizer.eu\/wp-content\/uploads\/sites\/8\/2023\/02\/XQ2-Conn-Bowl_NEW.jpg","type":"image\/jpeg"}],"twitter_card":"summary_large_image","twitter_misc":{"Prix":"11.48&euro;","Disponibilit\u00e9":"En stock"},"schema":{"@context":"https:\/\/schema.org","@graph":[{"@type":"WebPage","@id":"https:\/\/arizer.eu\/fr\/produkt\/glass-connoisseur-bowl\/","url":"https:\/\/arizer.eu\/fr\/produkt\/glass-connoisseur-bowl\/","name":"Glass Connoisseur Bowl for Arizer XQ2","isPartOf":{"@id":"https:\/\/arizer.eu\/fr\/#website"},"primaryImageOfPage":{"@id":"https:\/\/arizer.eu\/fr\/produkt\/glass-connoisseur-bowl\/#primaryimage"},"image":{"@id":"https:\/\/arizer.eu\/fr\/produkt\/glass-connoisseur-bowl\/#primaryimage"},"thumbnailUrl":"https:\/\/arizer.eu\/wp-content\/uploads\/sites\/8\/2023\/02\/XQ2-Conn-Bowl_NEW.jpg","datePublished":"2021-09-16T08:00:46+00:00","dateModified":"2026-01-27T14:17:05+00:00","description":"Buy Arizer 1 x Glass Connoisseur Bowl for Arizer XQ2 at best price from the Official Arizer Online Store.","breadcrumb":{"@id":"https:\/\/arizer.eu\/fr\/produkt\/glass-connoisseur-bowl\/#breadcrumb"},"inLanguage":"fr-FR","potentialAction":[{"@type":"ReadAction","target":["https:\/\/arizer.eu\/fr\/produkt\/glass-connoisseur-bowl\/"]}]},{"@type":"ImageObject","inLanguage":"fr-FR","@id":"https:\/\/arizer.eu\/fr\/produkt\/glass-connoisseur-bowl\/#primaryimage","url":"https:\/\/arizer.eu\/wp-content\/uploads\/sites\/8\/2023\/02\/XQ2-Conn-Bowl_NEW.jpg","contentUrl":"https:\/\/arizer.eu\/wp-content\/uploads\/sites\/8\/2023\/02\/XQ2-Conn-Bowl_NEW.jpg","width":1000,"height":1000},{"@type":"BreadcrumbList","@id":"https:\/\/arizer.eu\/fr\/produkt\/glass-connoisseur-bowl\/#breadcrumb","itemListElement":[{"@type":"ListItem","position":1,"name":"Home","item":"https:\/\/arizer.eu\/fr\/"},{"@type":"ListItem","position":2,"name":"Glass Connoisseur Bowl"}]},{"@type":"WebSite","@id":"https:\/\/arizer.eu\/fr\/#website","url":"https:\/\/arizer.eu\/fr\/","name":"Arizer EU","description":"Best Portable Electronic Vaporizers | Better By Design","publisher":{"@id":"https:\/\/arizer.eu\/fr\/#organization"},"potentialAction":[{"@type":"SearchAction","target":{"@type":"EntryPoint","urlTemplate":"https:\/\/arizer.eu\/fr\/?s={search_term_string}"},"query-input":{"@type":"PropertyValueSpecification","valueRequired":true,"valueName":"search_term_string"}}],"inLanguage":"fr-FR"},{"@type":"Organization","@id":"https:\/\/arizer.eu\/fr\/#organization","name":"AR TECH","url":"https:\/\/arizer.eu\/fr\/","logo":{"@type":"ImageObject","inLanguage":"fr-FR","@id":"https:\/\/arizer.eu\/fr\/#\/schema\/logo\/image\/","url":"","contentUrl":"","caption":"AR TECH"},"image":{"@id":"https:\/\/arizer.eu\/fr\/#\/schema\/logo\/image\/"},"sameAs":["https:\/\/www.instagram.com\/arizertech\/","https:\/\/www.youtube.com\/channel\/UCg1A_lcPMTaYi5GHJnxvM_A"]}]},"product_price_amount":"11.48","product_price_currency":"EUR","og_availability":"instock","product_availability":"instock","product_retailer_item_id":"6565","product_condition":"new"},"_links":{"self":[{"href":"https:\/\/arizer.eu\/fr\/wp-json\/wp\/v2\/product\/20211039262","targetHints":{"allow":["GET"]}}],"collection":[{"href":"https:\/\/arizer.eu\/fr\/wp-json\/wp\/v2\/product"}],"about":[{"href":"https:\/\/arizer.eu\/fr\/wp-json\/wp\/v2\/types\/product"}],"replies":[{"embeddable":true,"href":"https:\/\/arizer.eu\/fr\/wp-json\/wp\/v2\/comments?post=20211039262"}],"version-history":[{"count":4,"href":"https:\/\/arizer.eu\/fr\/wp-json\/wp\/v2\/product\/20211039262\/revisions"}],"predecessor-version":[{"id":20211045478,"href":"https:\/\/arizer.eu\/fr\/wp-json\/wp\/v2\/product\/20211039262\/revisions\/20211045478"}],"wp:featuredmedia":[{"embeddable":true,"href":"https:\/\/arizer.eu\/fr\/wp-json\/wp\/v2\/media\/20211033228"}],"wp:attachment":[{"href":"https:\/\/arizer.eu\/fr\/wp-json\/wp\/v2\/media?parent=20211039262"}],"wp:term":[{"taxonomy":"product_brand","embeddable":true,"href":"https:\/\/arizer.eu\/fr\/wp-json\/wp\/v2\/product_brand?post=20211039262"},{"taxonomy":"product_cat","embeddable":true,"href":"https:\/\/arizer.eu\/fr\/wp-json\/wp\/v2\/product_cat?post=20211039262"},{"taxonomy":"product_tag","embeddable":true,"href":"https:\/\/arizer.eu\/fr\/wp-json\/wp\/v2\/product_tag?post=20211039262"}],"curies":[{"name":"wp","href":"https:\/\/api.w.org\/{rel}","templated":true}]}}