{"id":20211043389,"date":"2025-01-28T11:04:00","date_gmt":"2025-01-28T11:04:00","guid":{"rendered":"https:\/\/arizer.eu\/home\/about\/why-dry-herb-vaporizers\/"},"modified":"2025-05-29T06:54:43","modified_gmt":"2025-05-29T06:54:43","slug":"why-dry-herb-vaporizers","status":"publish","type":"page","link":"https:\/\/arizer.eu\/fr\/home\/about\/why-dry-herb-vaporizers\/","title":{"rendered":"Vous envisagez d&rsquo;utiliser un vaporisateur d&rsquo;herbe s\u00e8che ?"},"content":{"rendered":"\t\t<div data-elementor-type=\"wp-page\" data-elementor-id=\"20211043389\" class=\"elementor elementor-20211043389 elementor-20211042632\" data-elementor-post-type=\"page\">\n\t\t\t\t<div class=\"elementor-element elementor-element-a235986 e-con-full e-flex e-con e-parent\" data-id=\"a235986\" data-element_type=\"container\" data-e-type=\"container\">\n\t\t\t\t<div class=\"elementor-element elementor-element-231aa95a elementor-hidden-mobile elementor-widget elementor-widget-theme-post-featured-image elementor-widget-image\" data-id=\"231aa95a\" data-element_type=\"widget\" data-e-type=\"widget\" data-widget_type=\"theme-post-featured-image.default\">\n\t\t\t\t<div class=\"elementor-widget-container\">\n\t\t\t\t\t\t\t\t\t\t\t\t\t\t\t<img decoding=\"async\" src=\"https:\/\/arizer.net\/wp-content\/uploads\/sites\/5\/2025\/01\/DESKTOP-1-1.jpg\" title=\"\" alt=\"\" loading=\"lazy\" \/>\t\t\t\t\t\t\t\t\t\t\t\t\t\t\t<\/div>\n\t\t\t\t<\/div>\n\t\t\t\t<div class=\"elementor-element elementor-element-7edaafa elementor-hidden-desktop elementor-hidden-tablet elementor-widget elementor-widget-image\" data-id=\"7edaafa\" data-element_type=\"widget\" data-e-type=\"widget\" data-widget_type=\"image.default\">\n\t\t\t\t<div class=\"elementor-widget-container\">\n\t\t\t\t\t\t\t\t\t\t\t\t\t\t\t<img fetchpriority=\"high\" decoding=\"async\" width=\"430\" height=\"484\" src=\"https:\/\/arizer.eu\/wp-content\/uploads\/sites\/8\/2025\/01\/MOBILE.jpg\" class=\"attachment-full size-full wp-image-20211042641 wp-post-image\" alt=\"\" srcset=\"https:\/\/arizer.eu\/wp-content\/uploads\/sites\/8\/2025\/01\/MOBILE.jpg 430w, https:\/\/arizer.eu\/wp-content\/uploads\/sites\/8\/2025\/01\/MOBILE-267x300.jpg 267w, https:\/\/arizer.eu\/wp-content\/uploads\/sites\/8\/2025\/01\/MOBILE-21x24.jpg 21w, https:\/\/arizer.eu\/wp-content\/uploads\/sites\/8\/2025\/01\/MOBILE-32x36.jpg 32w, https:\/\/arizer.eu\/wp-content\/uploads\/sites\/8\/2025\/01\/MOBILE-43x48.jpg 43w\" sizes=\"(max-width: 34.9rem) calc(100vw - 2rem), (max-width: 53rem) calc(8 * (100vw \/ 12)), (min-width: 53rem) calc(6 * (100vw \/ 12)), 100vw\" title=\"\" \/>\t\t\t\t\t\t\t\t\t\t\t\t\t\t\t<\/div>\n\t\t\t\t<\/div>\n\t\t<div class=\"elementor-element elementor-element-14f83af4 e-flex e-con-boxed e-con e-child\" data-id=\"14f83af4\" data-element_type=\"container\" data-e-type=\"container\">\n\t\t\t\t\t<div class=\"e-con-inner\">\n\t\t\t\t<div class=\"elementor-element elementor-element-36d7e388 elementor-widget elementor-widget-text-editor\" data-id=\"36d7e388\" data-element_type=\"widget\" data-e-type=\"widget\" data-widget_type=\"text-editor.default\">\n\t\t\t\t<div class=\"elementor-widget-container\">\n\t\t\t\t\t\t\t\t\t<p><span data-sheets-root=\"1\">La disponibilit\u00e9 croissante de l&rsquo;herbe s\u00e8che et des fleurs provenant de sources fiables (ainsi que les progr\u00e8s du jardinage domestique) signifient que la qualit\u00e9 et la puissance n&rsquo;ont jamais \u00e9t\u00e9 aussi bonnes. Appr\u00e9ciez les saveurs naturelles et cors\u00e9es tout en b\u00e9n\u00e9ficiant de \u00ab l&rsquo;effet d&rsquo;entourage \u00bb de l&rsquo;utilisation de plantes botaniques enti\u00e8res avec un vaporisateur d&rsquo;herbes s\u00e8ches Arizer.<\/span><\/p><p><span data-sheets-root=\"1\">De nombreuses variables affectent le taux d&rsquo;extraction par la chaleur des terp\u00e8nes naturels et des compos\u00e9s botaniques des herbes et fleurs s\u00e8ches. Tous les vaporisateurs d&rsquo;herbe s\u00e8che ont leur propre \u00ab signature de vapeur \u00bb, bas\u00e9e sur les attributs de l&rsquo;appareil tels que la puissance, le temps de chauffe, le contr\u00f4le de la temp\u00e9rature, la conception du four, les propri\u00e9t\u00e9s thermiques et le flux d&rsquo;air, ainsi que sur les donn\u00e9es de l&rsquo;utilisateur telles que le type, la qualit\u00e9, la fra\u00eecheur, la consistance et la densit\u00e9 de chargement de l&rsquo;herbe s\u00e8che\/de la fleur.<\/span><\/p><p><span data-sheets-root=\"1\">M\u00eame s&rsquo;il existe de nombreuses options sur le march\u00e9 aujourd&rsquo;hui, il n&rsquo;y a pas deux vaporisateurs identiques. Certains vaporisateurs privil\u00e9gient des \u00e9l\u00e9ments tels que le temps de chauffe, la stabilit\u00e9 de la temp\u00e9rature, la saveur ou la vitesse d&rsquo;extraction, au d\u00e9triment d&rsquo;autres caract\u00e9ristiques. M\u00eame des \u00e9l\u00e9ments tels que la temp\u00e9rature de surface de l&rsquo;appareil, la dur\u00e9e de vie de la batterie, le temps de charge de la batterie ou les batteries interchangeables peuvent affecter votre exp\u00e9rience de vapotage.<\/span><\/p><p><span data-sheets-root=\"1\">Arizer offre une vari\u00e9t\u00e9 de vaporisateurs d&rsquo;herbe s\u00e8che portables et de bureau pour r\u00e9pondre aux go\u00fbts et aux besoins de chacun, tout en se distinguant l\u00e0 o\u00f9 cela compte le plus : une qualit\u00e9 sup\u00e9rieure, des performances de premier ordre et des prix abordables. Lisez nos articles de blog sur l&rsquo;herbe s\u00e8che pour en savoir plus sur les vaporisateurs d&rsquo;herbe s\u00e8che et d\u00e9couvrez pourquoi Arizer est meilleur par sa conception.<\/span><\/p>\t\t\t\t\t\t\t\t<\/div>\n\t\t\t\t<\/div>\n\t\t\t\t\t<\/div>\n\t\t\t\t<\/div>\n\t\t\t\t<\/div>\n\t\t<div class=\"elementor-element elementor-element-7c032d3d e-flex e-con-boxed e-con e-parent\" data-id=\"7c032d3d\" data-element_type=\"container\" data-e-type=\"container\">\n\t\t\t\t\t<div class=\"e-con-inner\">\n\t\t\t\t<div class=\"elementor-element elementor-element-72d14cd5 elementor-widget elementor-widget-heading\" data-id=\"72d14cd5\" data-element_type=\"widget\" data-e-type=\"widget\" data-widget_type=\"heading.default\">\n\t\t\t\t<div class=\"elementor-widget-container\">\n\t\t\t\t\t<h5 class=\"elementor-heading-title elementor-size-default\">Articles sur les vaporisateurs \u00e0 sec<\/h5>\t\t\t\t<\/div>\n\t\t\t\t<\/div>\n\t\t\t\t<div class=\"elementor-element elementor-element-67840255 elementor-widget elementor-widget-text-editor\" data-id=\"67840255\" data-element_type=\"widget\" data-e-type=\"widget\" data-widget_type=\"text-editor.default\">\n\t\t\t\t<div class=\"elementor-widget-container\">\n\t\t\t\t\t\t\t\t\t<p><span data-sheets-root=\"1\">Bient\u00f4t disponible<\/span><\/p>\t\t\t\t\t\t\t\t<\/div>\n\t\t\t\t<\/div>\n\t\t\t\t\t<\/div>\n\t\t\t\t<\/div>\n\t\t<div class=\"elementor-element elementor-element-4ff22cce e-flex e-con-boxed e-con e-parent\" data-id=\"4ff22cce\" data-element_type=\"container\" data-e-type=\"container\">\n\t\t\t\t\t<div class=\"e-con-inner\">\n\t\t\t\t<div class=\"elementor-element elementor-element-5cfe9251 elementor-hidden-mobile elementor-widget elementor-widget-text-editor\" data-id=\"5cfe9251\" data-element_type=\"widget\" data-e-type=\"widget\" data-widget_type=\"text-editor.default\">\n\t\t\t\t<div class=\"elementor-widget-container\">\n\t\t\t\t\t\t\t\t\t<a href=\"\/about\/\">About Arizer<\/a> | <a href=\"\/about\/history\/\">History of Arizer<\/a> | <a href=\"\/home\/about\/thinking-about-a-dry-herb-vaporizer\/\">Why Dry<\/a> | <a href=\"\/home\/about\/the-clear-choice-is-glass\/\">The Clarity of Glass<\/a><br>\n<a href=\"\/home\/about\/custom-session-settings\/\">Custom Session Settings<\/a> | <a href=\"\/home\/about\/hints-tips-story\/\">Hints, Tips &amp; Story<\/a> | <a href=\"\/home\/about\/v-scale\/\">V-Scale\u00a0<\/a>\t\t\t\t\t\t\t\t<\/div>\n\t\t\t\t<\/div>\n\t\t\t\t<div class=\"elementor-element elementor-element-4c2da187 elementor-hidden-desktop elementor-hidden-tablet elementor-widget elementor-widget-text-editor\" data-id=\"4c2da187\" data-element_type=\"widget\" data-e-type=\"widget\" data-widget_type=\"text-editor.default\">\n\t\t\t\t<div class=\"elementor-widget-container\">\n\t\t\t\t\t\t\t\t\t<a href=\"\/about\/\">About Arizer<\/a> | <a href=\"\/about\/history\/\">History of Arizer<\/a> | <a href=\"\/home\/about\/thinking-about-a-dry-herb-vaporizer\/\">Why Dry<\/a> | <a href=\"\/home\/about\/the-clear-choice-is-glass\/\">The Clarity of Glass<\/a><br>\n<a href=\"\/home\/about\/custom-session-settings\/\">Custom Session Settings<\/a> | <a href=\"\/home\/about\/hints-tips-story\/\">Hints, Tips &amp; Story<\/a> | <a href=\"\/home\/about\/v-scale\/\">V-Scale\u00a0<\/a>\t\t\t\t\t\t\t\t<\/div>\n\t\t\t\t<\/div>\n\t\t\t\t\t<\/div>\n\t\t\t\t<\/div>\n\t\t\t\t<\/div>\n\t\t","protected":false},"excerpt":{"rendered":"<p>La disponibilit\u00e9 croissante de l&rsquo;herbe s\u00e8che et des fleurs provenant de sources fiables (ainsi que les progr\u00e8s du jardinage domestique) signifient que la qualit\u00e9 et la puissance n&rsquo;ont jamais \u00e9t\u00e9 aussi bonnes. Appr\u00e9ciez les saveurs naturelles et cors\u00e9es tout en b\u00e9n\u00e9ficiant de \u00ab l&rsquo;effet d&rsquo;entourage \u00bb de l&rsquo;utilisation de plantes botaniques enti\u00e8res avec un vaporisateur [&hellip;]<\/p>\n","protected":false},"author":1,"featured_media":0,"parent":20211043305,"menu_order":0,"comment_status":"closed","ping_status":"closed","template":"","meta":{"_acf_changed":false,"footnotes":""},"class_list":["post-20211043389","page","type-page","status-publish","hentry","entry"],"acf":[],"yoast_head":"<!-- This site is optimized with the Yoast SEO Premium plugin v27.1 (Yoast SEO v27.1.1) - https:\/\/yoast.com\/product\/yoast-seo-premium-wordpress\/ -->\n<title>Vous envisagez d&#039;utiliser un vaporisateur d&#039;herbe s\u00e8che ? - Arizer EU<\/title>\n<meta name=\"robots\" content=\"index, follow, max-snippet:-1, max-image-preview:large, max-video-preview:-1\" \/>\n<meta property=\"og:locale\" content=\"fr_FR\" \/>\n<meta property=\"og:type\" content=\"article\" \/>\n<meta property=\"og:title\" content=\"Vous envisagez d&#039;utiliser un vaporisateur d&#039;herbe s\u00e8che ?\" \/>\n<meta property=\"og:description\" content=\"La disponibilit\u00e9 croissante de l&#039;herbe s\u00e8che et des fleurs provenant de sources fiables (ainsi que les progr\u00e8s du jardinage domestique) signifient que la\" \/>\n<meta property=\"og:url\" content=\"https:\/\/arizer.eu\/fr\/home\/about\/why-dry-herb-vaporizers\/\" \/>\n<meta property=\"og:site_name\" content=\"Arizer EU\" \/>\n<meta property=\"article:modified_time\" content=\"2025-05-29T06:54:43+00:00\" \/>\n<meta property=\"og:image\" content=\"https:\/\/arizer.eu\/wp-content\/uploads\/sites\/8\/2025\/01\/MOBILE.jpg\" \/>\n<meta name=\"twitter:card\" content=\"summary_large_image\" \/>\n<meta name=\"twitter:label1\" content=\"Dur\u00e9e de lecture estim\u00e9e\" \/>\n\t<meta name=\"twitter:data1\" content=\"3 minutes\" \/>\n<script type=\"application\/ld+json\" class=\"yoast-schema-graph\">{\"@context\":\"https:\/\/schema.org\",\"@graph\":[{\"@type\":\"WebPage\",\"@id\":\"https:\/\/arizer.eu\/fr\/home\/about\/why-dry-herb-vaporizers\/\",\"url\":\"https:\/\/arizer.eu\/fr\/home\/about\/why-dry-herb-vaporizers\/\",\"name\":\"Vous envisagez d'utiliser un vaporisateur d'herbe s\u00e8che ? - Arizer EU\",\"isPartOf\":{\"@id\":\"https:\/\/arizer.eu\/fr\/#website\"},\"primaryImageOfPage\":{\"@id\":\"https:\/\/arizer.eu\/fr\/home\/about\/why-dry-herb-vaporizers\/#primaryimage\"},\"image\":{\"@id\":\"https:\/\/arizer.eu\/fr\/home\/about\/why-dry-herb-vaporizers\/#primaryimage\"},\"thumbnailUrl\":\"https:\/\/arizer.eu\/wp-content\/uploads\/sites\/8\/2025\/01\/MOBILE.jpg\",\"datePublished\":\"2025-01-28T11:04:00+00:00\",\"dateModified\":\"2025-05-29T06:54:43+00:00\",\"breadcrumb\":{\"@id\":\"https:\/\/arizer.eu\/fr\/home\/about\/why-dry-herb-vaporizers\/#breadcrumb\"},\"inLanguage\":\"fr-FR\",\"potentialAction\":[{\"@type\":\"ReadAction\",\"target\":[\"https:\/\/arizer.eu\/fr\/home\/about\/why-dry-herb-vaporizers\/\"]}]},{\"@type\":\"ImageObject\",\"inLanguage\":\"fr-FR\",\"@id\":\"https:\/\/arizer.eu\/fr\/home\/about\/why-dry-herb-vaporizers\/#primaryimage\",\"url\":\"https:\/\/arizer.eu\/wp-content\/uploads\/sites\/8\/2025\/01\/MOBILE.jpg\",\"contentUrl\":\"https:\/\/arizer.eu\/wp-content\/uploads\/sites\/8\/2025\/01\/MOBILE.jpg\"},{\"@type\":\"BreadcrumbList\",\"@id\":\"https:\/\/arizer.eu\/fr\/home\/about\/why-dry-herb-vaporizers\/#breadcrumb\",\"itemListElement\":[{\"@type\":\"ListItem\",\"position\":1,\"name\":\"Home\",\"item\":\"https:\/\/arizer.eu\/fr\/\"},{\"@type\":\"ListItem\",\"position\":2,\"name\":\"Home\",\"item\":\"https:\/\/arizer.eu\/fr\/\"},{\"@type\":\"ListItem\",\"position\":3,\"name\":\"About\",\"item\":\"https:\/\/arizer.eu\/fr\/home\/about\/\"},{\"@type\":\"ListItem\",\"position\":4,\"name\":\"Vous envisagez d&#8217;utiliser un vaporisateur d&#8217;herbe s\u00e8che ?\"}]},{\"@type\":\"WebSite\",\"@id\":\"https:\/\/arizer.eu\/fr\/#website\",\"url\":\"https:\/\/arizer.eu\/fr\/\",\"name\":\"Arizer EU\",\"description\":\"Best Portable Electronic Vaporizers | Better By Design\",\"publisher\":{\"@id\":\"https:\/\/arizer.eu\/fr\/#organization\"},\"potentialAction\":[{\"@type\":\"SearchAction\",\"target\":{\"@type\":\"EntryPoint\",\"urlTemplate\":\"https:\/\/arizer.eu\/fr\/?s={search_term_string}\"},\"query-input\":{\"@type\":\"PropertyValueSpecification\",\"valueRequired\":true,\"valueName\":\"search_term_string\"}}],\"inLanguage\":\"fr-FR\"},{\"@type\":\"Organization\",\"@id\":\"https:\/\/arizer.eu\/fr\/#organization\",\"name\":\"AR TECH\",\"url\":\"https:\/\/arizer.eu\/fr\/\",\"logo\":{\"@type\":\"ImageObject\",\"inLanguage\":\"fr-FR\",\"@id\":\"https:\/\/arizer.eu\/fr\/#\/schema\/logo\/image\/\",\"url\":\"\",\"contentUrl\":\"\",\"caption\":\"AR TECH\"},\"image\":{\"@id\":\"https:\/\/arizer.eu\/fr\/#\/schema\/logo\/image\/\"},\"sameAs\":[\"https:\/\/www.instagram.com\/arizertech\/\",\"https:\/\/www.youtube.com\/channel\/UCg1A_lcPMTaYi5GHJnxvM_A\"]}]}<\/script>\n<!-- \/ Yoast SEO Premium plugin. -->","yoast_head_json":{"title":"Vous envisagez d'utiliser un vaporisateur d'herbe s\u00e8che ? - Arizer EU","robots":{"index":"index","follow":"follow","max-snippet":"max-snippet:-1","max-image-preview":"max-image-preview:large","max-video-preview":"max-video-preview:-1"},"og_locale":"fr_FR","og_type":"article","og_title":"Vous envisagez d'utiliser un vaporisateur d'herbe s\u00e8che ?","og_description":"La disponibilit\u00e9 croissante de l'herbe s\u00e8che et des fleurs provenant de sources fiables (ainsi que les progr\u00e8s du jardinage domestique) signifient que la","og_url":"https:\/\/arizer.eu\/fr\/home\/about\/why-dry-herb-vaporizers\/","og_site_name":"Arizer EU","article_modified_time":"2025-05-29T06:54:43+00:00","og_image":[{"url":"https:\/\/arizer.eu\/wp-content\/uploads\/sites\/8\/2025\/01\/MOBILE.jpg","type":"","width":"","height":""}],"twitter_card":"summary_large_image","twitter_misc":{"Dur\u00e9e de lecture estim\u00e9e":"3 minutes"},"schema":{"@context":"https:\/\/schema.org","@graph":[{"@type":"WebPage","@id":"https:\/\/arizer.eu\/fr\/home\/about\/why-dry-herb-vaporizers\/","url":"https:\/\/arizer.eu\/fr\/home\/about\/why-dry-herb-vaporizers\/","name":"Vous envisagez d'utiliser un vaporisateur d'herbe s\u00e8che ? - Arizer EU","isPartOf":{"@id":"https:\/\/arizer.eu\/fr\/#website"},"primaryImageOfPage":{"@id":"https:\/\/arizer.eu\/fr\/home\/about\/why-dry-herb-vaporizers\/#primaryimage"},"image":{"@id":"https:\/\/arizer.eu\/fr\/home\/about\/why-dry-herb-vaporizers\/#primaryimage"},"thumbnailUrl":"https:\/\/arizer.eu\/wp-content\/uploads\/sites\/8\/2025\/01\/MOBILE.jpg","datePublished":"2025-01-28T11:04:00+00:00","dateModified":"2025-05-29T06:54:43+00:00","breadcrumb":{"@id":"https:\/\/arizer.eu\/fr\/home\/about\/why-dry-herb-vaporizers\/#breadcrumb"},"inLanguage":"fr-FR","potentialAction":[{"@type":"ReadAction","target":["https:\/\/arizer.eu\/fr\/home\/about\/why-dry-herb-vaporizers\/"]}]},{"@type":"ImageObject","inLanguage":"fr-FR","@id":"https:\/\/arizer.eu\/fr\/home\/about\/why-dry-herb-vaporizers\/#primaryimage","url":"https:\/\/arizer.eu\/wp-content\/uploads\/sites\/8\/2025\/01\/MOBILE.jpg","contentUrl":"https:\/\/arizer.eu\/wp-content\/uploads\/sites\/8\/2025\/01\/MOBILE.jpg"},{"@type":"BreadcrumbList","@id":"https:\/\/arizer.eu\/fr\/home\/about\/why-dry-herb-vaporizers\/#breadcrumb","itemListElement":[{"@type":"ListItem","position":1,"name":"Home","item":"https:\/\/arizer.eu\/fr\/"},{"@type":"ListItem","position":2,"name":"Home","item":"https:\/\/arizer.eu\/fr\/"},{"@type":"ListItem","position":3,"name":"About","item":"https:\/\/arizer.eu\/fr\/home\/about\/"},{"@type":"ListItem","position":4,"name":"Vous envisagez d&#8217;utiliser un vaporisateur d&#8217;herbe s\u00e8che ?"}]},{"@type":"WebSite","@id":"https:\/\/arizer.eu\/fr\/#website","url":"https:\/\/arizer.eu\/fr\/","name":"Arizer EU","description":"Best Portable Electronic Vaporizers | Better By Design","publisher":{"@id":"https:\/\/arizer.eu\/fr\/#organization"},"potentialAction":[{"@type":"SearchAction","target":{"@type":"EntryPoint","urlTemplate":"https:\/\/arizer.eu\/fr\/?s={search_term_string}"},"query-input":{"@type":"PropertyValueSpecification","valueRequired":true,"valueName":"search_term_string"}}],"inLanguage":"fr-FR"},{"@type":"Organization","@id":"https:\/\/arizer.eu\/fr\/#organization","name":"AR TECH","url":"https:\/\/arizer.eu\/fr\/","logo":{"@type":"ImageObject","inLanguage":"fr-FR","@id":"https:\/\/arizer.eu\/fr\/#\/schema\/logo\/image\/","url":"","contentUrl":"","caption":"AR TECH"},"image":{"@id":"https:\/\/arizer.eu\/fr\/#\/schema\/logo\/image\/"},"sameAs":["https:\/\/www.instagram.com\/arizertech\/","https:\/\/www.youtube.com\/channel\/UCg1A_lcPMTaYi5GHJnxvM_A"]}]}},"_links":{"self":[{"href":"https:\/\/arizer.eu\/fr\/wp-json\/wp\/v2\/pages\/20211043389","targetHints":{"allow":["GET"]}}],"collection":[{"href":"https:\/\/arizer.eu\/fr\/wp-json\/wp\/v2\/pages"}],"about":[{"href":"https:\/\/arizer.eu\/fr\/wp-json\/wp\/v2\/types\/page"}],"author":[{"embeddable":true,"href":"https:\/\/arizer.eu\/fr\/wp-json\/wp\/v2\/users\/1"}],"replies":[{"embeddable":true,"href":"https:\/\/arizer.eu\/fr\/wp-json\/wp\/v2\/comments?post=20211043389"}],"version-history":[{"count":5,"href":"https:\/\/arizer.eu\/fr\/wp-json\/wp\/v2\/pages\/20211043389\/revisions"}],"predecessor-version":[{"id":20211048696,"href":"https:\/\/arizer.eu\/fr\/wp-json\/wp\/v2\/pages\/20211043389\/revisions\/20211048696"}],"up":[{"embeddable":true,"href":"https:\/\/arizer.eu\/fr\/wp-json\/wp\/v2\/pages\/20211043305"}],"wp:attachment":[{"href":"https:\/\/arizer.eu\/fr\/wp-json\/wp\/v2\/media?parent=20211043389"}],"curies":[{"name":"wp","href":"https:\/\/api.w.org\/{rel}","templated":true}]}}