{"id":20211043318,"date":"2025-01-28T07:18:25","date_gmt":"2025-01-28T07:18:25","guid":{"rendered":"https:\/\/arizer.eu\/home\/about\/hints-tips-story\/"},"modified":"2025-11-14T11:56:39","modified_gmt":"2025-11-14T11:56:39","slug":"hints-tips-story","status":"publish","type":"page","link":"https:\/\/arizer.eu\/fr\/home\/about\/hints-tips-story\/","title":{"rendered":"Hints, Tips, Story"},"content":{"rendered":"\t\t<div data-elementor-type=\"wp-page\" data-elementor-id=\"20211043318\" class=\"elementor elementor-20211043318 elementor-20211042276\" data-elementor-post-type=\"page\">\n\t\t\t\t<div class=\"elementor-element elementor-element-2f1c434d e-con-full e-flex e-con e-parent\" data-id=\"2f1c434d\" data-element_type=\"container\" data-e-type=\"container\">\n\t\t<div class=\"elementor-element elementor-element-1ea88364 e-flex e-con-boxed e-con e-child\" data-id=\"1ea88364\" data-element_type=\"container\" data-e-type=\"container\">\n\t\t\t\t\t<div class=\"e-con-inner\">\n\t\t\t\t<div class=\"elementor-element elementor-element-c4d863e elementor-hidden-mobile elementor-widget elementor-widget-image\" data-id=\"c4d863e\" data-element_type=\"widget\" data-e-type=\"widget\" data-widget_type=\"image.default\">\n\t\t\t\t<div class=\"elementor-widget-container\">\n\t\t\t\t\t\t\t\t\t\t\t\t\t\t\t<img fetchpriority=\"high\" decoding=\"async\" width=\"1254\" height=\"706\" src=\"https:\/\/arizer.eu\/wp-content\/uploads\/sites\/8\/2025\/01\/Solo-III-2024-New-Website-Design-Tip-and-Tricks-DESKTOP.jpg\" class=\"attachment-full size-full wp-image-20211042280 wp-post-image\" alt=\"\" srcset=\"https:\/\/arizer.eu\/wp-content\/uploads\/sites\/8\/2025\/01\/Solo-III-2024-New-Website-Design-Tip-and-Tricks-DESKTOP.jpg 1254w, https:\/\/arizer.eu\/wp-content\/uploads\/sites\/8\/2025\/01\/Solo-III-2024-New-Website-Design-Tip-and-Tricks-DESKTOP-300x169.jpg 300w, https:\/\/arizer.eu\/wp-content\/uploads\/sites\/8\/2025\/01\/Solo-III-2024-New-Website-Design-Tip-and-Tricks-DESKTOP-1024x577.jpg 1024w, https:\/\/arizer.eu\/wp-content\/uploads\/sites\/8\/2025\/01\/Solo-III-2024-New-Website-Design-Tip-and-Tricks-DESKTOP-768x432.jpg 768w, https:\/\/arizer.eu\/wp-content\/uploads\/sites\/8\/2025\/01\/Solo-III-2024-New-Website-Design-Tip-and-Tricks-DESKTOP-24x14.jpg 24w, https:\/\/arizer.eu\/wp-content\/uploads\/sites\/8\/2025\/01\/Solo-III-2024-New-Website-Design-Tip-and-Tricks-DESKTOP-36x20.jpg 36w, https:\/\/arizer.eu\/wp-content\/uploads\/sites\/8\/2025\/01\/Solo-III-2024-New-Website-Design-Tip-and-Tricks-DESKTOP-48x27.jpg 48w, https:\/\/arizer.eu\/wp-content\/uploads\/sites\/8\/2025\/01\/Solo-III-2024-New-Website-Design-Tip-and-Tricks-DESKTOP-600x338.jpg 600w\" sizes=\"(max-width: 34.9rem) calc(100vw - 2rem), (max-width: 53rem) calc(8 * (100vw \/ 12)), (min-width: 53rem) calc(6 * (100vw \/ 12)), 100vw\" title=\"\" \/>\t\t\t\t\t\t\t\t\t\t\t\t\t\t\t<\/div>\n\t\t\t\t<\/div>\n\t\t\t\t<div class=\"elementor-element elementor-element-7fffd11 elementor-hidden-desktop elementor-hidden-tablet elementor-widget elementor-widget-image\" data-id=\"7fffd11\" data-element_type=\"widget\" data-e-type=\"widget\" data-widget_type=\"image.default\">\n\t\t\t\t<div class=\"elementor-widget-container\">\n\t\t\t\t\t\t\t\t\t\t\t\t\t\t\t<img decoding=\"async\" width=\"430\" height=\"484\" src=\"https:\/\/arizer.eu\/wp-content\/uploads\/sites\/8\/2025\/01\/Solo-III-2024-New-Website-Design-Tip-and-Tricks-MOBILE.jpg\" class=\"attachment-large size-large wp-image-20211042285 wp-post-image\" alt=\"\" srcset=\"https:\/\/arizer.eu\/wp-content\/uploads\/sites\/8\/2025\/01\/Solo-III-2024-New-Website-Design-Tip-and-Tricks-MOBILE.jpg 430w, https:\/\/arizer.eu\/wp-content\/uploads\/sites\/8\/2025\/01\/Solo-III-2024-New-Website-Design-Tip-and-Tricks-MOBILE-267x300.jpg 267w, https:\/\/arizer.eu\/wp-content\/uploads\/sites\/8\/2025\/01\/Solo-III-2024-New-Website-Design-Tip-and-Tricks-MOBILE-21x24.jpg 21w, https:\/\/arizer.eu\/wp-content\/uploads\/sites\/8\/2025\/01\/Solo-III-2024-New-Website-Design-Tip-and-Tricks-MOBILE-32x36.jpg 32w, https:\/\/arizer.eu\/wp-content\/uploads\/sites\/8\/2025\/01\/Solo-III-2024-New-Website-Design-Tip-and-Tricks-MOBILE-43x48.jpg 43w\" sizes=\"(max-width: 34.9rem) calc(100vw - 2rem), (max-width: 53rem) calc(8 * (100vw \/ 12)), (min-width: 53rem) calc(6 * (100vw \/ 12)), 100vw\" title=\"\" \/>\t\t\t\t\t\t\t\t\t\t\t\t\t\t\t<\/div>\n\t\t\t\t<\/div>\n\t\t<div class=\"elementor-element elementor-element-77b6283e e-con-full e-flex e-con e-child\" data-id=\"77b6283e\" data-element_type=\"container\" data-e-type=\"container\">\n\t\t\t\t<div class=\"elementor-element elementor-element-456467c0 elementor-widget elementor-widget-heading\" data-id=\"456467c0\" data-element_type=\"widget\" data-e-type=\"widget\" data-widget_type=\"heading.default\">\n\t\t\t\t<div class=\"elementor-widget-container\">\n\t\t\t\t\t<h2 class=\"elementor-heading-title elementor-size-default\">CONSEILS, ASTUCES, HISTOIRE<\/h2>\t\t\t\t<\/div>\n\t\t\t\t<\/div>\n\t\t\t\t<div class=\"elementor-element elementor-element-41cab33d elementor-widget elementor-widget-text-editor\" data-id=\"41cab33d\" data-element_type=\"widget\" data-e-type=\"widget\" data-widget_type=\"text-editor.default\">\n\t\t\t\t<div class=\"elementor-widget-container\">\n\t\t\t\t\t\t\t\t\t<p>Get the most out of your Arizer dry herb vaporizers with these helpful hints gathered from our knowledgeable staff and resourceful customers. More information and specs for our products can be found on our support pages.<\/p>\t\t\t\t\t\t\t\t<\/div>\n\t\t\t\t<\/div>\n\t\t\t\t<\/div>\n\t\t\t\t\t<\/div>\n\t\t\t\t<\/div>\n\t\t\t\t<\/div>\n\t\t<div class=\"elementor-element elementor-element-4eff02a9 e-con-full e-flex e-con e-parent\" data-id=\"4eff02a9\" data-element_type=\"container\" data-e-type=\"container\" data-settings=\"{&quot;background_background&quot;:&quot;classic&quot;}\">\n\t\t<div class=\"elementor-element elementor-element-740f8899 e-flex e-con-boxed e-con e-child\" data-id=\"740f8899\" data-element_type=\"container\" data-e-type=\"container\">\n\t\t\t\t\t<div class=\"e-con-inner\">\n\t\t\t\t<div class=\"elementor-element elementor-element-475956f2 elementor-widget elementor-widget-heading\" data-id=\"475956f2\" data-element_type=\"widget\" data-e-type=\"widget\" data-widget_type=\"heading.default\">\n\t\t\t\t<div class=\"elementor-widget-container\">\n\t\t\t\t\t<h5 class=\"elementor-heading-title elementor-size-default\">Arizer Hints and Tips Blog Articles:<\/h5>\t\t\t\t<\/div>\n\t\t\t\t<\/div>\n\t\t\t\t<div class=\"elementor-element elementor-element-5e2f3469 elementor-widget elementor-widget-text-editor\" data-id=\"5e2f3469\" data-element_type=\"widget\" data-e-type=\"widget\" data-widget_type=\"text-editor.default\">\n\t\t\t\t<div class=\"elementor-widget-container\">\n\t\t\t\t\t\t\t\t\t<p><a href=\"\/home\/about\/hints-tips-story\/get-the-most-from-your-cyclone-connoisseur-bowls\/\"><span style=\"font-weight: 400;\">Get The Most From Your Aroma Tubes<\/span><\/a><a href=\"\/home\/about\/hints-tips-story\/get-the-most-from-your-cyclone-connoisseur-bowls\/\"><span style=\"font-weight: 400;\"> &#8211; The perfect vapor starts with the perfect pack.<\/span><\/a><\/p><p><a href=\"https:\/\/arizer.me\/home\/about\/hints-tips-story\/get-the-most-from-your-cyclone-connoisseur-bowls\/\"><span style=\"font-weight: 400;\">Get The Most From Your Cyclone &amp; Connoisseur Bowls<\/span><span style=\"font-weight: 400;\"> &#8211; Desktop bowls explained.<\/span><\/a><\/p><p><a href=\"\/home\/about\/hints-tips-story\/arizer-hints-tips-temperature-recommendations\/\"><span style=\"font-weight: 400;\">Temperature Recommendations<\/span><span style=\"font-weight: 400;\"> &#8211; Dial in the connoisseur in you.<\/span><\/a><\/p><p><a href=\"\/home\/about\/hints-tips-story\/arizer-hints-tips-battery-swapping\/\"><span style=\"font-weight: 400;\">Battery Swapping<\/span><span style=\"font-weight: 400;\"> &#8211; Never miss a beat with interchangeable rechargeable batteries.<\/span><\/a><\/p><p><a href=\"\/home\/about\/hints-tips-story\/bubbler-basics-with-the-frosted-glass-aroma-tubes\/\"><span style=\"font-weight: 400;\">Bubbler Basics<\/span><span style=\"font-weight: 400;\"> &#8211; Feel the ripple effect with hard hitting bubbler action.<\/span><\/a><\/p><p><a href=\"\/home\/about\/hints-tips-story\/cleaning-maintenance\/\"><span style=\"font-weight: 400;\">Cleaning &amp; Maintenance<\/span><span style=\"font-weight: 400;\"> &#8211; Easy to clean glass in just a few steps.<\/span><\/a><\/p>\t\t\t\t\t\t\t\t<\/div>\n\t\t\t\t<\/div>\n\t\t\t\t\t<\/div>\n\t\t\t\t<\/div>\n\t\t\t\t<\/div>\n\t\t<div class=\"elementor-element elementor-element-19162e8a e-con-full e-flex e-con e-parent\" data-id=\"19162e8a\" data-element_type=\"container\" data-e-type=\"container\">\n\t\t<div class=\"elementor-element elementor-element-102c52f9 e-flex e-con-boxed e-con e-child\" data-id=\"102c52f9\" data-element_type=\"container\" data-e-type=\"container\">\n\t\t\t\t\t<div class=\"e-con-inner\">\n\t\t\t\t<div class=\"elementor-element elementor-element-4553db1c elementor-hidden-mobile elementor-widget elementor-widget-image\" data-id=\"4553db1c\" data-element_type=\"widget\" data-e-type=\"widget\" data-widget_type=\"image.default\">\n\t\t\t\t<div class=\"elementor-widget-container\">\n\t\t\t\t\t\t\t\t\t\t\t\t\t\t\t<img decoding=\"async\" width=\"1254\" height=\"706\" src=\"https:\/\/arizer.eu\/wp-content\/uploads\/sites\/8\/2025\/01\/DESKTOP-1.jpg\" class=\"attachment-full size-full wp-image-20211042290 wp-post-image\" alt=\"\" srcset=\"https:\/\/arizer.eu\/wp-content\/uploads\/sites\/8\/2025\/01\/DESKTOP-1.jpg 1254w, https:\/\/arizer.eu\/wp-content\/uploads\/sites\/8\/2025\/01\/DESKTOP-1-300x169.jpg 300w, https:\/\/arizer.eu\/wp-content\/uploads\/sites\/8\/2025\/01\/DESKTOP-1-1024x577.jpg 1024w, https:\/\/arizer.eu\/wp-content\/uploads\/sites\/8\/2025\/01\/DESKTOP-1-768x432.jpg 768w, https:\/\/arizer.eu\/wp-content\/uploads\/sites\/8\/2025\/01\/DESKTOP-1-24x14.jpg 24w, https:\/\/arizer.eu\/wp-content\/uploads\/sites\/8\/2025\/01\/DESKTOP-1-36x20.jpg 36w, https:\/\/arizer.eu\/wp-content\/uploads\/sites\/8\/2025\/01\/DESKTOP-1-48x27.jpg 48w, https:\/\/arizer.eu\/wp-content\/uploads\/sites\/8\/2025\/01\/DESKTOP-1-600x338.jpg 600w\" sizes=\"(max-width: 34.9rem) calc(100vw - 2rem), (max-width: 53rem) calc(8 * (100vw \/ 12)), (min-width: 53rem) calc(6 * (100vw \/ 12)), 100vw\" title=\"\" \/>\t\t\t\t\t\t\t\t\t\t\t\t\t\t\t<\/div>\n\t\t\t\t<\/div>\n\t\t\t\t<div class=\"elementor-element elementor-element-75700d51 elementor-hidden-desktop elementor-hidden-tablet elementor-widget elementor-widget-image\" data-id=\"75700d51\" data-element_type=\"widget\" data-e-type=\"widget\" data-widget_type=\"image.default\">\n\t\t\t\t<div class=\"elementor-widget-container\">\n\t\t\t\t\t\t\t\t\t\t\t\t\t\t\t<img loading=\"lazy\" decoding=\"async\" width=\"430\" height=\"484\" src=\"https:\/\/arizer.eu\/wp-content\/uploads\/sites\/8\/2025\/01\/MOBILE-1.jpg\" class=\"attachment-large size-large wp-image-20211042295 wp-post-image\" alt=\"\" srcset=\"https:\/\/arizer.eu\/wp-content\/uploads\/sites\/8\/2025\/01\/MOBILE-1.jpg 430w, https:\/\/arizer.eu\/wp-content\/uploads\/sites\/8\/2025\/01\/MOBILE-1-267x300.jpg 267w, https:\/\/arizer.eu\/wp-content\/uploads\/sites\/8\/2025\/01\/MOBILE-1-21x24.jpg 21w, https:\/\/arizer.eu\/wp-content\/uploads\/sites\/8\/2025\/01\/MOBILE-1-32x36.jpg 32w, https:\/\/arizer.eu\/wp-content\/uploads\/sites\/8\/2025\/01\/MOBILE-1-43x48.jpg 43w\" sizes=\"(max-width: 34.9rem) calc(100vw - 2rem), (max-width: 53rem) calc(8 * (100vw \/ 12)), (min-width: 53rem) calc(6 * (100vw \/ 12)), 100vw\" title=\"\" \/>\t\t\t\t\t\t\t\t\t\t\t\t\t\t\t<\/div>\n\t\t\t\t<\/div>\n\t\t<div class=\"elementor-element elementor-element-7402292c e-con-full e-flex e-con e-child\" data-id=\"7402292c\" data-element_type=\"container\" data-e-type=\"container\">\n\t\t\t\t<div class=\"elementor-element elementor-element-3e27d134 elementor-widget elementor-widget-heading\" data-id=\"3e27d134\" data-element_type=\"widget\" data-e-type=\"widget\" data-widget_type=\"heading.default\">\n\t\t\t\t<div class=\"elementor-widget-container\">\n\t\t\t\t\t<h2 class=\"elementor-heading-title elementor-size-default\">PARLONS DE L'HISTOIRE<\/h2>\t\t\t\t<\/div>\n\t\t\t\t<\/div>\n\t\t\t\t<div class=\"elementor-element elementor-element-1362ef2c elementor-widget elementor-widget-text-editor\" data-id=\"1362ef2c\" data-element_type=\"widget\" data-e-type=\"widget\" data-widget_type=\"text-editor.default\">\n\t\t\t\t<div class=\"elementor-widget-container\">\n\t\t\t\t\t\t\t\t\tApprenez-en plus sur Arizer et sur ce qui nous fait vibrer. Les personnes, les produits et la r\u00e9solution de probl\u00e8mes qui ont contribu\u00e9 \u00e0 fa\u00e7onner qui nous sommes et pourquoi nous faisons ce que nous faisons.\t\t\t\t\t\t\t\t<\/div>\n\t\t\t\t<\/div>\n\t\t\t\t<\/div>\n\t\t\t\t\t<\/div>\n\t\t\t\t<\/div>\n\t\t\t\t<\/div>\n\t\t<div class=\"elementor-element elementor-element-1cabf6c8 e-con-full e-flex e-con e-parent\" data-id=\"1cabf6c8\" data-element_type=\"container\" data-e-type=\"container\" data-settings=\"{&quot;background_background&quot;:&quot;classic&quot;}\">\n\t\t<div class=\"elementor-element elementor-element-611ecde4 e-flex e-con-boxed e-con e-child\" data-id=\"611ecde4\" data-element_type=\"container\" data-e-type=\"container\">\n\t\t\t\t\t<div class=\"e-con-inner\">\n\t\t\t\t<div class=\"elementor-element elementor-element-6f4da72e elementor-widget elementor-widget-heading\" data-id=\"6f4da72e\" data-element_type=\"widget\" data-e-type=\"widget\" data-widget_type=\"heading.default\">\n\t\t\t\t<div class=\"elementor-widget-container\">\n\t\t\t\t\t<h5 class=\"elementor-heading-title elementor-size-default\">Articles du blog sur les trucs et astuces d'Arizer :<\/h5>\t\t\t\t<\/div>\n\t\t\t\t<\/div>\n\t\t\t\t<div class=\"elementor-element elementor-element-6a7d7ce6 elementor-widget elementor-widget-text-editor\" data-id=\"6a7d7ce6\" data-element_type=\"widget\" data-e-type=\"widget\" data-widget_type=\"text-editor.default\">\n\t\t\t\t<div class=\"elementor-widget-container\">\n\t\t\t\t\t\t\t\t\t<p>Coming Soon<\/p>\t\t\t\t\t\t\t\t<\/div>\n\t\t\t\t<\/div>\n\t\t\t\t\t<\/div>\n\t\t\t\t<\/div>\n\t\t\t\t<\/div>\n\t\t<div class=\"elementor-element elementor-element-86b99fb e-flex e-con-boxed e-con e-parent\" data-id=\"86b99fb\" data-element_type=\"container\" data-e-type=\"container\">\n\t\t\t\t\t<div class=\"e-con-inner\">\n\t\t\t\t<div class=\"elementor-element elementor-element-7c8647e9 elementor-hidden-mobile elementor-widget elementor-widget-text-editor\" data-id=\"7c8647e9\" data-element_type=\"widget\" data-e-type=\"widget\" data-widget_type=\"text-editor.default\">\n\t\t\t\t<div class=\"elementor-widget-container\">\n\t\t\t\t\t\t\t\t\t<a href=\"\/about\/\">About Arizer<\/a> | <a href=\"\/about\/history\/\">History of Arizer<\/a> | <a href=\"\/home\/about\/thinking-about-a-dry-herb-vaporizer\/\">Why Dry<\/a> | <a href=\"\/home\/about\/the-clear-choice-is-glass\/\">The Clarity of Glass<\/a><br>\n<a href=\"\/home\/about\/custom-session-settings\/\">Custom Session Settings<\/a> | <a href=\"\/home\/about\/hints-tips-story\/\">Hints, Tips &amp; Story<\/a> | <a href=\"\/home\/about\/v-scale\/\">V-Scale\u00a0<\/a>\t\t\t\t\t\t\t\t<\/div>\n\t\t\t\t<\/div>\n\t\t\t\t<div class=\"elementor-element elementor-element-6bf2c286 elementor-hidden-desktop elementor-hidden-tablet elementor-widget elementor-widget-text-editor\" data-id=\"6bf2c286\" data-element_type=\"widget\" data-e-type=\"widget\" data-widget_type=\"text-editor.default\">\n\t\t\t\t<div class=\"elementor-widget-container\">\n\t\t\t\t\t\t\t\t\t<a href=\"\/about\/\">About Arizer<\/a> | <a href=\"\/about\/history\/\">History of Arizer<\/a> | <a href=\"\/home\/about\/thinking-about-a-dry-herb-vaporizer\/\">Why Dry<\/a> | <a href=\"\/home\/about\/the-clear-choice-is-glass\/\">The Clarity of Glass<\/a><br>\n<a href=\"\/home\/about\/custom-session-settings\/\">Custom Session Settings<\/a> | <a href=\"\/home\/about\/hints-tips-story\/\">Hints, Tips &amp; Story<\/a> | <a href=\"\/home\/about\/v-scale\/\">V-Scale\u00a0<\/a>\t\t\t\t\t\t\t\t<\/div>\n\t\t\t\t<\/div>\n\t\t\t\t\t<\/div>\n\t\t\t\t<\/div>\n\t\t\t\t<\/div>\n\t\t","protected":false},"excerpt":{"rendered":"<p>CONSEILS, ASTUCES, HISTOIRE Get the most out of your Arizer dry herb vaporizers with these helpful hints gathered from our knowledgeable staff and resourceful customers. More information and specs for our products can be found on our support pages. Arizer Hints and Tips Blog Articles: Get The Most From Your Aroma Tubes &#8211; The perfect [&hellip;]<\/p>\n","protected":false},"author":1,"featured_media":0,"parent":20211043305,"menu_order":0,"comment_status":"closed","ping_status":"closed","template":"","meta":{"_acf_changed":false,"footnotes":""},"class_list":["post-20211043318","page","type-page","status-publish","hentry","entry"],"acf":[],"yoast_head":"<!-- This site is optimized with the Yoast SEO Premium plugin v27.1 (Yoast SEO v27.1.1) - https:\/\/yoast.com\/product\/yoast-seo-premium-wordpress\/ -->\n<title>Hints, Tips, Story - Arizer EU<\/title>\n<meta name=\"robots\" content=\"index, follow, max-snippet:-1, max-image-preview:large, max-video-preview:-1\" \/>\n<meta property=\"og:locale\" content=\"fr_FR\" \/>\n<meta property=\"og:type\" content=\"article\" \/>\n<meta property=\"og:title\" content=\"Hints, Tips, Story\" \/>\n<meta property=\"og:description\" content=\"CONSEILS, ASTUCES, HISTOIRE Get the most out of your Arizer dry herb vaporizers with these helpful hints gathered from our knowledgeable staff and\" \/>\n<meta property=\"og:url\" content=\"https:\/\/arizer.eu\/fr\/home\/about\/hints-tips-story\/\" \/>\n<meta property=\"og:site_name\" content=\"Arizer EU\" \/>\n<meta property=\"article:modified_time\" content=\"2025-11-14T11:56:39+00:00\" \/>\n<meta property=\"og:image\" content=\"https:\/\/arizer.eu\/wp-content\/uploads\/sites\/8\/2025\/01\/Solo-III-2024-New-Website-Design-Tip-and-Tricks-DESKTOP.jpg\" \/>\n\t<meta property=\"og:image:width\" content=\"1254\" \/>\n\t<meta property=\"og:image:height\" content=\"706\" \/>\n\t<meta property=\"og:image:type\" content=\"image\/jpeg\" \/>\n<meta name=\"twitter:card\" content=\"summary_large_image\" \/>\n<meta name=\"twitter:label1\" content=\"Dur\u00e9e de lecture estim\u00e9e\" \/>\n\t<meta name=\"twitter:data1\" content=\"2 minutes\" \/>\n<script type=\"application\/ld+json\" class=\"yoast-schema-graph\">{\"@context\":\"https:\/\/schema.org\",\"@graph\":[{\"@type\":\"WebPage\",\"@id\":\"https:\/\/arizer.eu\/fr\/home\/about\/hints-tips-story\/\",\"url\":\"https:\/\/arizer.eu\/fr\/home\/about\/hints-tips-story\/\",\"name\":\"Hints, Tips, Story - Arizer EU\",\"isPartOf\":{\"@id\":\"https:\/\/arizer.eu\/fr\/#website\"},\"primaryImageOfPage\":{\"@id\":\"https:\/\/arizer.eu\/fr\/home\/about\/hints-tips-story\/#primaryimage\"},\"image\":{\"@id\":\"https:\/\/arizer.eu\/fr\/home\/about\/hints-tips-story\/#primaryimage\"},\"thumbnailUrl\":\"https:\/\/arizer.eu\/wp-content\/uploads\/sites\/8\/2025\/01\/Solo-III-2024-New-Website-Design-Tip-and-Tricks-DESKTOP.jpg\",\"datePublished\":\"2025-01-28T07:18:25+00:00\",\"dateModified\":\"2025-11-14T11:56:39+00:00\",\"breadcrumb\":{\"@id\":\"https:\/\/arizer.eu\/fr\/home\/about\/hints-tips-story\/#breadcrumb\"},\"inLanguage\":\"fr-FR\",\"potentialAction\":[{\"@type\":\"ReadAction\",\"target\":[\"https:\/\/arizer.eu\/fr\/home\/about\/hints-tips-story\/\"]}]},{\"@type\":\"ImageObject\",\"inLanguage\":\"fr-FR\",\"@id\":\"https:\/\/arizer.eu\/fr\/home\/about\/hints-tips-story\/#primaryimage\",\"url\":\"https:\/\/arizer.eu\/wp-content\/uploads\/sites\/8\/2025\/01\/Solo-III-2024-New-Website-Design-Tip-and-Tricks-DESKTOP.jpg\",\"contentUrl\":\"https:\/\/arizer.eu\/wp-content\/uploads\/sites\/8\/2025\/01\/Solo-III-2024-New-Website-Design-Tip-and-Tricks-DESKTOP.jpg\"},{\"@type\":\"BreadcrumbList\",\"@id\":\"https:\/\/arizer.eu\/fr\/home\/about\/hints-tips-story\/#breadcrumb\",\"itemListElement\":[{\"@type\":\"ListItem\",\"position\":1,\"name\":\"Home\",\"item\":\"https:\/\/arizer.eu\/fr\/\"},{\"@type\":\"ListItem\",\"position\":2,\"name\":\"Home\",\"item\":\"https:\/\/arizer.eu\/fr\/\"},{\"@type\":\"ListItem\",\"position\":3,\"name\":\"About\",\"item\":\"https:\/\/arizer.eu\/fr\/home\/about\/\"},{\"@type\":\"ListItem\",\"position\":4,\"name\":\"Hints, Tips, Story\"}]},{\"@type\":\"WebSite\",\"@id\":\"https:\/\/arizer.eu\/fr\/#website\",\"url\":\"https:\/\/arizer.eu\/fr\/\",\"name\":\"Arizer EU\",\"description\":\"Best Portable Electronic Vaporizers | Better By Design\",\"publisher\":{\"@id\":\"https:\/\/arizer.eu\/fr\/#organization\"},\"potentialAction\":[{\"@type\":\"SearchAction\",\"target\":{\"@type\":\"EntryPoint\",\"urlTemplate\":\"https:\/\/arizer.eu\/fr\/?s={search_term_string}\"},\"query-input\":{\"@type\":\"PropertyValueSpecification\",\"valueRequired\":true,\"valueName\":\"search_term_string\"}}],\"inLanguage\":\"fr-FR\"},{\"@type\":\"Organization\",\"@id\":\"https:\/\/arizer.eu\/fr\/#organization\",\"name\":\"AR TECH\",\"url\":\"https:\/\/arizer.eu\/fr\/\",\"logo\":{\"@type\":\"ImageObject\",\"inLanguage\":\"fr-FR\",\"@id\":\"https:\/\/arizer.eu\/fr\/#\/schema\/logo\/image\/\",\"url\":\"\",\"contentUrl\":\"\",\"caption\":\"AR TECH\"},\"image\":{\"@id\":\"https:\/\/arizer.eu\/fr\/#\/schema\/logo\/image\/\"},\"sameAs\":[\"https:\/\/www.instagram.com\/arizertech\/\",\"https:\/\/www.youtube.com\/channel\/UCg1A_lcPMTaYi5GHJnxvM_A\"]}]}<\/script>\n<!-- \/ Yoast SEO Premium plugin. -->","yoast_head_json":{"title":"Hints, Tips, Story - Arizer EU","robots":{"index":"index","follow":"follow","max-snippet":"max-snippet:-1","max-image-preview":"max-image-preview:large","max-video-preview":"max-video-preview:-1"},"og_locale":"fr_FR","og_type":"article","og_title":"Hints, Tips, Story","og_description":"CONSEILS, ASTUCES, HISTOIRE Get the most out of your Arizer dry herb vaporizers with these helpful hints gathered from our knowledgeable staff and","og_url":"https:\/\/arizer.eu\/fr\/home\/about\/hints-tips-story\/","og_site_name":"Arizer EU","article_modified_time":"2025-11-14T11:56:39+00:00","og_image":[{"width":1254,"height":706,"url":"https:\/\/arizer.eu\/wp-content\/uploads\/sites\/8\/2025\/01\/Solo-III-2024-New-Website-Design-Tip-and-Tricks-DESKTOP.jpg","type":"image\/jpeg"}],"twitter_card":"summary_large_image","twitter_misc":{"Dur\u00e9e de lecture estim\u00e9e":"2 minutes"},"schema":{"@context":"https:\/\/schema.org","@graph":[{"@type":"WebPage","@id":"https:\/\/arizer.eu\/fr\/home\/about\/hints-tips-story\/","url":"https:\/\/arizer.eu\/fr\/home\/about\/hints-tips-story\/","name":"Hints, Tips, Story - Arizer EU","isPartOf":{"@id":"https:\/\/arizer.eu\/fr\/#website"},"primaryImageOfPage":{"@id":"https:\/\/arizer.eu\/fr\/home\/about\/hints-tips-story\/#primaryimage"},"image":{"@id":"https:\/\/arizer.eu\/fr\/home\/about\/hints-tips-story\/#primaryimage"},"thumbnailUrl":"https:\/\/arizer.eu\/wp-content\/uploads\/sites\/8\/2025\/01\/Solo-III-2024-New-Website-Design-Tip-and-Tricks-DESKTOP.jpg","datePublished":"2025-01-28T07:18:25+00:00","dateModified":"2025-11-14T11:56:39+00:00","breadcrumb":{"@id":"https:\/\/arizer.eu\/fr\/home\/about\/hints-tips-story\/#breadcrumb"},"inLanguage":"fr-FR","potentialAction":[{"@type":"ReadAction","target":["https:\/\/arizer.eu\/fr\/home\/about\/hints-tips-story\/"]}]},{"@type":"ImageObject","inLanguage":"fr-FR","@id":"https:\/\/arizer.eu\/fr\/home\/about\/hints-tips-story\/#primaryimage","url":"https:\/\/arizer.eu\/wp-content\/uploads\/sites\/8\/2025\/01\/Solo-III-2024-New-Website-Design-Tip-and-Tricks-DESKTOP.jpg","contentUrl":"https:\/\/arizer.eu\/wp-content\/uploads\/sites\/8\/2025\/01\/Solo-III-2024-New-Website-Design-Tip-and-Tricks-DESKTOP.jpg"},{"@type":"BreadcrumbList","@id":"https:\/\/arizer.eu\/fr\/home\/about\/hints-tips-story\/#breadcrumb","itemListElement":[{"@type":"ListItem","position":1,"name":"Home","item":"https:\/\/arizer.eu\/fr\/"},{"@type":"ListItem","position":2,"name":"Home","item":"https:\/\/arizer.eu\/fr\/"},{"@type":"ListItem","position":3,"name":"About","item":"https:\/\/arizer.eu\/fr\/home\/about\/"},{"@type":"ListItem","position":4,"name":"Hints, Tips, Story"}]},{"@type":"WebSite","@id":"https:\/\/arizer.eu\/fr\/#website","url":"https:\/\/arizer.eu\/fr\/","name":"Arizer EU","description":"Best Portable Electronic Vaporizers | Better By Design","publisher":{"@id":"https:\/\/arizer.eu\/fr\/#organization"},"potentialAction":[{"@type":"SearchAction","target":{"@type":"EntryPoint","urlTemplate":"https:\/\/arizer.eu\/fr\/?s={search_term_string}"},"query-input":{"@type":"PropertyValueSpecification","valueRequired":true,"valueName":"search_term_string"}}],"inLanguage":"fr-FR"},{"@type":"Organization","@id":"https:\/\/arizer.eu\/fr\/#organization","name":"AR TECH","url":"https:\/\/arizer.eu\/fr\/","logo":{"@type":"ImageObject","inLanguage":"fr-FR","@id":"https:\/\/arizer.eu\/fr\/#\/schema\/logo\/image\/","url":"","contentUrl":"","caption":"AR TECH"},"image":{"@id":"https:\/\/arizer.eu\/fr\/#\/schema\/logo\/image\/"},"sameAs":["https:\/\/www.instagram.com\/arizertech\/","https:\/\/www.youtube.com\/channel\/UCg1A_lcPMTaYi5GHJnxvM_A"]}]}},"_links":{"self":[{"href":"https:\/\/arizer.eu\/fr\/wp-json\/wp\/v2\/pages\/20211043318","targetHints":{"allow":["GET"]}}],"collection":[{"href":"https:\/\/arizer.eu\/fr\/wp-json\/wp\/v2\/pages"}],"about":[{"href":"https:\/\/arizer.eu\/fr\/wp-json\/wp\/v2\/types\/page"}],"author":[{"embeddable":true,"href":"https:\/\/arizer.eu\/fr\/wp-json\/wp\/v2\/users\/1"}],"replies":[{"embeddable":true,"href":"https:\/\/arizer.eu\/fr\/wp-json\/wp\/v2\/comments?post=20211043318"}],"version-history":[{"count":14,"href":"https:\/\/arizer.eu\/fr\/wp-json\/wp\/v2\/pages\/20211043318\/revisions"}],"predecessor-version":[{"id":20220675850,"href":"https:\/\/arizer.eu\/fr\/wp-json\/wp\/v2\/pages\/20211043318\/revisions\/20220675850"}],"up":[{"embeddable":true,"href":"https:\/\/arizer.eu\/fr\/wp-json\/wp\/v2\/pages\/20211043305"}],"wp:attachment":[{"href":"https:\/\/arizer.eu\/fr\/wp-json\/wp\/v2\/media?parent=20211043318"}],"curies":[{"name":"wp","href":"https:\/\/api.w.org\/{rel}","templated":true}]}}