{"id":20211043309,"date":"2025-01-28T06:55:15","date_gmt":"2025-01-28T06:55:15","guid":{"rendered":"https:\/\/arizer.eu\/home\/about\/custom-session-settings\/"},"modified":"2025-11-14T11:03:35","modified_gmt":"2025-11-14T11:03:35","slug":"custom-session-settings","status":"publish","type":"page","link":"https:\/\/arizer.eu\/fr\/home\/about\/custom-session-settings\/","title":{"rendered":"Custom Session Settings"},"content":{"rendered":"\t\t<div data-elementor-type=\"wp-page\" data-elementor-id=\"20211043309\" class=\"elementor elementor-20211043309 elementor-20211042253\" data-elementor-post-type=\"page\">\n\t\t\t\t<div class=\"elementor-element elementor-element-98040a5 e-con-full e-flex e-con e-parent\" data-id=\"98040a5\" data-element_type=\"container\" data-e-type=\"container\">\n\t\t<div class=\"elementor-element elementor-element-459507ae e-flex e-con-boxed e-con e-child\" data-id=\"459507ae\" data-element_type=\"container\" data-e-type=\"container\">\n\t\t\t\t\t<div class=\"e-con-inner\">\n\t\t\t\t<div class=\"elementor-element elementor-element-453cc1ac elementor-hidden-mobile elementor-widget elementor-widget-image\" data-id=\"453cc1ac\" data-element_type=\"widget\" data-e-type=\"widget\" data-widget_type=\"image.default\">\n\t\t\t\t<div class=\"elementor-widget-container\">\n\t\t\t\t\t\t\t\t\t\t\t\t\t\t\t<img fetchpriority=\"high\" decoding=\"async\" width=\"640\" height=\"361\" src=\"https:\/\/arizer.eu\/wp-content\/uploads\/sites\/8\/2025\/01\/2024-Website-Redesign-New-Images-BACKGROUNDS-CSS-desktop-1024x577.jpg\" class=\"attachment-large size-large wp-image-20211042257 wp-post-image\" alt=\"\" srcset=\"https:\/\/arizer.eu\/wp-content\/uploads\/sites\/8\/2025\/01\/2024-Website-Redesign-New-Images-BACKGROUNDS-CSS-desktop-1024x577.jpg 1024w, https:\/\/arizer.eu\/wp-content\/uploads\/sites\/8\/2025\/01\/2024-Website-Redesign-New-Images-BACKGROUNDS-CSS-desktop-300x169.jpg 300w, https:\/\/arizer.eu\/wp-content\/uploads\/sites\/8\/2025\/01\/2024-Website-Redesign-New-Images-BACKGROUNDS-CSS-desktop-768x432.jpg 768w, https:\/\/arizer.eu\/wp-content\/uploads\/sites\/8\/2025\/01\/2024-Website-Redesign-New-Images-BACKGROUNDS-CSS-desktop-24x14.jpg 24w, https:\/\/arizer.eu\/wp-content\/uploads\/sites\/8\/2025\/01\/2024-Website-Redesign-New-Images-BACKGROUNDS-CSS-desktop-36x20.jpg 36w, https:\/\/arizer.eu\/wp-content\/uploads\/sites\/8\/2025\/01\/2024-Website-Redesign-New-Images-BACKGROUNDS-CSS-desktop-48x27.jpg 48w, https:\/\/arizer.eu\/wp-content\/uploads\/sites\/8\/2025\/01\/2024-Website-Redesign-New-Images-BACKGROUNDS-CSS-desktop-600x338.jpg 600w, https:\/\/arizer.eu\/wp-content\/uploads\/sites\/8\/2025\/01\/2024-Website-Redesign-New-Images-BACKGROUNDS-CSS-desktop.jpg 1254w\" sizes=\"(max-width: 34.9rem) calc(100vw - 2rem), (max-width: 53rem) calc(8 * (100vw \/ 12)), (min-width: 53rem) calc(6 * (100vw \/ 12)), 100vw\" title=\"\" \/>\t\t\t\t\t\t\t\t\t\t\t\t\t\t\t<\/div>\n\t\t\t\t<\/div>\n\t\t\t\t<div class=\"elementor-element elementor-element-4fe7c272 elementor-hidden-desktop elementor-hidden-tablet elementor-widget elementor-widget-image\" data-id=\"4fe7c272\" data-element_type=\"widget\" data-e-type=\"widget\" data-widget_type=\"image.default\">\n\t\t\t\t<div class=\"elementor-widget-container\">\n\t\t\t\t\t\t\t\t\t\t\t\t\t\t\t<img decoding=\"async\" width=\"430\" height=\"484\" src=\"https:\/\/arizer.eu\/wp-content\/uploads\/sites\/8\/2025\/01\/2024-Website-Redesign-New-Images-BACKGROUNDS-CSS-mobile.jpg\" class=\"attachment-large size-large wp-image-20211042262 wp-post-image\" alt=\"\" srcset=\"https:\/\/arizer.eu\/wp-content\/uploads\/sites\/8\/2025\/01\/2024-Website-Redesign-New-Images-BACKGROUNDS-CSS-mobile.jpg 430w, https:\/\/arizer.eu\/wp-content\/uploads\/sites\/8\/2025\/01\/2024-Website-Redesign-New-Images-BACKGROUNDS-CSS-mobile-267x300.jpg 267w, https:\/\/arizer.eu\/wp-content\/uploads\/sites\/8\/2025\/01\/2024-Website-Redesign-New-Images-BACKGROUNDS-CSS-mobile-21x24.jpg 21w, https:\/\/arizer.eu\/wp-content\/uploads\/sites\/8\/2025\/01\/2024-Website-Redesign-New-Images-BACKGROUNDS-CSS-mobile-32x36.jpg 32w, https:\/\/arizer.eu\/wp-content\/uploads\/sites\/8\/2025\/01\/2024-Website-Redesign-New-Images-BACKGROUNDS-CSS-mobile-43x48.jpg 43w\" sizes=\"(max-width: 34.9rem) calc(100vw - 2rem), (max-width: 53rem) calc(8 * (100vw \/ 12)), (min-width: 53rem) calc(6 * (100vw \/ 12)), 100vw\" title=\"\" \/>\t\t\t\t\t\t\t\t\t\t\t\t\t\t\t<\/div>\n\t\t\t\t<\/div>\n\t\t<div class=\"elementor-element elementor-element-5aae485c e-con-full e-flex e-con e-child\" data-id=\"5aae485c\" data-element_type=\"container\" data-e-type=\"container\">\n\t\t\t\t<div class=\"elementor-element elementor-element-1105ca0e elementor-widget elementor-widget-heading\" data-id=\"1105ca0e\" data-element_type=\"widget\" data-e-type=\"widget\" data-widget_type=\"heading.default\">\n\t\t\t\t<div class=\"elementor-widget-container\">\n\t\t\t\t\t<h2 class=\"elementor-heading-title elementor-size-default\">PARAM\u00c8TRES DE SESSION PERSONNALIS\u00c9S<\/h2>\t\t\t\t<\/div>\n\t\t\t\t<\/div>\n\t\t\t\t<div class=\"elementor-element elementor-element-1d97185c elementor-widget elementor-widget-text-editor\" data-id=\"1d97185c\" data-element_type=\"widget\" data-e-type=\"widget\" data-widget_type=\"text-editor.default\">\n\t\t\t\t<div class=\"elementor-widget-container\">\n\t\t\t\t\t\t\t\t\t<p>Chez Arizer, nous sommes des passionn\u00e9s de la vape et nous prenons l&rsquo;exp\u00e9rience de la vape tr\u00e8s au s\u00e9rieux. Les termes \u00ab personnalis\u00e9 \u00bb et \u00ab curated \u00bb sont souvent utilis\u00e9s \u00e0 tort et \u00e0 travers, mais tous nos produits sont r\u00e9ellement dot\u00e9s de syst\u00e8mes d&rsquo;exploitation conviviaux et bien pens\u00e9s, hautement personnalisables en fonction de vos besoins et de vos pr\u00e9f\u00e9rences. Nos param\u00e8tres de session personnalis\u00e9s faciles \u00e0 utiliser vous permettent d&rsquo;effectuer des ajustements rapides en appuyant sur un bouton, sans avoir \u00e0 t\u00e9l\u00e9charger des applications et \u00e0 vous connecter \u00e0 votre smartphone&#8230; Passez plus de temps \u00e0 vaper et moins de temps \u00e0 faire des b\u00eatises.<\/p><p>Selon le mod\u00e8le, les vaporisateurs Arizer disposent de plusieurs temp\u00e9ratures pr\u00e9r\u00e9gl\u00e9es ou de commandes de temp\u00e9rature num\u00e9riques par incr\u00e9ments de 1\u00b0. Quel que soit le mod\u00e8le choisi, tous les vaporisateurs Arizer disposent d&rsquo;un contr\u00f4le pr\u00e9cis de la temp\u00e9rature, ce qui vous permet de contr\u00f4ler le taux d&rsquo;extraction et de cibler des terp\u00e8nes et des compos\u00e9s sp\u00e9cifiques. Que vous souhaitiez profiter d&rsquo;une session terpy lente ou d&rsquo;une exp\u00e9rience rapide et percutante, les vaporisateurs Arizer vous couvrent.<\/p><p>De plus, Arizer pense encore plus \u00e0 votre exp\u00e9rience globale de vapotage, avec des fonctions telles que les t\u00e9l\u00e9commandes pour les vaporisateurs de bureau, les temp\u00e9ratures pr\u00e9d\u00e9finies personnalisables pour l&rsquo;\u00e9chelonnement de la temp\u00e9rature, le mode sombre pour l&rsquo;utilisation sous faible \u00e9clairage, les modes session et \u00e0 la demande, la compatibilit\u00e9 WPA, l&rsquo;inversion automatique de l&rsquo;affichage et du contr\u00f4le, et bien plus encore ! Lisez nos articles de blog sur les param\u00e8tres de session personnalis\u00e9s pour en savoir plus.<\/p>\t\t\t\t\t\t\t\t<\/div>\n\t\t\t\t<\/div>\n\t\t\t\t<\/div>\n\t\t\t\t\t<\/div>\n\t\t\t\t<\/div>\n\t\t\t\t<\/div>\n\t\t<div class=\"elementor-element elementor-element-7f06089 e-con-full e-flex e-con e-parent\" data-id=\"7f06089\" data-element_type=\"container\" data-e-type=\"container\" data-settings=\"{&quot;background_background&quot;:&quot;classic&quot;}\">\n\t\t<div class=\"elementor-element elementor-element-656acf7c e-flex e-con-boxed e-con e-child\" data-id=\"656acf7c\" data-element_type=\"container\" data-e-type=\"container\">\n\t\t\t\t\t<div class=\"e-con-inner\">\n\t\t\t\t<div class=\"elementor-element elementor-element-3de556f4 elementor-widget elementor-widget-heading\" data-id=\"3de556f4\" data-element_type=\"widget\" data-e-type=\"widget\" data-widget_type=\"heading.default\">\n\t\t\t\t<div class=\"elementor-widget-container\">\n\t\t\t\t\t<h5 class=\"elementor-heading-title elementor-size-default\">Articles sur les param\u00e8tres de session personnalis\u00e9s<\/h5>\t\t\t\t<\/div>\n\t\t\t\t<\/div>\n\t\t\t\t<div class=\"elementor-element elementor-element-157e58c elementor-widget elementor-widget-text-editor\" data-id=\"157e58c\" data-element_type=\"widget\" data-e-type=\"widget\" data-widget_type=\"text-editor.default\">\n\t\t\t\t<div class=\"elementor-widget-container\">\n\t\t\t\t\t\t\t\t\tBient\u00f4t disponible\t\t\t\t\t\t\t\t<\/div>\n\t\t\t\t<\/div>\n\t\t\t\t\t<\/div>\n\t\t\t\t<\/div>\n\t\t\t\t<\/div>\n\t\t<div class=\"elementor-element elementor-element-64f23b50 e-flex e-con-boxed e-con e-parent\" data-id=\"64f23b50\" data-element_type=\"container\" data-e-type=\"container\">\n\t\t\t\t\t<div class=\"e-con-inner\">\n\t\t\t\t<div class=\"elementor-element elementor-element-2500b0a0 elementor-hidden-mobile elementor-widget elementor-widget-text-editor\" data-id=\"2500b0a0\" data-element_type=\"widget\" data-e-type=\"widget\" data-widget_type=\"text-editor.default\">\n\t\t\t\t<div class=\"elementor-widget-container\">\n\t\t\t\t\t\t\t\t\t<a href=\"\/about\/\">About Arizer<\/a> | <a href=\"\/about\/history\/\">History of Arizer<\/a> | <a href=\"\/home\/about\/thinking-about-a-dry-herb-vaporizer\/\">Why Dry<\/a> | <a href=\"\/home\/about\/the-clear-choice-is-glass\/\">The Clarity of Glass<\/a><br>\n<a href=\"\/home\/about\/custom-session-settings\/\">Custom Session Settings<\/a> | <a href=\"\/home\/about\/hints-tips-story\/\">Hints, Tips &amp; Story<\/a> | <a href=\"\/home\/about\/v-scale\/\">V-Scale\u00a0<\/a>\t\t\t\t\t\t\t\t<\/div>\n\t\t\t\t<\/div>\n\t\t\t\t<div class=\"elementor-element elementor-element-2d26ced3 elementor-hidden-desktop elementor-hidden-tablet elementor-widget elementor-widget-text-editor\" data-id=\"2d26ced3\" data-element_type=\"widget\" data-e-type=\"widget\" data-widget_type=\"text-editor.default\">\n\t\t\t\t<div class=\"elementor-widget-container\">\n\t\t\t\t\t\t\t\t\t<a href=\"\/about\/\">About Arizer<\/a> | <a href=\"\/about\/history\/\">History of Arizer<\/a> | <a href=\"\/home\/about\/thinking-about-a-dry-herb-vaporizer\/\">Why Dry<\/a> | <a href=\"\/home\/about\/the-clear-choice-is-glass\/\">The Clarity of Glass<\/a><br>\n<a href=\"\/home\/about\/custom-session-settings\/\">Custom Session Settings<\/a> | <a href=\"\/home\/about\/hints-tips-story\/\">Hints, Tips &amp; Story<\/a> | <a href=\"\/home\/about\/v-scale\/\">V-Scale\u00a0<\/a>\t\t\t\t\t\t\t\t<\/div>\n\t\t\t\t<\/div>\n\t\t\t\t\t<\/div>\n\t\t\t\t<\/div>\n\t\t\t\t<\/div>\n\t\t","protected":false},"excerpt":{"rendered":"<p>PARAM\u00c8TRES DE SESSION PERSONNALIS\u00c9S Chez Arizer, nous sommes des passionn\u00e9s de la vape et nous prenons l&rsquo;exp\u00e9rience de la vape tr\u00e8s au s\u00e9rieux. Les termes \u00ab personnalis\u00e9 \u00bb et \u00ab curated \u00bb sont souvent utilis\u00e9s \u00e0 tort et \u00e0 travers, mais tous nos produits sont r\u00e9ellement dot\u00e9s de syst\u00e8mes d&rsquo;exploitation conviviaux et bien pens\u00e9s, hautement [&hellip;]<\/p>\n","protected":false},"author":1,"featured_media":0,"parent":20211043305,"menu_order":0,"comment_status":"closed","ping_status":"closed","template":"","meta":{"_acf_changed":false,"footnotes":""},"class_list":["post-20211043309","page","type-page","status-publish","hentry","entry"],"acf":[],"yoast_head":"<!-- This site is optimized with the Yoast SEO Premium plugin v27.1 (Yoast SEO v27.1.1) - https:\/\/yoast.com\/product\/yoast-seo-premium-wordpress\/ -->\n<title>Custom Session Settings - Arizer EU<\/title>\n<meta name=\"robots\" content=\"index, follow, max-snippet:-1, max-image-preview:large, max-video-preview:-1\" \/>\n<meta property=\"og:locale\" content=\"fr_FR\" \/>\n<meta property=\"og:type\" content=\"article\" \/>\n<meta property=\"og:title\" content=\"Custom Session Settings\" \/>\n<meta property=\"og:description\" content=\"PARAM\u00c8TRES DE SESSION PERSONNALIS\u00c9S Chez Arizer, nous sommes des passionn\u00e9s de la vape et nous prenons l&#039;exp\u00e9rience de la vape tr\u00e8s au s\u00e9rieux. Les termes\" \/>\n<meta property=\"og:url\" content=\"https:\/\/arizer.eu\/fr\/home\/about\/custom-session-settings\/\" \/>\n<meta property=\"og:site_name\" content=\"Arizer EU\" \/>\n<meta property=\"article:modified_time\" content=\"2025-11-14T11:03:35+00:00\" \/>\n<meta property=\"og:image\" content=\"https:\/\/arizer.eu\/wp-content\/uploads\/sites\/8\/2025\/01\/2024-Website-Redesign-New-Images-BACKGROUNDS-CSS-desktop.jpg\" \/>\n\t<meta property=\"og:image:width\" content=\"1254\" \/>\n\t<meta property=\"og:image:height\" content=\"706\" \/>\n\t<meta property=\"og:image:type\" content=\"image\/jpeg\" \/>\n<meta name=\"twitter:card\" content=\"summary_large_image\" \/>\n<meta name=\"twitter:label1\" content=\"Dur\u00e9e de lecture estim\u00e9e\" \/>\n\t<meta name=\"twitter:data1\" content=\"3 minutes\" \/>\n<script type=\"application\/ld+json\" class=\"yoast-schema-graph\">{\"@context\":\"https:\/\/schema.org\",\"@graph\":[{\"@type\":\"WebPage\",\"@id\":\"https:\/\/arizer.eu\/fr\/home\/about\/custom-session-settings\/\",\"url\":\"https:\/\/arizer.eu\/fr\/home\/about\/custom-session-settings\/\",\"name\":\"Custom Session Settings - Arizer EU\",\"isPartOf\":{\"@id\":\"https:\/\/arizer.eu\/fr\/#website\"},\"primaryImageOfPage\":{\"@id\":\"https:\/\/arizer.eu\/fr\/home\/about\/custom-session-settings\/#primaryimage\"},\"image\":{\"@id\":\"https:\/\/arizer.eu\/fr\/home\/about\/custom-session-settings\/#primaryimage\"},\"thumbnailUrl\":\"https:\/\/arizer.eu\/wp-content\/uploads\/sites\/8\/2025\/01\/2024-Website-Redesign-New-Images-BACKGROUNDS-CSS-desktop-1024x577.jpg\",\"datePublished\":\"2025-01-28T06:55:15+00:00\",\"dateModified\":\"2025-11-14T11:03:35+00:00\",\"breadcrumb\":{\"@id\":\"https:\/\/arizer.eu\/fr\/home\/about\/custom-session-settings\/#breadcrumb\"},\"inLanguage\":\"fr-FR\",\"potentialAction\":[{\"@type\":\"ReadAction\",\"target\":[\"https:\/\/arizer.eu\/fr\/home\/about\/custom-session-settings\/\"]}]},{\"@type\":\"ImageObject\",\"inLanguage\":\"fr-FR\",\"@id\":\"https:\/\/arizer.eu\/fr\/home\/about\/custom-session-settings\/#primaryimage\",\"url\":\"https:\/\/arizer.eu\/wp-content\/uploads\/sites\/8\/2025\/01\/2024-Website-Redesign-New-Images-BACKGROUNDS-CSS-desktop-1024x577.jpg\",\"contentUrl\":\"https:\/\/arizer.eu\/wp-content\/uploads\/sites\/8\/2025\/01\/2024-Website-Redesign-New-Images-BACKGROUNDS-CSS-desktop-1024x577.jpg\"},{\"@type\":\"BreadcrumbList\",\"@id\":\"https:\/\/arizer.eu\/fr\/home\/about\/custom-session-settings\/#breadcrumb\",\"itemListElement\":[{\"@type\":\"ListItem\",\"position\":1,\"name\":\"Home\",\"item\":\"https:\/\/arizer.eu\/fr\/\"},{\"@type\":\"ListItem\",\"position\":2,\"name\":\"Home\",\"item\":\"https:\/\/arizer.eu\/fr\/\"},{\"@type\":\"ListItem\",\"position\":3,\"name\":\"About\",\"item\":\"https:\/\/arizer.eu\/fr\/home\/about\/\"},{\"@type\":\"ListItem\",\"position\":4,\"name\":\"Custom Session Settings\"}]},{\"@type\":\"WebSite\",\"@id\":\"https:\/\/arizer.eu\/fr\/#website\",\"url\":\"https:\/\/arizer.eu\/fr\/\",\"name\":\"Arizer EU\",\"description\":\"Best Portable Electronic Vaporizers | Better By Design\",\"publisher\":{\"@id\":\"https:\/\/arizer.eu\/fr\/#organization\"},\"potentialAction\":[{\"@type\":\"SearchAction\",\"target\":{\"@type\":\"EntryPoint\",\"urlTemplate\":\"https:\/\/arizer.eu\/fr\/?s={search_term_string}\"},\"query-input\":{\"@type\":\"PropertyValueSpecification\",\"valueRequired\":true,\"valueName\":\"search_term_string\"}}],\"inLanguage\":\"fr-FR\"},{\"@type\":\"Organization\",\"@id\":\"https:\/\/arizer.eu\/fr\/#organization\",\"name\":\"AR TECH\",\"url\":\"https:\/\/arizer.eu\/fr\/\",\"logo\":{\"@type\":\"ImageObject\",\"inLanguage\":\"fr-FR\",\"@id\":\"https:\/\/arizer.eu\/fr\/#\/schema\/logo\/image\/\",\"url\":\"\",\"contentUrl\":\"\",\"caption\":\"AR TECH\"},\"image\":{\"@id\":\"https:\/\/arizer.eu\/fr\/#\/schema\/logo\/image\/\"},\"sameAs\":[\"https:\/\/www.instagram.com\/arizertech\/\",\"https:\/\/www.youtube.com\/channel\/UCg1A_lcPMTaYi5GHJnxvM_A\"]}]}<\/script>\n<!-- \/ Yoast SEO Premium plugin. -->","yoast_head_json":{"title":"Custom Session Settings - Arizer EU","robots":{"index":"index","follow":"follow","max-snippet":"max-snippet:-1","max-image-preview":"max-image-preview:large","max-video-preview":"max-video-preview:-1"},"og_locale":"fr_FR","og_type":"article","og_title":"Custom Session Settings","og_description":"PARAM\u00c8TRES DE SESSION PERSONNALIS\u00c9S Chez Arizer, nous sommes des passionn\u00e9s de la vape et nous prenons l'exp\u00e9rience de la vape tr\u00e8s au s\u00e9rieux. Les termes","og_url":"https:\/\/arizer.eu\/fr\/home\/about\/custom-session-settings\/","og_site_name":"Arizer EU","article_modified_time":"2025-11-14T11:03:35+00:00","og_image":[{"width":1254,"height":706,"url":"https:\/\/arizer.eu\/wp-content\/uploads\/sites\/8\/2025\/01\/2024-Website-Redesign-New-Images-BACKGROUNDS-CSS-desktop.jpg","type":"image\/jpeg"}],"twitter_card":"summary_large_image","twitter_misc":{"Dur\u00e9e de lecture estim\u00e9e":"3 minutes"},"schema":{"@context":"https:\/\/schema.org","@graph":[{"@type":"WebPage","@id":"https:\/\/arizer.eu\/fr\/home\/about\/custom-session-settings\/","url":"https:\/\/arizer.eu\/fr\/home\/about\/custom-session-settings\/","name":"Custom Session Settings - Arizer EU","isPartOf":{"@id":"https:\/\/arizer.eu\/fr\/#website"},"primaryImageOfPage":{"@id":"https:\/\/arizer.eu\/fr\/home\/about\/custom-session-settings\/#primaryimage"},"image":{"@id":"https:\/\/arizer.eu\/fr\/home\/about\/custom-session-settings\/#primaryimage"},"thumbnailUrl":"https:\/\/arizer.eu\/wp-content\/uploads\/sites\/8\/2025\/01\/2024-Website-Redesign-New-Images-BACKGROUNDS-CSS-desktop-1024x577.jpg","datePublished":"2025-01-28T06:55:15+00:00","dateModified":"2025-11-14T11:03:35+00:00","breadcrumb":{"@id":"https:\/\/arizer.eu\/fr\/home\/about\/custom-session-settings\/#breadcrumb"},"inLanguage":"fr-FR","potentialAction":[{"@type":"ReadAction","target":["https:\/\/arizer.eu\/fr\/home\/about\/custom-session-settings\/"]}]},{"@type":"ImageObject","inLanguage":"fr-FR","@id":"https:\/\/arizer.eu\/fr\/home\/about\/custom-session-settings\/#primaryimage","url":"https:\/\/arizer.eu\/wp-content\/uploads\/sites\/8\/2025\/01\/2024-Website-Redesign-New-Images-BACKGROUNDS-CSS-desktop-1024x577.jpg","contentUrl":"https:\/\/arizer.eu\/wp-content\/uploads\/sites\/8\/2025\/01\/2024-Website-Redesign-New-Images-BACKGROUNDS-CSS-desktop-1024x577.jpg"},{"@type":"BreadcrumbList","@id":"https:\/\/arizer.eu\/fr\/home\/about\/custom-session-settings\/#breadcrumb","itemListElement":[{"@type":"ListItem","position":1,"name":"Home","item":"https:\/\/arizer.eu\/fr\/"},{"@type":"ListItem","position":2,"name":"Home","item":"https:\/\/arizer.eu\/fr\/"},{"@type":"ListItem","position":3,"name":"About","item":"https:\/\/arizer.eu\/fr\/home\/about\/"},{"@type":"ListItem","position":4,"name":"Custom Session Settings"}]},{"@type":"WebSite","@id":"https:\/\/arizer.eu\/fr\/#website","url":"https:\/\/arizer.eu\/fr\/","name":"Arizer EU","description":"Best Portable Electronic Vaporizers | Better By Design","publisher":{"@id":"https:\/\/arizer.eu\/fr\/#organization"},"potentialAction":[{"@type":"SearchAction","target":{"@type":"EntryPoint","urlTemplate":"https:\/\/arizer.eu\/fr\/?s={search_term_string}"},"query-input":{"@type":"PropertyValueSpecification","valueRequired":true,"valueName":"search_term_string"}}],"inLanguage":"fr-FR"},{"@type":"Organization","@id":"https:\/\/arizer.eu\/fr\/#organization","name":"AR TECH","url":"https:\/\/arizer.eu\/fr\/","logo":{"@type":"ImageObject","inLanguage":"fr-FR","@id":"https:\/\/arizer.eu\/fr\/#\/schema\/logo\/image\/","url":"","contentUrl":"","caption":"AR TECH"},"image":{"@id":"https:\/\/arizer.eu\/fr\/#\/schema\/logo\/image\/"},"sameAs":["https:\/\/www.instagram.com\/arizertech\/","https:\/\/www.youtube.com\/channel\/UCg1A_lcPMTaYi5GHJnxvM_A"]}]}},"_links":{"self":[{"href":"https:\/\/arizer.eu\/fr\/wp-json\/wp\/v2\/pages\/20211043309","targetHints":{"allow":["GET"]}}],"collection":[{"href":"https:\/\/arizer.eu\/fr\/wp-json\/wp\/v2\/pages"}],"about":[{"href":"https:\/\/arizer.eu\/fr\/wp-json\/wp\/v2\/types\/page"}],"author":[{"embeddable":true,"href":"https:\/\/arizer.eu\/fr\/wp-json\/wp\/v2\/users\/1"}],"replies":[{"embeddable":true,"href":"https:\/\/arizer.eu\/fr\/wp-json\/wp\/v2\/comments?post=20211043309"}],"version-history":[{"count":8,"href":"https:\/\/arizer.eu\/fr\/wp-json\/wp\/v2\/pages\/20211043309\/revisions"}],"predecessor-version":[{"id":20220675835,"href":"https:\/\/arizer.eu\/fr\/wp-json\/wp\/v2\/pages\/20211043309\/revisions\/20220675835"}],"up":[{"embeddable":true,"href":"https:\/\/arizer.eu\/fr\/wp-json\/wp\/v2\/pages\/20211043305"}],"wp:attachment":[{"href":"https:\/\/arizer.eu\/fr\/wp-json\/wp\/v2\/media?parent=20211043309"}],"curies":[{"name":"wp","href":"https:\/\/api.w.org\/{rel}","templated":true}]}}