{"id":20211041416,"date":"2020-01-08T05:02:28","date_gmt":"2020-01-08T05:02:28","guid":{"rendered":"https:\/\/arizer.eu\/terms-of-use\/"},"modified":"2026-04-13T19:09:26","modified_gmt":"2026-04-13T19:09:26","slug":"terms-of-use","status":"publish","type":"page","link":"https:\/\/arizer.eu\/fr\/terms-of-use\/","title":{"rendered":"Arizer Website Terms of Use"},"content":{"rendered":"\t\t<div data-elementor-type=\"wp-page\" data-elementor-id=\"20211041416\" class=\"elementor elementor-20211041416 elementor-5531\" data-elementor-post-type=\"page\">\n\t\t\t\t\t\t<section class=\"elementor-section elementor-top-section elementor-element elementor-element-8371e21 elementor-section-boxed elementor-section-height-default elementor-section-height-default\" data-id=\"8371e21\" data-element_type=\"section\" data-e-type=\"section\">\n\t\t\t\t\t\t<div class=\"elementor-container elementor-column-gap-default\">\n\t\t\t\t\t<div class=\"elementor-column elementor-col-100 elementor-top-column elementor-element elementor-element-7dad27c\" data-id=\"7dad27c\" data-element_type=\"column\" data-e-type=\"column\">\n\t\t\t<div class=\"elementor-widget-wrap elementor-element-populated\">\n\t\t\t\t\t\t<div class=\"elementor-element elementor-element-9659cb7 elementor-widget elementor-widget-heading\" data-id=\"9659cb7\" data-element_type=\"widget\" data-e-type=\"widget\" data-widget_type=\"heading.default\">\n\t\t\t\t<div class=\"elementor-widget-container\">\n\t\t\t\t\t<h1 class=\"elementor-heading-title elementor-size-default\">Conditions G\u00e9n\u00e9rales<\/h1>\t\t\t\t<\/div>\n\t\t\t\t<\/div>\n\t\t\t\t\t<\/div>\n\t\t<\/div>\n\t\t\t\t\t<\/div>\n\t\t<\/section>\n\t\t\t\t<section class=\"elementor-section elementor-top-section elementor-element elementor-element-fa51637 elementor-section-boxed elementor-section-height-default elementor-section-height-default\" data-id=\"fa51637\" data-element_type=\"section\" data-e-type=\"section\">\n\t\t\t\t\t\t<div class=\"elementor-container elementor-column-gap-default\">\n\t\t\t\t\t<div class=\"elementor-column elementor-col-100 elementor-top-column elementor-element elementor-element-05937f2\" data-id=\"05937f2\" data-element_type=\"column\" data-e-type=\"column\">\n\t\t\t<div class=\"elementor-widget-wrap elementor-element-populated\">\n\t\t\t\t\t\t<div class=\"elementor-element elementor-element-02558ff elementor-widget elementor-widget-text-editor\" data-id=\"02558ff\" data-element_type=\"widget\" data-e-type=\"widget\" data-widget_type=\"text-editor.default\">\n\t\t\t\t<div class=\"elementor-widget-container\">\n\t\t\t\t\t\t\t\t\t<h2>1. Champ d\u2019application<\/h2><p>Les pr\u00e9sentes conditions g\u00e9n\u00e9rales s\u2019appliquent \u00e0 toutes les commandes pass\u00e9es par des consommateurs et des professionnels via notre boutique en ligne.<\/p><p>Un consommateur est toute personne physique qui conclut un acte juridique \u00e0 des fins qui n\u2019entrent pas principalement dans le cadre de son activit\u00e9 commerciale ou de sa profession ind\u00e9pendante. Un professionnel est une personne physique ou morale ou une soci\u00e9t\u00e9 de personnes dot\u00e9e de la capacit\u00e9 juridique, qui agit dans l\u2019exercice de son activit\u00e9 commerciale ou professionnelle ind\u00e9pendante lors de la conclusion d\u2019un acte juridique.<\/p><p>\u00c0 l\u2019\u00e9gard des professionnels, les pr\u00e9sentes conditions g\u00e9n\u00e9rales s\u2019appliquent \u00e9galement aux relations commerciales futures sans que nous ayons besoin d\u2019y faire r\u00e9f\u00e9rence \u00e0 nouveau. Si le professionnel utilise des conditions g\u00e9n\u00e9rales contraires ou compl\u00e9mentaires, leur validit\u00e9 est par la pr\u00e9sente rejet\u00e9e ; elles ne deviennent partie int\u00e9grante du contrat que si nous y avons express\u00e9ment consenti.<\/p><h2>2. Partie contractante, conclusion du contrat<\/h2><p>Le contrat de vente est conclu avec Reinhart GmbH &amp; Co. KG.<\/p><p>En mettant les produits en ligne dans la boutique, nous formulons une offre ferme de conclusion de contrat portant sur ces articles. Vous pouvez placer nos produits dans le panier sans engagement et corriger vos donn\u00e9es \u00e0 tout moment avant de valider votre commande en utilisant les outils de correction pr\u00e9vus et expliqu\u00e9s dans le processus de commande. Le contrat est conclu lorsque vous acceptez l\u2019offre portant sur les marchandises contenues dans le panier en cliquant sur le bouton de commande. Imm\u00e9diatement apr\u00e8s l\u2019envoi de la commande, vous recevrez une confirmation par e-mail.<\/p><h3>3. Langue du contrat, archivage du texte contractuel<\/h3><p>Les langues disponibles pour la conclusion du contrat sont le fran\u00e7ais et l\u2019anglais.<\/p><p>Le texte du contrat n\u2019est pas conserv\u00e9 par nos soins.<\/p><h2>4. Conditions de livraison<\/h2><p>Des frais de livraison peuvent s\u2019ajouter aux prix des produits indiqu\u00e9s. Vous trouverez plus de d\u00e9tails concernant le montant des frais de livraison dans les offres.<\/p><p>Nous livrons uniquement par correspondance. Il n\u2019est malheureusement pas possible de retirer les marchandises sur place.<\/p><h2>5. Moyens de paiement<\/h2><p>Dans notre boutique, les modes de paiement suivants sont \u00e0 votre disposition :<\/p><p>Virement bancaire<br \/>Si vous choisissez le paiement anticip\u00e9, nous vous communiquerons nos coordonn\u00e9es bancaires dans un e-mail s\u00e9par\u00e9 et livrerons la marchandise apr\u00e8s r\u00e9ception du paiement.<\/p><p>PayPal<br \/>Lors du processus de commande, vous serez redirig\u00e9 vers le site du prestataire en ligne PayPal. Pour r\u00e9gler le montant de la facture via PayPal, vous devez \u00eatre inscrit ou vous inscrire, vous identifier avec vos donn\u00e9es d\u2019acc\u00e8s et confirmer l\u2019ordre de paiement. Apr\u00e8s validation de la commande, nous demandons \u00e0 PayPal d\u2019initier la transaction de paiement. Vous recevrez des instructions suppl\u00e9mentaires pendant le processus de commande.<\/p><p>SOFORT \u00dcberweisung<br \/>Apr\u00e8s validation de la commande, vous serez redirig\u00e9 vers le site du prestataire SOFORT \u00dcberweisung. Pour payer via ce service, vous devez disposer d\u2019un compte de banque en ligne avec proc\u00e9dure PIN\/TAN activ\u00e9e, vous authentifier et confirmer l\u2019ordre de paiement. Vous recevrez des instructions suppl\u00e9mentaires pendant le processus de commande. La transaction est effectu\u00e9e imm\u00e9diatement et votre compte est d\u00e9bit\u00e9.<\/p><p>Aucun frais suppl\u00e9mentaire (0 %) n\u2019est appliqu\u00e9 au prix d\u2019achat.<\/p><h2>6. R\u00e9serve de propri\u00e9t\u00e9<\/h2><p>Les marchandises restent notre propri\u00e9t\u00e9 jusqu\u2019au paiement int\u00e9gral.<\/p><p>Pour les professionnels, les dispositions suivantes s\u2019appliquent \u00e9galement : nous nous r\u00e9servons la propri\u00e9t\u00e9 des marchandises jusqu\u2019au r\u00e8glement complet de toutes les cr\u00e9ances issues d\u2019une relation commerciale en cours. Vous pouvez revendre les marchandises sous r\u00e9serve de propri\u00e9t\u00e9 dans le cadre normal de votre activit\u00e9 ; vous nous c\u00e9dez d\u00e8s \u00e0 pr\u00e9sent toutes les cr\u00e9ances r\u00e9sultant de cette revente \u00e0 hauteur du montant de la facture, ind\u00e9pendamment d\u2019une \u00e9ventuelle combinaison ou transformation des marchandises. Nous acceptons cette cession. Vous restez autoris\u00e9 \u00e0 recouvrer les cr\u00e9ances, mais nous pouvons \u00e9galement les recouvrer si vous ne respectez pas vos obligations de paiement. La garantie l\u00e9gale des d\u00e9fauts s\u2019applique. Des informations concernant d\u2019\u00e9ventuelles garanties suppl\u00e9mentaires et leurs conditions exactes figurent avec le produit et sur des pages d\u2019information sp\u00e9cifiques de la boutique en ligne.<\/p><h2>7. R\u00e8glement des litiges<\/h2><p>La Commission europ\u00e9enne met \u00e0 disposition une plateforme de r\u00e8glement en ligne des litiges (RLL), accessible ici : http:\/\/ec.europa.eu\/consumers\/odr\/<\/p><p>Nous ne sommes ni oblig\u00e9s ni dispos\u00e9s \u00e0 participer \u00e0 une proc\u00e9dure de r\u00e8glement des litiges devant un organisme de m\u00e9diation des consommateurs.<\/p><h2>8. Avis sur les produits<\/h2><p>Nous appr\u00e9cions vos contributions et vous encourageons \u00e0 laisser des avis sur les produits Arizer. Les avis doivent \u00eatre pertinents, honn\u00eates et centr\u00e9s sur le produit lui-m\u00eame.<\/p><p>Les commentaires concernant Arizer en tant qu\u2019entreprise, la livraison, le service client ou l\u2019emballage doivent \u00eatre adress\u00e9s \u00e0 notre \u00e9quipe d\u2019assistance \u00e0 l\u2019adresse service@arizer.com<br \/>.<\/p><p>En soumettant un avis sur notre site web, vous acceptez qu\u2019Arizer puisse publier votre avis, accompagn\u00e9 de votre nom, sur notre site web, sous toute forme et \u00e0 tout emplacement \u00e0 sa discr\u00e9tion.<\/p><p>Vous acceptez \u00e9galement qu\u2019Arizer puisse modifier les avis pour des raisons de clart\u00e9, de longueur ou de pertinence, tant que l\u2019intention de l\u2019avis n\u2019est pas modifi\u00e9e. Arizer se r\u00e9serve le droit de supprimer ou de ne pas publier tout contenu jug\u00e9 non pertinent ou inappropri\u00e9.<\/p><h2>9. Dispositions finales<\/h2><p>Si vous \u00eates un professionnel, le droit allemand s\u2019applique \u00e0 l\u2019exclusion de la Convention des Nations Unies sur les contrats de vente internationale de marchandises.<\/p><p>Si vous \u00eates commer\u00e7ant au sens du Code de commerce allemand, une personne morale de droit public ou un fonds sp\u00e9cial de droit public, le tribunal comp\u00e9tent exclusif pour tous les litiges r\u00e9sultant des relations contractuelles entre nous et vous est celui de notre si\u00e8ge social.<\/p>\t\t\t\t\t\t\t\t<\/div>\n\t\t\t\t<\/div>\n\t\t\t\t\t<\/div>\n\t\t<\/div>\n\t\t\t\t\t<\/div>\n\t\t<\/section>\n\t\t\t\t<\/div>\n\t\t","protected":false},"excerpt":{"rendered":"<p>Conditions G\u00e9n\u00e9rales 1. Champ d\u2019application Les pr\u00e9sentes conditions g\u00e9n\u00e9rales s\u2019appliquent \u00e0 toutes les commandes pass\u00e9es par des consommateurs et des professionnels via notre boutique en ligne. Un consommateur est toute personne physique qui conclut un acte juridique \u00e0 des fins qui n\u2019entrent pas principalement dans le cadre de son activit\u00e9 commerciale ou de sa profession [&hellip;]<\/p>\n","protected":false},"author":1,"featured_media":0,"parent":0,"menu_order":0,"comment_status":"closed","ping_status":"closed","template":"","meta":{"_acf_changed":false,"footnotes":""},"class_list":["post-20211041416","page","type-page","status-publish","hentry","entry"],"acf":[],"yoast_head":"<!-- This site is optimized with the Yoast SEO Premium plugin v27.1 (Yoast SEO v27.1.1) - https:\/\/yoast.com\/product\/yoast-seo-premium-wordpress\/ -->\n<title>Arizer Website Terms of Use - Arizer EU<\/title>\n<meta name=\"robots\" content=\"index, follow, max-snippet:-1, max-image-preview:large, max-video-preview:-1\" \/>\n<meta property=\"og:locale\" content=\"fr_FR\" \/>\n<meta property=\"og:type\" content=\"article\" \/>\n<meta property=\"og:title\" content=\"Arizer Website Terms of Use\" \/>\n<meta property=\"og:description\" content=\"Conditions G\u00e9n\u00e9rales 1. Champ d\u2019applicationLes pr\u00e9sentes conditions g\u00e9n\u00e9rales s\u2019appliquent \u00e0 toutes les commandes pass\u00e9es par des consommateurs et des\" \/>\n<meta property=\"og:url\" content=\"https:\/\/arizer.eu\/fr\/terms-of-use\/\" \/>\n<meta property=\"og:site_name\" content=\"Arizer EU\" \/>\n<meta property=\"article:modified_time\" content=\"2026-04-13T19:09:26+00:00\" \/>\n<meta name=\"twitter:card\" content=\"summary_large_image\" \/>\n<meta name=\"twitter:label1\" content=\"Dur\u00e9e de lecture estim\u00e9e\" \/>\n\t<meta name=\"twitter:data1\" content=\"5 minutes\" \/>\n<script type=\"application\/ld+json\" class=\"yoast-schema-graph\">{\"@context\":\"https:\/\/schema.org\",\"@graph\":[{\"@type\":\"WebPage\",\"@id\":\"https:\/\/arizer.eu\/fr\/terms-of-use\/\",\"url\":\"https:\/\/arizer.eu\/fr\/terms-of-use\/\",\"name\":\"Arizer Website Terms of Use - Arizer EU\",\"isPartOf\":{\"@id\":\"https:\/\/arizer.eu\/fr\/#website\"},\"datePublished\":\"2020-01-08T05:02:28+00:00\",\"dateModified\":\"2026-04-13T19:09:26+00:00\",\"breadcrumb\":{\"@id\":\"https:\/\/arizer.eu\/fr\/terms-of-use\/#breadcrumb\"},\"inLanguage\":\"fr-FR\",\"potentialAction\":[{\"@type\":\"ReadAction\",\"target\":[\"https:\/\/arizer.eu\/fr\/terms-of-use\/\"]}]},{\"@type\":\"BreadcrumbList\",\"@id\":\"https:\/\/arizer.eu\/fr\/terms-of-use\/#breadcrumb\",\"itemListElement\":[{\"@type\":\"ListItem\",\"position\":1,\"name\":\"Home\",\"item\":\"https:\/\/arizer.eu\/fr\/\"},{\"@type\":\"ListItem\",\"position\":2,\"name\":\"Arizer Website Terms of Use\"}]},{\"@type\":\"WebSite\",\"@id\":\"https:\/\/arizer.eu\/fr\/#website\",\"url\":\"https:\/\/arizer.eu\/fr\/\",\"name\":\"Arizer EU\",\"description\":\"Best Portable Electronic Vaporizers | Better By Design\",\"publisher\":{\"@id\":\"https:\/\/arizer.eu\/fr\/#organization\"},\"potentialAction\":[{\"@type\":\"SearchAction\",\"target\":{\"@type\":\"EntryPoint\",\"urlTemplate\":\"https:\/\/arizer.eu\/fr\/?s={search_term_string}\"},\"query-input\":{\"@type\":\"PropertyValueSpecification\",\"valueRequired\":true,\"valueName\":\"search_term_string\"}}],\"inLanguage\":\"fr-FR\"},{\"@type\":\"Organization\",\"@id\":\"https:\/\/arizer.eu\/fr\/#organization\",\"name\":\"AR TECH\",\"url\":\"https:\/\/arizer.eu\/fr\/\",\"logo\":{\"@type\":\"ImageObject\",\"inLanguage\":\"fr-FR\",\"@id\":\"https:\/\/arizer.eu\/fr\/#\/schema\/logo\/image\/\",\"url\":\"\",\"contentUrl\":\"\",\"caption\":\"AR TECH\"},\"image\":{\"@id\":\"https:\/\/arizer.eu\/fr\/#\/schema\/logo\/image\/\"},\"sameAs\":[\"https:\/\/www.instagram.com\/arizertech\/\",\"https:\/\/www.youtube.com\/channel\/UCg1A_lcPMTaYi5GHJnxvM_A\"]}]}<\/script>\n<!-- \/ Yoast SEO Premium plugin. -->","yoast_head_json":{"title":"Arizer Website Terms of Use - Arizer EU","robots":{"index":"index","follow":"follow","max-snippet":"max-snippet:-1","max-image-preview":"max-image-preview:large","max-video-preview":"max-video-preview:-1"},"og_locale":"fr_FR","og_type":"article","og_title":"Arizer Website Terms of Use","og_description":"Conditions G\u00e9n\u00e9rales 1. Champ d\u2019applicationLes pr\u00e9sentes conditions g\u00e9n\u00e9rales s\u2019appliquent \u00e0 toutes les commandes pass\u00e9es par des consommateurs et des","og_url":"https:\/\/arizer.eu\/fr\/terms-of-use\/","og_site_name":"Arizer EU","article_modified_time":"2026-04-13T19:09:26+00:00","twitter_card":"summary_large_image","twitter_misc":{"Dur\u00e9e de lecture estim\u00e9e":"5 minutes"},"schema":{"@context":"https:\/\/schema.org","@graph":[{"@type":"WebPage","@id":"https:\/\/arizer.eu\/fr\/terms-of-use\/","url":"https:\/\/arizer.eu\/fr\/terms-of-use\/","name":"Arizer Website Terms of Use - Arizer EU","isPartOf":{"@id":"https:\/\/arizer.eu\/fr\/#website"},"datePublished":"2020-01-08T05:02:28+00:00","dateModified":"2026-04-13T19:09:26+00:00","breadcrumb":{"@id":"https:\/\/arizer.eu\/fr\/terms-of-use\/#breadcrumb"},"inLanguage":"fr-FR","potentialAction":[{"@type":"ReadAction","target":["https:\/\/arizer.eu\/fr\/terms-of-use\/"]}]},{"@type":"BreadcrumbList","@id":"https:\/\/arizer.eu\/fr\/terms-of-use\/#breadcrumb","itemListElement":[{"@type":"ListItem","position":1,"name":"Home","item":"https:\/\/arizer.eu\/fr\/"},{"@type":"ListItem","position":2,"name":"Arizer Website Terms of Use"}]},{"@type":"WebSite","@id":"https:\/\/arizer.eu\/fr\/#website","url":"https:\/\/arizer.eu\/fr\/","name":"Arizer EU","description":"Best Portable Electronic Vaporizers | Better By Design","publisher":{"@id":"https:\/\/arizer.eu\/fr\/#organization"},"potentialAction":[{"@type":"SearchAction","target":{"@type":"EntryPoint","urlTemplate":"https:\/\/arizer.eu\/fr\/?s={search_term_string}"},"query-input":{"@type":"PropertyValueSpecification","valueRequired":true,"valueName":"search_term_string"}}],"inLanguage":"fr-FR"},{"@type":"Organization","@id":"https:\/\/arizer.eu\/fr\/#organization","name":"AR TECH","url":"https:\/\/arizer.eu\/fr\/","logo":{"@type":"ImageObject","inLanguage":"fr-FR","@id":"https:\/\/arizer.eu\/fr\/#\/schema\/logo\/image\/","url":"","contentUrl":"","caption":"AR TECH"},"image":{"@id":"https:\/\/arizer.eu\/fr\/#\/schema\/logo\/image\/"},"sameAs":["https:\/\/www.instagram.com\/arizertech\/","https:\/\/www.youtube.com\/channel\/UCg1A_lcPMTaYi5GHJnxvM_A"]}]}},"_links":{"self":[{"href":"https:\/\/arizer.eu\/fr\/wp-json\/wp\/v2\/pages\/20211041416","targetHints":{"allow":["GET"]}}],"collection":[{"href":"https:\/\/arizer.eu\/fr\/wp-json\/wp\/v2\/pages"}],"about":[{"href":"https:\/\/arizer.eu\/fr\/wp-json\/wp\/v2\/types\/page"}],"author":[{"embeddable":true,"href":"https:\/\/arizer.eu\/fr\/wp-json\/wp\/v2\/users\/1"}],"replies":[{"embeddable":true,"href":"https:\/\/arizer.eu\/fr\/wp-json\/wp\/v2\/comments?post=20211041416"}],"version-history":[{"count":11,"href":"https:\/\/arizer.eu\/fr\/wp-json\/wp\/v2\/pages\/20211041416\/revisions"}],"predecessor-version":[{"id":20220684607,"href":"https:\/\/arizer.eu\/fr\/wp-json\/wp\/v2\/pages\/20211041416\/revisions\/20220684607"}],"wp:attachment":[{"href":"https:\/\/arizer.eu\/fr\/wp-json\/wp\/v2\/media?parent=20211041416"}],"curies":[{"name":"wp","href":"https:\/\/api.w.org\/{rel}","templated":true}]}}