{"id":20220683361,"date":"2026-03-31T18:47:45","date_gmt":"2026-03-31T18:47:45","guid":{"rendered":"https:\/\/arizer.eu\/?post_type=product&#038;p=20220683361"},"modified":"2026-03-31T18:47:48","modified_gmt":"2026-03-31T18:47:48","slug":"go-shell-case","status":"publish","type":"product","link":"https:\/\/arizer.eu\/es\/produkt\/go-shell-case\/","title":{"rendered":"Go Shell Case"},"content":{"rendered":"","protected":false},"excerpt":{"rendered":"<p>Descripci\u00f3n: Ya sea que te est\u00e9s preparando para un fin de semana o precargando para disfrutar discretamente en la ciudad, el Go Shell Case es tu soluci\u00f3n todo en uno. Volumen m\u00ednimo. M\u00e1xima preparaci\u00f3n.<\/p>\n<p>Incluye: Estuche magn\u00e9tico con inserto de silicona, bandeja de carga, 6 Go Shells, 6 rejillas filtrantes Go y 1 Go Shell Grip.<\/p>\n","protected":false},"featured_media":20220683342,"comment_status":"closed","ping_status":"closed","template":"","meta":{"_acf_changed":false},"product_brand":[],"product_cat":[1638,1642],"product_tag":[1629,1616],"class_list":{"0":"post-20220683361","1":"product","2":"type-product","3":"status-publish","4":"has-post-thumbnail","6":"product_cat-go-srt-accessories-es","7":"product_cat-go-srt-cases-es","8":"product_tag-arizer-herb-mill","9":"product_tag-go-shell","10":"entry","12":"first","13":"instock","14":"taxable","15":"shipping-taxable","16":"purchasable","17":"product-type-simple"},"bundled_by":[],"bundle_stock_status":"instock","bundle_stock_quantity":null,"bundle_virtual":false,"bundle_layout":"","bundle_add_to_cart_form_location":"","bundle_editable_in_cart":false,"bundle_sold_individually_context":"","bundle_item_grouping":"","bundle_min_size":"","bundle_max_size":"","bundle_price":[],"bundled_items":[],"bundle_sell_ids":[],"acf":[],"yoast_head":"<!-- This site is optimized with the Yoast SEO Premium plugin v27.1 (Yoast SEO v27.1.1) - https:\/\/yoast.com\/product\/yoast-seo-premium-wordpress\/ -->\n<title>Go Shell Case - Arizer EU<\/title>\n<meta name=\"robots\" content=\"index, follow, max-snippet:-1, max-image-preview:large, max-video-preview:-1\" \/>\n<meta property=\"og:locale\" content=\"es_ES\" \/>\n<meta property=\"og:type\" content=\"article\" \/>\n<meta property=\"og:title\" content=\"Go Shell Case\" \/>\n<meta property=\"og:description\" content=\"Descripci\u00f3n: Ya sea que te est\u00e9s preparando para un fin de semana o precargando para disfrutar discretamente en la ciudad, el Go Shell Case es tu soluci\u00f3n todo en uno. Volumen m\u00ednimo. M\u00e1xima preparaci\u00f3n.  Incluye: Estuche magn\u00e9tico con inserto de silicona, bandeja de carga, 6 Go Shells, 6 rejillas filtrantes Go y 1 Go Shell Grip.\" \/>\n<meta property=\"og:url\" content=\"https:\/\/arizer.eu\/es\/produkt\/go-shell-case\/\" \/>\n<meta property=\"og:site_name\" content=\"Arizer EU\" \/>\n<meta property=\"article:modified_time\" content=\"2026-03-31T18:47:48+00:00\" \/>\n<meta property=\"og:image\" content=\"https:\/\/arizer.eu\/wp-content\/uploads\/sites\/8\/2025\/09\/16-Go-Shell-Case-1.jpg\" \/>\n\t<meta property=\"og:image:width\" content=\"1000\" \/>\n\t<meta property=\"og:image:height\" content=\"1000\" \/>\n\t<meta property=\"og:image:type\" content=\"image\/jpeg\" \/>\n<meta name=\"twitter:card\" content=\"summary_large_image\" \/>\n<meta name=\"twitter:label1\" content=\"Precio\" \/>\n\t<meta name=\"twitter:data1\" content=\"99.99&euro;\" \/>\n\t<meta name=\"twitter:label2\" content=\"Disponibilidad\" \/>\n\t<meta name=\"twitter:data2\" content=\"Disponible\" \/>\n<script type=\"application\/ld+json\" class=\"yoast-schema-graph\">{\"@context\":\"https:\/\/schema.org\",\"@graph\":[{\"@type\":\"WebPage\",\"@id\":\"https:\/\/arizer.eu\/es\/produkt\/go-shell-case\/\",\"url\":\"https:\/\/arizer.eu\/es\/produkt\/go-shell-case\/\",\"name\":\"Go Shell Case - Arizer EU\",\"isPartOf\":{\"@id\":\"https:\/\/arizer.eu\/es\/#website\"},\"primaryImageOfPage\":{\"@id\":\"https:\/\/arizer.eu\/es\/produkt\/go-shell-case\/#primaryimage\"},\"image\":{\"@id\":\"https:\/\/arizer.eu\/es\/produkt\/go-shell-case\/#primaryimage\"},\"thumbnailUrl\":\"https:\/\/arizer.eu\/wp-content\/uploads\/sites\/8\/2025\/09\/16-Go-Shell-Case-1.jpg\",\"datePublished\":\"2026-03-31T18:47:45+00:00\",\"dateModified\":\"2026-03-31T18:47:48+00:00\",\"breadcrumb\":{\"@id\":\"https:\/\/arizer.eu\/es\/produkt\/go-shell-case\/#breadcrumb\"},\"inLanguage\":\"es\",\"potentialAction\":[{\"@type\":\"ReadAction\",\"target\":[\"https:\/\/arizer.eu\/es\/produkt\/go-shell-case\/\"]}]},{\"@type\":\"ImageObject\",\"inLanguage\":\"es\",\"@id\":\"https:\/\/arizer.eu\/es\/produkt\/go-shell-case\/#primaryimage\",\"url\":\"https:\/\/arizer.eu\/wp-content\/uploads\/sites\/8\/2025\/09\/16-Go-Shell-Case-1.jpg\",\"contentUrl\":\"https:\/\/arizer.eu\/wp-content\/uploads\/sites\/8\/2025\/09\/16-Go-Shell-Case-1.jpg\",\"width\":1000,\"height\":1000,\"caption\":\"Go Shell Case\"},{\"@type\":\"BreadcrumbList\",\"@id\":\"https:\/\/arizer.eu\/es\/produkt\/go-shell-case\/#breadcrumb\",\"itemListElement\":[{\"@type\":\"ListItem\",\"position\":1,\"name\":\"Home\",\"item\":\"https:\/\/arizer.eu\/es\/\"},{\"@type\":\"ListItem\",\"position\":2,\"name\":\"Go Shell Case\"}]},{\"@type\":\"WebSite\",\"@id\":\"https:\/\/arizer.eu\/es\/#website\",\"url\":\"https:\/\/arizer.eu\/es\/\",\"name\":\"Arizer EU\",\"description\":\"Best Portable Electronic Vaporizers | Better By Design\",\"publisher\":{\"@id\":\"https:\/\/arizer.eu\/es\/#organization\"},\"potentialAction\":[{\"@type\":\"SearchAction\",\"target\":{\"@type\":\"EntryPoint\",\"urlTemplate\":\"https:\/\/arizer.eu\/es\/?s={search_term_string}\"},\"query-input\":{\"@type\":\"PropertyValueSpecification\",\"valueRequired\":true,\"valueName\":\"search_term_string\"}}],\"inLanguage\":\"es\"},{\"@type\":\"Organization\",\"@id\":\"https:\/\/arizer.eu\/es\/#organization\",\"name\":\"AR TECH\",\"url\":\"https:\/\/arizer.eu\/es\/\",\"logo\":{\"@type\":\"ImageObject\",\"inLanguage\":\"es\",\"@id\":\"https:\/\/arizer.eu\/es\/#\/schema\/logo\/image\/\",\"url\":\"\",\"contentUrl\":\"\",\"caption\":\"AR TECH\"},\"image\":{\"@id\":\"https:\/\/arizer.eu\/es\/#\/schema\/logo\/image\/\"},\"sameAs\":[\"https:\/\/www.instagram.com\/arizertech\/\",\"https:\/\/www.youtube.com\/channel\/UCg1A_lcPMTaYi5GHJnxvM_A\"]}]}<\/script>\n<meta property=\"product:price:amount\" content=\"99.99\" \/>\n<meta property=\"product:price:currency\" content=\"EUR\" \/>\n<meta property=\"og:availability\" content=\"instock\" \/>\n<meta property=\"product:availability\" content=\"instock\" \/>\n<meta property=\"product:retailer_item_id\" content=\"ARCS-T700\" \/>\n<meta property=\"product:condition\" content=\"new\" \/>\n<!-- \/ Yoast SEO Premium plugin. -->","yoast_head_json":{"title":"Go Shell Case - Arizer EU","robots":{"index":"index","follow":"follow","max-snippet":"max-snippet:-1","max-image-preview":"max-image-preview:large","max-video-preview":"max-video-preview:-1"},"og_locale":"es_ES","og_type":"article","og_title":"Go Shell Case","og_description":"Descripci\u00f3n: Ya sea que te est\u00e9s preparando para un fin de semana o precargando para disfrutar discretamente en la ciudad, el Go Shell Case es tu soluci\u00f3n todo en uno. Volumen m\u00ednimo. M\u00e1xima preparaci\u00f3n.  Incluye: Estuche magn\u00e9tico con inserto de silicona, bandeja de carga, 6 Go Shells, 6 rejillas filtrantes Go y 1 Go Shell Grip.","og_url":"https:\/\/arizer.eu\/es\/produkt\/go-shell-case\/","og_site_name":"Arizer EU","article_modified_time":"2026-03-31T18:47:48+00:00","og_image":[{"width":1000,"height":1000,"url":"https:\/\/arizer.eu\/wp-content\/uploads\/sites\/8\/2025\/09\/16-Go-Shell-Case-1.jpg","type":"image\/jpeg"}],"twitter_card":"summary_large_image","twitter_misc":{"Precio":"99.99&euro;","Disponibilidad":"Disponible"},"schema":{"@context":"https:\/\/schema.org","@graph":[{"@type":"WebPage","@id":"https:\/\/arizer.eu\/es\/produkt\/go-shell-case\/","url":"https:\/\/arizer.eu\/es\/produkt\/go-shell-case\/","name":"Go Shell Case - Arizer EU","isPartOf":{"@id":"https:\/\/arizer.eu\/es\/#website"},"primaryImageOfPage":{"@id":"https:\/\/arizer.eu\/es\/produkt\/go-shell-case\/#primaryimage"},"image":{"@id":"https:\/\/arizer.eu\/es\/produkt\/go-shell-case\/#primaryimage"},"thumbnailUrl":"https:\/\/arizer.eu\/wp-content\/uploads\/sites\/8\/2025\/09\/16-Go-Shell-Case-1.jpg","datePublished":"2026-03-31T18:47:45+00:00","dateModified":"2026-03-31T18:47:48+00:00","breadcrumb":{"@id":"https:\/\/arizer.eu\/es\/produkt\/go-shell-case\/#breadcrumb"},"inLanguage":"es","potentialAction":[{"@type":"ReadAction","target":["https:\/\/arizer.eu\/es\/produkt\/go-shell-case\/"]}]},{"@type":"ImageObject","inLanguage":"es","@id":"https:\/\/arizer.eu\/es\/produkt\/go-shell-case\/#primaryimage","url":"https:\/\/arizer.eu\/wp-content\/uploads\/sites\/8\/2025\/09\/16-Go-Shell-Case-1.jpg","contentUrl":"https:\/\/arizer.eu\/wp-content\/uploads\/sites\/8\/2025\/09\/16-Go-Shell-Case-1.jpg","width":1000,"height":1000,"caption":"Go Shell Case"},{"@type":"BreadcrumbList","@id":"https:\/\/arizer.eu\/es\/produkt\/go-shell-case\/#breadcrumb","itemListElement":[{"@type":"ListItem","position":1,"name":"Home","item":"https:\/\/arizer.eu\/es\/"},{"@type":"ListItem","position":2,"name":"Go Shell Case"}]},{"@type":"WebSite","@id":"https:\/\/arizer.eu\/es\/#website","url":"https:\/\/arizer.eu\/es\/","name":"Arizer EU","description":"Best Portable Electronic Vaporizers | Better By Design","publisher":{"@id":"https:\/\/arizer.eu\/es\/#organization"},"potentialAction":[{"@type":"SearchAction","target":{"@type":"EntryPoint","urlTemplate":"https:\/\/arizer.eu\/es\/?s={search_term_string}"},"query-input":{"@type":"PropertyValueSpecification","valueRequired":true,"valueName":"search_term_string"}}],"inLanguage":"es"},{"@type":"Organization","@id":"https:\/\/arizer.eu\/es\/#organization","name":"AR TECH","url":"https:\/\/arizer.eu\/es\/","logo":{"@type":"ImageObject","inLanguage":"es","@id":"https:\/\/arizer.eu\/es\/#\/schema\/logo\/image\/","url":"","contentUrl":"","caption":"AR TECH"},"image":{"@id":"https:\/\/arizer.eu\/es\/#\/schema\/logo\/image\/"},"sameAs":["https:\/\/www.instagram.com\/arizertech\/","https:\/\/www.youtube.com\/channel\/UCg1A_lcPMTaYi5GHJnxvM_A"]}]},"product_price_amount":"99.99","product_price_currency":"EUR","og_availability":"instock","product_availability":"instock","product_retailer_item_id":"ARCS-T700","product_condition":"new"},"_links":{"self":[{"href":"https:\/\/arizer.eu\/es\/wp-json\/wp\/v2\/product\/20220683361","targetHints":{"allow":["GET"]}}],"collection":[{"href":"https:\/\/arizer.eu\/es\/wp-json\/wp\/v2\/product"}],"about":[{"href":"https:\/\/arizer.eu\/es\/wp-json\/wp\/v2\/types\/product"}],"replies":[{"embeddable":true,"href":"https:\/\/arizer.eu\/es\/wp-json\/wp\/v2\/comments?post=20220683361"}],"version-history":[{"count":1,"href":"https:\/\/arizer.eu\/es\/wp-json\/wp\/v2\/product\/20220683361\/revisions"}],"predecessor-version":[{"id":20220683362,"href":"https:\/\/arizer.eu\/es\/wp-json\/wp\/v2\/product\/20220683361\/revisions\/20220683362"}],"wp:featuredmedia":[{"embeddable":true,"href":"https:\/\/arizer.eu\/es\/wp-json\/wp\/v2\/media\/20220683342"}],"wp:attachment":[{"href":"https:\/\/arizer.eu\/es\/wp-json\/wp\/v2\/media?parent=20220683361"}],"wp:term":[{"taxonomy":"product_brand","embeddable":true,"href":"https:\/\/arizer.eu\/es\/wp-json\/wp\/v2\/product_brand?post=20220683361"},{"taxonomy":"product_cat","embeddable":true,"href":"https:\/\/arizer.eu\/es\/wp-json\/wp\/v2\/product_cat?post=20220683361"},{"taxonomy":"product_tag","embeddable":true,"href":"https:\/\/arizer.eu\/es\/wp-json\/wp\/v2\/product_tag?post=20220683361"}],"curies":[{"name":"wp","href":"https:\/\/api.w.org\/{rel}","templated":true}]}}