{"id":20220683295,"date":"2026-03-31T18:48:51","date_gmt":"2026-03-31T18:48:51","guid":{"rendered":"https:\/\/arizer.eu\/?post_type=product&#038;p=20220683295"},"modified":"2026-03-31T18:48:53","modified_gmt":"2026-03-31T18:48:53","slug":"go-shell-grip-pack","status":"publish","type":"product","link":"https:\/\/arizer.eu\/es\/producto\/go-shell-grip-pack\/","title":{"rendered":"Go Shell Grip Pack (Nuevo)"},"content":{"rendered":"","protected":false},"excerpt":{"rendered":"<p>Descripci\u00f3n: Los Go Shell Grips son la forma manos libres de manejar el calor. Dise\u00f1ado para ajustarse a presi\u00f3n en la parte superior estrecha de tu Shell, esta herramienta de silicona te permite retirar de forma segura los pods de vidrio calientes del Go SRT despu\u00e9s de una sesi\u00f3n. Dale la vuelta y tambi\u00e9n funciona como herramienta de prensado, perfecta para compactar tus hierbas con la densidad adecuada y mantener ese importante flujo de aire.<\/p>\n<p>Incluye: 6 x Go Shell Grips<\/p>\n","protected":false},"featured_media":20220683287,"comment_status":"closed","ping_status":"closed","template":"","meta":{"_acf_changed":false},"product_brand":[],"product_cat":[1638,1646],"product_tag":[1616],"class_list":{"0":"post-20220683295","1":"product","2":"type-product","3":"status-publish","4":"has-post-thumbnail","6":"product_cat-go-srt-accessories-es","7":"product_cat-go-srt-parts-es","8":"product_tag-go-shell","9":"entry","11":"first","12":"outofstock","13":"taxable","14":"shipping-taxable","15":"purchasable","16":"product-type-simple"},"bundled_by":[],"bundle_stock_status":"outofstock","bundle_stock_quantity":0,"bundle_virtual":false,"bundle_layout":"","bundle_add_to_cart_form_location":"","bundle_editable_in_cart":false,"bundle_sold_individually_context":"","bundle_item_grouping":"","bundle_min_size":"","bundle_max_size":"","bundle_price":[],"bundled_items":[],"bundle_sell_ids":[],"acf":[],"yoast_head":"<!-- This site is optimized with the Yoast SEO Premium plugin v27.1 (Yoast SEO v27.1.1) - https:\/\/yoast.com\/product\/yoast-seo-premium-wordpress\/ -->\n<title>Go Shell Grip Pack (Nuevo) - Arizer EU<\/title>\n<meta name=\"robots\" content=\"index, follow, max-snippet:-1, max-image-preview:large, max-video-preview:-1\" \/>\n<meta property=\"og:locale\" content=\"es_ES\" \/>\n<meta property=\"og:type\" content=\"article\" \/>\n<meta property=\"og:title\" content=\"Go Shell Grip Pack (Nuevo)\" \/>\n<meta property=\"og:description\" content=\"Descripci\u00f3n: Los Go Shell Grips son la forma manos libres de manejar el calor. Dise\u00f1ado para ajustarse a presi\u00f3n en la parte superior estrecha de tu Shell, esta herramienta de silicona te permite retirar de forma segura los pods de vidrio calientes del Go SRT despu\u00e9s de una sesi\u00f3n. Dale la vuelta y tambi\u00e9n funciona como herramienta de prensado, perfecta para compactar tus hierbas con la densidad adecuada y mantener ese importante flujo de aire.  Incluye: 6 x Go Shell Grips\" \/>\n<meta property=\"og:url\" content=\"https:\/\/arizer.eu\/es\/producto\/go-shell-grip-pack\/\" \/>\n<meta property=\"og:site_name\" content=\"Arizer EU\" \/>\n<meta property=\"article:modified_time\" content=\"2026-03-31T18:48:53+00:00\" \/>\n<meta property=\"og:image\" content=\"https:\/\/arizer.eu\/wp-content\/uploads\/sites\/8\/2025\/09\/05-Go-Shell-Grip-Pack.jpg\" \/>\n\t<meta property=\"og:image:width\" content=\"1000\" \/>\n\t<meta property=\"og:image:height\" content=\"1000\" \/>\n\t<meta property=\"og:image:type\" content=\"image\/jpeg\" \/>\n<meta name=\"twitter:card\" content=\"summary_large_image\" \/>\n<meta name=\"twitter:label1\" content=\"Precio\" \/>\n\t<meta name=\"twitter:data1\" content=\"9.99&euro;\" \/>\n\t<meta name=\"twitter:label2\" content=\"Disponibilidad\" \/>\n\t<meta name=\"twitter:data2\" content=\"Sin existencias\" \/>\n<script type=\"application\/ld+json\" class=\"yoast-schema-graph\">{\"@context\":\"https:\/\/schema.org\",\"@graph\":[{\"@type\":\"WebPage\",\"@id\":\"https:\/\/arizer.eu\/es\/producto\/go-shell-grip-pack\/\",\"url\":\"https:\/\/arizer.eu\/es\/producto\/go-shell-grip-pack\/\",\"name\":\"Go Shell Grip Pack (Nuevo) - Arizer EU\",\"isPartOf\":{\"@id\":\"https:\/\/arizer.eu\/es\/#website\"},\"primaryImageOfPage\":{\"@id\":\"https:\/\/arizer.eu\/es\/producto\/go-shell-grip-pack\/#primaryimage\"},\"image\":{\"@id\":\"https:\/\/arizer.eu\/es\/producto\/go-shell-grip-pack\/#primaryimage\"},\"thumbnailUrl\":\"https:\/\/arizer.eu\/wp-content\/uploads\/sites\/8\/2025\/09\/05-Go-Shell-Grip-Pack.jpg\",\"datePublished\":\"2026-03-31T18:48:51+00:00\",\"dateModified\":\"2026-03-31T18:48:53+00:00\",\"breadcrumb\":{\"@id\":\"https:\/\/arizer.eu\/es\/producto\/go-shell-grip-pack\/#breadcrumb\"},\"inLanguage\":\"es\",\"potentialAction\":[{\"@type\":\"ReadAction\",\"target\":[\"https:\/\/arizer.eu\/es\/producto\/go-shell-grip-pack\/\"]}]},{\"@type\":\"ImageObject\",\"inLanguage\":\"es\",\"@id\":\"https:\/\/arizer.eu\/es\/producto\/go-shell-grip-pack\/#primaryimage\",\"url\":\"https:\/\/arizer.eu\/wp-content\/uploads\/sites\/8\/2025\/09\/05-Go-Shell-Grip-Pack.jpg\",\"contentUrl\":\"https:\/\/arizer.eu\/wp-content\/uploads\/sites\/8\/2025\/09\/05-Go-Shell-Grip-Pack.jpg\",\"width\":1000,\"height\":1000,\"caption\":\"Go shell grip pack\"},{\"@type\":\"BreadcrumbList\",\"@id\":\"https:\/\/arizer.eu\/es\/producto\/go-shell-grip-pack\/#breadcrumb\",\"itemListElement\":[{\"@type\":\"ListItem\",\"position\":1,\"name\":\"Home\",\"item\":\"https:\/\/arizer.eu\/es\/\"},{\"@type\":\"ListItem\",\"position\":2,\"name\":\"Go Shell Grip Pack (Nuevo)\"}]},{\"@type\":\"WebSite\",\"@id\":\"https:\/\/arizer.eu\/es\/#website\",\"url\":\"https:\/\/arizer.eu\/es\/\",\"name\":\"Arizer EU\",\"description\":\"Best Portable Electronic Vaporizers | Better By Design\",\"publisher\":{\"@id\":\"https:\/\/arizer.eu\/es\/#organization\"},\"potentialAction\":[{\"@type\":\"SearchAction\",\"target\":{\"@type\":\"EntryPoint\",\"urlTemplate\":\"https:\/\/arizer.eu\/es\/?s={search_term_string}\"},\"query-input\":{\"@type\":\"PropertyValueSpecification\",\"valueRequired\":true,\"valueName\":\"search_term_string\"}}],\"inLanguage\":\"es\"},{\"@type\":\"Organization\",\"@id\":\"https:\/\/arizer.eu\/es\/#organization\",\"name\":\"AR TECH\",\"url\":\"https:\/\/arizer.eu\/es\/\",\"logo\":{\"@type\":\"ImageObject\",\"inLanguage\":\"es\",\"@id\":\"https:\/\/arizer.eu\/es\/#\/schema\/logo\/image\/\",\"url\":\"\",\"contentUrl\":\"\",\"caption\":\"AR TECH\"},\"image\":{\"@id\":\"https:\/\/arizer.eu\/es\/#\/schema\/logo\/image\/\"},\"sameAs\":[\"https:\/\/www.instagram.com\/arizertech\/\",\"https:\/\/www.youtube.com\/channel\/UCg1A_lcPMTaYi5GHJnxvM_A\"]}]}<\/script>\n<meta property=\"product:price:amount\" content=\"9.99\" \/>\n<meta property=\"product:price:currency\" content=\"EUR\" \/>\n<meta property=\"og:availability\" content=\"out of stock\" \/>\n<meta property=\"product:availability\" content=\"out of stock\" \/>\n<meta property=\"product:retailer_item_id\" content=\"8216\" \/>\n<meta property=\"product:condition\" content=\"new\" \/>\n<!-- \/ Yoast SEO Premium plugin. -->","yoast_head_json":{"title":"Go Shell Grip Pack (Nuevo) - Arizer EU","robots":{"index":"index","follow":"follow","max-snippet":"max-snippet:-1","max-image-preview":"max-image-preview:large","max-video-preview":"max-video-preview:-1"},"og_locale":"es_ES","og_type":"article","og_title":"Go Shell Grip Pack (Nuevo)","og_description":"Descripci\u00f3n: Los Go Shell Grips son la forma manos libres de manejar el calor. Dise\u00f1ado para ajustarse a presi\u00f3n en la parte superior estrecha de tu Shell, esta herramienta de silicona te permite retirar de forma segura los pods de vidrio calientes del Go SRT despu\u00e9s de una sesi\u00f3n. Dale la vuelta y tambi\u00e9n funciona como herramienta de prensado, perfecta para compactar tus hierbas con la densidad adecuada y mantener ese importante flujo de aire.  Incluye: 6 x Go Shell Grips","og_url":"https:\/\/arizer.eu\/es\/producto\/go-shell-grip-pack\/","og_site_name":"Arizer EU","article_modified_time":"2026-03-31T18:48:53+00:00","og_image":[{"width":1000,"height":1000,"url":"https:\/\/arizer.eu\/wp-content\/uploads\/sites\/8\/2025\/09\/05-Go-Shell-Grip-Pack.jpg","type":"image\/jpeg"}],"twitter_card":"summary_large_image","twitter_misc":{"Precio":"9.99&euro;","Disponibilidad":"Sin existencias"},"schema":{"@context":"https:\/\/schema.org","@graph":[{"@type":"WebPage","@id":"https:\/\/arizer.eu\/es\/producto\/go-shell-grip-pack\/","url":"https:\/\/arizer.eu\/es\/producto\/go-shell-grip-pack\/","name":"Go Shell Grip Pack (Nuevo) - Arizer EU","isPartOf":{"@id":"https:\/\/arizer.eu\/es\/#website"},"primaryImageOfPage":{"@id":"https:\/\/arizer.eu\/es\/producto\/go-shell-grip-pack\/#primaryimage"},"image":{"@id":"https:\/\/arizer.eu\/es\/producto\/go-shell-grip-pack\/#primaryimage"},"thumbnailUrl":"https:\/\/arizer.eu\/wp-content\/uploads\/sites\/8\/2025\/09\/05-Go-Shell-Grip-Pack.jpg","datePublished":"2026-03-31T18:48:51+00:00","dateModified":"2026-03-31T18:48:53+00:00","breadcrumb":{"@id":"https:\/\/arizer.eu\/es\/producto\/go-shell-grip-pack\/#breadcrumb"},"inLanguage":"es","potentialAction":[{"@type":"ReadAction","target":["https:\/\/arizer.eu\/es\/producto\/go-shell-grip-pack\/"]}]},{"@type":"ImageObject","inLanguage":"es","@id":"https:\/\/arizer.eu\/es\/producto\/go-shell-grip-pack\/#primaryimage","url":"https:\/\/arizer.eu\/wp-content\/uploads\/sites\/8\/2025\/09\/05-Go-Shell-Grip-Pack.jpg","contentUrl":"https:\/\/arizer.eu\/wp-content\/uploads\/sites\/8\/2025\/09\/05-Go-Shell-Grip-Pack.jpg","width":1000,"height":1000,"caption":"Go shell grip pack"},{"@type":"BreadcrumbList","@id":"https:\/\/arizer.eu\/es\/producto\/go-shell-grip-pack\/#breadcrumb","itemListElement":[{"@type":"ListItem","position":1,"name":"Home","item":"https:\/\/arizer.eu\/es\/"},{"@type":"ListItem","position":2,"name":"Go Shell Grip Pack (Nuevo)"}]},{"@type":"WebSite","@id":"https:\/\/arizer.eu\/es\/#website","url":"https:\/\/arizer.eu\/es\/","name":"Arizer EU","description":"Best Portable Electronic Vaporizers | Better By Design","publisher":{"@id":"https:\/\/arizer.eu\/es\/#organization"},"potentialAction":[{"@type":"SearchAction","target":{"@type":"EntryPoint","urlTemplate":"https:\/\/arizer.eu\/es\/?s={search_term_string}"},"query-input":{"@type":"PropertyValueSpecification","valueRequired":true,"valueName":"search_term_string"}}],"inLanguage":"es"},{"@type":"Organization","@id":"https:\/\/arizer.eu\/es\/#organization","name":"AR TECH","url":"https:\/\/arizer.eu\/es\/","logo":{"@type":"ImageObject","inLanguage":"es","@id":"https:\/\/arizer.eu\/es\/#\/schema\/logo\/image\/","url":"","contentUrl":"","caption":"AR TECH"},"image":{"@id":"https:\/\/arizer.eu\/es\/#\/schema\/logo\/image\/"},"sameAs":["https:\/\/www.instagram.com\/arizertech\/","https:\/\/www.youtube.com\/channel\/UCg1A_lcPMTaYi5GHJnxvM_A"]}]},"product_price_amount":"9.99","product_price_currency":"EUR","og_availability":"out of stock","product_availability":"out of stock","product_retailer_item_id":"8216","product_condition":"new"},"_links":{"self":[{"href":"https:\/\/arizer.eu\/es\/wp-json\/wp\/v2\/product\/20220683295","targetHints":{"allow":["GET"]}}],"collection":[{"href":"https:\/\/arizer.eu\/es\/wp-json\/wp\/v2\/product"}],"about":[{"href":"https:\/\/arizer.eu\/es\/wp-json\/wp\/v2\/types\/product"}],"replies":[{"embeddable":true,"href":"https:\/\/arizer.eu\/es\/wp-json\/wp\/v2\/comments?post=20220683295"}],"version-history":[{"count":1,"href":"https:\/\/arizer.eu\/es\/wp-json\/wp\/v2\/product\/20220683295\/revisions"}],"predecessor-version":[{"id":20220683296,"href":"https:\/\/arizer.eu\/es\/wp-json\/wp\/v2\/product\/20220683295\/revisions\/20220683296"}],"wp:featuredmedia":[{"embeddable":true,"href":"https:\/\/arizer.eu\/es\/wp-json\/wp\/v2\/media\/20220683287"}],"wp:attachment":[{"href":"https:\/\/arizer.eu\/es\/wp-json\/wp\/v2\/media?parent=20220683295"}],"wp:term":[{"taxonomy":"product_brand","embeddable":true,"href":"https:\/\/arizer.eu\/es\/wp-json\/wp\/v2\/product_brand?post=20220683295"},{"taxonomy":"product_cat","embeddable":true,"href":"https:\/\/arizer.eu\/es\/wp-json\/wp\/v2\/product_cat?post=20220683295"},{"taxonomy":"product_tag","embeddable":true,"href":"https:\/\/arizer.eu\/es\/wp-json\/wp\/v2\/product_tag?post=20220683295"}],"curies":[{"name":"wp","href":"https:\/\/api.w.org\/{rel}","templated":true}]}}