{"id":20220673208,"date":"2025-10-31T12:22:10","date_gmt":"2025-10-31T12:22:10","guid":{"rendered":"https:\/\/arizer.eu\/produkt\/premium-bundle\/"},"modified":"2025-10-31T14:02:51","modified_gmt":"2025-10-31T14:02:51","slug":"premium-bundle","status":"publish","type":"product","link":"https:\/\/arizer.eu\/es\/produkt\/premium-bundle\/","title":{"rendered":"Premium Bundle"},"content":{"rendered":"","protected":false},"excerpt":{"rendered":"<h4 class=\"ai-optimize-29\">Perfecto para casa y para llevar<\/h4>\n<p class=\"ai-optimize-29\">Ahorra al combinar un Air MAX con un XQ2 y disfruta de la flexibilidad de un vaporizador port\u00e1til junto con un modelo de escritorio. Prep\u00e1rate para cualquier entorno, desde sesiones con amigos en casa hasta momentos de renovaci\u00f3n en la naturaleza, y todo lo que haya entre medio. Siempre tendr\u00e1s un vapor sabroso donde quieras&#8230; y cuando quieras.<\/p>\n","protected":false},"featured_media":20220673137,"comment_status":"closed","ping_status":"closed","template":"","meta":{"_acf_changed":false},"product_brand":[],"product_cat":[588,439],"product_tag":[],"class_list":{"0":"post-20220673208","1":"product","2":"type-product","3":"status-publish","4":"has-post-thumbnail","6":"product_cat-argo-es","7":"product_cat-paquetes","8":"pa_brand-arizer-es","9":"entry","11":"first","12":"instock","13":"sale","14":"virtual","15":"taxable","16":"purchasable","17":"product-type-bundle"},"bundled_by":[],"bundle_stock_status":"instock","bundle_stock_quantity":361,"bundle_virtual":false,"bundle_layout":"default","bundle_add_to_cart_form_location":"default","bundle_editable_in_cart":false,"bundle_sold_individually_context":"product","bundle_item_grouping":"noindent","bundle_min_size":"","bundle_max_size":"","bundle_price":{"price":{"min":{"incl_tax":"413.99","excl_tax":"347.890756"},"max":{"incl_tax":"413.99","excl_tax":"347.890756"}},"regular_price":{"min":{"incl_tax":"498.99","excl_tax":"419.319328"},"max":{"incl_tax":"498.99","excl_tax":"419.319328"}}},"bundled_items":[{"bundled_item_id":319,"product_id":20220674518,"menu_order":0,"quantity_min":1,"quantity_max":1,"quantity_default":1,"priced_individually":false,"shipped_individually":false,"override_title":false,"title":"Air MAX (Kopie)","override_description":false,"description":"Air MAX (Kopie)","optional":false,"hide_thumbnail":false,"discount":"","override_variations":false,"allowed_variations":[""],"override_default_variation_attributes":false,"default_variation_attributes":[],"single_product_visibility":"visible","cart_visibility":"visible","order_visibility":"visible","single_product_price_visibility":"visible","cart_price_visibility":"visible","order_price_visibility":"visible","stock_status":"in_stock"},{"bundled_item_id":320,"product_id":20220674528,"menu_order":1,"quantity_min":1,"quantity_max":1,"quantity_default":1,"priced_individually":false,"shipped_individually":false,"override_title":false,"title":"XQ2 (Kopie)","override_description":false,"description":"XQ2 (Kopie)","optional":false,"hide_thumbnail":false,"discount":"","override_variations":false,"allowed_variations":[""],"override_default_variation_attributes":false,"default_variation_attributes":[],"single_product_visibility":"visible","cart_visibility":"visible","order_visibility":"visible","single_product_price_visibility":"visible","cart_price_visibility":"visible","order_price_visibility":"visible","stock_status":"in_stock"}],"bundle_sell_ids":[],"acf":[],"yoast_head":"<!-- This site is optimized with the Yoast SEO Premium plugin v27.1 (Yoast SEO v27.1.1) - https:\/\/yoast.com\/product\/yoast-seo-premium-wordpress\/ -->\n<title>Premium Bundle - Arizer EU<\/title>\n<meta name=\"robots\" content=\"index, follow, max-snippet:-1, max-image-preview:large, max-video-preview:-1\" \/>\n<meta property=\"og:locale\" content=\"es_ES\" \/>\n<meta property=\"og:type\" content=\"article\" \/>\n<meta property=\"og:title\" content=\"Premium Bundle\" \/>\n<meta property=\"og:description\" content=\"Perfecto para casa y para llevar Ahorra al combinar un Air MAX con un XQ2 y disfruta de la flexibilidad de un vaporizador port\u00e1til junto con un modelo de escritorio. Prep\u00e1rate para cualquier entorno, desde sesiones con amigos en casa hasta momentos de renovaci\u00f3n en la naturaleza, y todo lo que haya entre medio. Siempre tendr\u00e1s un vapor sabroso donde quieras... y cuando quieras.\" \/>\n<meta property=\"og:url\" content=\"https:\/\/arizer.eu\/es\/produkt\/premium-bundle\/\" \/>\n<meta property=\"og:site_name\" content=\"Arizer EU\" \/>\n<meta property=\"article:modified_time\" content=\"2025-10-31T14:02:51+00:00\" \/>\n<meta property=\"og:image\" content=\"https:\/\/arizer.eu\/wp-content\/uploads\/sites\/8\/2025\/10\/Arizer-MAIN-Images-01-Bundles-Premium-1.webp\" \/>\n\t<meta property=\"og:image:width\" content=\"600\" \/>\n\t<meta property=\"og:image:height\" content=\"450\" \/>\n\t<meta property=\"og:image:type\" content=\"image\/webp\" \/>\n<meta name=\"twitter:card\" content=\"summary_large_image\" \/>\n<meta name=\"twitter:label1\" content=\"Precio\" \/>\n\t<meta name=\"twitter:data1\" content=\"413.99&euro;\" \/>\n\t<meta name=\"twitter:label2\" content=\"Disponibilidad\" \/>\n\t<meta name=\"twitter:data2\" content=\"Disponible\" \/>\n<script type=\"application\/ld+json\" class=\"yoast-schema-graph\">{\"@context\":\"https:\/\/schema.org\",\"@graph\":[{\"@type\":\"WebPage\",\"@id\":\"https:\/\/arizer.eu\/es\/produkt\/premium-bundle\/\",\"url\":\"https:\/\/arizer.eu\/es\/produkt\/premium-bundle\/\",\"name\":\"Premium Bundle - Arizer EU\",\"isPartOf\":{\"@id\":\"https:\/\/arizer.eu\/es\/#website\"},\"primaryImageOfPage\":{\"@id\":\"https:\/\/arizer.eu\/es\/produkt\/premium-bundle\/#primaryimage\"},\"image\":{\"@id\":\"https:\/\/arizer.eu\/es\/produkt\/premium-bundle\/#primaryimage\"},\"thumbnailUrl\":\"https:\/\/arizer.eu\/wp-content\/uploads\/sites\/8\/2025\/10\/Arizer-MAIN-Images-01-Bundles-Premium-1.webp\",\"datePublished\":\"2025-10-31T12:22:10+00:00\",\"dateModified\":\"2025-10-31T14:02:51+00:00\",\"breadcrumb\":{\"@id\":\"https:\/\/arizer.eu\/es\/produkt\/premium-bundle\/#breadcrumb\"},\"inLanguage\":\"es\",\"potentialAction\":[{\"@type\":\"ReadAction\",\"target\":[\"https:\/\/arizer.eu\/es\/produkt\/premium-bundle\/\"]}]},{\"@type\":\"ImageObject\",\"inLanguage\":\"es\",\"@id\":\"https:\/\/arizer.eu\/es\/produkt\/premium-bundle\/#primaryimage\",\"url\":\"https:\/\/arizer.eu\/wp-content\/uploads\/sites\/8\/2025\/10\/Arizer-MAIN-Images-01-Bundles-Premium-1.webp\",\"contentUrl\":\"https:\/\/arizer.eu\/wp-content\/uploads\/sites\/8\/2025\/10\/Arizer-MAIN-Images-01-Bundles-Premium-1.webp\",\"width\":600,\"height\":450},{\"@type\":\"BreadcrumbList\",\"@id\":\"https:\/\/arizer.eu\/es\/produkt\/premium-bundle\/#breadcrumb\",\"itemListElement\":[{\"@type\":\"ListItem\",\"position\":1,\"name\":\"Home\",\"item\":\"https:\/\/arizer.eu\/es\/\"},{\"@type\":\"ListItem\",\"position\":2,\"name\":\"Premium Bundle\"}]},{\"@type\":\"WebSite\",\"@id\":\"https:\/\/arizer.eu\/es\/#website\",\"url\":\"https:\/\/arizer.eu\/es\/\",\"name\":\"Arizer EU\",\"description\":\"Best Portable Electronic Vaporizers | Better By Design\",\"publisher\":{\"@id\":\"https:\/\/arizer.eu\/es\/#organization\"},\"potentialAction\":[{\"@type\":\"SearchAction\",\"target\":{\"@type\":\"EntryPoint\",\"urlTemplate\":\"https:\/\/arizer.eu\/es\/?s={search_term_string}\"},\"query-input\":{\"@type\":\"PropertyValueSpecification\",\"valueRequired\":true,\"valueName\":\"search_term_string\"}}],\"inLanguage\":\"es\"},{\"@type\":\"Organization\",\"@id\":\"https:\/\/arizer.eu\/es\/#organization\",\"name\":\"AR TECH\",\"url\":\"https:\/\/arizer.eu\/es\/\",\"logo\":{\"@type\":\"ImageObject\",\"inLanguage\":\"es\",\"@id\":\"https:\/\/arizer.eu\/es\/#\/schema\/logo\/image\/\",\"url\":\"\",\"contentUrl\":\"\",\"caption\":\"AR TECH\"},\"image\":{\"@id\":\"https:\/\/arizer.eu\/es\/#\/schema\/logo\/image\/\"},\"sameAs\":[\"https:\/\/www.instagram.com\/arizertech\/\",\"https:\/\/www.youtube.com\/channel\/UCg1A_lcPMTaYi5GHJnxvM_A\"]}]}<\/script>\n<meta property=\"product:price:amount\" content=\"413.99\" \/>\n<meta property=\"product:price:currency\" content=\"EUR\" \/>\n<meta property=\"og:availability\" content=\"instock\" \/>\n<meta property=\"product:availability\" content=\"instock\" \/>\n<meta property=\"product:condition\" content=\"new\" \/>\n<!-- \/ Yoast SEO Premium plugin. -->","yoast_head_json":{"title":"Premium Bundle - Arizer EU","robots":{"index":"index","follow":"follow","max-snippet":"max-snippet:-1","max-image-preview":"max-image-preview:large","max-video-preview":"max-video-preview:-1"},"og_locale":"es_ES","og_type":"article","og_title":"Premium Bundle","og_description":"Perfecto para casa y para llevar Ahorra al combinar un Air MAX con un XQ2 y disfruta de la flexibilidad de un vaporizador port\u00e1til junto con un modelo de escritorio. Prep\u00e1rate para cualquier entorno, desde sesiones con amigos en casa hasta momentos de renovaci\u00f3n en la naturaleza, y todo lo que haya entre medio. Siempre tendr\u00e1s un vapor sabroso donde quieras... y cuando quieras.","og_url":"https:\/\/arizer.eu\/es\/produkt\/premium-bundle\/","og_site_name":"Arizer EU","article_modified_time":"2025-10-31T14:02:51+00:00","og_image":[{"width":600,"height":450,"url":"https:\/\/arizer.eu\/wp-content\/uploads\/sites\/8\/2025\/10\/Arizer-MAIN-Images-01-Bundles-Premium-1.webp","type":"image\/webp"}],"twitter_card":"summary_large_image","twitter_misc":{"Precio":"413.99&euro;","Disponibilidad":"Disponible"},"schema":{"@context":"https:\/\/schema.org","@graph":[{"@type":"WebPage","@id":"https:\/\/arizer.eu\/es\/produkt\/premium-bundle\/","url":"https:\/\/arizer.eu\/es\/produkt\/premium-bundle\/","name":"Premium Bundle - Arizer EU","isPartOf":{"@id":"https:\/\/arizer.eu\/es\/#website"},"primaryImageOfPage":{"@id":"https:\/\/arizer.eu\/es\/produkt\/premium-bundle\/#primaryimage"},"image":{"@id":"https:\/\/arizer.eu\/es\/produkt\/premium-bundle\/#primaryimage"},"thumbnailUrl":"https:\/\/arizer.eu\/wp-content\/uploads\/sites\/8\/2025\/10\/Arizer-MAIN-Images-01-Bundles-Premium-1.webp","datePublished":"2025-10-31T12:22:10+00:00","dateModified":"2025-10-31T14:02:51+00:00","breadcrumb":{"@id":"https:\/\/arizer.eu\/es\/produkt\/premium-bundle\/#breadcrumb"},"inLanguage":"es","potentialAction":[{"@type":"ReadAction","target":["https:\/\/arizer.eu\/es\/produkt\/premium-bundle\/"]}]},{"@type":"ImageObject","inLanguage":"es","@id":"https:\/\/arizer.eu\/es\/produkt\/premium-bundle\/#primaryimage","url":"https:\/\/arizer.eu\/wp-content\/uploads\/sites\/8\/2025\/10\/Arizer-MAIN-Images-01-Bundles-Premium-1.webp","contentUrl":"https:\/\/arizer.eu\/wp-content\/uploads\/sites\/8\/2025\/10\/Arizer-MAIN-Images-01-Bundles-Premium-1.webp","width":600,"height":450},{"@type":"BreadcrumbList","@id":"https:\/\/arizer.eu\/es\/produkt\/premium-bundle\/#breadcrumb","itemListElement":[{"@type":"ListItem","position":1,"name":"Home","item":"https:\/\/arizer.eu\/es\/"},{"@type":"ListItem","position":2,"name":"Premium Bundle"}]},{"@type":"WebSite","@id":"https:\/\/arizer.eu\/es\/#website","url":"https:\/\/arizer.eu\/es\/","name":"Arizer EU","description":"Best Portable Electronic Vaporizers | Better By Design","publisher":{"@id":"https:\/\/arizer.eu\/es\/#organization"},"potentialAction":[{"@type":"SearchAction","target":{"@type":"EntryPoint","urlTemplate":"https:\/\/arizer.eu\/es\/?s={search_term_string}"},"query-input":{"@type":"PropertyValueSpecification","valueRequired":true,"valueName":"search_term_string"}}],"inLanguage":"es"},{"@type":"Organization","@id":"https:\/\/arizer.eu\/es\/#organization","name":"AR TECH","url":"https:\/\/arizer.eu\/es\/","logo":{"@type":"ImageObject","inLanguage":"es","@id":"https:\/\/arizer.eu\/es\/#\/schema\/logo\/image\/","url":"","contentUrl":"","caption":"AR TECH"},"image":{"@id":"https:\/\/arizer.eu\/es\/#\/schema\/logo\/image\/"},"sameAs":["https:\/\/www.instagram.com\/arizertech\/","https:\/\/www.youtube.com\/channel\/UCg1A_lcPMTaYi5GHJnxvM_A"]}]},"product_price_amount":"413.99","product_price_currency":"EUR","og_availability":"instock","product_availability":"instock","product_condition":"new"},"_links":{"self":[{"href":"https:\/\/arizer.eu\/es\/wp-json\/wp\/v2\/product\/20220673208","targetHints":{"allow":["GET"]}}],"collection":[{"href":"https:\/\/arizer.eu\/es\/wp-json\/wp\/v2\/product"}],"about":[{"href":"https:\/\/arizer.eu\/es\/wp-json\/wp\/v2\/types\/product"}],"replies":[{"embeddable":true,"href":"https:\/\/arizer.eu\/es\/wp-json\/wp\/v2\/comments?post=20220673208"}],"version-history":[{"count":2,"href":"https:\/\/arizer.eu\/es\/wp-json\/wp\/v2\/product\/20220673208\/revisions"}],"predecessor-version":[{"id":20220673259,"href":"https:\/\/arizer.eu\/es\/wp-json\/wp\/v2\/product\/20220673208\/revisions\/20220673259"}],"wp:featuredmedia":[{"embeddable":true,"href":"https:\/\/arizer.eu\/es\/wp-json\/wp\/v2\/media\/20220673137"}],"wp:attachment":[{"href":"https:\/\/arizer.eu\/es\/wp-json\/wp\/v2\/media?parent=20220673208"}],"wp:term":[{"taxonomy":"product_brand","embeddable":true,"href":"https:\/\/arizer.eu\/es\/wp-json\/wp\/v2\/product_brand?post=20220673208"},{"taxonomy":"product_cat","embeddable":true,"href":"https:\/\/arizer.eu\/es\/wp-json\/wp\/v2\/product_cat?post=20220673208"},{"taxonomy":"product_tag","embeddable":true,"href":"https:\/\/arizer.eu\/es\/wp-json\/wp\/v2\/product_tag?post=20220673208"}],"curies":[{"name":"wp","href":"https:\/\/api.w.org\/{rel}","templated":true}]}}