{"id":20220669927,"date":"2025-09-30T10:07:39","date_gmt":"2025-09-30T10:07:39","guid":{"rendered":"https:\/\/arizer.eu\/produkt\/herb-mill\/"},"modified":"2025-09-30T11:02:57","modified_gmt":"2025-09-30T11:02:57","slug":"herb-mill","status":"publish","type":"product","link":"https:\/\/arizer.eu\/es\/produkt\/herb-mill\/","title":{"rendered":"Herb Mill"},"content":{"rendered":"","protected":false},"excerpt":{"rendered":"<p class=\"ai-optimize-29\"><strong>Descripci\u00f3n: Prepara tus hierbas frescas para la vaporizaci\u00f3n con el molinillo premium de 3 piezas de Arizer, dise\u00f1ado para ofrecer una consistencia de molienda perfecta. Fabricado en aluminio de clase A 6063 duradero, cuenta con dientes personalizados y un patr\u00f3n de orificios optimizado, una c\u00e1mara espaciosa para almacenar hierbas molidas y potentes imanes que mantienen las piezas firmemente conectadas para un uso limpio y sin complicaciones.<\/strong><\/p>\n<p class=\"ai-optimize-29\"><b data-stringify-type=\"bold\">Incluye:<\/b>\u00a0Molinillo premium de 3 piezas<\/p>\n","protected":false},"featured_media":20220669915,"comment_status":"closed","ping_status":"closed","template":"","meta":{"_acf_changed":false},"product_brand":[],"product_cat":[775,789,793,807,749,761,815,841,855,875,891,923,939,901,1248,1264,915,1022,1038,955,971,983,999],"product_tag":[],"class_list":{"0":"post-20220669927","1":"product","2":"type-product","3":"status-publish","4":"has-post-thumbnail","6":"product_cat-air-max-acessories-es","7":"product_cat-air-max-parts-es","8":"product_cat-air-se-accessories-es","9":"product_cat-air-se-parts-es","10":"product_cat-air2-accessories-es","11":"product_cat-air2-parts-es","12":"product_cat-argo-accessories-es","13":"product_cat-arizer-air-accessories-es","14":"product_cat-arizer-air-parts-es","15":"product_cat-extreme-q-accessories-es","16":"product_cat-extreme-q-parts-es","17":"product_cat-solo-accessories-es","18":"product_cat-solo-parts-es","19":"product_cat-solo2-accessories-es","20":"product_cat-solo2-max-accessories-es","21":"product_cat-solo2-max-parts-es","22":"product_cat-solo2-parts-es","23":"product_cat-solo3-accessories-es","24":"product_cat-solo3-parts-es","25":"product_cat-v-tower-accessories-es","26":"product_cat-v-tower-parts-es","27":"product_cat-xq2-acessories-es","28":"product_cat-xq2-parts-es","29":"entry","31":"first","32":"instock","33":"sale","34":"taxable","35":"shipping-taxable","36":"purchasable","37":"product-type-simple"},"bundled_by":[],"bundle_stock_status":"instock","bundle_stock_quantity":null,"bundle_virtual":false,"bundle_layout":"","bundle_add_to_cart_form_location":"","bundle_editable_in_cart":false,"bundle_sold_individually_context":"","bundle_item_grouping":"","bundle_min_size":"","bundle_max_size":"","bundle_price":[],"bundled_items":[],"bundle_sell_ids":[],"acf":[],"yoast_head":"<!-- This site is optimized with the Yoast SEO Premium plugin v27.1 (Yoast SEO v27.1.1) - https:\/\/yoast.com\/product\/yoast-seo-premium-wordpress\/ -->\n<title>Herb Mill - Arizer EU<\/title>\n<meta name=\"robots\" content=\"index, follow, max-snippet:-1, max-image-preview:large, max-video-preview:-1\" \/>\n<meta property=\"og:locale\" content=\"es_ES\" \/>\n<meta property=\"og:type\" content=\"article\" \/>\n<meta property=\"og:title\" content=\"Herb Mill\" \/>\n<meta property=\"og:description\" content=\"Descripci\u00f3n: Prepara tus hierbas frescas para la vaporizaci\u00f3n con el molinillo premium de 3 piezas de Arizer, dise\u00f1ado para ofrecer una consistencia de molienda perfecta. Fabricado en aluminio de clase A 6063 duradero, cuenta con dientes personalizados y un patr\u00f3n de orificios optimizado, una c\u00e1mara espaciosa para almacenar hierbas molidas y potentes imanes que mantienen las piezas firmemente conectadas para un uso limpio y sin complicaciones. Incluye:\u00a0Molinillo premium de 3 piezas\" \/>\n<meta property=\"og:url\" content=\"https:\/\/arizer.eu\/es\/produkt\/herb-mill\/\" \/>\n<meta property=\"og:site_name\" content=\"Arizer EU\" \/>\n<meta property=\"article:modified_time\" content=\"2025-09-30T11:02:57+00:00\" \/>\n<meta property=\"og:image\" content=\"https:\/\/arizer.eu\/wp-content\/uploads\/sites\/8\/2025\/09\/Accessory-Grinders-Arizer-Black-NEW-1.jpg\" \/>\n\t<meta property=\"og:image:width\" content=\"600\" \/>\n\t<meta property=\"og:image:height\" content=\"600\" \/>\n\t<meta property=\"og:image:type\" content=\"image\/jpeg\" \/>\n<meta name=\"twitter:card\" content=\"summary_large_image\" \/>\n<meta name=\"twitter:label1\" content=\"Precio\" \/>\n\t<meta name=\"twitter:data1\" content=\"55.24&euro;\" \/>\n\t<meta name=\"twitter:label2\" content=\"Disponibilidad\" \/>\n\t<meta name=\"twitter:data2\" content=\"Disponible\" \/>\n<script type=\"application\/ld+json\" class=\"yoast-schema-graph\">{\"@context\":\"https:\/\/schema.org\",\"@graph\":[{\"@type\":\"WebPage\",\"@id\":\"https:\/\/arizer.eu\/es\/produkt\/herb-mill\/\",\"url\":\"https:\/\/arizer.eu\/es\/produkt\/herb-mill\/\",\"name\":\"Herb Mill - Arizer EU\",\"isPartOf\":{\"@id\":\"https:\/\/arizer.eu\/es\/#website\"},\"primaryImageOfPage\":{\"@id\":\"https:\/\/arizer.eu\/es\/produkt\/herb-mill\/#primaryimage\"},\"image\":{\"@id\":\"https:\/\/arizer.eu\/es\/produkt\/herb-mill\/#primaryimage\"},\"thumbnailUrl\":\"https:\/\/arizer.eu\/wp-content\/uploads\/sites\/8\/2025\/09\/Accessory-Grinders-Arizer-Black-NEW-1.jpg\",\"datePublished\":\"2025-09-30T10:07:39+00:00\",\"dateModified\":\"2025-09-30T11:02:57+00:00\",\"breadcrumb\":{\"@id\":\"https:\/\/arizer.eu\/es\/produkt\/herb-mill\/#breadcrumb\"},\"inLanguage\":\"es\",\"potentialAction\":[{\"@type\":\"ReadAction\",\"target\":[\"https:\/\/arizer.eu\/es\/produkt\/herb-mill\/\"]}]},{\"@type\":\"ImageObject\",\"inLanguage\":\"es\",\"@id\":\"https:\/\/arizer.eu\/es\/produkt\/herb-mill\/#primaryimage\",\"url\":\"https:\/\/arizer.eu\/wp-content\/uploads\/sites\/8\/2025\/09\/Accessory-Grinders-Arizer-Black-NEW-1.jpg\",\"contentUrl\":\"https:\/\/arizer.eu\/wp-content\/uploads\/sites\/8\/2025\/09\/Accessory-Grinders-Arizer-Black-NEW-1.jpg\",\"width\":600,\"height\":600},{\"@type\":\"BreadcrumbList\",\"@id\":\"https:\/\/arizer.eu\/es\/produkt\/herb-mill\/#breadcrumb\",\"itemListElement\":[{\"@type\":\"ListItem\",\"position\":1,\"name\":\"Home\",\"item\":\"https:\/\/arizer.eu\/es\/\"},{\"@type\":\"ListItem\",\"position\":2,\"name\":\"Herb Mill\"}]},{\"@type\":\"WebSite\",\"@id\":\"https:\/\/arizer.eu\/es\/#website\",\"url\":\"https:\/\/arizer.eu\/es\/\",\"name\":\"Arizer EU\",\"description\":\"Best Portable Electronic Vaporizers | Better By Design\",\"publisher\":{\"@id\":\"https:\/\/arizer.eu\/es\/#organization\"},\"potentialAction\":[{\"@type\":\"SearchAction\",\"target\":{\"@type\":\"EntryPoint\",\"urlTemplate\":\"https:\/\/arizer.eu\/es\/?s={search_term_string}\"},\"query-input\":{\"@type\":\"PropertyValueSpecification\",\"valueRequired\":true,\"valueName\":\"search_term_string\"}}],\"inLanguage\":\"es\"},{\"@type\":\"Organization\",\"@id\":\"https:\/\/arizer.eu\/es\/#organization\",\"name\":\"AR TECH\",\"url\":\"https:\/\/arizer.eu\/es\/\",\"logo\":{\"@type\":\"ImageObject\",\"inLanguage\":\"es\",\"@id\":\"https:\/\/arizer.eu\/es\/#\/schema\/logo\/image\/\",\"url\":\"\",\"contentUrl\":\"\",\"caption\":\"AR TECH\"},\"image\":{\"@id\":\"https:\/\/arizer.eu\/es\/#\/schema\/logo\/image\/\"},\"sameAs\":[\"https:\/\/www.instagram.com\/arizertech\/\",\"https:\/\/www.youtube.com\/channel\/UCg1A_lcPMTaYi5GHJnxvM_A\"]}]}<\/script>\n<meta property=\"product:price:amount\" content=\"55.24\" \/>\n<meta property=\"product:price:currency\" content=\"EUR\" \/>\n<meta property=\"og:availability\" content=\"instock\" \/>\n<meta property=\"product:availability\" content=\"instock\" \/>\n<meta property=\"product:retailer_item_id\" content=\"ARPM-GBA3\" \/>\n<meta property=\"product:condition\" content=\"new\" \/>\n<!-- \/ Yoast SEO Premium plugin. -->","yoast_head_json":{"title":"Herb Mill - Arizer EU","robots":{"index":"index","follow":"follow","max-snippet":"max-snippet:-1","max-image-preview":"max-image-preview:large","max-video-preview":"max-video-preview:-1"},"og_locale":"es_ES","og_type":"article","og_title":"Herb Mill","og_description":"Descripci\u00f3n: Prepara tus hierbas frescas para la vaporizaci\u00f3n con el molinillo premium de 3 piezas de Arizer, dise\u00f1ado para ofrecer una consistencia de molienda perfecta. Fabricado en aluminio de clase A 6063 duradero, cuenta con dientes personalizados y un patr\u00f3n de orificios optimizado, una c\u00e1mara espaciosa para almacenar hierbas molidas y potentes imanes que mantienen las piezas firmemente conectadas para un uso limpio y sin complicaciones. Incluye:\u00a0Molinillo premium de 3 piezas","og_url":"https:\/\/arizer.eu\/es\/produkt\/herb-mill\/","og_site_name":"Arizer EU","article_modified_time":"2025-09-30T11:02:57+00:00","og_image":[{"width":600,"height":600,"url":"https:\/\/arizer.eu\/wp-content\/uploads\/sites\/8\/2025\/09\/Accessory-Grinders-Arizer-Black-NEW-1.jpg","type":"image\/jpeg"}],"twitter_card":"summary_large_image","twitter_misc":{"Precio":"55.24&euro;","Disponibilidad":"Disponible"},"schema":{"@context":"https:\/\/schema.org","@graph":[{"@type":"WebPage","@id":"https:\/\/arizer.eu\/es\/produkt\/herb-mill\/","url":"https:\/\/arizer.eu\/es\/produkt\/herb-mill\/","name":"Herb Mill - Arizer EU","isPartOf":{"@id":"https:\/\/arizer.eu\/es\/#website"},"primaryImageOfPage":{"@id":"https:\/\/arizer.eu\/es\/produkt\/herb-mill\/#primaryimage"},"image":{"@id":"https:\/\/arizer.eu\/es\/produkt\/herb-mill\/#primaryimage"},"thumbnailUrl":"https:\/\/arizer.eu\/wp-content\/uploads\/sites\/8\/2025\/09\/Accessory-Grinders-Arizer-Black-NEW-1.jpg","datePublished":"2025-09-30T10:07:39+00:00","dateModified":"2025-09-30T11:02:57+00:00","breadcrumb":{"@id":"https:\/\/arizer.eu\/es\/produkt\/herb-mill\/#breadcrumb"},"inLanguage":"es","potentialAction":[{"@type":"ReadAction","target":["https:\/\/arizer.eu\/es\/produkt\/herb-mill\/"]}]},{"@type":"ImageObject","inLanguage":"es","@id":"https:\/\/arizer.eu\/es\/produkt\/herb-mill\/#primaryimage","url":"https:\/\/arizer.eu\/wp-content\/uploads\/sites\/8\/2025\/09\/Accessory-Grinders-Arizer-Black-NEW-1.jpg","contentUrl":"https:\/\/arizer.eu\/wp-content\/uploads\/sites\/8\/2025\/09\/Accessory-Grinders-Arizer-Black-NEW-1.jpg","width":600,"height":600},{"@type":"BreadcrumbList","@id":"https:\/\/arizer.eu\/es\/produkt\/herb-mill\/#breadcrumb","itemListElement":[{"@type":"ListItem","position":1,"name":"Home","item":"https:\/\/arizer.eu\/es\/"},{"@type":"ListItem","position":2,"name":"Herb Mill"}]},{"@type":"WebSite","@id":"https:\/\/arizer.eu\/es\/#website","url":"https:\/\/arizer.eu\/es\/","name":"Arizer EU","description":"Best Portable Electronic Vaporizers | Better By Design","publisher":{"@id":"https:\/\/arizer.eu\/es\/#organization"},"potentialAction":[{"@type":"SearchAction","target":{"@type":"EntryPoint","urlTemplate":"https:\/\/arizer.eu\/es\/?s={search_term_string}"},"query-input":{"@type":"PropertyValueSpecification","valueRequired":true,"valueName":"search_term_string"}}],"inLanguage":"es"},{"@type":"Organization","@id":"https:\/\/arizer.eu\/es\/#organization","name":"AR TECH","url":"https:\/\/arizer.eu\/es\/","logo":{"@type":"ImageObject","inLanguage":"es","@id":"https:\/\/arizer.eu\/es\/#\/schema\/logo\/image\/","url":"","contentUrl":"","caption":"AR TECH"},"image":{"@id":"https:\/\/arizer.eu\/es\/#\/schema\/logo\/image\/"},"sameAs":["https:\/\/www.instagram.com\/arizertech\/","https:\/\/www.youtube.com\/channel\/UCg1A_lcPMTaYi5GHJnxvM_A"]}]},"product_price_amount":"55.24","product_price_currency":"EUR","og_availability":"instock","product_availability":"instock","product_retailer_item_id":"ARPM-GBA3","product_condition":"new"},"_links":{"self":[{"href":"https:\/\/arizer.eu\/es\/wp-json\/wp\/v2\/product\/20220669927","targetHints":{"allow":["GET"]}}],"collection":[{"href":"https:\/\/arizer.eu\/es\/wp-json\/wp\/v2\/product"}],"about":[{"href":"https:\/\/arizer.eu\/es\/wp-json\/wp\/v2\/types\/product"}],"replies":[{"embeddable":true,"href":"https:\/\/arizer.eu\/es\/wp-json\/wp\/v2\/comments?post=20220669927"}],"version-history":[{"count":2,"href":"https:\/\/arizer.eu\/es\/wp-json\/wp\/v2\/product\/20220669927\/revisions"}],"predecessor-version":[{"id":20220669933,"href":"https:\/\/arizer.eu\/es\/wp-json\/wp\/v2\/product\/20220669927\/revisions\/20220669933"}],"wp:featuredmedia":[{"embeddable":true,"href":"https:\/\/arizer.eu\/es\/wp-json\/wp\/v2\/media\/20220669915"}],"wp:attachment":[{"href":"https:\/\/arizer.eu\/es\/wp-json\/wp\/v2\/media?parent=20220669927"}],"wp:term":[{"taxonomy":"product_brand","embeddable":true,"href":"https:\/\/arizer.eu\/es\/wp-json\/wp\/v2\/product_brand?post=20220669927"},{"taxonomy":"product_cat","embeddable":true,"href":"https:\/\/arizer.eu\/es\/wp-json\/wp\/v2\/product_cat?post=20220669927"},{"taxonomy":"product_tag","embeddable":true,"href":"https:\/\/arizer.eu\/es\/wp-json\/wp\/v2\/product_tag?post=20220669927"}],"curies":[{"name":"wp","href":"https:\/\/api.w.org\/{rel}","templated":true}]}}