{"id":20211045273,"date":"2019-08-12T02:14:38","date_gmt":"2019-08-12T02:14:38","guid":{"rendered":"https:\/\/arizer.eu\/air-all-glass-aroma-tube\/"},"modified":"2025-07-14T13:40:41","modified_gmt":"2025-07-14T13:40:41","slug":"air-all-glass-aroma-tube","status":"publish","type":"product","link":"https:\/\/arizer.eu\/es\/produkt\/air-all-glass-aroma-tube\/","title":{"rendered":"Air \/ Solo Glass Aroma Tube"},"content":{"rendered":"","protected":false},"excerpt":{"rendered":"<p>Descripci\u00f3n: El sistema original de c\u00e1psulas de vidrio. F\u00e1cil de usar, f\u00e1cil de limpiar, 2-en-1 vaina de vidrio \/ boquilla. Pre-carga dosis precisas. Respetuoso con el medio ambiente: Reutilizable y reciclable.<\/p>\n<p>Contiene: 1 Air \/ Solo Glass Aroma Tube<\/p>\n","protected":false},"featured_media":20211036276,"comment_status":"closed","ping_status":"closed","template":"","meta":{"_acf_changed":false},"product_brand":[],"product_cat":[775,789,793,807,749,761,841,855,1433,923,939,901,1248,1264,915,1022,1038],"product_tag":[1057,1107,1109,1111,1220,1222,1278,1274],"class_list":{"0":"post-20211045273","1":"product","2":"type-product","3":"status-publish","4":"has-post-thumbnail","6":"product_cat-air-max-acessories-es","7":"product_cat-air-max-parts-es","8":"product_cat-air-se-accessories-es","9":"product_cat-air-se-parts-es","10":"product_cat-air2-accessories-es","11":"product_cat-air2-parts-es","12":"product_cat-arizer-air-accessories-es","13":"product_cat-arizer-air-parts-es","14":"product_cat-rh-3-es","15":"product_cat-solo-accessories-es","16":"product_cat-solo-parts-es","17":"product_cat-solo2-accessories-es","18":"product_cat-solo2-max-accessories-es","19":"product_cat-solo2-max-parts-es","20":"product_cat-solo2-parts-es","21":"product_cat-solo3-accessories-es","22":"product_cat-solo3-parts-es","23":"product_tag-air-es","24":"product_tag-air-ii-es","25":"product_tag-air-max-es","26":"product_tag-air-se-es","27":"product_tag-solo-es","28":"product_tag-solo-ii-es","29":"product_tag-solo-ii-max-es","30":"product_tag-solo-iii-es","31":"pa_brand-arizer-es","32":"entry","34":"first","35":"instock","36":"sale","37":"taxable","38":"shipping-taxable","39":"purchasable","40":"product-type-variable","41":"has-default-attributes","42":"rtwpvs-product"},"bundled_by":[],"bundle_stock_status":"instock","bundle_stock_quantity":null,"bundle_virtual":false,"bundle_layout":"","bundle_add_to_cart_form_location":"","bundle_editable_in_cart":false,"bundle_sold_individually_context":"","bundle_item_grouping":"","bundle_min_size":"","bundle_max_size":"","bundle_price":[],"bundled_items":[],"bundle_sell_ids":[],"acf":[],"yoast_head":"<!-- This site is optimized with the Yoast SEO Premium plugin v27.1 (Yoast SEO v27.1.1) - https:\/\/yoast.com\/product\/yoast-seo-premium-wordpress\/ -->\n<title>Buy Arizer Air Glass Aroma Tube at Best Price<\/title>\n<meta name=\"description\" content=\"Buy Arizer Air Glass Aroma Tube for Small Weed Vaporizer. \u2705 Tubing Length: 70mm, 90mm &amp; 110mm \u2705 Fast Shipping.\" \/>\n<meta name=\"robots\" content=\"index, follow, max-snippet:-1, max-image-preview:large, max-video-preview:-1\" \/>\n<meta property=\"og:locale\" content=\"es_ES\" \/>\n<meta property=\"og:type\" content=\"article\" \/>\n<meta property=\"og:title\" content=\"Air \/ Solo Glass Aroma Tube\" \/>\n<meta property=\"og:description\" content=\"Descripci\u00f3n: El sistema original de c\u00e1psulas de vidrio. F\u00e1cil de usar, f\u00e1cil de limpiar, 2-en-1 vaina de vidrio \/ boquilla. Pre-carga dosis precisas. Respetuoso con el medio ambiente: Reutilizable y reciclable.  Contiene: 1 Air \/ Solo Glass Aroma Tube\" \/>\n<meta property=\"og:url\" content=\"https:\/\/arizer.eu\/es\/produkt\/air-all-glass-aroma-tube\/\" \/>\n<meta property=\"og:site_name\" content=\"Arizer EU\" \/>\n<meta property=\"article:modified_time\" content=\"2025-07-14T13:40:41+00:00\" \/>\n<meta property=\"og:image\" content=\"https:\/\/arizer.eu\/wp-content\/uploads\/sites\/8\/2023\/02\/001A-Air-MAX-Glass-Aroma-Tube-110mm.jpg\" \/>\n\t<meta property=\"og:image:width\" content=\"1000\" \/>\n\t<meta property=\"og:image:height\" content=\"1000\" \/>\n\t<meta property=\"og:image:type\" content=\"image\/jpeg\" \/>\n<meta name=\"twitter:card\" content=\"summary_large_image\" \/>\n<meta name=\"twitter:label1\" content=\"Disponibilidad\" \/>\n\t<meta name=\"twitter:data1\" content=\"Disponible\" \/>\n<script type=\"application\/ld+json\" class=\"yoast-schema-graph\">{\"@context\":\"https:\/\/schema.org\",\"@graph\":[{\"@type\":\"WebPage\",\"@id\":\"https:\/\/arizer.eu\/es\/produkt\/air-all-glass-aroma-tube\/\",\"url\":\"https:\/\/arizer.eu\/es\/produkt\/air-all-glass-aroma-tube\/\",\"name\":\"Buy Arizer Air Glass Aroma Tube at Best Price\",\"isPartOf\":{\"@id\":\"https:\/\/arizer.eu\/es\/#website\"},\"primaryImageOfPage\":{\"@id\":\"https:\/\/arizer.eu\/es\/produkt\/air-all-glass-aroma-tube\/#primaryimage\"},\"image\":{\"@id\":\"https:\/\/arizer.eu\/es\/produkt\/air-all-glass-aroma-tube\/#primaryimage\"},\"thumbnailUrl\":\"https:\/\/arizer.eu\/wp-content\/uploads\/sites\/8\/2023\/02\/001A-Air-MAX-Glass-Aroma-Tube-110mm.jpg\",\"datePublished\":\"2019-08-12T02:14:38+00:00\",\"dateModified\":\"2025-07-14T13:40:41+00:00\",\"description\":\"Buy Arizer Air Glass Aroma Tube for Small Weed Vaporizer. \u2705 Tubing Length: 70mm, 90mm & 110mm \u2705 Fast Shipping.\",\"breadcrumb\":{\"@id\":\"https:\/\/arizer.eu\/es\/produkt\/air-all-glass-aroma-tube\/#breadcrumb\"},\"inLanguage\":\"es\",\"potentialAction\":[{\"@type\":\"ReadAction\",\"target\":[\"https:\/\/arizer.eu\/es\/produkt\/air-all-glass-aroma-tube\/\"]}]},{\"@type\":\"ImageObject\",\"inLanguage\":\"es\",\"@id\":\"https:\/\/arizer.eu\/es\/produkt\/air-all-glass-aroma-tube\/#primaryimage\",\"url\":\"https:\/\/arizer.eu\/wp-content\/uploads\/sites\/8\/2023\/02\/001A-Air-MAX-Glass-Aroma-Tube-110mm.jpg\",\"contentUrl\":\"https:\/\/arizer.eu\/wp-content\/uploads\/sites\/8\/2023\/02\/001A-Air-MAX-Glass-Aroma-Tube-110mm.jpg\",\"width\":1000,\"height\":1000},{\"@type\":\"BreadcrumbList\",\"@id\":\"https:\/\/arizer.eu\/es\/produkt\/air-all-glass-aroma-tube\/#breadcrumb\",\"itemListElement\":[{\"@type\":\"ListItem\",\"position\":1,\"name\":\"Home\",\"item\":\"https:\/\/arizer.eu\/es\/\"},{\"@type\":\"ListItem\",\"position\":2,\"name\":\"Air \/ Solo Glass Aroma Tube\"}]},{\"@type\":\"WebSite\",\"@id\":\"https:\/\/arizer.eu\/es\/#website\",\"url\":\"https:\/\/arizer.eu\/es\/\",\"name\":\"Arizer EU\",\"description\":\"Best Portable Electronic Vaporizers | Better By Design\",\"publisher\":{\"@id\":\"https:\/\/arizer.eu\/es\/#organization\"},\"potentialAction\":[{\"@type\":\"SearchAction\",\"target\":{\"@type\":\"EntryPoint\",\"urlTemplate\":\"https:\/\/arizer.eu\/es\/?s={search_term_string}\"},\"query-input\":{\"@type\":\"PropertyValueSpecification\",\"valueRequired\":true,\"valueName\":\"search_term_string\"}}],\"inLanguage\":\"es\"},{\"@type\":\"Organization\",\"@id\":\"https:\/\/arizer.eu\/es\/#organization\",\"name\":\"AR TECH\",\"url\":\"https:\/\/arizer.eu\/es\/\",\"logo\":{\"@type\":\"ImageObject\",\"inLanguage\":\"es\",\"@id\":\"https:\/\/arizer.eu\/es\/#\/schema\/logo\/image\/\",\"url\":\"\",\"contentUrl\":\"\",\"caption\":\"AR TECH\"},\"image\":{\"@id\":\"https:\/\/arizer.eu\/es\/#\/schema\/logo\/image\/\"},\"sameAs\":[\"https:\/\/www.instagram.com\/arizertech\/\",\"https:\/\/www.youtube.com\/channel\/UCg1A_lcPMTaYi5GHJnxvM_A\"]}]}<\/script>\n<meta property=\"og:availability\" content=\"instock\" \/>\n<meta property=\"product:availability\" content=\"instock\" \/>\n<meta property=\"product:condition\" content=\"new\" \/>\n<!-- \/ Yoast SEO Premium plugin. -->","yoast_head_json":{"title":"Buy Arizer Air Glass Aroma Tube at Best Price","description":"Buy Arizer Air Glass Aroma Tube for Small Weed Vaporizer. \u2705 Tubing Length: 70mm, 90mm & 110mm \u2705 Fast Shipping.","robots":{"index":"index","follow":"follow","max-snippet":"max-snippet:-1","max-image-preview":"max-image-preview:large","max-video-preview":"max-video-preview:-1"},"og_locale":"es_ES","og_type":"article","og_title":"Air \/ Solo Glass Aroma Tube","og_description":"Descripci\u00f3n: El sistema original de c\u00e1psulas de vidrio. F\u00e1cil de usar, f\u00e1cil de limpiar, 2-en-1 vaina de vidrio \/ boquilla. Pre-carga dosis precisas. Respetuoso con el medio ambiente: Reutilizable y reciclable.  Contiene: 1 Air \/ Solo Glass Aroma Tube","og_url":"https:\/\/arizer.eu\/es\/produkt\/air-all-glass-aroma-tube\/","og_site_name":"Arizer EU","article_modified_time":"2025-07-14T13:40:41+00:00","og_image":[{"width":1000,"height":1000,"url":"https:\/\/arizer.eu\/wp-content\/uploads\/sites\/8\/2023\/02\/001A-Air-MAX-Glass-Aroma-Tube-110mm.jpg","type":"image\/jpeg"}],"twitter_card":"summary_large_image","twitter_misc":{"Disponibilidad":"Disponible"},"schema":{"@context":"https:\/\/schema.org","@graph":[{"@type":"WebPage","@id":"https:\/\/arizer.eu\/es\/produkt\/air-all-glass-aroma-tube\/","url":"https:\/\/arizer.eu\/es\/produkt\/air-all-glass-aroma-tube\/","name":"Buy Arizer Air Glass Aroma Tube at Best Price","isPartOf":{"@id":"https:\/\/arizer.eu\/es\/#website"},"primaryImageOfPage":{"@id":"https:\/\/arizer.eu\/es\/produkt\/air-all-glass-aroma-tube\/#primaryimage"},"image":{"@id":"https:\/\/arizer.eu\/es\/produkt\/air-all-glass-aroma-tube\/#primaryimage"},"thumbnailUrl":"https:\/\/arizer.eu\/wp-content\/uploads\/sites\/8\/2023\/02\/001A-Air-MAX-Glass-Aroma-Tube-110mm.jpg","datePublished":"2019-08-12T02:14:38+00:00","dateModified":"2025-07-14T13:40:41+00:00","description":"Buy Arizer Air Glass Aroma Tube for Small Weed Vaporizer. \u2705 Tubing Length: 70mm, 90mm & 110mm \u2705 Fast Shipping.","breadcrumb":{"@id":"https:\/\/arizer.eu\/es\/produkt\/air-all-glass-aroma-tube\/#breadcrumb"},"inLanguage":"es","potentialAction":[{"@type":"ReadAction","target":["https:\/\/arizer.eu\/es\/produkt\/air-all-glass-aroma-tube\/"]}]},{"@type":"ImageObject","inLanguage":"es","@id":"https:\/\/arizer.eu\/es\/produkt\/air-all-glass-aroma-tube\/#primaryimage","url":"https:\/\/arizer.eu\/wp-content\/uploads\/sites\/8\/2023\/02\/001A-Air-MAX-Glass-Aroma-Tube-110mm.jpg","contentUrl":"https:\/\/arizer.eu\/wp-content\/uploads\/sites\/8\/2023\/02\/001A-Air-MAX-Glass-Aroma-Tube-110mm.jpg","width":1000,"height":1000},{"@type":"BreadcrumbList","@id":"https:\/\/arizer.eu\/es\/produkt\/air-all-glass-aroma-tube\/#breadcrumb","itemListElement":[{"@type":"ListItem","position":1,"name":"Home","item":"https:\/\/arizer.eu\/es\/"},{"@type":"ListItem","position":2,"name":"Air \/ Solo Glass Aroma Tube"}]},{"@type":"WebSite","@id":"https:\/\/arizer.eu\/es\/#website","url":"https:\/\/arizer.eu\/es\/","name":"Arizer EU","description":"Best Portable Electronic Vaporizers | Better By Design","publisher":{"@id":"https:\/\/arizer.eu\/es\/#organization"},"potentialAction":[{"@type":"SearchAction","target":{"@type":"EntryPoint","urlTemplate":"https:\/\/arizer.eu\/es\/?s={search_term_string}"},"query-input":{"@type":"PropertyValueSpecification","valueRequired":true,"valueName":"search_term_string"}}],"inLanguage":"es"},{"@type":"Organization","@id":"https:\/\/arizer.eu\/es\/#organization","name":"AR TECH","url":"https:\/\/arizer.eu\/es\/","logo":{"@type":"ImageObject","inLanguage":"es","@id":"https:\/\/arizer.eu\/es\/#\/schema\/logo\/image\/","url":"","contentUrl":"","caption":"AR TECH"},"image":{"@id":"https:\/\/arizer.eu\/es\/#\/schema\/logo\/image\/"},"sameAs":["https:\/\/www.instagram.com\/arizertech\/","https:\/\/www.youtube.com\/channel\/UCg1A_lcPMTaYi5GHJnxvM_A"]}]},"og_availability":"instock","product_availability":"instock","product_condition":"new"},"_links":{"self":[{"href":"https:\/\/arizer.eu\/es\/wp-json\/wp\/v2\/product\/20211045273","targetHints":{"allow":["GET"]}}],"collection":[{"href":"https:\/\/arizer.eu\/es\/wp-json\/wp\/v2\/product"}],"about":[{"href":"https:\/\/arizer.eu\/es\/wp-json\/wp\/v2\/types\/product"}],"replies":[{"embeddable":true,"href":"https:\/\/arizer.eu\/es\/wp-json\/wp\/v2\/comments?post=20211045273"}],"version-history":[{"count":3,"href":"https:\/\/arizer.eu\/es\/wp-json\/wp\/v2\/product\/20211045273\/revisions"}],"predecessor-version":[{"id":20211045905,"href":"https:\/\/arizer.eu\/es\/wp-json\/wp\/v2\/product\/20211045273\/revisions\/20211045905"}],"wp:featuredmedia":[{"embeddable":true,"href":"https:\/\/arizer.eu\/es\/wp-json\/wp\/v2\/media\/20211036276"}],"wp:attachment":[{"href":"https:\/\/arizer.eu\/es\/wp-json\/wp\/v2\/media?parent=20211045273"}],"wp:term":[{"taxonomy":"product_brand","embeddable":true,"href":"https:\/\/arizer.eu\/es\/wp-json\/wp\/v2\/product_brand?post=20211045273"},{"taxonomy":"product_cat","embeddable":true,"href":"https:\/\/arizer.eu\/es\/wp-json\/wp\/v2\/product_cat?post=20211045273"},{"taxonomy":"product_tag","embeddable":true,"href":"https:\/\/arizer.eu\/es\/wp-json\/wp\/v2\/product_tag?post=20211045273"}],"curies":[{"name":"wp","href":"https:\/\/api.w.org\/{rel}","templated":true}]}}