{"id":20211039871,"date":"2024-05-30T06:34:10","date_gmt":"2024-05-30T06:34:10","guid":{"rendered":"https:\/\/arizer-europe.com\/herb-jar\/"},"modified":"2025-04-07T07:51:50","modified_gmt":"2025-04-07T07:51:50","slug":"herb-jar","status":"publish","type":"product","link":"https:\/\/arizer.eu\/es\/produkt\/herb-jar\/","title":{"rendered":"Herb Jar"},"content":{"rendered":"","protected":false},"excerpt":{"rendered":"<p>Descripci\u00f3n: Conserva tus hierbas frescas en el tarro de cristal herm\u00e9tico premium de Arizer con carcasa protectora de silicona. Contiene aproximadamente 14-21 gramos de hierbas secas \/ bot\u00e1nicos.<\/p>\n<p>Incluye: Tarro de cristal, tapa herm\u00e9tica, carcasa protectora de silicona, m\u00e1s GRATIS Boveda 62% RH (Tama\u00f1o 8) Paquete de control de humedad<\/p>\n","protected":false},"featured_media":20211039866,"comment_status":"closed","ping_status":"closed","template":"","meta":{"_acf_changed":false},"product_brand":[],"product_cat":[775,783,793,801,749,757,815,823,841,849,875,883,1433,923,931,901,909,1248,1256,1022,1030,955,963,983,991],"product_tag":[],"class_list":{"0":"post-20211039871","1":"product","2":"type-product","3":"status-publish","4":"has-post-thumbnail","6":"product_cat-air-max-acessories-es","7":"product_cat-air-max-cases-containers-es","8":"product_cat-air-se-accessories-es","9":"product_cat-air-se-cases-containers-es","10":"product_cat-air2-accessories-es","11":"product_cat-air2-cases-containers-es","12":"product_cat-argo-accessories-es","13":"product_cat-argo-cases-containers-es","14":"product_cat-arizer-air-accessories-es","15":"product_cat-arizer-air-cases-containers-es","16":"product_cat-extreme-q-accessories-es","17":"product_cat-extreme-q-cases-containers-es","18":"product_cat-rh-3-es","19":"product_cat-solo-accessories-es","20":"product_cat-solo-cases-containers-es","21":"product_cat-solo2-accessories-es","22":"product_cat-solo2-cases-containers-es","23":"product_cat-solo2-max-accessories-es","24":"product_cat-solo2-max-cases-containers-es","25":"product_cat-solo3-accessories-es","26":"product_cat-solo3-cases-containers-es","27":"product_cat-v-tower-accessories-es","28":"product_cat-v-tower-cases-containers-es","29":"product_cat-xq2-acessories-es","30":"product_cat-xq2-cases-containers-es","31":"entry","33":"first","34":"instock","35":"sale","36":"taxable","37":"shipping-taxable","38":"purchasable","39":"product-type-simple"},"bundled_by":[],"bundle_stock_status":"instock","bundle_stock_quantity":24,"bundle_virtual":false,"bundle_layout":"","bundle_add_to_cart_form_location":"","bundle_editable_in_cart":false,"bundle_sold_individually_context":"","bundle_item_grouping":"","bundle_min_size":"","bundle_max_size":"","bundle_price":[],"bundled_items":[],"bundle_sell_ids":[],"acf":[],"yoast_head":"<!-- This site is optimized with the Yoast SEO Premium plugin v27.1 (Yoast SEO v27.1.1) - https:\/\/yoast.com\/product\/yoast-seo-premium-wordpress\/ -->\n<title>Herb Jar - Arizer EU<\/title>\n<meta name=\"robots\" content=\"noindex, nofollow\" \/>\n<meta property=\"og:locale\" content=\"es_ES\" \/>\n<meta property=\"og:type\" content=\"article\" \/>\n<meta property=\"og:title\" content=\"Herb Jar\" \/>\n<meta property=\"og:description\" content=\"Descripci\u00f3n: Conserva tus hierbas frescas en el tarro de cristal herm\u00e9tico premium de Arizer con carcasa protectora de silicona. Contiene aproximadamente 14-21 gramos de hierbas secas \/ bot\u00e1nicos.  Incluye: Tarro de cristal, tapa herm\u00e9tica, carcasa protectora de silicona, m\u00e1s GRATIS Boveda 62% RH (Tama\u00f1o 8) Paquete de control de humedad\" \/>\n<meta property=\"og:url\" content=\"https:\/\/arizer.eu\/es\/produkt\/herb-jar\/\" \/>\n<meta property=\"og:site_name\" content=\"Arizer EU\" \/>\n<meta property=\"article:modified_time\" content=\"2025-04-07T07:51:50+00:00\" \/>\n<meta property=\"og:image\" content=\"https:\/\/arizer.eu\/wp-content\/uploads\/sites\/8\/2024\/05\/Accessory_Merch_stash-pro-black_NEW.jpeg\" \/>\n\t<meta property=\"og:image:width\" content=\"1000\" \/>\n\t<meta property=\"og:image:height\" content=\"1000\" \/>\n\t<meta property=\"og:image:type\" content=\"image\/jpeg\" \/>\n<meta name=\"twitter:card\" content=\"summary_large_image\" \/>\n<meta name=\"twitter:label1\" content=\"Precio\" \/>\n\t<meta name=\"twitter:data1\" content=\"25.50&euro;\" \/>\n\t<meta name=\"twitter:label2\" content=\"Disponibilidad\" \/>\n\t<meta name=\"twitter:data2\" content=\"Disponible\" \/>\n<script type=\"application\/ld+json\" class=\"yoast-schema-graph\">{\"@context\":\"https:\/\/schema.org\",\"@graph\":[{\"@type\":\"WebPage\",\"@id\":\"https:\/\/arizer.eu\/es\/produkt\/herb-jar\/\",\"url\":\"https:\/\/arizer.eu\/es\/produkt\/herb-jar\/\",\"name\":\"Herb Jar - Arizer EU\",\"isPartOf\":{\"@id\":\"https:\/\/arizer.eu\/es\/#website\"},\"primaryImageOfPage\":{\"@id\":\"https:\/\/arizer.eu\/es\/produkt\/herb-jar\/#primaryimage\"},\"image\":{\"@id\":\"https:\/\/arizer.eu\/es\/produkt\/herb-jar\/#primaryimage\"},\"thumbnailUrl\":\"https:\/\/arizer.eu\/wp-content\/uploads\/sites\/8\/2024\/05\/Accessory_Merch_stash-pro-black_NEW.jpeg\",\"datePublished\":\"2024-05-30T06:34:10+00:00\",\"dateModified\":\"2025-04-07T07:51:50+00:00\",\"breadcrumb\":{\"@id\":\"https:\/\/arizer.eu\/es\/produkt\/herb-jar\/#breadcrumb\"},\"inLanguage\":\"es\",\"potentialAction\":[{\"@type\":\"ReadAction\",\"target\":[\"https:\/\/arizer.eu\/es\/produkt\/herb-jar\/\"]}]},{\"@type\":\"ImageObject\",\"inLanguage\":\"es\",\"@id\":\"https:\/\/arizer.eu\/es\/produkt\/herb-jar\/#primaryimage\",\"url\":\"https:\/\/arizer.eu\/wp-content\/uploads\/sites\/8\/2024\/05\/Accessory_Merch_stash-pro-black_NEW.jpeg\",\"contentUrl\":\"https:\/\/arizer.eu\/wp-content\/uploads\/sites\/8\/2024\/05\/Accessory_Merch_stash-pro-black_NEW.jpeg\",\"width\":1000,\"height\":1000},{\"@type\":\"BreadcrumbList\",\"@id\":\"https:\/\/arizer.eu\/es\/produkt\/herb-jar\/#breadcrumb\",\"itemListElement\":[{\"@type\":\"ListItem\",\"position\":1,\"name\":\"Home\",\"item\":\"https:\/\/arizer.eu\/es\/\"},{\"@type\":\"ListItem\",\"position\":2,\"name\":\"Herb Jar\"}]},{\"@type\":\"WebSite\",\"@id\":\"https:\/\/arizer.eu\/es\/#website\",\"url\":\"https:\/\/arizer.eu\/es\/\",\"name\":\"Arizer EU\",\"description\":\"Best Portable Electronic Vaporizers | Better By Design\",\"publisher\":{\"@id\":\"https:\/\/arizer.eu\/es\/#organization\"},\"potentialAction\":[{\"@type\":\"SearchAction\",\"target\":{\"@type\":\"EntryPoint\",\"urlTemplate\":\"https:\/\/arizer.eu\/es\/?s={search_term_string}\"},\"query-input\":{\"@type\":\"PropertyValueSpecification\",\"valueRequired\":true,\"valueName\":\"search_term_string\"}}],\"inLanguage\":\"es\"},{\"@type\":\"Organization\",\"@id\":\"https:\/\/arizer.eu\/es\/#organization\",\"name\":\"AR TECH\",\"url\":\"https:\/\/arizer.eu\/es\/\",\"logo\":{\"@type\":\"ImageObject\",\"inLanguage\":\"es\",\"@id\":\"https:\/\/arizer.eu\/es\/#\/schema\/logo\/image\/\",\"url\":\"\",\"contentUrl\":\"\",\"caption\":\"AR TECH\"},\"image\":{\"@id\":\"https:\/\/arizer.eu\/es\/#\/schema\/logo\/image\/\"},\"sameAs\":[\"https:\/\/www.instagram.com\/arizertech\/\",\"https:\/\/www.youtube.com\/channel\/UCg1A_lcPMTaYi5GHJnxvM_A\"]}]}<\/script>\n<meta property=\"product:price:amount\" content=\"25.50\" \/>\n<meta property=\"product:price:currency\" content=\"EUR\" \/>\n<meta property=\"og:availability\" content=\"instock\" \/>\n<meta property=\"product:availability\" content=\"instock\" \/>\n<meta property=\"product:retailer_item_id\" content=\"7640\" \/>\n<meta property=\"product:condition\" content=\"new\" \/>\n<!-- \/ Yoast SEO Premium plugin. -->","yoast_head_json":{"title":"Herb Jar - Arizer EU","robots":{"index":"noindex","follow":"nofollow"},"og_locale":"es_ES","og_type":"article","og_title":"Herb Jar","og_description":"Descripci\u00f3n: Conserva tus hierbas frescas en el tarro de cristal herm\u00e9tico premium de Arizer con carcasa protectora de silicona. Contiene aproximadamente 14-21 gramos de hierbas secas \/ bot\u00e1nicos.  Incluye: Tarro de cristal, tapa herm\u00e9tica, carcasa protectora de silicona, m\u00e1s GRATIS Boveda 62% RH (Tama\u00f1o 8) Paquete de control de humedad","og_url":"https:\/\/arizer.eu\/es\/produkt\/herb-jar\/","og_site_name":"Arizer EU","article_modified_time":"2025-04-07T07:51:50+00:00","og_image":[{"width":1000,"height":1000,"url":"https:\/\/arizer.eu\/wp-content\/uploads\/sites\/8\/2024\/05\/Accessory_Merch_stash-pro-black_NEW.jpeg","type":"image\/jpeg"}],"twitter_card":"summary_large_image","twitter_misc":{"Precio":"25.50&euro;","Disponibilidad":"Disponible"},"schema":{"@context":"https:\/\/schema.org","@graph":[{"@type":"WebPage","@id":"https:\/\/arizer.eu\/es\/produkt\/herb-jar\/","url":"https:\/\/arizer.eu\/es\/produkt\/herb-jar\/","name":"Herb Jar - Arizer EU","isPartOf":{"@id":"https:\/\/arizer.eu\/es\/#website"},"primaryImageOfPage":{"@id":"https:\/\/arizer.eu\/es\/produkt\/herb-jar\/#primaryimage"},"image":{"@id":"https:\/\/arizer.eu\/es\/produkt\/herb-jar\/#primaryimage"},"thumbnailUrl":"https:\/\/arizer.eu\/wp-content\/uploads\/sites\/8\/2024\/05\/Accessory_Merch_stash-pro-black_NEW.jpeg","datePublished":"2024-05-30T06:34:10+00:00","dateModified":"2025-04-07T07:51:50+00:00","breadcrumb":{"@id":"https:\/\/arizer.eu\/es\/produkt\/herb-jar\/#breadcrumb"},"inLanguage":"es","potentialAction":[{"@type":"ReadAction","target":["https:\/\/arizer.eu\/es\/produkt\/herb-jar\/"]}]},{"@type":"ImageObject","inLanguage":"es","@id":"https:\/\/arizer.eu\/es\/produkt\/herb-jar\/#primaryimage","url":"https:\/\/arizer.eu\/wp-content\/uploads\/sites\/8\/2024\/05\/Accessory_Merch_stash-pro-black_NEW.jpeg","contentUrl":"https:\/\/arizer.eu\/wp-content\/uploads\/sites\/8\/2024\/05\/Accessory_Merch_stash-pro-black_NEW.jpeg","width":1000,"height":1000},{"@type":"BreadcrumbList","@id":"https:\/\/arizer.eu\/es\/produkt\/herb-jar\/#breadcrumb","itemListElement":[{"@type":"ListItem","position":1,"name":"Home","item":"https:\/\/arizer.eu\/es\/"},{"@type":"ListItem","position":2,"name":"Herb Jar"}]},{"@type":"WebSite","@id":"https:\/\/arizer.eu\/es\/#website","url":"https:\/\/arizer.eu\/es\/","name":"Arizer EU","description":"Best Portable Electronic Vaporizers | Better By Design","publisher":{"@id":"https:\/\/arizer.eu\/es\/#organization"},"potentialAction":[{"@type":"SearchAction","target":{"@type":"EntryPoint","urlTemplate":"https:\/\/arizer.eu\/es\/?s={search_term_string}"},"query-input":{"@type":"PropertyValueSpecification","valueRequired":true,"valueName":"search_term_string"}}],"inLanguage":"es"},{"@type":"Organization","@id":"https:\/\/arizer.eu\/es\/#organization","name":"AR TECH","url":"https:\/\/arizer.eu\/es\/","logo":{"@type":"ImageObject","inLanguage":"es","@id":"https:\/\/arizer.eu\/es\/#\/schema\/logo\/image\/","url":"","contentUrl":"","caption":"AR TECH"},"image":{"@id":"https:\/\/arizer.eu\/es\/#\/schema\/logo\/image\/"},"sameAs":["https:\/\/www.instagram.com\/arizertech\/","https:\/\/www.youtube.com\/channel\/UCg1A_lcPMTaYi5GHJnxvM_A"]}]},"product_price_amount":"25.50","product_price_currency":"EUR","og_availability":"instock","product_availability":"instock","product_retailer_item_id":"7640","product_condition":"new"},"_links":{"self":[{"href":"https:\/\/arizer.eu\/es\/wp-json\/wp\/v2\/product\/20211039871","targetHints":{"allow":["GET"]}}],"collection":[{"href":"https:\/\/arizer.eu\/es\/wp-json\/wp\/v2\/product"}],"about":[{"href":"https:\/\/arizer.eu\/es\/wp-json\/wp\/v2\/types\/product"}],"replies":[{"embeddable":true,"href":"https:\/\/arizer.eu\/es\/wp-json\/wp\/v2\/comments?post=20211039871"}],"version-history":[{"count":3,"href":"https:\/\/arizer.eu\/es\/wp-json\/wp\/v2\/product\/20211039871\/revisions"}],"predecessor-version":[{"id":20211045778,"href":"https:\/\/arizer.eu\/es\/wp-json\/wp\/v2\/product\/20211039871\/revisions\/20211045778"}],"wp:featuredmedia":[{"embeddable":true,"href":"https:\/\/arizer.eu\/es\/wp-json\/wp\/v2\/media\/20211039866"}],"wp:attachment":[{"href":"https:\/\/arizer.eu\/es\/wp-json\/wp\/v2\/media?parent=20211039871"}],"wp:term":[{"taxonomy":"product_brand","embeddable":true,"href":"https:\/\/arizer.eu\/es\/wp-json\/wp\/v2\/product_brand?post=20211039871"},{"taxonomy":"product_cat","embeddable":true,"href":"https:\/\/arizer.eu\/es\/wp-json\/wp\/v2\/product_cat?post=20211039871"},{"taxonomy":"product_tag","embeddable":true,"href":"https:\/\/arizer.eu\/es\/wp-json\/wp\/v2\/product_tag?post=20211039871"}],"curies":[{"name":"wp","href":"https:\/\/api.w.org\/{rel}","templated":true}]}}