{"id":20211039586,"date":"2019-11-25T01:05:14","date_gmt":"2019-11-25T01:05:14","guid":{"rendered":"https:\/\/arizer-europe.com\/air-18650-dual-battery-charger\/"},"modified":"2025-06-02T11:47:38","modified_gmt":"2025-06-02T11:47:38","slug":"air-18650-dual-battery-charger","status":"publish","type":"product","link":"https:\/\/arizer.eu\/es\/produkt\/air-18650-dual-battery-charger\/","title":{"rendered":"Cargador de doble bater\u00eda 18650"},"content":{"rendered":"","protected":false},"excerpt":{"rendered":"<p>Descripci\u00f3n: Carga c\u00f3modamente una o dos bater\u00edas 18650 de repuesto de forma externa<\/p>\n<p>Incluye: 1 x Cargador de bater\u00eda dual 18650<\/p>\n","protected":false},"featured_media":20211039588,"comment_status":"closed","ping_status":"closed","template":"","meta":{"_acf_changed":false},"product_brand":[],"product_cat":[793,811,749,765,815,835,841,859,1433],"product_tag":[1139],"class_list":{"0":"post-20211039586","1":"product","2":"type-product","3":"status-publish","4":"has-post-thumbnail","6":"product_cat-air-se-accessories-es","7":"product_cat-air-se-power-es","8":"product_cat-air2-accessories-es","9":"product_cat-air2-power-es","10":"product_cat-argo-accessories-es","11":"product_cat-argo-power-es","12":"product_cat-arizer-air-accessories-es","13":"product_cat-arizer-air-power-es","14":"product_cat-rh-3-es","15":"product_tag-arizer-18650-battery-es","16":"pa_brand-arizer-es","17":"entry","19":"first","20":"instock","21":"sale","22":"taxable","23":"shipping-taxable","24":"purchasable","25":"product-type-variable","26":"has-default-attributes","27":"rtwpvs-product"},"bundled_by":[],"bundle_stock_status":"instock","bundle_stock_quantity":null,"bundle_virtual":false,"bundle_layout":"","bundle_add_to_cart_form_location":"","bundle_editable_in_cart":false,"bundle_sold_individually_context":"","bundle_item_grouping":"","bundle_min_size":"","bundle_max_size":"","bundle_price":[],"bundled_items":[],"bundle_sell_ids":[],"acf":[],"yoast_head":"<!-- This site is optimized with the Yoast SEO Premium plugin v27.1 (Yoast SEO v27.1.1) - https:\/\/yoast.com\/product\/yoast-seo-premium-wordpress\/ -->\n<title>Buy ArGo \/ Air SE Dual Battery Charger - Arizer ArGo Accessories<\/title>\n<meta name=\"description\" content=\"Buy ArGo \/ Air SE Dual Battery Charger for Pocket Vaporizer. \u2714 Compatibility: ArGo, Air SE, Air &amp; Air II Batteries, \u2714 4 Power Options: North American, Euro, UK, AUS \u2714 1 External Dual Battery Charger \u2714 Fast Shipping Options.\" \/>\n<meta name=\"robots\" content=\"index, follow, max-snippet:-1, max-image-preview:large, max-video-preview:-1\" \/>\n<meta property=\"og:locale\" content=\"es_ES\" \/>\n<meta property=\"og:type\" content=\"article\" \/>\n<meta property=\"og:title\" content=\"Cargador de doble bater\u00eda 18650\" \/>\n<meta property=\"og:description\" content=\"Descripci\u00f3n: Carga c\u00f3modamente una o dos bater\u00edas 18650 de repuesto de forma externa Incluye: 1 x Cargador de bater\u00eda dual 18650\" \/>\n<meta property=\"og:url\" content=\"https:\/\/arizer.eu\/es\/produkt\/air-18650-dual-battery-charger\/\" \/>\n<meta property=\"og:site_name\" content=\"Arizer EU\" \/>\n<meta property=\"article:modified_time\" content=\"2025-06-02T11:47:38+00:00\" \/>\n<meta property=\"og:image\" content=\"https:\/\/arizer.eu\/wp-content\/uploads\/sites\/8\/2020\/01\/dual-battery-charger-us.png\" \/>\n\t<meta property=\"og:image:width\" content=\"600\" \/>\n\t<meta property=\"og:image:height\" content=\"600\" \/>\n\t<meta property=\"og:image:type\" content=\"image\/png\" \/>\n<meta name=\"twitter:card\" content=\"summary_large_image\" \/>\n<meta name=\"twitter:label1\" content=\"Disponibilidad\" \/>\n\t<meta name=\"twitter:data1\" content=\"Disponible\" \/>\n<script type=\"application\/ld+json\" class=\"yoast-schema-graph\">{\"@context\":\"https:\/\/schema.org\",\"@graph\":[{\"@type\":\"WebPage\",\"@id\":\"https:\/\/arizer.eu\/es\/produkt\/air-18650-dual-battery-charger\/\",\"url\":\"https:\/\/arizer.eu\/es\/produkt\/air-18650-dual-battery-charger\/\",\"name\":\"Buy ArGo \/ Air SE Dual Battery Charger - Arizer ArGo Accessories\",\"isPartOf\":{\"@id\":\"https:\/\/arizer.eu\/es\/#website\"},\"primaryImageOfPage\":{\"@id\":\"https:\/\/arizer.eu\/es\/produkt\/air-18650-dual-battery-charger\/#primaryimage\"},\"image\":{\"@id\":\"https:\/\/arizer.eu\/es\/produkt\/air-18650-dual-battery-charger\/#primaryimage\"},\"thumbnailUrl\":\"https:\/\/arizer.eu\/wp-content\/uploads\/sites\/8\/2020\/01\/dual-battery-charger-us.png\",\"datePublished\":\"2019-11-25T01:05:14+00:00\",\"dateModified\":\"2025-06-02T11:47:38+00:00\",\"description\":\"Buy ArGo \/ Air SE Dual Battery Charger for Pocket Vaporizer. \u2714 Compatibility: ArGo, Air SE, Air & Air II Batteries, \u2714 4 Power Options: North American, Euro, UK, AUS \u2714 1 External Dual Battery Charger \u2714 Fast Shipping Options.\",\"breadcrumb\":{\"@id\":\"https:\/\/arizer.eu\/es\/produkt\/air-18650-dual-battery-charger\/#breadcrumb\"},\"inLanguage\":\"es\",\"potentialAction\":[{\"@type\":\"ReadAction\",\"target\":[\"https:\/\/arizer.eu\/es\/produkt\/air-18650-dual-battery-charger\/\"]}]},{\"@type\":\"ImageObject\",\"inLanguage\":\"es\",\"@id\":\"https:\/\/arizer.eu\/es\/produkt\/air-18650-dual-battery-charger\/#primaryimage\",\"url\":\"https:\/\/arizer.eu\/wp-content\/uploads\/sites\/8\/2020\/01\/dual-battery-charger-us.png\",\"contentUrl\":\"https:\/\/arizer.eu\/wp-content\/uploads\/sites\/8\/2020\/01\/dual-battery-charger-us.png\",\"width\":600,\"height\":600},{\"@type\":\"BreadcrumbList\",\"@id\":\"https:\/\/arizer.eu\/es\/produkt\/air-18650-dual-battery-charger\/#breadcrumb\",\"itemListElement\":[{\"@type\":\"ListItem\",\"position\":1,\"name\":\"Home\",\"item\":\"https:\/\/arizer.eu\/es\/\"},{\"@type\":\"ListItem\",\"position\":2,\"name\":\"Cargador de doble bater\u00eda 18650\"}]},{\"@type\":\"WebSite\",\"@id\":\"https:\/\/arizer.eu\/es\/#website\",\"url\":\"https:\/\/arizer.eu\/es\/\",\"name\":\"Arizer EU\",\"description\":\"Best Portable Electronic Vaporizers | Better By Design\",\"publisher\":{\"@id\":\"https:\/\/arizer.eu\/es\/#organization\"},\"potentialAction\":[{\"@type\":\"SearchAction\",\"target\":{\"@type\":\"EntryPoint\",\"urlTemplate\":\"https:\/\/arizer.eu\/es\/?s={search_term_string}\"},\"query-input\":{\"@type\":\"PropertyValueSpecification\",\"valueRequired\":true,\"valueName\":\"search_term_string\"}}],\"inLanguage\":\"es\"},{\"@type\":\"Organization\",\"@id\":\"https:\/\/arizer.eu\/es\/#organization\",\"name\":\"AR TECH\",\"url\":\"https:\/\/arizer.eu\/es\/\",\"logo\":{\"@type\":\"ImageObject\",\"inLanguage\":\"es\",\"@id\":\"https:\/\/arizer.eu\/es\/#\/schema\/logo\/image\/\",\"url\":\"\",\"contentUrl\":\"\",\"caption\":\"AR TECH\"},\"image\":{\"@id\":\"https:\/\/arizer.eu\/es\/#\/schema\/logo\/image\/\"},\"sameAs\":[\"https:\/\/www.instagram.com\/arizertech\/\",\"https:\/\/www.youtube.com\/channel\/UCg1A_lcPMTaYi5GHJnxvM_A\"]}]}<\/script>\n<meta property=\"og:availability\" content=\"instock\" \/>\n<meta property=\"product:availability\" content=\"instock\" \/>\n<meta property=\"product:condition\" content=\"new\" \/>\n<!-- \/ Yoast SEO Premium plugin. -->","yoast_head_json":{"title":"Buy ArGo \/ Air SE Dual Battery Charger - Arizer ArGo Accessories","description":"Buy ArGo \/ Air SE Dual Battery Charger for Pocket Vaporizer. \u2714 Compatibility: ArGo, Air SE, Air & Air II Batteries, \u2714 4 Power Options: North American, Euro, UK, AUS \u2714 1 External Dual Battery Charger \u2714 Fast Shipping Options.","robots":{"index":"index","follow":"follow","max-snippet":"max-snippet:-1","max-image-preview":"max-image-preview:large","max-video-preview":"max-video-preview:-1"},"og_locale":"es_ES","og_type":"article","og_title":"Cargador de doble bater\u00eda 18650","og_description":"Descripci\u00f3n: Carga c\u00f3modamente una o dos bater\u00edas 18650 de repuesto de forma externa Incluye: 1 x Cargador de bater\u00eda dual 18650","og_url":"https:\/\/arizer.eu\/es\/produkt\/air-18650-dual-battery-charger\/","og_site_name":"Arizer EU","article_modified_time":"2025-06-02T11:47:38+00:00","og_image":[{"width":600,"height":600,"url":"https:\/\/arizer.eu\/wp-content\/uploads\/sites\/8\/2020\/01\/dual-battery-charger-us.png","type":"image\/png"}],"twitter_card":"summary_large_image","twitter_misc":{"Disponibilidad":"Disponible"},"schema":{"@context":"https:\/\/schema.org","@graph":[{"@type":"WebPage","@id":"https:\/\/arizer.eu\/es\/produkt\/air-18650-dual-battery-charger\/","url":"https:\/\/arizer.eu\/es\/produkt\/air-18650-dual-battery-charger\/","name":"Buy ArGo \/ Air SE Dual Battery Charger - Arizer ArGo Accessories","isPartOf":{"@id":"https:\/\/arizer.eu\/es\/#website"},"primaryImageOfPage":{"@id":"https:\/\/arizer.eu\/es\/produkt\/air-18650-dual-battery-charger\/#primaryimage"},"image":{"@id":"https:\/\/arizer.eu\/es\/produkt\/air-18650-dual-battery-charger\/#primaryimage"},"thumbnailUrl":"https:\/\/arizer.eu\/wp-content\/uploads\/sites\/8\/2020\/01\/dual-battery-charger-us.png","datePublished":"2019-11-25T01:05:14+00:00","dateModified":"2025-06-02T11:47:38+00:00","description":"Buy ArGo \/ Air SE Dual Battery Charger for Pocket Vaporizer. \u2714 Compatibility: ArGo, Air SE, Air & Air II Batteries, \u2714 4 Power Options: North American, Euro, UK, AUS \u2714 1 External Dual Battery Charger \u2714 Fast Shipping Options.","breadcrumb":{"@id":"https:\/\/arizer.eu\/es\/produkt\/air-18650-dual-battery-charger\/#breadcrumb"},"inLanguage":"es","potentialAction":[{"@type":"ReadAction","target":["https:\/\/arizer.eu\/es\/produkt\/air-18650-dual-battery-charger\/"]}]},{"@type":"ImageObject","inLanguage":"es","@id":"https:\/\/arizer.eu\/es\/produkt\/air-18650-dual-battery-charger\/#primaryimage","url":"https:\/\/arizer.eu\/wp-content\/uploads\/sites\/8\/2020\/01\/dual-battery-charger-us.png","contentUrl":"https:\/\/arizer.eu\/wp-content\/uploads\/sites\/8\/2020\/01\/dual-battery-charger-us.png","width":600,"height":600},{"@type":"BreadcrumbList","@id":"https:\/\/arizer.eu\/es\/produkt\/air-18650-dual-battery-charger\/#breadcrumb","itemListElement":[{"@type":"ListItem","position":1,"name":"Home","item":"https:\/\/arizer.eu\/es\/"},{"@type":"ListItem","position":2,"name":"Cargador de doble bater\u00eda 18650"}]},{"@type":"WebSite","@id":"https:\/\/arizer.eu\/es\/#website","url":"https:\/\/arizer.eu\/es\/","name":"Arizer EU","description":"Best Portable Electronic Vaporizers | Better By Design","publisher":{"@id":"https:\/\/arizer.eu\/es\/#organization"},"potentialAction":[{"@type":"SearchAction","target":{"@type":"EntryPoint","urlTemplate":"https:\/\/arizer.eu\/es\/?s={search_term_string}"},"query-input":{"@type":"PropertyValueSpecification","valueRequired":true,"valueName":"search_term_string"}}],"inLanguage":"es"},{"@type":"Organization","@id":"https:\/\/arizer.eu\/es\/#organization","name":"AR TECH","url":"https:\/\/arizer.eu\/es\/","logo":{"@type":"ImageObject","inLanguage":"es","@id":"https:\/\/arizer.eu\/es\/#\/schema\/logo\/image\/","url":"","contentUrl":"","caption":"AR TECH"},"image":{"@id":"https:\/\/arizer.eu\/es\/#\/schema\/logo\/image\/"},"sameAs":["https:\/\/www.instagram.com\/arizertech\/","https:\/\/www.youtube.com\/channel\/UCg1A_lcPMTaYi5GHJnxvM_A"]}]},"og_availability":"instock","product_availability":"instock","product_condition":"new"},"_links":{"self":[{"href":"https:\/\/arizer.eu\/es\/wp-json\/wp\/v2\/product\/20211039586","targetHints":{"allow":["GET"]}}],"collection":[{"href":"https:\/\/arizer.eu\/es\/wp-json\/wp\/v2\/product"}],"about":[{"href":"https:\/\/arizer.eu\/es\/wp-json\/wp\/v2\/types\/product"}],"replies":[{"embeddable":true,"href":"https:\/\/arizer.eu\/es\/wp-json\/wp\/v2\/comments?post=20211039586"}],"version-history":[{"count":4,"href":"https:\/\/arizer.eu\/es\/wp-json\/wp\/v2\/product\/20211039586\/revisions"}],"predecessor-version":[{"id":20211049035,"href":"https:\/\/arizer.eu\/es\/wp-json\/wp\/v2\/product\/20211039586\/revisions\/20211049035"}],"wp:featuredmedia":[{"embeddable":true,"href":"https:\/\/arizer.eu\/es\/wp-json\/wp\/v2\/media\/20211039588"}],"wp:attachment":[{"href":"https:\/\/arizer.eu\/es\/wp-json\/wp\/v2\/media?parent=20211039586"}],"wp:term":[{"taxonomy":"product_brand","embeddable":true,"href":"https:\/\/arizer.eu\/es\/wp-json\/wp\/v2\/product_brand?post=20211039586"},{"taxonomy":"product_cat","embeddable":true,"href":"https:\/\/arizer.eu\/es\/wp-json\/wp\/v2\/product_cat?post=20211039586"},{"taxonomy":"product_tag","embeddable":true,"href":"https:\/\/arizer.eu\/es\/wp-json\/wp\/v2\/product_tag?post=20211039586"}],"curies":[{"name":"wp","href":"https:\/\/api.w.org\/{rel}","templated":true}]}}