{"id":20211039562,"date":"2023-10-27T10:07:27","date_gmt":"2023-10-27T10:07:27","guid":{"rendered":"https:\/\/arizer-europe.com\/18650-battery-w-charge-tester\/"},"modified":"2025-11-10T19:04:09","modified_gmt":"2025-11-10T19:04:09","slug":"18650-battery-w-charge-tester","status":"publish","type":"product","link":"https:\/\/arizer.eu\/es\/produkt\/18650-battery-w-charge-tester\/","title":{"rendered":"18650 Battery w.\/Charge Tester"},"content":{"rendered":"","protected":false},"excerpt":{"rendered":"<p class=\"ai-optimize-31\">Descripci\u00f3n: Bater\u00eda 18650 de repuesto para Arizer Go, Air SE, &amp; Air II &#8211; Bater\u00eda Li-ion de alta potencia, alta calidad y larga duraci\u00f3n. ADEM\u00c1S, almacene, proteja y compruebe f\u00e1cilmente el nivel de carga de su bater\u00eda de repuesto con nuestro pr\u00e1ctico comprobador de carga de bater\u00eda.<\/p>\n<p class=\"ai-optimize-32\">Incluye: 1 x bater\u00eda 18650 + 1 x comprobador de carga 18650<\/p>\n","protected":false},"featured_media":20211039563,"comment_status":"closed","ping_status":"closed","template":"","meta":{"_acf_changed":false},"product_brand":[],"product_cat":[793,811,749,765,815,835,841,859,1433],"product_tag":[1057,1107,1111,1115],"class_list":{"0":"post-20211039562","1":"product","2":"type-product","3":"status-publish","4":"has-post-thumbnail","6":"product_cat-air-se-accessories-es","7":"product_cat-air-se-power-es","8":"product_cat-air2-accessories-es","9":"product_cat-air2-power-es","10":"product_cat-argo-accessories-es","11":"product_cat-argo-power-es","12":"product_cat-arizer-air-accessories-es","13":"product_cat-arizer-air-power-es","14":"product_cat-rh-3-es","15":"product_tag-air-es","16":"product_tag-air-ii-es","17":"product_tag-air-se-es","18":"product_tag-argo-es-2","19":"entry","21":"first","22":"instock","23":"sale","24":"taxable","25":"shipping-taxable","26":"purchasable","27":"product-type-simple"},"bundled_by":[],"bundle_stock_status":"instock","bundle_stock_quantity":30,"bundle_virtual":false,"bundle_layout":"","bundle_add_to_cart_form_location":"","bundle_editable_in_cart":false,"bundle_sold_individually_context":"","bundle_item_grouping":"","bundle_min_size":"","bundle_max_size":"","bundle_price":[],"bundled_items":[],"bundle_sell_ids":[],"acf":[],"yoast_head":"<!-- This site is optimized with the Yoast SEO Premium plugin v27.1 (Yoast SEO v27.1.1) - https:\/\/yoast.com\/product\/yoast-seo-premium-wordpress\/ -->\n<title>18650 Battery w.\/Charge Tester - Arizer EU<\/title>\n<meta name=\"robots\" content=\"index, follow, max-snippet:-1, max-image-preview:large, max-video-preview:-1\" \/>\n<meta property=\"og:locale\" content=\"es_ES\" \/>\n<meta property=\"og:type\" content=\"article\" \/>\n<meta property=\"og:title\" content=\"18650 Battery w.\/Charge Tester\" \/>\n<meta property=\"og:description\" content=\"Descripci\u00f3n: Bater\u00eda 18650 de repuesto para Arizer Go, Air SE, &amp; Air II - Bater\u00eda Li-ion de alta potencia, alta calidad y larga duraci\u00f3n. ADEM\u00c1S, almacene, proteja y compruebe f\u00e1cilmente el nivel de carga de su bater\u00eda de repuesto con nuestro pr\u00e1ctico comprobador de carga de bater\u00eda. Incluye: 1 x bater\u00eda 18650 + 1 x comprobador de carga 18650\" \/>\n<meta property=\"og:url\" content=\"https:\/\/arizer.eu\/es\/produkt\/18650-battery-w-charge-tester\/\" \/>\n<meta property=\"og:site_name\" content=\"Arizer EU\" \/>\n<meta property=\"article:modified_time\" content=\"2025-11-10T19:04:09+00:00\" \/>\n<meta property=\"og:image\" content=\"https:\/\/arizer.eu\/wp-content\/uploads\/sites\/8\/2023\/02\/Accessory_NEW-Battery_Air-II_Brown.jpg\" \/>\n\t<meta property=\"og:image:width\" content=\"1000\" \/>\n\t<meta property=\"og:image:height\" content=\"1000\" \/>\n\t<meta property=\"og:image:type\" content=\"image\/jpeg\" \/>\n<meta name=\"twitter:card\" content=\"summary_large_image\" \/>\n<meta name=\"twitter:label1\" content=\"Precio\" \/>\n\t<meta name=\"twitter:data1\" content=\"14.88&euro;\" \/>\n\t<meta name=\"twitter:label2\" content=\"Disponibilidad\" \/>\n\t<meta name=\"twitter:data2\" content=\"Disponible\" \/>\n<script type=\"application\/ld+json\" class=\"yoast-schema-graph\">{\"@context\":\"https:\/\/schema.org\",\"@graph\":[{\"@type\":\"WebPage\",\"@id\":\"https:\/\/arizer.eu\/es\/produkt\/18650-battery-w-charge-tester\/\",\"url\":\"https:\/\/arizer.eu\/es\/produkt\/18650-battery-w-charge-tester\/\",\"name\":\"18650 Battery w.\/Charge Tester - Arizer EU\",\"isPartOf\":{\"@id\":\"https:\/\/arizer.eu\/es\/#website\"},\"primaryImageOfPage\":{\"@id\":\"https:\/\/arizer.eu\/es\/produkt\/18650-battery-w-charge-tester\/#primaryimage\"},\"image\":{\"@id\":\"https:\/\/arizer.eu\/es\/produkt\/18650-battery-w-charge-tester\/#primaryimage\"},\"thumbnailUrl\":\"https:\/\/arizer.eu\/wp-content\/uploads\/sites\/8\/2023\/02\/Accessory_NEW-Battery_Air-II_Brown.jpg\",\"datePublished\":\"2023-10-27T10:07:27+00:00\",\"dateModified\":\"2025-11-10T19:04:09+00:00\",\"breadcrumb\":{\"@id\":\"https:\/\/arizer.eu\/es\/produkt\/18650-battery-w-charge-tester\/#breadcrumb\"},\"inLanguage\":\"es\",\"potentialAction\":[{\"@type\":\"ReadAction\",\"target\":[\"https:\/\/arizer.eu\/es\/produkt\/18650-battery-w-charge-tester\/\"]}]},{\"@type\":\"ImageObject\",\"inLanguage\":\"es\",\"@id\":\"https:\/\/arizer.eu\/es\/produkt\/18650-battery-w-charge-tester\/#primaryimage\",\"url\":\"https:\/\/arizer.eu\/wp-content\/uploads\/sites\/8\/2023\/02\/Accessory_NEW-Battery_Air-II_Brown.jpg\",\"contentUrl\":\"https:\/\/arizer.eu\/wp-content\/uploads\/sites\/8\/2023\/02\/Accessory_NEW-Battery_Air-II_Brown.jpg\",\"width\":1000,\"height\":1000},{\"@type\":\"BreadcrumbList\",\"@id\":\"https:\/\/arizer.eu\/es\/produkt\/18650-battery-w-charge-tester\/#breadcrumb\",\"itemListElement\":[{\"@type\":\"ListItem\",\"position\":1,\"name\":\"Home\",\"item\":\"https:\/\/arizer.eu\/es\/\"},{\"@type\":\"ListItem\",\"position\":2,\"name\":\"18650 Battery w.\/Charge Tester\"}]},{\"@type\":\"WebSite\",\"@id\":\"https:\/\/arizer.eu\/es\/#website\",\"url\":\"https:\/\/arizer.eu\/es\/\",\"name\":\"Arizer EU\",\"description\":\"Best Portable Electronic Vaporizers | Better By Design\",\"publisher\":{\"@id\":\"https:\/\/arizer.eu\/es\/#organization\"},\"potentialAction\":[{\"@type\":\"SearchAction\",\"target\":{\"@type\":\"EntryPoint\",\"urlTemplate\":\"https:\/\/arizer.eu\/es\/?s={search_term_string}\"},\"query-input\":{\"@type\":\"PropertyValueSpecification\",\"valueRequired\":true,\"valueName\":\"search_term_string\"}}],\"inLanguage\":\"es\"},{\"@type\":\"Organization\",\"@id\":\"https:\/\/arizer.eu\/es\/#organization\",\"name\":\"AR TECH\",\"url\":\"https:\/\/arizer.eu\/es\/\",\"logo\":{\"@type\":\"ImageObject\",\"inLanguage\":\"es\",\"@id\":\"https:\/\/arizer.eu\/es\/#\/schema\/logo\/image\/\",\"url\":\"\",\"contentUrl\":\"\",\"caption\":\"AR TECH\"},\"image\":{\"@id\":\"https:\/\/arizer.eu\/es\/#\/schema\/logo\/image\/\"},\"sameAs\":[\"https:\/\/www.instagram.com\/arizertech\/\",\"https:\/\/www.youtube.com\/channel\/UCg1A_lcPMTaYi5GHJnxvM_A\"]}]}<\/script>\n<meta property=\"product:price:amount\" content=\"14.88\" \/>\n<meta property=\"product:price:currency\" content=\"EUR\" \/>\n<meta property=\"og:availability\" content=\"instock\" \/>\n<meta property=\"product:availability\" content=\"instock\" \/>\n<meta property=\"product:retailer_item_id\" content=\"2797\" \/>\n<meta property=\"product:condition\" content=\"new\" \/>\n<!-- \/ Yoast SEO Premium plugin. -->","yoast_head_json":{"title":"18650 Battery w.\/Charge Tester - Arizer EU","robots":{"index":"index","follow":"follow","max-snippet":"max-snippet:-1","max-image-preview":"max-image-preview:large","max-video-preview":"max-video-preview:-1"},"og_locale":"es_ES","og_type":"article","og_title":"18650 Battery w.\/Charge Tester","og_description":"Descripci\u00f3n: Bater\u00eda 18650 de repuesto para Arizer Go, Air SE, &amp; Air II - Bater\u00eda Li-ion de alta potencia, alta calidad y larga duraci\u00f3n. ADEM\u00c1S, almacene, proteja y compruebe f\u00e1cilmente el nivel de carga de su bater\u00eda de repuesto con nuestro pr\u00e1ctico comprobador de carga de bater\u00eda. Incluye: 1 x bater\u00eda 18650 + 1 x comprobador de carga 18650","og_url":"https:\/\/arizer.eu\/es\/produkt\/18650-battery-w-charge-tester\/","og_site_name":"Arizer EU","article_modified_time":"2025-11-10T19:04:09+00:00","og_image":[{"width":1000,"height":1000,"url":"https:\/\/arizer.eu\/wp-content\/uploads\/sites\/8\/2023\/02\/Accessory_NEW-Battery_Air-II_Brown.jpg","type":"image\/jpeg"}],"twitter_card":"summary_large_image","twitter_misc":{"Precio":"14.88&euro;","Disponibilidad":"Disponible"},"schema":{"@context":"https:\/\/schema.org","@graph":[{"@type":"WebPage","@id":"https:\/\/arizer.eu\/es\/produkt\/18650-battery-w-charge-tester\/","url":"https:\/\/arizer.eu\/es\/produkt\/18650-battery-w-charge-tester\/","name":"18650 Battery w.\/Charge Tester - Arizer EU","isPartOf":{"@id":"https:\/\/arizer.eu\/es\/#website"},"primaryImageOfPage":{"@id":"https:\/\/arizer.eu\/es\/produkt\/18650-battery-w-charge-tester\/#primaryimage"},"image":{"@id":"https:\/\/arizer.eu\/es\/produkt\/18650-battery-w-charge-tester\/#primaryimage"},"thumbnailUrl":"https:\/\/arizer.eu\/wp-content\/uploads\/sites\/8\/2023\/02\/Accessory_NEW-Battery_Air-II_Brown.jpg","datePublished":"2023-10-27T10:07:27+00:00","dateModified":"2025-11-10T19:04:09+00:00","breadcrumb":{"@id":"https:\/\/arizer.eu\/es\/produkt\/18650-battery-w-charge-tester\/#breadcrumb"},"inLanguage":"es","potentialAction":[{"@type":"ReadAction","target":["https:\/\/arizer.eu\/es\/produkt\/18650-battery-w-charge-tester\/"]}]},{"@type":"ImageObject","inLanguage":"es","@id":"https:\/\/arizer.eu\/es\/produkt\/18650-battery-w-charge-tester\/#primaryimage","url":"https:\/\/arizer.eu\/wp-content\/uploads\/sites\/8\/2023\/02\/Accessory_NEW-Battery_Air-II_Brown.jpg","contentUrl":"https:\/\/arizer.eu\/wp-content\/uploads\/sites\/8\/2023\/02\/Accessory_NEW-Battery_Air-II_Brown.jpg","width":1000,"height":1000},{"@type":"BreadcrumbList","@id":"https:\/\/arizer.eu\/es\/produkt\/18650-battery-w-charge-tester\/#breadcrumb","itemListElement":[{"@type":"ListItem","position":1,"name":"Home","item":"https:\/\/arizer.eu\/es\/"},{"@type":"ListItem","position":2,"name":"18650 Battery w.\/Charge Tester"}]},{"@type":"WebSite","@id":"https:\/\/arizer.eu\/es\/#website","url":"https:\/\/arizer.eu\/es\/","name":"Arizer EU","description":"Best Portable Electronic Vaporizers | Better By Design","publisher":{"@id":"https:\/\/arizer.eu\/es\/#organization"},"potentialAction":[{"@type":"SearchAction","target":{"@type":"EntryPoint","urlTemplate":"https:\/\/arizer.eu\/es\/?s={search_term_string}"},"query-input":{"@type":"PropertyValueSpecification","valueRequired":true,"valueName":"search_term_string"}}],"inLanguage":"es"},{"@type":"Organization","@id":"https:\/\/arizer.eu\/es\/#organization","name":"AR TECH","url":"https:\/\/arizer.eu\/es\/","logo":{"@type":"ImageObject","inLanguage":"es","@id":"https:\/\/arizer.eu\/es\/#\/schema\/logo\/image\/","url":"","contentUrl":"","caption":"AR TECH"},"image":{"@id":"https:\/\/arizer.eu\/es\/#\/schema\/logo\/image\/"},"sameAs":["https:\/\/www.instagram.com\/arizertech\/","https:\/\/www.youtube.com\/channel\/UCg1A_lcPMTaYi5GHJnxvM_A"]}]},"product_price_amount":"14.88","product_price_currency":"EUR","og_availability":"instock","product_availability":"instock","product_retailer_item_id":"2797","product_condition":"new"},"_links":{"self":[{"href":"https:\/\/arizer.eu\/es\/wp-json\/wp\/v2\/product\/20211039562","targetHints":{"allow":["GET"]}}],"collection":[{"href":"https:\/\/arizer.eu\/es\/wp-json\/wp\/v2\/product"}],"about":[{"href":"https:\/\/arizer.eu\/es\/wp-json\/wp\/v2\/types\/product"}],"replies":[{"embeddable":true,"href":"https:\/\/arizer.eu\/es\/wp-json\/wp\/v2\/comments?post=20211039562"}],"version-history":[{"count":4,"href":"https:\/\/arizer.eu\/es\/wp-json\/wp\/v2\/product\/20211039562\/revisions"}],"predecessor-version":[{"id":20220675133,"href":"https:\/\/arizer.eu\/es\/wp-json\/wp\/v2\/product\/20211039562\/revisions\/20220675133"}],"wp:featuredmedia":[{"embeddable":true,"href":"https:\/\/arizer.eu\/es\/wp-json\/wp\/v2\/media\/20211039563"}],"wp:attachment":[{"href":"https:\/\/arizer.eu\/es\/wp-json\/wp\/v2\/media?parent=20211039562"}],"wp:term":[{"taxonomy":"product_brand","embeddable":true,"href":"https:\/\/arizer.eu\/es\/wp-json\/wp\/v2\/product_brand?post=20211039562"},{"taxonomy":"product_cat","embeddable":true,"href":"https:\/\/arizer.eu\/es\/wp-json\/wp\/v2\/product_cat?post=20211039562"},{"taxonomy":"product_tag","embeddable":true,"href":"https:\/\/arizer.eu\/es\/wp-json\/wp\/v2\/product_tag?post=20211039562"}],"curies":[{"name":"wp","href":"https:\/\/api.w.org\/{rel}","templated":true}]}}