{"id":20211039425,"date":"2021-09-16T07:57:12","date_gmt":"2021-09-16T07:57:12","guid":{"rendered":"https:\/\/arizer-europe.com\/air-filter-cartridge-w-filter\/"},"modified":"2025-04-04T12:51:17","modified_gmt":"2025-04-04T12:51:17","slug":"air-filter-cartridge-w-filter","status":"publish","type":"product","link":"https:\/\/arizer.eu\/es\/produkt\/air-filter-cartridge-w-filter\/","title":{"rendered":"Portafiltro de aire con filtro"},"content":{"rendered":"","protected":false},"excerpt":{"rendered":"<p>Descripci\u00f3n: Portafiltro extra\u00edble con filtro de tres capas reemplazable para limpiar el aire de part\u00edculas, polvo y residuos.<\/p>\n<p>Contenido: 1 x portafiltro de aire con filtro<\/p>\n","protected":false},"featured_media":20211039426,"comment_status":"closed","ping_status":"closed","template":"","meta":{"_acf_changed":false},"product_brand":[],"product_cat":[1433,983,999],"product_tag":[1238],"class_list":{"0":"post-20211039425","1":"product","2":"type-product","3":"status-publish","4":"has-post-thumbnail","6":"product_cat-rh-3-es","7":"product_cat-xq2-acessories-es","8":"product_cat-xq2-parts-es","9":"product_tag-xq2-es","10":"entry","12":"first","13":"instock","14":"sale","15":"taxable","16":"shipping-taxable","17":"purchasable","18":"product-type-simple"},"bundled_by":[],"bundle_stock_status":"instock","bundle_stock_quantity":53,"bundle_virtual":false,"bundle_layout":"","bundle_add_to_cart_form_location":"","bundle_editable_in_cart":false,"bundle_sold_individually_context":"","bundle_item_grouping":"","bundle_min_size":"","bundle_max_size":"","bundle_price":[],"bundled_items":[],"bundle_sell_ids":[],"acf":[],"yoast_head":"<!-- This site is optimized with the Yoast SEO Premium plugin v27.1 (Yoast SEO v27.1.1) - https:\/\/yoast.com\/product\/yoast-seo-premium-wordpress\/ -->\n<title>Air Filter Cartridge w.\/ Filter for Arizer XQ2<\/title>\n<meta name=\"description\" content=\"Buy Arizer 1 x Air Filter Cartridge w.\/ Filter for XQ2 at best price from the Official Arizer Online Store.\" \/>\n<meta name=\"robots\" content=\"index, follow, max-snippet:-1, max-image-preview:large, max-video-preview:-1\" \/>\n<meta property=\"og:locale\" content=\"es_ES\" \/>\n<meta property=\"og:type\" content=\"article\" \/>\n<meta property=\"og:title\" content=\"Portafiltro de aire con filtro\" \/>\n<meta property=\"og:description\" content=\"Descripci\u00f3n: Portafiltro extra\u00edble con filtro de tres capas reemplazable para limpiar el aire de part\u00edculas, polvo y residuos.  Contenido: 1 x portafiltro de aire con filtro\" \/>\n<meta property=\"og:url\" content=\"https:\/\/arizer.eu\/es\/produkt\/air-filter-cartridge-w-filter\/\" \/>\n<meta property=\"og:site_name\" content=\"Arizer EU\" \/>\n<meta property=\"article:modified_time\" content=\"2025-04-04T12:51:17+00:00\" \/>\n<meta property=\"og:image\" content=\"https:\/\/arizer.eu\/wp-content\/uploads\/sites\/8\/2023\/02\/XQ2-Air-Filter_NEW.jpg\" \/>\n\t<meta property=\"og:image:width\" content=\"1000\" \/>\n\t<meta property=\"og:image:height\" content=\"1000\" \/>\n\t<meta property=\"og:image:type\" content=\"image\/jpeg\" \/>\n<meta name=\"twitter:card\" content=\"summary_large_image\" \/>\n<meta name=\"twitter:label1\" content=\"Precio\" \/>\n\t<meta name=\"twitter:data1\" content=\"8.93&euro;\" \/>\n\t<meta name=\"twitter:label2\" content=\"Disponibilidad\" \/>\n\t<meta name=\"twitter:data2\" content=\"Disponible\" \/>\n<script type=\"application\/ld+json\" class=\"yoast-schema-graph\">{\"@context\":\"https:\/\/schema.org\",\"@graph\":[{\"@type\":\"WebPage\",\"@id\":\"https:\/\/arizer.eu\/es\/produkt\/air-filter-cartridge-w-filter\/\",\"url\":\"https:\/\/arizer.eu\/es\/produkt\/air-filter-cartridge-w-filter\/\",\"name\":\"Air Filter Cartridge w.\/ Filter for Arizer XQ2\",\"isPartOf\":{\"@id\":\"https:\/\/arizer.eu\/es\/#website\"},\"primaryImageOfPage\":{\"@id\":\"https:\/\/arizer.eu\/es\/produkt\/air-filter-cartridge-w-filter\/#primaryimage\"},\"image\":{\"@id\":\"https:\/\/arizer.eu\/es\/produkt\/air-filter-cartridge-w-filter\/#primaryimage\"},\"thumbnailUrl\":\"https:\/\/arizer.eu\/wp-content\/uploads\/sites\/8\/2023\/02\/XQ2-Air-Filter_NEW.jpg\",\"datePublished\":\"2021-09-16T07:57:12+00:00\",\"dateModified\":\"2025-04-04T12:51:17+00:00\",\"description\":\"Buy Arizer 1 x Air Filter Cartridge w.\/ Filter for XQ2 at best price from the Official Arizer Online Store.\",\"breadcrumb\":{\"@id\":\"https:\/\/arizer.eu\/es\/produkt\/air-filter-cartridge-w-filter\/#breadcrumb\"},\"inLanguage\":\"es\",\"potentialAction\":[{\"@type\":\"ReadAction\",\"target\":[\"https:\/\/arizer.eu\/es\/produkt\/air-filter-cartridge-w-filter\/\"]}]},{\"@type\":\"ImageObject\",\"inLanguage\":\"es\",\"@id\":\"https:\/\/arizer.eu\/es\/produkt\/air-filter-cartridge-w-filter\/#primaryimage\",\"url\":\"https:\/\/arizer.eu\/wp-content\/uploads\/sites\/8\/2023\/02\/XQ2-Air-Filter_NEW.jpg\",\"contentUrl\":\"https:\/\/arizer.eu\/wp-content\/uploads\/sites\/8\/2023\/02\/XQ2-Air-Filter_NEW.jpg\",\"width\":1000,\"height\":1000},{\"@type\":\"BreadcrumbList\",\"@id\":\"https:\/\/arizer.eu\/es\/produkt\/air-filter-cartridge-w-filter\/#breadcrumb\",\"itemListElement\":[{\"@type\":\"ListItem\",\"position\":1,\"name\":\"Home\",\"item\":\"https:\/\/arizer.eu\/es\/\"},{\"@type\":\"ListItem\",\"position\":2,\"name\":\"Portafiltro de aire con filtro\"}]},{\"@type\":\"WebSite\",\"@id\":\"https:\/\/arizer.eu\/es\/#website\",\"url\":\"https:\/\/arizer.eu\/es\/\",\"name\":\"Arizer EU\",\"description\":\"Best Portable Electronic Vaporizers | Better By Design\",\"publisher\":{\"@id\":\"https:\/\/arizer.eu\/es\/#organization\"},\"potentialAction\":[{\"@type\":\"SearchAction\",\"target\":{\"@type\":\"EntryPoint\",\"urlTemplate\":\"https:\/\/arizer.eu\/es\/?s={search_term_string}\"},\"query-input\":{\"@type\":\"PropertyValueSpecification\",\"valueRequired\":true,\"valueName\":\"search_term_string\"}}],\"inLanguage\":\"es\"},{\"@type\":\"Organization\",\"@id\":\"https:\/\/arizer.eu\/es\/#organization\",\"name\":\"AR TECH\",\"url\":\"https:\/\/arizer.eu\/es\/\",\"logo\":{\"@type\":\"ImageObject\",\"inLanguage\":\"es\",\"@id\":\"https:\/\/arizer.eu\/es\/#\/schema\/logo\/image\/\",\"url\":\"\",\"contentUrl\":\"\",\"caption\":\"AR TECH\"},\"image\":{\"@id\":\"https:\/\/arizer.eu\/es\/#\/schema\/logo\/image\/\"},\"sameAs\":[\"https:\/\/www.instagram.com\/arizertech\/\",\"https:\/\/www.youtube.com\/channel\/UCg1A_lcPMTaYi5GHJnxvM_A\"]}]}<\/script>\n<meta property=\"product:price:amount\" content=\"8.93\" \/>\n<meta property=\"product:price:currency\" content=\"EUR\" \/>\n<meta property=\"og:availability\" content=\"instock\" \/>\n<meta property=\"product:availability\" content=\"instock\" \/>\n<meta property=\"product:retailer_item_id\" content=\"6569\" \/>\n<meta property=\"product:condition\" content=\"new\" \/>\n<!-- \/ Yoast SEO Premium plugin. -->","yoast_head_json":{"title":"Air Filter Cartridge w.\/ Filter for Arizer XQ2","description":"Buy Arizer 1 x Air Filter Cartridge w.\/ Filter for XQ2 at best price from the Official Arizer Online Store.","robots":{"index":"index","follow":"follow","max-snippet":"max-snippet:-1","max-image-preview":"max-image-preview:large","max-video-preview":"max-video-preview:-1"},"og_locale":"es_ES","og_type":"article","og_title":"Portafiltro de aire con filtro","og_description":"Descripci\u00f3n: Portafiltro extra\u00edble con filtro de tres capas reemplazable para limpiar el aire de part\u00edculas, polvo y residuos.  Contenido: 1 x portafiltro de aire con filtro","og_url":"https:\/\/arizer.eu\/es\/produkt\/air-filter-cartridge-w-filter\/","og_site_name":"Arizer EU","article_modified_time":"2025-04-04T12:51:17+00:00","og_image":[{"width":1000,"height":1000,"url":"https:\/\/arizer.eu\/wp-content\/uploads\/sites\/8\/2023\/02\/XQ2-Air-Filter_NEW.jpg","type":"image\/jpeg"}],"twitter_card":"summary_large_image","twitter_misc":{"Precio":"8.93&euro;","Disponibilidad":"Disponible"},"schema":{"@context":"https:\/\/schema.org","@graph":[{"@type":"WebPage","@id":"https:\/\/arizer.eu\/es\/produkt\/air-filter-cartridge-w-filter\/","url":"https:\/\/arizer.eu\/es\/produkt\/air-filter-cartridge-w-filter\/","name":"Air Filter Cartridge w.\/ Filter for Arizer XQ2","isPartOf":{"@id":"https:\/\/arizer.eu\/es\/#website"},"primaryImageOfPage":{"@id":"https:\/\/arizer.eu\/es\/produkt\/air-filter-cartridge-w-filter\/#primaryimage"},"image":{"@id":"https:\/\/arizer.eu\/es\/produkt\/air-filter-cartridge-w-filter\/#primaryimage"},"thumbnailUrl":"https:\/\/arizer.eu\/wp-content\/uploads\/sites\/8\/2023\/02\/XQ2-Air-Filter_NEW.jpg","datePublished":"2021-09-16T07:57:12+00:00","dateModified":"2025-04-04T12:51:17+00:00","description":"Buy Arizer 1 x Air Filter Cartridge w.\/ Filter for XQ2 at best price from the Official Arizer Online Store.","breadcrumb":{"@id":"https:\/\/arizer.eu\/es\/produkt\/air-filter-cartridge-w-filter\/#breadcrumb"},"inLanguage":"es","potentialAction":[{"@type":"ReadAction","target":["https:\/\/arizer.eu\/es\/produkt\/air-filter-cartridge-w-filter\/"]}]},{"@type":"ImageObject","inLanguage":"es","@id":"https:\/\/arizer.eu\/es\/produkt\/air-filter-cartridge-w-filter\/#primaryimage","url":"https:\/\/arizer.eu\/wp-content\/uploads\/sites\/8\/2023\/02\/XQ2-Air-Filter_NEW.jpg","contentUrl":"https:\/\/arizer.eu\/wp-content\/uploads\/sites\/8\/2023\/02\/XQ2-Air-Filter_NEW.jpg","width":1000,"height":1000},{"@type":"BreadcrumbList","@id":"https:\/\/arizer.eu\/es\/produkt\/air-filter-cartridge-w-filter\/#breadcrumb","itemListElement":[{"@type":"ListItem","position":1,"name":"Home","item":"https:\/\/arizer.eu\/es\/"},{"@type":"ListItem","position":2,"name":"Portafiltro de aire con filtro"}]},{"@type":"WebSite","@id":"https:\/\/arizer.eu\/es\/#website","url":"https:\/\/arizer.eu\/es\/","name":"Arizer EU","description":"Best Portable Electronic Vaporizers | Better By Design","publisher":{"@id":"https:\/\/arizer.eu\/es\/#organization"},"potentialAction":[{"@type":"SearchAction","target":{"@type":"EntryPoint","urlTemplate":"https:\/\/arizer.eu\/es\/?s={search_term_string}"},"query-input":{"@type":"PropertyValueSpecification","valueRequired":true,"valueName":"search_term_string"}}],"inLanguage":"es"},{"@type":"Organization","@id":"https:\/\/arizer.eu\/es\/#organization","name":"AR TECH","url":"https:\/\/arizer.eu\/es\/","logo":{"@type":"ImageObject","inLanguage":"es","@id":"https:\/\/arizer.eu\/es\/#\/schema\/logo\/image\/","url":"","contentUrl":"","caption":"AR TECH"},"image":{"@id":"https:\/\/arizer.eu\/es\/#\/schema\/logo\/image\/"},"sameAs":["https:\/\/www.instagram.com\/arizertech\/","https:\/\/www.youtube.com\/channel\/UCg1A_lcPMTaYi5GHJnxvM_A"]}]},"product_price_amount":"8.93","product_price_currency":"EUR","og_availability":"instock","product_availability":"instock","product_retailer_item_id":"6569","product_condition":"new"},"_links":{"self":[{"href":"https:\/\/arizer.eu\/es\/wp-json\/wp\/v2\/product\/20211039425","targetHints":{"allow":["GET"]}}],"collection":[{"href":"https:\/\/arizer.eu\/es\/wp-json\/wp\/v2\/product"}],"about":[{"href":"https:\/\/arizer.eu\/es\/wp-json\/wp\/v2\/types\/product"}],"replies":[{"embeddable":true,"href":"https:\/\/arizer.eu\/es\/wp-json\/wp\/v2\/comments?post=20211039425"}],"version-history":[{"count":3,"href":"https:\/\/arizer.eu\/es\/wp-json\/wp\/v2\/product\/20211039425\/revisions"}],"predecessor-version":[{"id":20211045619,"href":"https:\/\/arizer.eu\/es\/wp-json\/wp\/v2\/product\/20211039425\/revisions\/20211045619"}],"wp:featuredmedia":[{"embeddable":true,"href":"https:\/\/arizer.eu\/es\/wp-json\/wp\/v2\/media\/20211039426"}],"wp:attachment":[{"href":"https:\/\/arizer.eu\/es\/wp-json\/wp\/v2\/media?parent=20211039425"}],"wp:term":[{"taxonomy":"product_brand","embeddable":true,"href":"https:\/\/arizer.eu\/es\/wp-json\/wp\/v2\/product_brand?post=20211039425"},{"taxonomy":"product_cat","embeddable":true,"href":"https:\/\/arizer.eu\/es\/wp-json\/wp\/v2\/product_cat?post=20211039425"},{"taxonomy":"product_tag","embeddable":true,"href":"https:\/\/arizer.eu\/es\/wp-json\/wp\/v2\/product_tag?post=20211039425"}],"curies":[{"name":"wp","href":"https:\/\/api.w.org\/{rel}","templated":true}]}}