{"id":20211043422,"date":"2025-01-28T11:57:33","date_gmt":"2025-01-28T11:57:33","guid":{"rendered":"https:\/\/arizer.eu\/portable-dry-herb-vaporizers\/"},"modified":"2026-01-13T10:33:30","modified_gmt":"2026-01-13T10:33:30","slug":"portable-dry-herb-vaporizers","status":"publish","type":"page","link":"https:\/\/arizer.eu\/es\/portable-dry-herb-vaporizers\/","title":{"rendered":"Portable Dry Herb Vaporizers"},"content":{"rendered":"\t\t<div data-elementor-type=\"wp-page\" data-elementor-id=\"20211043422\" class=\"elementor elementor-20211043422 elementor-20211042871\" data-elementor-post-type=\"page\">\n\t\t\t\t<div class=\"elementor-element elementor-element-1c91f77f e-flex e-con-boxed e-con e-parent\" data-id=\"1c91f77f\" data-element_type=\"container\" data-e-type=\"container\">\n\t\t\t\t\t<div class=\"e-con-inner\">\n\t\t<div class=\"elementor-element elementor-element-44e38eea e-con-full e-flex e-con e-child\" data-id=\"44e38eea\" data-element_type=\"container\" data-e-type=\"container\">\n\t\t\t\t<div class=\"elementor-element elementor-element-b635a8f elementor-widget elementor-widget-heading\" data-id=\"b635a8f\" data-element_type=\"widget\" data-e-type=\"widget\" data-widget_type=\"heading.default\">\n\t\t\t\t<div class=\"elementor-widget-container\">\n\t\t\t\t\t<h1 class=\"elementor-heading-title elementor-size-default\">Vaporizadores Port\u00e1tiles de Hierbas Secas<\/h1>\t\t\t\t<\/div>\n\t\t\t\t<\/div>\n\t\t\t\t<div class=\"elementor-element elementor-element-12c04b40 elementor-widget elementor-widget-text-editor\" data-id=\"12c04b40\" data-element_type=\"widget\" data-e-type=\"widget\" data-widget_type=\"text-editor.default\">\n\t\t\t\t<div class=\"elementor-widget-container\">\n\t\t\t\t\t\t\t\t\t<p>Un verdadero pionero en vaporizadores port\u00e1tiles de hierbas secas, el lanzamiento del Arizer Solo en 2011 cambi\u00f3 la cara de la vaporizaci\u00f3n en todo el mundo, encendiendo esta floreciente categor\u00eda de productos que ahora cuenta con cientos de opciones. Ahora, nuestras Series Solo, Air y ArGo ofrecen una amplia gama de caracter\u00edsticas y precios para satisfacer tus necesidades y tu presupuesto. A menudo imitados pero nunca duplicados, los vaporizadores port\u00e1tiles de hierbas secas Arizer ofrecen un rendimiento y comodidad sin igual a un precio asequible.<\/p>\t\t\t\t\t\t\t\t<\/div>\n\t\t\t\t<\/div>\n\t\t\t\t<div class=\"elementor-element elementor-element-700ce634 elementor-align-center elementor-widget elementor-widget-button\" data-id=\"700ce634\" data-element_type=\"widget\" data-e-type=\"widget\" data-widget_type=\"button.default\">\n\t\t\t\t<div class=\"elementor-widget-container\">\n\t\t\t\t\t\t\t\t\t<div class=\"elementor-button-wrapper\">\n\t\t\t\t\t<a class=\"elementor-button elementor-button-link elementor-size-sm\" href=\"\/product-compare\/\">\n\t\t\t\t\t\t<span class=\"elementor-button-content-wrapper\">\n\t\t\t\t\t\t\t\t\t<span class=\"elementor-button-text\">COMPARA LOS VAPORIZADORES ARIZER<\/span>\n\t\t\t\t\t<\/span>\n\t\t\t\t\t<\/a>\n\t\t\t\t<\/div>\n\t\t\t\t\t\t\t\t<\/div>\n\t\t\t\t<\/div>\n\t\t\t\t<\/div>\n\t\t\t\t\t<\/div>\n\t\t\t\t<\/div>\n\t\t<div class=\"elementor-element elementor-element-42033960 equal_series_product_box e-flex e-con-boxed e-con e-parent\" data-id=\"42033960\" data-element_type=\"container\" data-e-type=\"container\">\n\t\t\t\t\t<div class=\"e-con-inner\">\n\t\t<div class=\"elementor-element elementor-element-4d572c78 e-con-full e-flex e-con e-child\" data-id=\"4d572c78\" data-element_type=\"container\" data-e-type=\"container\">\n\t\t<div class=\"elementor-element elementor-element-4fdf1366 e-con-full e-flex e-con e-child\" data-id=\"4fdf1366\" data-element_type=\"container\" data-e-type=\"container\">\n\t\t<div class=\"elementor-element elementor-element-6db7c9c1 e-con-full desktop_series_top_box series_top_image_box e-flex e-con e-child\" data-id=\"6db7c9c1\" data-element_type=\"container\" data-e-type=\"container\">\n\t\t\t\t<div class=\"elementor-element elementor-element-3ad80f9 desktop_series_img elementor-widget elementor-widget-image\" data-id=\"3ad80f9\" data-element_type=\"widget\" data-e-type=\"widget\" data-widget_type=\"image.default\">\n\t\t\t\t<div class=\"elementor-widget-container\">\n\t\t\t\t\t\t\t\t\t\t\t\t\t\t\t<img fetchpriority=\"high\" decoding=\"async\" width=\"446\" height=\"1024\" src=\"https:\/\/arizer.eu\/wp-content\/uploads\/sites\/8\/2025\/01\/solo-series-446x1024.png\" class=\"attachment-large size-large wp-image-20211042878 wp-post-image\" alt=\"\" srcset=\"https:\/\/arizer.eu\/wp-content\/uploads\/sites\/8\/2025\/01\/solo-series-446x1024.png 446w, https:\/\/arizer.eu\/wp-content\/uploads\/sites\/8\/2025\/01\/solo-series-131x300.png 131w, https:\/\/arizer.eu\/wp-content\/uploads\/sites\/8\/2025\/01\/solo-series-10x24.png 10w, https:\/\/arizer.eu\/wp-content\/uploads\/sites\/8\/2025\/01\/solo-series-16x36.png 16w, https:\/\/arizer.eu\/wp-content\/uploads\/sites\/8\/2025\/01\/solo-series-21x48.png 21w, https:\/\/arizer.eu\/wp-content\/uploads\/sites\/8\/2025\/01\/solo-series.png 512w\" sizes=\"(max-width: 34.9rem) calc(100vw - 2rem), (max-width: 53rem) calc(8 * (100vw \/ 12)), (min-width: 53rem) calc(6 * (100vw \/ 12)), 100vw\" title=\"\" \/>\t\t\t\t\t\t\t\t\t\t\t\t\t\t\t<\/div>\n\t\t\t\t<\/div>\n\t\t\t\t<\/div>\n\t\t<div class=\"elementor-element elementor-element-7fb21a48 e-con-full equal_series_content_main_box e-flex e-con e-child\" data-id=\"7fb21a48\" data-element_type=\"container\" data-e-type=\"container\">\n\t\t<div class=\"elementor-element elementor-element-57a327e8 e-con-full equal_series_content_box e-flex e-con e-child\" data-id=\"57a327e8\" data-element_type=\"container\" data-e-type=\"container\">\n\t\t\t\t<div class=\"elementor-element elementor-element-282a043c elementor-widget elementor-widget-heading\" data-id=\"282a043c\" data-element_type=\"widget\" data-e-type=\"widget\" data-widget_type=\"heading.default\">\n\t\t\t\t<div class=\"elementor-widget-container\">\n\t\t\t\t\t<h2 class=\"elementor-heading-title elementor-size-default\">Serie Solo<\/h2>\t\t\t\t<\/div>\n\t\t\t\t<\/div>\n\t\t\t\t<div class=\"elementor-element elementor-element-43207f8 elementor-widget elementor-widget-text-editor\" data-id=\"43207f8\" data-element_type=\"widget\" data-e-type=\"widget\" data-widget_type=\"text-editor.default\">\n\t\t\t\t<div class=\"elementor-widget-container\">\n\t\t\t\t\t\t\t\t\t<p>Alta Potencia | Alto Rendimiento. La serie Solo de Arizer incluye nuestros vaporizadores port\u00e1tiles de hierbas secas m\u00e1s potentes, con un r\u00e1pido calentamiento, una impresionante larga duraci\u00f3n de la bater\u00eda y una eficaz producci\u00f3n de vapor.<\/p>\t\t\t\t\t\t\t\t<\/div>\n\t\t\t\t<\/div>\n\t\t\t\t<\/div>\n\t\t<div class=\"elementor-element elementor-element-645a516f e-con-full e-flex e-con e-child\" data-id=\"645a516f\" data-element_type=\"container\" data-e-type=\"container\">\n\t\t\t\t<div class=\"elementor-element elementor-element-76be07a6 elementor-widget elementor-widget-button\" data-id=\"76be07a6\" data-element_type=\"widget\" data-e-type=\"widget\" data-widget_type=\"button.default\">\n\t\t\t\t<div class=\"elementor-widget-container\">\n\t\t\t\t\t\t\t\t\t<div class=\"elementor-button-wrapper\">\n\t\t\t\t\t<a class=\"elementor-button elementor-button-link elementor-size-sm\" href=\"\/es\/solo-series\/\">\n\t\t\t\t\t\t<span class=\"elementor-button-content-wrapper\">\n\t\t\t\t\t\t<span class=\"elementor-button-icon\">\n\t\t\t\t<i aria-hidden=\"true\" class=\"fas fa-angle-right\"><\/i>\t\t\t<\/span>\n\t\t\t\t\t\t\t\t\t<span class=\"elementor-button-text\">SABER M\u00c1S<\/span>\n\t\t\t\t\t<\/span>\n\t\t\t\t\t<\/a>\n\t\t\t\t<\/div>\n\t\t\t\t\t\t\t\t<\/div>\n\t\t\t\t<\/div>\n\t\t\t\t<\/div>\n\t\t\t\t<\/div>\n\t\t\t\t<\/div>\n\t\t\t\t<\/div>\n\t\t<div class=\"elementor-element elementor-element-333d9095 e-con-full e-flex e-con e-child\" data-id=\"333d9095\" data-element_type=\"container\" data-e-type=\"container\">\n\t\t<div class=\"elementor-element elementor-element-577659f5 e-con-full e-flex e-con e-child\" data-id=\"577659f5\" data-element_type=\"container\" data-e-type=\"container\">\n\t\t<div class=\"elementor-element elementor-element-7b726d2f e-con-full desktop_series_top_box series_top_image_box e-flex e-con e-child\" data-id=\"7b726d2f\" data-element_type=\"container\" data-e-type=\"container\">\n\t\t\t\t<div class=\"elementor-element elementor-element-48a1461f desktop_series_img elementor-widget elementor-widget-image\" data-id=\"48a1461f\" data-element_type=\"widget\" data-e-type=\"widget\" data-widget_type=\"image.default\">\n\t\t\t\t<div class=\"elementor-widget-container\">\n\t\t\t\t\t\t\t\t\t\t\t\t\t\t\t<img decoding=\"async\" width=\"446\" height=\"1024\" src=\"https:\/\/arizer.eu\/wp-content\/uploads\/sites\/8\/2025\/01\/air-series-446x1024.png\" class=\"attachment-large size-large wp-image-20211042883 wp-post-image\" alt=\"\" srcset=\"https:\/\/arizer.eu\/wp-content\/uploads\/sites\/8\/2025\/01\/air-series-446x1024.png 446w, https:\/\/arizer.eu\/wp-content\/uploads\/sites\/8\/2025\/01\/air-series-131x300.png 131w, https:\/\/arizer.eu\/wp-content\/uploads\/sites\/8\/2025\/01\/air-series-10x24.png 10w, https:\/\/arizer.eu\/wp-content\/uploads\/sites\/8\/2025\/01\/air-series-16x36.png 16w, https:\/\/arizer.eu\/wp-content\/uploads\/sites\/8\/2025\/01\/air-series-21x48.png 21w, https:\/\/arizer.eu\/wp-content\/uploads\/sites\/8\/2025\/01\/air-series.png 512w\" sizes=\"(max-width: 34.9rem) calc(100vw - 2rem), (max-width: 53rem) calc(8 * (100vw \/ 12)), (min-width: 53rem) calc(6 * (100vw \/ 12)), 100vw\" title=\"\" \/>\t\t\t\t\t\t\t\t\t\t\t\t\t\t\t<\/div>\n\t\t\t\t<\/div>\n\t\t\t\t<\/div>\n\t\t<div class=\"elementor-element elementor-element-5b351295 e-con-full equal_series_content_main_box e-flex e-con e-child\" data-id=\"5b351295\" data-element_type=\"container\" data-e-type=\"container\">\n\t\t<div class=\"elementor-element elementor-element-1d2d3372 e-con-full equal_series_content_box e-flex e-con e-child\" data-id=\"1d2d3372\" data-element_type=\"container\" data-e-type=\"container\">\n\t\t\t\t<div class=\"elementor-element elementor-element-4a50a141 elementor-widget elementor-widget-heading\" data-id=\"4a50a141\" data-element_type=\"widget\" data-e-type=\"widget\" data-widget_type=\"heading.default\">\n\t\t\t\t<div class=\"elementor-widget-container\">\n\t\t\t\t\t<h2 class=\"elementor-heading-title elementor-size-default\">Serie Air<\/h2>\t\t\t\t<\/div>\n\t\t\t\t<\/div>\n\t\t\t\t<div class=\"elementor-element elementor-element-73b98b1e elementor-widget elementor-widget-text-editor\" data-id=\"73b98b1e\" data-element_type=\"widget\" data-e-type=\"widget\" data-widget_type=\"text-editor.default\">\n\t\t\t\t<div class=\"elementor-widget-container\">\n\t\t\t\t\t\t\t\t\t<p>Tama\u00f1o peque\u00f1o, gran rendimiento. Vaporizadores port\u00e1tiles de hierbas secas estilo Session. Dise\u00f1os limpios y estilizados. Bater\u00edas recargables e intercambiables.<\/p>\t\t\t\t\t\t\t\t<\/div>\n\t\t\t\t<\/div>\n\t\t\t\t<\/div>\n\t\t<div class=\"elementor-element elementor-element-212ae4 e-con-full e-flex e-con e-child\" data-id=\"212ae4\" data-element_type=\"container\" data-e-type=\"container\">\n\t\t\t\t<div class=\"elementor-element elementor-element-7a6f1a25 elementor-widget elementor-widget-button\" data-id=\"7a6f1a25\" data-element_type=\"widget\" data-e-type=\"widget\" data-widget_type=\"button.default\">\n\t\t\t\t<div class=\"elementor-widget-container\">\n\t\t\t\t\t\t\t\t\t<div class=\"elementor-button-wrapper\">\n\t\t\t\t\t<a class=\"elementor-button elementor-button-link elementor-size-sm\" href=\"\/es\/air-series\/\">\n\t\t\t\t\t\t<span class=\"elementor-button-content-wrapper\">\n\t\t\t\t\t\t<span class=\"elementor-button-icon\">\n\t\t\t\t<i aria-hidden=\"true\" class=\"fas fa-angle-right\"><\/i>\t\t\t<\/span>\n\t\t\t\t\t\t\t\t\t<span class=\"elementor-button-text\">SABER M\u00c1S<\/span>\n\t\t\t\t\t<\/span>\n\t\t\t\t\t<\/a>\n\t\t\t\t<\/div>\n\t\t\t\t\t\t\t\t<\/div>\n\t\t\t\t<\/div>\n\t\t\t\t<\/div>\n\t\t\t\t<\/div>\n\t\t\t\t<\/div>\n\t\t\t\t<\/div>\n\t\t<div class=\"elementor-element elementor-element-76c423be e-con-full e-flex e-con e-child\" data-id=\"76c423be\" data-element_type=\"container\" data-e-type=\"container\">\n\t\t<div class=\"elementor-element elementor-element-4bb87035 e-con-full e-flex e-con e-child\" data-id=\"4bb87035\" data-element_type=\"container\" data-e-type=\"container\">\n\t\t<div class=\"elementor-element elementor-element-799d82a9 e-con-full desktop_series_top_box series_top_image_box e-flex e-con e-child\" data-id=\"799d82a9\" data-element_type=\"container\" data-e-type=\"container\">\n\t\t\t\t<div class=\"elementor-element elementor-element-72da3927 elementor-widget elementor-widget-image\" data-id=\"72da3927\" data-element_type=\"widget\" data-e-type=\"widget\" data-widget_type=\"image.default\">\n\t\t\t\t<div class=\"elementor-widget-container\">\n\t\t\t\t\t\t\t\t\t\t\t\t\t\t\t<img decoding=\"async\" width=\"512\" height=\"1176\" src=\"https:\/\/arizer.eu\/wp-content\/uploads\/sites\/8\/2025\/01\/argo-series.png\" class=\"attachment-full size-full wp-image-20211042888 wp-post-image\" alt=\"\" srcset=\"https:\/\/arizer.eu\/wp-content\/uploads\/sites\/8\/2025\/01\/argo-series.png 512w, https:\/\/arizer.eu\/wp-content\/uploads\/sites\/8\/2025\/01\/argo-series-131x300.png 131w, https:\/\/arizer.eu\/wp-content\/uploads\/sites\/8\/2025\/01\/argo-series-446x1024.png 446w, https:\/\/arizer.eu\/wp-content\/uploads\/sites\/8\/2025\/01\/argo-series-10x24.png 10w, https:\/\/arizer.eu\/wp-content\/uploads\/sites\/8\/2025\/01\/argo-series-16x36.png 16w, https:\/\/arizer.eu\/wp-content\/uploads\/sites\/8\/2025\/01\/argo-series-21x48.png 21w\" sizes=\"(max-width: 34.9rem) calc(100vw - 2rem), (max-width: 53rem) calc(8 * (100vw \/ 12)), (min-width: 53rem) calc(6 * (100vw \/ 12)), 100vw\" title=\"\" \/>\t\t\t\t\t\t\t\t\t\t\t\t\t\t\t<\/div>\n\t\t\t\t<\/div>\n\t\t\t\t<\/div>\n\t\t<div class=\"elementor-element elementor-element-7931c79f e-con-full equal_series_content_main_box e-flex e-con e-child\" data-id=\"7931c79f\" data-element_type=\"container\" data-e-type=\"container\">\n\t\t<div class=\"elementor-element elementor-element-19461002 e-con-full equal_series_content_box e-flex e-con e-child\" data-id=\"19461002\" data-element_type=\"container\" data-e-type=\"container\">\n\t\t\t\t<div class=\"elementor-element elementor-element-71aa564a elementor-widget elementor-widget-heading\" data-id=\"71aa564a\" data-element_type=\"widget\" data-e-type=\"widget\" data-widget_type=\"heading.default\">\n\t\t\t\t<div class=\"elementor-widget-container\">\n\t\t\t\t\t<h2 class=\"elementor-heading-title elementor-size-default\">Serie Arizer Go<\/h2>\t\t\t\t<\/div>\n\t\t\t\t<\/div>\n\t\t\t\t<div class=\"elementor-element elementor-element-4a3a0937 desktop_series_short_desc elementor-widget elementor-widget-text-editor\" data-id=\"4a3a0937\" data-element_type=\"widget\" data-e-type=\"widget\" data-widget_type=\"text-editor.default\">\n\t\t\t\t<div class=\"elementor-widget-container\">\n\t\t\t\t\t\t\t\t\tArizer Go para la m\u00e1xima portabilidad. Vaporizador port\u00e1til de hierbas secas estilo Session, peque\u00f1o, con tama\u00f1o de la palma de la mano y apto para el bolsillo. Dise\u00f1os discretos y duraderos. Bater\u00edas recargables e intercambiables.\t\t\t\t\t\t\t\t<\/div>\n\t\t\t\t<\/div>\n\t\t\t\t<\/div>\n\t\t<div class=\"elementor-element elementor-element-1fd11656 e-con-full e-flex e-con e-child\" data-id=\"1fd11656\" data-element_type=\"container\" data-e-type=\"container\">\n\t\t\t\t<div class=\"elementor-element elementor-element-fa73f50 elementor-widget elementor-widget-button\" data-id=\"fa73f50\" data-element_type=\"widget\" data-e-type=\"widget\" data-widget_type=\"button.default\">\n\t\t\t\t<div class=\"elementor-widget-container\">\n\t\t\t\t\t\t\t\t\t<div class=\"elementor-button-wrapper\">\n\t\t\t\t\t<a class=\"elementor-button elementor-button-link elementor-size-sm\" href=\"\/es\/argo-series\/\">\n\t\t\t\t\t\t<span class=\"elementor-button-content-wrapper\">\n\t\t\t\t\t\t<span class=\"elementor-button-icon\">\n\t\t\t\t<i aria-hidden=\"true\" class=\"fas fa-angle-right\"><\/i>\t\t\t<\/span>\n\t\t\t\t\t\t\t\t\t<span class=\"elementor-button-text\">SABER M\u00c1S<\/span>\n\t\t\t\t\t<\/span>\n\t\t\t\t\t<\/a>\n\t\t\t\t<\/div>\n\t\t\t\t\t\t\t\t<\/div>\n\t\t\t\t<\/div>\n\t\t\t\t<\/div>\n\t\t\t\t<\/div>\n\t\t\t\t<\/div>\n\t\t\t\t<\/div>\n\t\t\t\t\t<\/div>\n\t\t\t\t<\/div>\n\t\t\t\t<\/div>\n\t\t","protected":false},"excerpt":{"rendered":"<p>Vaporizadores Port\u00e1tiles de Hierbas Secas Un verdadero pionero en vaporizadores port\u00e1tiles de hierbas secas, el lanzamiento del Arizer Solo en 2011 cambi\u00f3 la cara de la vaporizaci\u00f3n en todo el mundo, encendiendo esta floreciente categor\u00eda de productos que ahora cuenta con cientos de opciones. Ahora, nuestras Series Solo, Air y ArGo ofrecen una amplia gama [&hellip;]<\/p>\n","protected":false},"author":1,"featured_media":0,"parent":0,"menu_order":0,"comment_status":"closed","ping_status":"closed","template":"","meta":{"_acf_changed":false,"footnotes":""},"class_list":["post-20211043422","page","type-page","status-publish","hentry","entry"],"acf":[],"yoast_head":"<!-- This site is optimized with the Yoast SEO Premium plugin v27.1 (Yoast SEO v27.1.1) - https:\/\/yoast.com\/product\/yoast-seo-premium-wordpress\/ -->\n<title>Portable Dry Herb Vaporizers - Arizer EU<\/title>\n<meta name=\"robots\" content=\"index, follow, max-snippet:-1, max-image-preview:large, max-video-preview:-1\" \/>\n<meta property=\"og:locale\" content=\"es_ES\" \/>\n<meta property=\"og:type\" content=\"article\" \/>\n<meta property=\"og:title\" content=\"Portable Dry Herb Vaporizers\" \/>\n<meta property=\"og:description\" content=\"Vaporizadores Port\u00e1tiles de Hierbas Secas Un verdadero pionero en vaporizadores port\u00e1tiles de hierbas secas, el lanzamiento del Arizer Solo en 2011 cambi\u00f3\" \/>\n<meta property=\"og:url\" content=\"https:\/\/arizer.eu\/es\/portable-dry-herb-vaporizers\/\" \/>\n<meta property=\"og:site_name\" content=\"Arizer EU\" \/>\n<meta property=\"article:modified_time\" content=\"2026-01-13T10:33:30+00:00\" \/>\n<meta property=\"og:image\" content=\"https:\/\/arizer.eu\/wp-content\/uploads\/sites\/8\/2025\/01\/solo-series.png\" \/>\n\t<meta property=\"og:image:width\" content=\"512\" \/>\n\t<meta property=\"og:image:height\" content=\"1176\" \/>\n\t<meta property=\"og:image:type\" content=\"image\/png\" \/>\n<meta name=\"twitter:card\" content=\"summary_large_image\" \/>\n<meta name=\"twitter:label1\" content=\"Tiempo de lectura\" \/>\n\t<meta name=\"twitter:data1\" content=\"2 minutos\" \/>\n<script type=\"application\/ld+json\" class=\"yoast-schema-graph\">{\"@context\":\"https:\/\/schema.org\",\"@graph\":[{\"@type\":\"WebPage\",\"@id\":\"https:\/\/arizer.eu\/es\/portable-dry-herb-vaporizers\/\",\"url\":\"https:\/\/arizer.eu\/es\/portable-dry-herb-vaporizers\/\",\"name\":\"Portable Dry Herb Vaporizers - Arizer EU\",\"isPartOf\":{\"@id\":\"https:\/\/arizer.eu\/es\/#website\"},\"primaryImageOfPage\":{\"@id\":\"https:\/\/arizer.eu\/es\/portable-dry-herb-vaporizers\/#primaryimage\"},\"image\":{\"@id\":\"https:\/\/arizer.eu\/es\/portable-dry-herb-vaporizers\/#primaryimage\"},\"thumbnailUrl\":\"https:\/\/arizer.eu\/wp-content\/uploads\/sites\/8\/2025\/01\/solo-series-446x1024.png\",\"datePublished\":\"2025-01-28T11:57:33+00:00\",\"dateModified\":\"2026-01-13T10:33:30+00:00\",\"breadcrumb\":{\"@id\":\"https:\/\/arizer.eu\/es\/portable-dry-herb-vaporizers\/#breadcrumb\"},\"inLanguage\":\"es\",\"potentialAction\":[{\"@type\":\"ReadAction\",\"target\":[\"https:\/\/arizer.eu\/es\/portable-dry-herb-vaporizers\/\"]}]},{\"@type\":\"ImageObject\",\"inLanguage\":\"es\",\"@id\":\"https:\/\/arizer.eu\/es\/portable-dry-herb-vaporizers\/#primaryimage\",\"url\":\"https:\/\/arizer.eu\/wp-content\/uploads\/sites\/8\/2025\/01\/solo-series-446x1024.png\",\"contentUrl\":\"https:\/\/arizer.eu\/wp-content\/uploads\/sites\/8\/2025\/01\/solo-series-446x1024.png\"},{\"@type\":\"BreadcrumbList\",\"@id\":\"https:\/\/arizer.eu\/es\/portable-dry-herb-vaporizers\/#breadcrumb\",\"itemListElement\":[{\"@type\":\"ListItem\",\"position\":1,\"name\":\"Home\",\"item\":\"https:\/\/arizer.eu\/es\/\"},{\"@type\":\"ListItem\",\"position\":2,\"name\":\"Portable Dry Herb Vaporizers\"}]},{\"@type\":\"WebSite\",\"@id\":\"https:\/\/arizer.eu\/es\/#website\",\"url\":\"https:\/\/arizer.eu\/es\/\",\"name\":\"Arizer EU\",\"description\":\"Best Portable Electronic Vaporizers | Better By Design\",\"publisher\":{\"@id\":\"https:\/\/arizer.eu\/es\/#organization\"},\"potentialAction\":[{\"@type\":\"SearchAction\",\"target\":{\"@type\":\"EntryPoint\",\"urlTemplate\":\"https:\/\/arizer.eu\/es\/?s={search_term_string}\"},\"query-input\":{\"@type\":\"PropertyValueSpecification\",\"valueRequired\":true,\"valueName\":\"search_term_string\"}}],\"inLanguage\":\"es\"},{\"@type\":\"Organization\",\"@id\":\"https:\/\/arizer.eu\/es\/#organization\",\"name\":\"AR TECH\",\"url\":\"https:\/\/arizer.eu\/es\/\",\"logo\":{\"@type\":\"ImageObject\",\"inLanguage\":\"es\",\"@id\":\"https:\/\/arizer.eu\/es\/#\/schema\/logo\/image\/\",\"url\":\"\",\"contentUrl\":\"\",\"caption\":\"AR TECH\"},\"image\":{\"@id\":\"https:\/\/arizer.eu\/es\/#\/schema\/logo\/image\/\"},\"sameAs\":[\"https:\/\/www.instagram.com\/arizertech\/\",\"https:\/\/www.youtube.com\/channel\/UCg1A_lcPMTaYi5GHJnxvM_A\"]}]}<\/script>\n<!-- \/ Yoast SEO Premium plugin. -->","yoast_head_json":{"title":"Portable Dry Herb Vaporizers - Arizer EU","robots":{"index":"index","follow":"follow","max-snippet":"max-snippet:-1","max-image-preview":"max-image-preview:large","max-video-preview":"max-video-preview:-1"},"og_locale":"es_ES","og_type":"article","og_title":"Portable Dry Herb Vaporizers","og_description":"Vaporizadores Port\u00e1tiles de Hierbas Secas Un verdadero pionero en vaporizadores port\u00e1tiles de hierbas secas, el lanzamiento del Arizer Solo en 2011 cambi\u00f3","og_url":"https:\/\/arizer.eu\/es\/portable-dry-herb-vaporizers\/","og_site_name":"Arizer EU","article_modified_time":"2026-01-13T10:33:30+00:00","og_image":[{"width":512,"height":1176,"url":"https:\/\/arizer.eu\/wp-content\/uploads\/sites\/8\/2025\/01\/solo-series.png","type":"image\/png"}],"twitter_card":"summary_large_image","twitter_misc":{"Tiempo de lectura":"2 minutos"},"schema":{"@context":"https:\/\/schema.org","@graph":[{"@type":"WebPage","@id":"https:\/\/arizer.eu\/es\/portable-dry-herb-vaporizers\/","url":"https:\/\/arizer.eu\/es\/portable-dry-herb-vaporizers\/","name":"Portable Dry Herb Vaporizers - Arizer EU","isPartOf":{"@id":"https:\/\/arizer.eu\/es\/#website"},"primaryImageOfPage":{"@id":"https:\/\/arizer.eu\/es\/portable-dry-herb-vaporizers\/#primaryimage"},"image":{"@id":"https:\/\/arizer.eu\/es\/portable-dry-herb-vaporizers\/#primaryimage"},"thumbnailUrl":"https:\/\/arizer.eu\/wp-content\/uploads\/sites\/8\/2025\/01\/solo-series-446x1024.png","datePublished":"2025-01-28T11:57:33+00:00","dateModified":"2026-01-13T10:33:30+00:00","breadcrumb":{"@id":"https:\/\/arizer.eu\/es\/portable-dry-herb-vaporizers\/#breadcrumb"},"inLanguage":"es","potentialAction":[{"@type":"ReadAction","target":["https:\/\/arizer.eu\/es\/portable-dry-herb-vaporizers\/"]}]},{"@type":"ImageObject","inLanguage":"es","@id":"https:\/\/arizer.eu\/es\/portable-dry-herb-vaporizers\/#primaryimage","url":"https:\/\/arizer.eu\/wp-content\/uploads\/sites\/8\/2025\/01\/solo-series-446x1024.png","contentUrl":"https:\/\/arizer.eu\/wp-content\/uploads\/sites\/8\/2025\/01\/solo-series-446x1024.png"},{"@type":"BreadcrumbList","@id":"https:\/\/arizer.eu\/es\/portable-dry-herb-vaporizers\/#breadcrumb","itemListElement":[{"@type":"ListItem","position":1,"name":"Home","item":"https:\/\/arizer.eu\/es\/"},{"@type":"ListItem","position":2,"name":"Portable Dry Herb Vaporizers"}]},{"@type":"WebSite","@id":"https:\/\/arizer.eu\/es\/#website","url":"https:\/\/arizer.eu\/es\/","name":"Arizer EU","description":"Best Portable Electronic Vaporizers | Better By Design","publisher":{"@id":"https:\/\/arizer.eu\/es\/#organization"},"potentialAction":[{"@type":"SearchAction","target":{"@type":"EntryPoint","urlTemplate":"https:\/\/arizer.eu\/es\/?s={search_term_string}"},"query-input":{"@type":"PropertyValueSpecification","valueRequired":true,"valueName":"search_term_string"}}],"inLanguage":"es"},{"@type":"Organization","@id":"https:\/\/arizer.eu\/es\/#organization","name":"AR TECH","url":"https:\/\/arizer.eu\/es\/","logo":{"@type":"ImageObject","inLanguage":"es","@id":"https:\/\/arizer.eu\/es\/#\/schema\/logo\/image\/","url":"","contentUrl":"","caption":"AR TECH"},"image":{"@id":"https:\/\/arizer.eu\/es\/#\/schema\/logo\/image\/"},"sameAs":["https:\/\/www.instagram.com\/arizertech\/","https:\/\/www.youtube.com\/channel\/UCg1A_lcPMTaYi5GHJnxvM_A"]}]}},"_links":{"self":[{"href":"https:\/\/arizer.eu\/es\/wp-json\/wp\/v2\/pages\/20211043422","targetHints":{"allow":["GET"]}}],"collection":[{"href":"https:\/\/arizer.eu\/es\/wp-json\/wp\/v2\/pages"}],"about":[{"href":"https:\/\/arizer.eu\/es\/wp-json\/wp\/v2\/types\/page"}],"author":[{"embeddable":true,"href":"https:\/\/arizer.eu\/es\/wp-json\/wp\/v2\/users\/1"}],"replies":[{"embeddable":true,"href":"https:\/\/arizer.eu\/es\/wp-json\/wp\/v2\/comments?post=20211043422"}],"version-history":[{"count":43,"href":"https:\/\/arizer.eu\/es\/wp-json\/wp\/v2\/pages\/20211043422\/revisions"}],"predecessor-version":[{"id":20220680339,"href":"https:\/\/arizer.eu\/es\/wp-json\/wp\/v2\/pages\/20211043422\/revisions\/20220680339"}],"wp:attachment":[{"href":"https:\/\/arizer.eu\/es\/wp-json\/wp\/v2\/media?parent=20211043422"}],"curies":[{"name":"wp","href":"https:\/\/api.w.org\/{rel}","templated":true}]}}