{"id":20211043392,"date":"2025-01-28T11:04:00","date_gmt":"2025-01-28T11:04:00","guid":{"rendered":"https:\/\/arizer.eu\/home\/about\/why-dry-herb-vaporizers\/"},"modified":"2025-05-29T07:05:26","modified_gmt":"2025-05-29T07:05:26","slug":"why-dry-herb-vaporizers","status":"publish","type":"page","link":"https:\/\/arizer.eu\/es\/home\/about\/why-dry-herb-vaporizers\/","title":{"rendered":"\u00bfPensando en un vaporizador de hierba seca?"},"content":{"rendered":"\t\t<div data-elementor-type=\"wp-page\" data-elementor-id=\"20211043392\" class=\"elementor elementor-20211043392 elementor-20211042632\" data-elementor-post-type=\"page\">\n\t\t\t\t<div class=\"elementor-element elementor-element-a235986 e-con-full e-flex e-con e-parent\" data-id=\"a235986\" data-element_type=\"container\" data-e-type=\"container\">\n\t\t\t\t<div class=\"elementor-element elementor-element-231aa95a elementor-hidden-mobile elementor-widget elementor-widget-theme-post-featured-image elementor-widget-image\" data-id=\"231aa95a\" data-element_type=\"widget\" data-e-type=\"widget\" data-widget_type=\"theme-post-featured-image.default\">\n\t\t\t\t<div class=\"elementor-widget-container\">\n\t\t\t\t\t\t\t\t\t\t\t\t\t\t\t<img decoding=\"async\" src=\"https:\/\/arizer.net\/wp-content\/uploads\/sites\/5\/2025\/01\/DESKTOP-1-1.jpg\" title=\"\" alt=\"\" loading=\"lazy\" \/>\t\t\t\t\t\t\t\t\t\t\t\t\t\t\t<\/div>\n\t\t\t\t<\/div>\n\t\t\t\t<div class=\"elementor-element elementor-element-7edaafa elementor-hidden-desktop elementor-hidden-tablet elementor-widget elementor-widget-image\" data-id=\"7edaafa\" data-element_type=\"widget\" data-e-type=\"widget\" data-widget_type=\"image.default\">\n\t\t\t\t<div class=\"elementor-widget-container\">\n\t\t\t\t\t\t\t\t\t\t\t\t\t\t\t<img fetchpriority=\"high\" decoding=\"async\" width=\"430\" height=\"484\" src=\"https:\/\/arizer.eu\/wp-content\/uploads\/sites\/8\/2025\/01\/MOBILE.jpg\" class=\"attachment-full size-full wp-image-20211042644 wp-post-image\" alt=\"\" srcset=\"https:\/\/arizer.eu\/wp-content\/uploads\/sites\/8\/2025\/01\/MOBILE.jpg 430w, https:\/\/arizer.eu\/wp-content\/uploads\/sites\/8\/2025\/01\/MOBILE-267x300.jpg 267w, https:\/\/arizer.eu\/wp-content\/uploads\/sites\/8\/2025\/01\/MOBILE-21x24.jpg 21w, https:\/\/arizer.eu\/wp-content\/uploads\/sites\/8\/2025\/01\/MOBILE-32x36.jpg 32w, https:\/\/arizer.eu\/wp-content\/uploads\/sites\/8\/2025\/01\/MOBILE-43x48.jpg 43w\" sizes=\"(max-width: 34.9rem) calc(100vw - 2rem), (max-width: 53rem) calc(8 * (100vw \/ 12)), (min-width: 53rem) calc(6 * (100vw \/ 12)), 100vw\" title=\"\" \/>\t\t\t\t\t\t\t\t\t\t\t\t\t\t\t<\/div>\n\t\t\t\t<\/div>\n\t\t<div class=\"elementor-element elementor-element-14f83af4 e-flex e-con-boxed e-con e-child\" data-id=\"14f83af4\" data-element_type=\"container\" data-e-type=\"container\">\n\t\t\t\t\t<div class=\"e-con-inner\">\n\t\t\t\t<div class=\"elementor-element elementor-element-36d7e388 elementor-widget elementor-widget-text-editor\" data-id=\"36d7e388\" data-element_type=\"widget\" data-e-type=\"widget\" data-widget_type=\"text-editor.default\">\n\t\t\t\t<div class=\"elementor-widget-container\">\n\t\t\t\t\t\t\t\t\t<p><span data-sheets-root=\"1\">La creciente disponibilidad de hierba seca\/flores de fuentes fiables (adem\u00e1s de los avances en jardiner\u00eda casera) significa que la calidad y la potencia nunca han sido mejores. Disfruta de los sabores naturales y con cuerpo mientras te beneficias del \u00abefecto s\u00e9quito\u00bb de usar plantas bot\u00e1nicas enteras con un vaporizador de hierbas secas Arizer.<\/span><\/p><p><span data-sheets-root=\"1\">Una amplia gama de variables afectan la tasa de extracci\u00f3n basada en el calor de terpenos naturales y compuestos bot\u00e1nicos de hierbas secas\/flores. Todos los vaporizadores de hierbas secas tienen su propio tipo de \u00abfirma de vapor\u00bb basada en los atributos del dispositivo como la potencia, el tiempo de calentamiento, el control de temperatura, el dise\u00f1o del horno, las propiedades t\u00e9rmicas y el flujo de aire, as\u00ed como las entradas del usuario como el tipo, la calidad, la frescura, la consistencia y la densidad de carga de la hierba\/flor seca.<\/span><\/p><p><span data-sheets-root=\"1\">Con tantas opciones como hay en el mercado hoy en d\u00eda, no hay dos vaporizadores exactamente iguales. Algunos vaporizadores dan prioridad a cosas como el tiempo de calentamiento, la estabilidad de la temperatura, el sabor o la velocidad de extracci\u00f3n, a expensas de otras caracter\u00edsticas. Incluso cosas como la temperatura de la superficie del dispositivo, la duraci\u00f3n de la bater\u00eda, el tiempo de carga de la bater\u00eda o las bater\u00edas intercambiables pueden afectar a tu experiencia de vaporizaci\u00f3n.<\/span><\/p><p><span data-sheets-root=\"1\">Arizer ofrece una variedad de vaporizadores de hierbas secas port\u00e1tiles y de sobremesa que se adaptan a los gustos y necesidades de todo el mundo, con una calidad superior, un rendimiento de primera clase y precios asequibles. Lee nuestro Blog de Art\u00edculos de Hierba Seca para aprender m\u00e1s sobre los Vaporizadores de Hierba Seca y descubre por qu\u00e9 Arizer es Mejor por Dise\u00f1o.<\/span><\/p>\t\t\t\t\t\t\t\t<\/div>\n\t\t\t\t<\/div>\n\t\t\t\t\t<\/div>\n\t\t\t\t<\/div>\n\t\t\t\t<\/div>\n\t\t<div class=\"elementor-element elementor-element-7c032d3d e-flex e-con-boxed e-con e-parent\" data-id=\"7c032d3d\" data-element_type=\"container\" data-e-type=\"container\">\n\t\t\t\t\t<div class=\"e-con-inner\">\n\t\t\t\t<div class=\"elementor-element elementor-element-72d14cd5 elementor-widget elementor-widget-heading\" data-id=\"72d14cd5\" data-element_type=\"widget\" data-e-type=\"widget\" data-widget_type=\"heading.default\">\n\t\t\t\t<div class=\"elementor-widget-container\">\n\t\t\t\t\t<h5 class=\"elementor-heading-title elementor-size-default\">Art\u00edculos Vaporizador Hierba Seca<\/h5>\t\t\t\t<\/div>\n\t\t\t\t<\/div>\n\t\t\t\t<div class=\"elementor-element elementor-element-67840255 elementor-widget elementor-widget-text-editor\" data-id=\"67840255\" data-element_type=\"widget\" data-e-type=\"widget\" data-widget_type=\"text-editor.default\">\n\t\t\t\t<div class=\"elementor-widget-container\">\n\t\t\t\t\t\t\t\t\t<p><span data-sheets-root=\"1\">Pr\u00f3ximamente<\/span><\/p>\t\t\t\t\t\t\t\t<\/div>\n\t\t\t\t<\/div>\n\t\t\t\t\t<\/div>\n\t\t\t\t<\/div>\n\t\t<div class=\"elementor-element elementor-element-4ff22cce e-flex e-con-boxed e-con e-parent\" data-id=\"4ff22cce\" data-element_type=\"container\" data-e-type=\"container\">\n\t\t\t\t\t<div class=\"e-con-inner\">\n\t\t\t\t<div class=\"elementor-element elementor-element-5cfe9251 elementor-hidden-mobile elementor-widget elementor-widget-text-editor\" data-id=\"5cfe9251\" data-element_type=\"widget\" data-e-type=\"widget\" data-widget_type=\"text-editor.default\">\n\t\t\t\t<div class=\"elementor-widget-container\">\n\t\t\t\t\t\t\t\t\t<a href=\"\/about\/\">About Arizer<\/a> | <a href=\"\/about\/history\/\">History of Arizer<\/a> | <a href=\"\/home\/about\/thinking-about-a-dry-herb-vaporizer\/\">Why Dry<\/a> | <a href=\"\/home\/about\/the-clear-choice-is-glass\/\">The Clarity of Glass<\/a><br>\n<a href=\"\/home\/about\/custom-session-settings\/\">Custom Session Settings<\/a> | <a href=\"\/home\/about\/hints-tips-story\/\">Hints, Tips &amp; Story<\/a> | <a href=\"\/home\/about\/v-scale\/\">V-Scale\u00a0<\/a>\t\t\t\t\t\t\t\t<\/div>\n\t\t\t\t<\/div>\n\t\t\t\t<div class=\"elementor-element elementor-element-4c2da187 elementor-hidden-desktop elementor-hidden-tablet elementor-widget elementor-widget-text-editor\" data-id=\"4c2da187\" data-element_type=\"widget\" data-e-type=\"widget\" data-widget_type=\"text-editor.default\">\n\t\t\t\t<div class=\"elementor-widget-container\">\n\t\t\t\t\t\t\t\t\t<a href=\"\/about\/\">About Arizer<\/a> | <a href=\"\/about\/history\/\">History of Arizer<\/a> | <a href=\"\/home\/about\/thinking-about-a-dry-herb-vaporizer\/\">Why Dry<\/a> | <a href=\"\/home\/about\/the-clear-choice-is-glass\/\">The Clarity of Glass<\/a><br>\n<a href=\"\/home\/about\/custom-session-settings\/\">Custom Session Settings<\/a> | <a href=\"\/home\/about\/hints-tips-story\/\">Hints, Tips &amp; Story<\/a> | <a href=\"\/home\/about\/v-scale\/\">V-Scale\u00a0<\/a>\t\t\t\t\t\t\t\t<\/div>\n\t\t\t\t<\/div>\n\t\t\t\t\t<\/div>\n\t\t\t\t<\/div>\n\t\t\t\t<\/div>\n\t\t","protected":false},"excerpt":{"rendered":"<p>La creciente disponibilidad de hierba seca\/flores de fuentes fiables (adem\u00e1s de los avances en jardiner\u00eda casera) significa que la calidad y la potencia nunca han sido mejores. Disfruta de los sabores naturales y con cuerpo mientras te beneficias del \u00abefecto s\u00e9quito\u00bb de usar plantas bot\u00e1nicas enteras con un vaporizador de hierbas secas Arizer. Una amplia [&hellip;]<\/p>\n","protected":false},"author":1,"featured_media":0,"parent":20211043308,"menu_order":0,"comment_status":"closed","ping_status":"closed","template":"","meta":{"_acf_changed":false,"footnotes":""},"class_list":["post-20211043392","page","type-page","status-publish","hentry","entry"],"acf":[],"yoast_head":"<!-- This site is optimized with the Yoast SEO Premium plugin v27.1 (Yoast SEO v27.1.1) - https:\/\/yoast.com\/product\/yoast-seo-premium-wordpress\/ -->\n<title>\u00bfPensando en un vaporizador de hierba seca? - Arizer EU<\/title>\n<meta name=\"robots\" content=\"index, follow, max-snippet:-1, max-image-preview:large, max-video-preview:-1\" \/>\n<meta property=\"og:locale\" content=\"es_ES\" \/>\n<meta property=\"og:type\" content=\"article\" \/>\n<meta property=\"og:title\" content=\"\u00bfPensando en un vaporizador de hierba seca?\" \/>\n<meta property=\"og:description\" content=\"La creciente disponibilidad de hierba seca\/flores de fuentes fiables (adem\u00e1s de los avances en jardiner\u00eda casera) significa que la calidad y la potencia\" \/>\n<meta property=\"og:url\" content=\"https:\/\/arizer.eu\/es\/home\/about\/why-dry-herb-vaporizers\/\" \/>\n<meta property=\"og:site_name\" content=\"Arizer EU\" \/>\n<meta property=\"article:modified_time\" content=\"2025-05-29T07:05:26+00:00\" \/>\n<meta property=\"og:image\" content=\"https:\/\/arizer.eu\/wp-content\/uploads\/sites\/8\/2025\/01\/MOBILE.jpg\" \/>\n<meta name=\"twitter:card\" content=\"summary_large_image\" \/>\n<meta name=\"twitter:label1\" content=\"Tiempo de lectura\" \/>\n\t<meta name=\"twitter:data1\" content=\"2 minutos\" \/>\n<script type=\"application\/ld+json\" class=\"yoast-schema-graph\">{\"@context\":\"https:\/\/schema.org\",\"@graph\":[{\"@type\":\"WebPage\",\"@id\":\"https:\/\/arizer.eu\/es\/home\/about\/why-dry-herb-vaporizers\/\",\"url\":\"https:\/\/arizer.eu\/es\/home\/about\/why-dry-herb-vaporizers\/\",\"name\":\"\u00bfPensando en un vaporizador de hierba seca? - Arizer EU\",\"isPartOf\":{\"@id\":\"https:\/\/arizer.eu\/es\/#website\"},\"primaryImageOfPage\":{\"@id\":\"https:\/\/arizer.eu\/es\/home\/about\/why-dry-herb-vaporizers\/#primaryimage\"},\"image\":{\"@id\":\"https:\/\/arizer.eu\/es\/home\/about\/why-dry-herb-vaporizers\/#primaryimage\"},\"thumbnailUrl\":\"https:\/\/arizer.eu\/wp-content\/uploads\/sites\/8\/2025\/01\/MOBILE.jpg\",\"datePublished\":\"2025-01-28T11:04:00+00:00\",\"dateModified\":\"2025-05-29T07:05:26+00:00\",\"breadcrumb\":{\"@id\":\"https:\/\/arizer.eu\/es\/home\/about\/why-dry-herb-vaporizers\/#breadcrumb\"},\"inLanguage\":\"es\",\"potentialAction\":[{\"@type\":\"ReadAction\",\"target\":[\"https:\/\/arizer.eu\/es\/home\/about\/why-dry-herb-vaporizers\/\"]}]},{\"@type\":\"ImageObject\",\"inLanguage\":\"es\",\"@id\":\"https:\/\/arizer.eu\/es\/home\/about\/why-dry-herb-vaporizers\/#primaryimage\",\"url\":\"https:\/\/arizer.eu\/wp-content\/uploads\/sites\/8\/2025\/01\/MOBILE.jpg\",\"contentUrl\":\"https:\/\/arizer.eu\/wp-content\/uploads\/sites\/8\/2025\/01\/MOBILE.jpg\"},{\"@type\":\"BreadcrumbList\",\"@id\":\"https:\/\/arizer.eu\/es\/home\/about\/why-dry-herb-vaporizers\/#breadcrumb\",\"itemListElement\":[{\"@type\":\"ListItem\",\"position\":1,\"name\":\"Home\",\"item\":\"https:\/\/arizer.eu\/es\/\"},{\"@type\":\"ListItem\",\"position\":2,\"name\":\"Home\",\"item\":\"https:\/\/arizer.eu\/es\/\"},{\"@type\":\"ListItem\",\"position\":3,\"name\":\"About\",\"item\":\"https:\/\/arizer.eu\/es\/home\/about\/\"},{\"@type\":\"ListItem\",\"position\":4,\"name\":\"\u00bfPensando en un vaporizador de hierba seca?\"}]},{\"@type\":\"WebSite\",\"@id\":\"https:\/\/arizer.eu\/es\/#website\",\"url\":\"https:\/\/arizer.eu\/es\/\",\"name\":\"Arizer EU\",\"description\":\"Best Portable Electronic Vaporizers | Better By Design\",\"publisher\":{\"@id\":\"https:\/\/arizer.eu\/es\/#organization\"},\"potentialAction\":[{\"@type\":\"SearchAction\",\"target\":{\"@type\":\"EntryPoint\",\"urlTemplate\":\"https:\/\/arizer.eu\/es\/?s={search_term_string}\"},\"query-input\":{\"@type\":\"PropertyValueSpecification\",\"valueRequired\":true,\"valueName\":\"search_term_string\"}}],\"inLanguage\":\"es\"},{\"@type\":\"Organization\",\"@id\":\"https:\/\/arizer.eu\/es\/#organization\",\"name\":\"AR TECH\",\"url\":\"https:\/\/arizer.eu\/es\/\",\"logo\":{\"@type\":\"ImageObject\",\"inLanguage\":\"es\",\"@id\":\"https:\/\/arizer.eu\/es\/#\/schema\/logo\/image\/\",\"url\":\"\",\"contentUrl\":\"\",\"caption\":\"AR TECH\"},\"image\":{\"@id\":\"https:\/\/arizer.eu\/es\/#\/schema\/logo\/image\/\"},\"sameAs\":[\"https:\/\/www.instagram.com\/arizertech\/\",\"https:\/\/www.youtube.com\/channel\/UCg1A_lcPMTaYi5GHJnxvM_A\"]}]}<\/script>\n<!-- \/ Yoast SEO Premium plugin. -->","yoast_head_json":{"title":"\u00bfPensando en un vaporizador de hierba seca? - Arizer EU","robots":{"index":"index","follow":"follow","max-snippet":"max-snippet:-1","max-image-preview":"max-image-preview:large","max-video-preview":"max-video-preview:-1"},"og_locale":"es_ES","og_type":"article","og_title":"\u00bfPensando en un vaporizador de hierba seca?","og_description":"La creciente disponibilidad de hierba seca\/flores de fuentes fiables (adem\u00e1s de los avances en jardiner\u00eda casera) significa que la calidad y la potencia","og_url":"https:\/\/arizer.eu\/es\/home\/about\/why-dry-herb-vaporizers\/","og_site_name":"Arizer EU","article_modified_time":"2025-05-29T07:05:26+00:00","og_image":[{"url":"https:\/\/arizer.eu\/wp-content\/uploads\/sites\/8\/2025\/01\/MOBILE.jpg","type":"","width":"","height":""}],"twitter_card":"summary_large_image","twitter_misc":{"Tiempo de lectura":"2 minutos"},"schema":{"@context":"https:\/\/schema.org","@graph":[{"@type":"WebPage","@id":"https:\/\/arizer.eu\/es\/home\/about\/why-dry-herb-vaporizers\/","url":"https:\/\/arizer.eu\/es\/home\/about\/why-dry-herb-vaporizers\/","name":"\u00bfPensando en un vaporizador de hierba seca? - Arizer EU","isPartOf":{"@id":"https:\/\/arizer.eu\/es\/#website"},"primaryImageOfPage":{"@id":"https:\/\/arizer.eu\/es\/home\/about\/why-dry-herb-vaporizers\/#primaryimage"},"image":{"@id":"https:\/\/arizer.eu\/es\/home\/about\/why-dry-herb-vaporizers\/#primaryimage"},"thumbnailUrl":"https:\/\/arizer.eu\/wp-content\/uploads\/sites\/8\/2025\/01\/MOBILE.jpg","datePublished":"2025-01-28T11:04:00+00:00","dateModified":"2025-05-29T07:05:26+00:00","breadcrumb":{"@id":"https:\/\/arizer.eu\/es\/home\/about\/why-dry-herb-vaporizers\/#breadcrumb"},"inLanguage":"es","potentialAction":[{"@type":"ReadAction","target":["https:\/\/arizer.eu\/es\/home\/about\/why-dry-herb-vaporizers\/"]}]},{"@type":"ImageObject","inLanguage":"es","@id":"https:\/\/arizer.eu\/es\/home\/about\/why-dry-herb-vaporizers\/#primaryimage","url":"https:\/\/arizer.eu\/wp-content\/uploads\/sites\/8\/2025\/01\/MOBILE.jpg","contentUrl":"https:\/\/arizer.eu\/wp-content\/uploads\/sites\/8\/2025\/01\/MOBILE.jpg"},{"@type":"BreadcrumbList","@id":"https:\/\/arizer.eu\/es\/home\/about\/why-dry-herb-vaporizers\/#breadcrumb","itemListElement":[{"@type":"ListItem","position":1,"name":"Home","item":"https:\/\/arizer.eu\/es\/"},{"@type":"ListItem","position":2,"name":"Home","item":"https:\/\/arizer.eu\/es\/"},{"@type":"ListItem","position":3,"name":"About","item":"https:\/\/arizer.eu\/es\/home\/about\/"},{"@type":"ListItem","position":4,"name":"\u00bfPensando en un vaporizador de hierba seca?"}]},{"@type":"WebSite","@id":"https:\/\/arizer.eu\/es\/#website","url":"https:\/\/arizer.eu\/es\/","name":"Arizer EU","description":"Best Portable Electronic Vaporizers | Better By Design","publisher":{"@id":"https:\/\/arizer.eu\/es\/#organization"},"potentialAction":[{"@type":"SearchAction","target":{"@type":"EntryPoint","urlTemplate":"https:\/\/arizer.eu\/es\/?s={search_term_string}"},"query-input":{"@type":"PropertyValueSpecification","valueRequired":true,"valueName":"search_term_string"}}],"inLanguage":"es"},{"@type":"Organization","@id":"https:\/\/arizer.eu\/es\/#organization","name":"AR TECH","url":"https:\/\/arizer.eu\/es\/","logo":{"@type":"ImageObject","inLanguage":"es","@id":"https:\/\/arizer.eu\/es\/#\/schema\/logo\/image\/","url":"","contentUrl":"","caption":"AR TECH"},"image":{"@id":"https:\/\/arizer.eu\/es\/#\/schema\/logo\/image\/"},"sameAs":["https:\/\/www.instagram.com\/arizertech\/","https:\/\/www.youtube.com\/channel\/UCg1A_lcPMTaYi5GHJnxvM_A"]}]}},"_links":{"self":[{"href":"https:\/\/arizer.eu\/es\/wp-json\/wp\/v2\/pages\/20211043392","targetHints":{"allow":["GET"]}}],"collection":[{"href":"https:\/\/arizer.eu\/es\/wp-json\/wp\/v2\/pages"}],"about":[{"href":"https:\/\/arizer.eu\/es\/wp-json\/wp\/v2\/types\/page"}],"author":[{"embeddable":true,"href":"https:\/\/arizer.eu\/es\/wp-json\/wp\/v2\/users\/1"}],"replies":[{"embeddable":true,"href":"https:\/\/arizer.eu\/es\/wp-json\/wp\/v2\/comments?post=20211043392"}],"version-history":[{"count":5,"href":"https:\/\/arizer.eu\/es\/wp-json\/wp\/v2\/pages\/20211043392\/revisions"}],"predecessor-version":[{"id":20211048700,"href":"https:\/\/arizer.eu\/es\/wp-json\/wp\/v2\/pages\/20211043392\/revisions\/20211048700"}],"up":[{"embeddable":true,"href":"https:\/\/arizer.eu\/es\/wp-json\/wp\/v2\/pages\/20211043308"}],"wp:attachment":[{"href":"https:\/\/arizer.eu\/es\/wp-json\/wp\/v2\/media?parent=20211043392"}],"curies":[{"name":"wp","href":"https:\/\/api.w.org\/{rel}","templated":true}]}}