{"id":20211043330,"date":"2025-01-28T10:59:08","date_gmt":"2025-01-28T10:59:08","guid":{"rendered":"https:\/\/arizer.eu\/home\/about\/the-clear-choice-is-glass\/"},"modified":"2025-05-29T07:17:27","modified_gmt":"2025-05-29T07:17:27","slug":"the-clear-choice-is-glass","status":"publish","type":"page","link":"https:\/\/arizer.eu\/es\/home\/about\/the-clear-choice-is-glass\/","title":{"rendered":"La elecci\u00f3n clara es el vidrio"},"content":{"rendered":"\t\t<div data-elementor-type=\"wp-page\" data-elementor-id=\"20211043330\" class=\"elementor elementor-20211043330 elementor-20211042614\" data-elementor-post-type=\"page\">\n\t\t\t\t<div class=\"elementor-element elementor-element-7d611ca8 e-con-full e-flex e-con e-parent\" data-id=\"7d611ca8\" data-element_type=\"container\" data-e-type=\"container\">\n\t\t\t\t<div class=\"elementor-element elementor-element-64fbfbb9 elementor-hidden-mobile elementor-widget elementor-widget-theme-post-featured-image elementor-widget-image\" data-id=\"64fbfbb9\" data-element_type=\"widget\" data-e-type=\"widget\" data-widget_type=\"theme-post-featured-image.default\">\n\t\t\t\t<div class=\"elementor-widget-container\">\n\t\t\t\t\t\t\t\t\t\t\t\t\t\t\t<img decoding=\"async\" src=\"https:\/\/arizer.me\/wp-content\/uploads\/2024\/12\/Glass-Page-DESKTOP.jpg\" title=\"\" alt=\"\" loading=\"lazy\" \/>\t\t\t\t\t\t\t\t\t\t\t\t\t\t\t<\/div>\n\t\t\t\t<\/div>\n\t\t\t\t<div class=\"elementor-element elementor-element-49dc1cb5 elementor-hidden-desktop elementor-hidden-tablet elementor-widget elementor-widget-image\" data-id=\"49dc1cb5\" data-element_type=\"widget\" data-e-type=\"widget\" data-widget_type=\"image.default\">\n\t\t\t\t<div class=\"elementor-widget-container\">\n\t\t\t\t\t\t\t\t\t\t\t\t\t\t\t<img fetchpriority=\"high\" decoding=\"async\" width=\"430\" height=\"484\" src=\"https:\/\/arizer.eu\/wp-content\/uploads\/sites\/8\/2025\/01\/Glass-Page-MOBILE.jpg\" class=\"attachment-full size-full wp-image-20211042626 wp-post-image\" alt=\"\" srcset=\"https:\/\/arizer.eu\/wp-content\/uploads\/sites\/8\/2025\/01\/Glass-Page-MOBILE.jpg 430w, https:\/\/arizer.eu\/wp-content\/uploads\/sites\/8\/2025\/01\/Glass-Page-MOBILE-267x300.jpg 267w, https:\/\/arizer.eu\/wp-content\/uploads\/sites\/8\/2025\/01\/Glass-Page-MOBILE-21x24.jpg 21w, https:\/\/arizer.eu\/wp-content\/uploads\/sites\/8\/2025\/01\/Glass-Page-MOBILE-32x36.jpg 32w, https:\/\/arizer.eu\/wp-content\/uploads\/sites\/8\/2025\/01\/Glass-Page-MOBILE-43x48.jpg 43w\" sizes=\"(max-width: 34.9rem) calc(100vw - 2rem), (max-width: 53rem) calc(8 * (100vw \/ 12)), (min-width: 53rem) calc(6 * (100vw \/ 12)), 100vw\" title=\"\" \/>\t\t\t\t\t\t\t\t\t\t\t\t\t\t\t<\/div>\n\t\t\t\t<\/div>\n\t\t<div class=\"elementor-element elementor-element-7c99e61d e-flex e-con-boxed e-con e-child\" data-id=\"7c99e61d\" data-element_type=\"container\" data-e-type=\"container\">\n\t\t\t\t\t<div class=\"e-con-inner\">\n\t\t\t\t<div class=\"elementor-element elementor-element-30c88d37 elementor-widget elementor-widget-text-editor\" data-id=\"30c88d37\" data-element_type=\"widget\" data-e-type=\"widget\" data-widget_type=\"text-editor.default\">\n\t\t\t\t<div class=\"elementor-widget-container\">\n\t\t\t\t\t\t\t\t\t<p><span data-sheets-root=\"1\">Si te gustan las hierbas secas, probablemente ya sepas que los accesorios de vidrio son superiores. Estamos de acuerdo contigo. En nuestra humilde opini\u00f3n, \u00a1el vidrio patea traseros! Nuestro uso \u00fanico e innovador de partes de vidrio es una gran parte de lo que hace a los vaporizadores de hierbas secas Arizer tan especiales y populares.<\/span><\/p><p><span data-sheets-root=\"1\">El vidrio de borosilicato es inerte (seguro, no t\u00f3xico, sin sabor, sin olor), resistente (soporta cambios r\u00e1pidos de temperatura), tiene una baja conductividad t\u00e9rmica (propiedades t\u00e9rmicas \u00fanicas que proporcionan el vapor m\u00e1s sabroso y potente posible), y es respetuoso con el medio ambiente (f\u00e1cil de limpiar y reutilizar).<\/span><\/p><p><span data-sheets-root=\"1\">No voy a mentir &#8230; s\u00ed, es cierto, casi cualquier cosa hecha de vidrio puede romperse. Pero no se asuste, utilizamos vidrio de borosilicato resistente y duradero que puede durar a\u00f1os de uso regular. Y si ocurre lo desafortunado y una pieza de vidrio se rompe, con Arizer tienes la tranquilidad de saber que las piezas de repuesto son asequibles y siempre est\u00e1n en stock.<\/span><\/p><p><span data-sheets-root=\"1\">Los vaporizadores de hierbas secas Arizer con sistemas de c\u00e1psulas de vidrio originales est\u00e1n dise\u00f1ados para ser f\u00e1ciles de usar y para ofrecer una extracci\u00f3n uniforme y completa de tus hierbas favoritas en un vapor suave y sabroso. Lee nuestro Blog de Art\u00edculos de Vidrio para aprender m\u00e1s sobre El Estilo Arizer<\/span><\/p>\t\t\t\t\t\t\t\t<\/div>\n\t\t\t\t<\/div>\n\t\t\t\t\t<\/div>\n\t\t\t\t<\/div>\n\t\t\t\t<\/div>\n\t\t<div class=\"elementor-element elementor-element-75623736 e-flex e-con-boxed e-con e-parent\" data-id=\"75623736\" data-element_type=\"container\" data-e-type=\"container\">\n\t\t\t\t\t<div class=\"e-con-inner\">\n\t\t\t\t<div class=\"elementor-element elementor-element-4179816a elementor-widget elementor-widget-heading\" data-id=\"4179816a\" data-element_type=\"widget\" data-e-type=\"widget\" data-widget_type=\"heading.default\">\n\t\t\t\t<div class=\"elementor-widget-container\">\n\t\t\t\t\t<h5 class=\"elementor-heading-title elementor-size-default\">Art\u00edculos del Blog de Vidrio<\/h5>\t\t\t\t<\/div>\n\t\t\t\t<\/div>\n\t\t\t\t<div class=\"elementor-element elementor-element-3fe72525 elementor-widget elementor-widget-text-editor\" data-id=\"3fe72525\" data-element_type=\"widget\" data-e-type=\"widget\" data-widget_type=\"text-editor.default\">\n\t\t\t\t<div class=\"elementor-widget-container\">\n\t\t\t\t\t\t\t\t\t<p>PR\u00d3XIMAMENTE<\/p>\t\t\t\t\t\t\t\t<\/div>\n\t\t\t\t<\/div>\n\t\t\t\t\t<\/div>\n\t\t\t\t<\/div>\n\t\t<div class=\"elementor-element elementor-element-355d99b3 e-flex e-con-boxed e-con e-parent\" data-id=\"355d99b3\" data-element_type=\"container\" data-e-type=\"container\">\n\t\t\t\t\t<div class=\"e-con-inner\">\n\t\t\t\t<div class=\"elementor-element elementor-element-3f59fc6a elementor-hidden-mobile elementor-widget elementor-widget-text-editor\" data-id=\"3f59fc6a\" data-element_type=\"widget\" data-e-type=\"widget\" data-widget_type=\"text-editor.default\">\n\t\t\t\t<div class=\"elementor-widget-container\">\n\t\t\t\t\t\t\t\t\t<a href=\"\/about\/\">About Arizer<\/a> | <a href=\"\/about\/history\/\">History of Arizer<\/a> | <a href=\"\/home\/about\/thinking-about-a-dry-herb-vaporizer\/\">Why Dry<\/a> | <a href=\"\/home\/about\/the-clear-choice-is-glass\/\">The Clarity of Glass<\/a><br>\n<a href=\"\/home\/about\/custom-session-settings\/\">Custom Session Settings<\/a> | <a href=\"\/home\/about\/hints-tips-story\/\">Hints, Tips &amp; Story<\/a> | <a href=\"\/home\/about\/v-scale\/\">V-Scale\u00a0<\/a>\t\t\t\t\t\t\t\t<\/div>\n\t\t\t\t<\/div>\n\t\t\t\t<div class=\"elementor-element elementor-element-64284281 elementor-hidden-desktop elementor-hidden-tablet elementor-widget elementor-widget-text-editor\" data-id=\"64284281\" data-element_type=\"widget\" data-e-type=\"widget\" data-widget_type=\"text-editor.default\">\n\t\t\t\t<div class=\"elementor-widget-container\">\n\t\t\t\t\t\t\t\t\t<a href=\"\/about\/\">About Arizer<\/a> | <a href=\"\/about\/history\/\">History of Arizer<\/a> | <a href=\"\/home\/about\/thinking-about-a-dry-herb-vaporizer\/\">Why Dry<\/a> | <a href=\"\/home\/about\/the-clear-choice-is-glass\/\">The Clarity of Glass<\/a><br>\n<a href=\"\/home\/about\/custom-session-settings\/\">Custom Session Settings<\/a> | <a href=\"\/home\/about\/hints-tips-story\/\">Hints, Tips &amp; Story<\/a> | <a href=\"\/home\/about\/v-scale\/\">V-Scale\u00a0<\/a>\t\t\t\t\t\t\t\t<\/div>\n\t\t\t\t<\/div>\n\t\t\t\t\t<\/div>\n\t\t\t\t<\/div>\n\t\t\t\t<\/div>\n\t\t","protected":false},"excerpt":{"rendered":"<p>Si te gustan las hierbas secas, probablemente ya sepas que los accesorios de vidrio son superiores. Estamos de acuerdo contigo. En nuestra humilde opini\u00f3n, \u00a1el vidrio patea traseros! Nuestro uso \u00fanico e innovador de partes de vidrio es una gran parte de lo que hace a los vaporizadores de hierbas secas Arizer tan especiales y [&hellip;]<\/p>\n","protected":false},"author":1,"featured_media":0,"parent":20211043308,"menu_order":0,"comment_status":"closed","ping_status":"closed","template":"","meta":{"_acf_changed":false,"footnotes":""},"class_list":["post-20211043330","page","type-page","status-publish","hentry","entry"],"acf":[],"yoast_head":"<!-- This site is optimized with the Yoast SEO Premium plugin v27.1 (Yoast SEO v27.1.1) - https:\/\/yoast.com\/product\/yoast-seo-premium-wordpress\/ -->\n<title>La elecci\u00f3n clara es el vidrio - Arizer EU<\/title>\n<meta name=\"robots\" content=\"index, follow, max-snippet:-1, max-image-preview:large, max-video-preview:-1\" \/>\n<meta property=\"og:locale\" content=\"es_ES\" \/>\n<meta property=\"og:type\" content=\"article\" \/>\n<meta property=\"og:title\" content=\"La elecci\u00f3n clara es el vidrio\" \/>\n<meta property=\"og:description\" content=\"Si te gustan las hierbas secas, probablemente ya sepas que los accesorios de vidrio son superiores. Estamos de acuerdo contigo. En nuestra humilde\" \/>\n<meta property=\"og:url\" content=\"https:\/\/arizer.eu\/es\/home\/about\/the-clear-choice-is-glass\/\" \/>\n<meta property=\"og:site_name\" content=\"Arizer EU\" \/>\n<meta property=\"article:modified_time\" content=\"2025-05-29T07:17:27+00:00\" \/>\n<meta property=\"og:image\" content=\"https:\/\/arizer.eu\/wp-content\/uploads\/sites\/8\/2025\/01\/Glass-Page-MOBILE.jpg\" \/>\n\t<meta property=\"og:image:width\" content=\"430\" \/>\n\t<meta property=\"og:image:height\" content=\"484\" \/>\n\t<meta property=\"og:image:type\" content=\"image\/jpeg\" \/>\n<meta name=\"twitter:card\" content=\"summary_large_image\" \/>\n<meta name=\"twitter:label1\" content=\"Tiempo de lectura\" \/>\n\t<meta name=\"twitter:data1\" content=\"2 minutos\" \/>\n<script type=\"application\/ld+json\" class=\"yoast-schema-graph\">{\"@context\":\"https:\/\/schema.org\",\"@graph\":[{\"@type\":\"WebPage\",\"@id\":\"https:\/\/arizer.eu\/es\/home\/about\/the-clear-choice-is-glass\/\",\"url\":\"https:\/\/arizer.eu\/es\/home\/about\/the-clear-choice-is-glass\/\",\"name\":\"La elecci\u00f3n clara es el vidrio - Arizer EU\",\"isPartOf\":{\"@id\":\"https:\/\/arizer.eu\/es\/#website\"},\"primaryImageOfPage\":{\"@id\":\"https:\/\/arizer.eu\/es\/home\/about\/the-clear-choice-is-glass\/#primaryimage\"},\"image\":{\"@id\":\"https:\/\/arizer.eu\/es\/home\/about\/the-clear-choice-is-glass\/#primaryimage\"},\"thumbnailUrl\":\"https:\/\/arizer.eu\/wp-content\/uploads\/sites\/8\/2025\/01\/Glass-Page-MOBILE.jpg\",\"datePublished\":\"2025-01-28T10:59:08+00:00\",\"dateModified\":\"2025-05-29T07:17:27+00:00\",\"breadcrumb\":{\"@id\":\"https:\/\/arizer.eu\/es\/home\/about\/the-clear-choice-is-glass\/#breadcrumb\"},\"inLanguage\":\"es\",\"potentialAction\":[{\"@type\":\"ReadAction\",\"target\":[\"https:\/\/arizer.eu\/es\/home\/about\/the-clear-choice-is-glass\/\"]}]},{\"@type\":\"ImageObject\",\"inLanguage\":\"es\",\"@id\":\"https:\/\/arizer.eu\/es\/home\/about\/the-clear-choice-is-glass\/#primaryimage\",\"url\":\"https:\/\/arizer.eu\/wp-content\/uploads\/sites\/8\/2025\/01\/Glass-Page-MOBILE.jpg\",\"contentUrl\":\"https:\/\/arizer.eu\/wp-content\/uploads\/sites\/8\/2025\/01\/Glass-Page-MOBILE.jpg\"},{\"@type\":\"BreadcrumbList\",\"@id\":\"https:\/\/arizer.eu\/es\/home\/about\/the-clear-choice-is-glass\/#breadcrumb\",\"itemListElement\":[{\"@type\":\"ListItem\",\"position\":1,\"name\":\"Home\",\"item\":\"https:\/\/arizer.eu\/es\/\"},{\"@type\":\"ListItem\",\"position\":2,\"name\":\"Home\",\"item\":\"https:\/\/arizer.eu\/es\/\"},{\"@type\":\"ListItem\",\"position\":3,\"name\":\"About\",\"item\":\"https:\/\/arizer.eu\/es\/home\/about\/\"},{\"@type\":\"ListItem\",\"position\":4,\"name\":\"La elecci\u00f3n clara es el vidrio\"}]},{\"@type\":\"WebSite\",\"@id\":\"https:\/\/arizer.eu\/es\/#website\",\"url\":\"https:\/\/arizer.eu\/es\/\",\"name\":\"Arizer EU\",\"description\":\"Best Portable Electronic Vaporizers | Better By Design\",\"publisher\":{\"@id\":\"https:\/\/arizer.eu\/es\/#organization\"},\"potentialAction\":[{\"@type\":\"SearchAction\",\"target\":{\"@type\":\"EntryPoint\",\"urlTemplate\":\"https:\/\/arizer.eu\/es\/?s={search_term_string}\"},\"query-input\":{\"@type\":\"PropertyValueSpecification\",\"valueRequired\":true,\"valueName\":\"search_term_string\"}}],\"inLanguage\":\"es\"},{\"@type\":\"Organization\",\"@id\":\"https:\/\/arizer.eu\/es\/#organization\",\"name\":\"AR TECH\",\"url\":\"https:\/\/arizer.eu\/es\/\",\"logo\":{\"@type\":\"ImageObject\",\"inLanguage\":\"es\",\"@id\":\"https:\/\/arizer.eu\/es\/#\/schema\/logo\/image\/\",\"url\":\"\",\"contentUrl\":\"\",\"caption\":\"AR TECH\"},\"image\":{\"@id\":\"https:\/\/arizer.eu\/es\/#\/schema\/logo\/image\/\"},\"sameAs\":[\"https:\/\/www.instagram.com\/arizertech\/\",\"https:\/\/www.youtube.com\/channel\/UCg1A_lcPMTaYi5GHJnxvM_A\"]}]}<\/script>\n<!-- \/ Yoast SEO Premium plugin. -->","yoast_head_json":{"title":"La elecci\u00f3n clara es el vidrio - Arizer EU","robots":{"index":"index","follow":"follow","max-snippet":"max-snippet:-1","max-image-preview":"max-image-preview:large","max-video-preview":"max-video-preview:-1"},"og_locale":"es_ES","og_type":"article","og_title":"La elecci\u00f3n clara es el vidrio","og_description":"Si te gustan las hierbas secas, probablemente ya sepas que los accesorios de vidrio son superiores. Estamos de acuerdo contigo. En nuestra humilde","og_url":"https:\/\/arizer.eu\/es\/home\/about\/the-clear-choice-is-glass\/","og_site_name":"Arizer EU","article_modified_time":"2025-05-29T07:17:27+00:00","og_image":[{"width":430,"height":484,"url":"https:\/\/arizer.eu\/wp-content\/uploads\/sites\/8\/2025\/01\/Glass-Page-MOBILE.jpg","type":"image\/jpeg"}],"twitter_card":"summary_large_image","twitter_misc":{"Tiempo de lectura":"2 minutos"},"schema":{"@context":"https:\/\/schema.org","@graph":[{"@type":"WebPage","@id":"https:\/\/arizer.eu\/es\/home\/about\/the-clear-choice-is-glass\/","url":"https:\/\/arizer.eu\/es\/home\/about\/the-clear-choice-is-glass\/","name":"La elecci\u00f3n clara es el vidrio - Arizer EU","isPartOf":{"@id":"https:\/\/arizer.eu\/es\/#website"},"primaryImageOfPage":{"@id":"https:\/\/arizer.eu\/es\/home\/about\/the-clear-choice-is-glass\/#primaryimage"},"image":{"@id":"https:\/\/arizer.eu\/es\/home\/about\/the-clear-choice-is-glass\/#primaryimage"},"thumbnailUrl":"https:\/\/arizer.eu\/wp-content\/uploads\/sites\/8\/2025\/01\/Glass-Page-MOBILE.jpg","datePublished":"2025-01-28T10:59:08+00:00","dateModified":"2025-05-29T07:17:27+00:00","breadcrumb":{"@id":"https:\/\/arizer.eu\/es\/home\/about\/the-clear-choice-is-glass\/#breadcrumb"},"inLanguage":"es","potentialAction":[{"@type":"ReadAction","target":["https:\/\/arizer.eu\/es\/home\/about\/the-clear-choice-is-glass\/"]}]},{"@type":"ImageObject","inLanguage":"es","@id":"https:\/\/arizer.eu\/es\/home\/about\/the-clear-choice-is-glass\/#primaryimage","url":"https:\/\/arizer.eu\/wp-content\/uploads\/sites\/8\/2025\/01\/Glass-Page-MOBILE.jpg","contentUrl":"https:\/\/arizer.eu\/wp-content\/uploads\/sites\/8\/2025\/01\/Glass-Page-MOBILE.jpg"},{"@type":"BreadcrumbList","@id":"https:\/\/arizer.eu\/es\/home\/about\/the-clear-choice-is-glass\/#breadcrumb","itemListElement":[{"@type":"ListItem","position":1,"name":"Home","item":"https:\/\/arizer.eu\/es\/"},{"@type":"ListItem","position":2,"name":"Home","item":"https:\/\/arizer.eu\/es\/"},{"@type":"ListItem","position":3,"name":"About","item":"https:\/\/arizer.eu\/es\/home\/about\/"},{"@type":"ListItem","position":4,"name":"La elecci\u00f3n clara es el vidrio"}]},{"@type":"WebSite","@id":"https:\/\/arizer.eu\/es\/#website","url":"https:\/\/arizer.eu\/es\/","name":"Arizer EU","description":"Best Portable Electronic Vaporizers | Better By Design","publisher":{"@id":"https:\/\/arizer.eu\/es\/#organization"},"potentialAction":[{"@type":"SearchAction","target":{"@type":"EntryPoint","urlTemplate":"https:\/\/arizer.eu\/es\/?s={search_term_string}"},"query-input":{"@type":"PropertyValueSpecification","valueRequired":true,"valueName":"search_term_string"}}],"inLanguage":"es"},{"@type":"Organization","@id":"https:\/\/arizer.eu\/es\/#organization","name":"AR TECH","url":"https:\/\/arizer.eu\/es\/","logo":{"@type":"ImageObject","inLanguage":"es","@id":"https:\/\/arizer.eu\/es\/#\/schema\/logo\/image\/","url":"","contentUrl":"","caption":"AR TECH"},"image":{"@id":"https:\/\/arizer.eu\/es\/#\/schema\/logo\/image\/"},"sameAs":["https:\/\/www.instagram.com\/arizertech\/","https:\/\/www.youtube.com\/channel\/UCg1A_lcPMTaYi5GHJnxvM_A"]}]}},"_links":{"self":[{"href":"https:\/\/arizer.eu\/es\/wp-json\/wp\/v2\/pages\/20211043330","targetHints":{"allow":["GET"]}}],"collection":[{"href":"https:\/\/arizer.eu\/es\/wp-json\/wp\/v2\/pages"}],"about":[{"href":"https:\/\/arizer.eu\/es\/wp-json\/wp\/v2\/types\/page"}],"author":[{"embeddable":true,"href":"https:\/\/arizer.eu\/es\/wp-json\/wp\/v2\/users\/1"}],"replies":[{"embeddable":true,"href":"https:\/\/arizer.eu\/es\/wp-json\/wp\/v2\/comments?post=20211043330"}],"version-history":[{"count":6,"href":"https:\/\/arizer.eu\/es\/wp-json\/wp\/v2\/pages\/20211043330\/revisions"}],"predecessor-version":[{"id":20220675828,"href":"https:\/\/arizer.eu\/es\/wp-json\/wp\/v2\/pages\/20211043330\/revisions\/20220675828"}],"up":[{"embeddable":true,"href":"https:\/\/arizer.eu\/es\/wp-json\/wp\/v2\/pages\/20211043308"}],"wp:attachment":[{"href":"https:\/\/arizer.eu\/es\/wp-json\/wp\/v2\/media?parent=20211043330"}],"curies":[{"name":"wp","href":"https:\/\/api.w.org\/{rel}","templated":true}]}}