{"id":20211043312,"date":"2025-01-28T06:55:15","date_gmt":"2025-01-28T06:55:15","guid":{"rendered":"https:\/\/arizer.eu\/home\/about\/custom-session-settings\/"},"modified":"2025-11-14T11:05:13","modified_gmt":"2025-11-14T11:05:13","slug":"custom-session-settings","status":"publish","type":"page","link":"https:\/\/arizer.eu\/es\/home\/about\/custom-session-settings\/","title":{"rendered":"Custom Session Settings"},"content":{"rendered":"\t\t<div data-elementor-type=\"wp-page\" data-elementor-id=\"20211043312\" class=\"elementor elementor-20211043312 elementor-20211042253\" data-elementor-post-type=\"page\">\n\t\t\t\t<div class=\"elementor-element elementor-element-98040a5 e-con-full e-flex e-con e-parent\" data-id=\"98040a5\" data-element_type=\"container\" data-e-type=\"container\">\n\t\t<div class=\"elementor-element elementor-element-459507ae e-flex e-con-boxed e-con e-child\" data-id=\"459507ae\" data-element_type=\"container\" data-e-type=\"container\">\n\t\t\t\t\t<div class=\"e-con-inner\">\n\t\t\t\t<div class=\"elementor-element elementor-element-453cc1ac elementor-hidden-mobile elementor-widget elementor-widget-image\" data-id=\"453cc1ac\" data-element_type=\"widget\" data-e-type=\"widget\" data-widget_type=\"image.default\">\n\t\t\t\t<div class=\"elementor-widget-container\">\n\t\t\t\t\t\t\t\t\t\t\t\t\t\t\t<img fetchpriority=\"high\" decoding=\"async\" width=\"640\" height=\"361\" src=\"https:\/\/arizer.eu\/wp-content\/uploads\/sites\/8\/2025\/01\/2024-Website-Redesign-New-Images-BACKGROUNDS-CSS-desktop-1024x577.jpg\" class=\"attachment-large size-large wp-image-20211042260 wp-post-image\" alt=\"\" srcset=\"https:\/\/arizer.eu\/wp-content\/uploads\/sites\/8\/2025\/01\/2024-Website-Redesign-New-Images-BACKGROUNDS-CSS-desktop-1024x577.jpg 1024w, https:\/\/arizer.eu\/wp-content\/uploads\/sites\/8\/2025\/01\/2024-Website-Redesign-New-Images-BACKGROUNDS-CSS-desktop-300x169.jpg 300w, https:\/\/arizer.eu\/wp-content\/uploads\/sites\/8\/2025\/01\/2024-Website-Redesign-New-Images-BACKGROUNDS-CSS-desktop-768x432.jpg 768w, https:\/\/arizer.eu\/wp-content\/uploads\/sites\/8\/2025\/01\/2024-Website-Redesign-New-Images-BACKGROUNDS-CSS-desktop-24x14.jpg 24w, https:\/\/arizer.eu\/wp-content\/uploads\/sites\/8\/2025\/01\/2024-Website-Redesign-New-Images-BACKGROUNDS-CSS-desktop-36x20.jpg 36w, https:\/\/arizer.eu\/wp-content\/uploads\/sites\/8\/2025\/01\/2024-Website-Redesign-New-Images-BACKGROUNDS-CSS-desktop-48x27.jpg 48w, https:\/\/arizer.eu\/wp-content\/uploads\/sites\/8\/2025\/01\/2024-Website-Redesign-New-Images-BACKGROUNDS-CSS-desktop-600x338.jpg 600w, https:\/\/arizer.eu\/wp-content\/uploads\/sites\/8\/2025\/01\/2024-Website-Redesign-New-Images-BACKGROUNDS-CSS-desktop.jpg 1254w\" sizes=\"(max-width: 34.9rem) calc(100vw - 2rem), (max-width: 53rem) calc(8 * (100vw \/ 12)), (min-width: 53rem) calc(6 * (100vw \/ 12)), 100vw\" title=\"\" \/>\t\t\t\t\t\t\t\t\t\t\t\t\t\t\t<\/div>\n\t\t\t\t<\/div>\n\t\t\t\t<div class=\"elementor-element elementor-element-4fe7c272 elementor-hidden-desktop elementor-hidden-tablet elementor-widget elementor-widget-image\" data-id=\"4fe7c272\" data-element_type=\"widget\" data-e-type=\"widget\" data-widget_type=\"image.default\">\n\t\t\t\t<div class=\"elementor-widget-container\">\n\t\t\t\t\t\t\t\t\t\t\t\t\t\t\t<img decoding=\"async\" width=\"430\" height=\"484\" src=\"https:\/\/arizer.eu\/wp-content\/uploads\/sites\/8\/2025\/01\/2024-Website-Redesign-New-Images-BACKGROUNDS-CSS-mobile.jpg\" class=\"attachment-large size-large wp-image-20211042265 wp-post-image\" alt=\"\" srcset=\"https:\/\/arizer.eu\/wp-content\/uploads\/sites\/8\/2025\/01\/2024-Website-Redesign-New-Images-BACKGROUNDS-CSS-mobile.jpg 430w, https:\/\/arizer.eu\/wp-content\/uploads\/sites\/8\/2025\/01\/2024-Website-Redesign-New-Images-BACKGROUNDS-CSS-mobile-267x300.jpg 267w, https:\/\/arizer.eu\/wp-content\/uploads\/sites\/8\/2025\/01\/2024-Website-Redesign-New-Images-BACKGROUNDS-CSS-mobile-21x24.jpg 21w, https:\/\/arizer.eu\/wp-content\/uploads\/sites\/8\/2025\/01\/2024-Website-Redesign-New-Images-BACKGROUNDS-CSS-mobile-32x36.jpg 32w, https:\/\/arizer.eu\/wp-content\/uploads\/sites\/8\/2025\/01\/2024-Website-Redesign-New-Images-BACKGROUNDS-CSS-mobile-43x48.jpg 43w\" sizes=\"(max-width: 34.9rem) calc(100vw - 2rem), (max-width: 53rem) calc(8 * (100vw \/ 12)), (min-width: 53rem) calc(6 * (100vw \/ 12)), 100vw\" title=\"\" \/>\t\t\t\t\t\t\t\t\t\t\t\t\t\t\t<\/div>\n\t\t\t\t<\/div>\n\t\t<div class=\"elementor-element elementor-element-5aae485c e-con-full e-flex e-con e-child\" data-id=\"5aae485c\" data-element_type=\"container\" data-e-type=\"container\">\n\t\t\t\t<div class=\"elementor-element elementor-element-1105ca0e elementor-widget elementor-widget-heading\" data-id=\"1105ca0e\" data-element_type=\"widget\" data-e-type=\"widget\" data-widget_type=\"heading.default\">\n\t\t\t\t<div class=\"elementor-widget-container\">\n\t\t\t\t\t<h2 class=\"elementor-heading-title elementor-size-default\">AJUSTES DE SESI\u00d3N PERSONALIZADOS<\/h2>\t\t\t\t<\/div>\n\t\t\t\t<\/div>\n\t\t\t\t<div class=\"elementor-element elementor-element-1d97185c elementor-widget elementor-widget-text-editor\" data-id=\"1d97185c\" data-element_type=\"widget\" data-e-type=\"widget\" data-widget_type=\"text-editor.default\">\n\t\t\t\t<div class=\"elementor-widget-container\">\n\t\t\t\t\t\t\t\t\t<p>En Arizer, somos entusiastas del vapeo y nos tomamos la experiencia de vapear muy en serio. Los t\u00e9rminos \u00abpersonalizado\u00bb y \u00abcurado\u00bb a menudo se usan a la ligera, pero todos nuestros productos realmente tienen Sistemas Operativos bien pensados y f\u00e1ciles de usar que son altamente personalizables para adaptarse a tus necesidades y preferencias. Nuestra f\u00e1cil de usar Configuraci\u00f3n de Sesi\u00f3n Personalizada te permite hacer ajustes r\u00e1pidos con el toque de un bot\u00f3n, sin la molestia de descargar aplicaciones y conectarte a tu smartphone &#8230; Pasa m\u00e1s tiempo vapeando y menos tiempo perdiendo el tiempo.<\/p><p>Dependiendo del modelo, los vaporizadores Arizer tienen m\u00faltiples temperaturas preestablecidas o controles digitales de temperatura en incrementos de 1\u00b0. No importa el modelo que elijas, todos los vaporizadores Arizer tienen un control preciso de la temperatura, d\u00e1ndote la capacidad de controlar la tasa de extracci\u00f3n, as\u00ed como terpenos y compuestos espec\u00edficos. Tanto si quieres disfrutar de una lenta sesi\u00f3n de terpenos o tener una experiencia r\u00e1pida y contundente, los vaporizadores Arizer te tienen cubierto.<\/p><p>Adem\u00e1s, hay a\u00fan m\u00e1s formas en las que Arizer est\u00e1 pensando en tu experiencia de vaporizaci\u00f3n en general, con caracter\u00edsticas como Controles Remotos para vaporizadores de sobremesa, temperaturas preestablecidas personalizables para el escalonamiento de la temperatura, Modo Oscuro para uso con poca luz, Modos de Sesi\u00f3n y Bajo Demanda, compatibilidad WPA, inversi\u00f3n autom\u00e1tica de pantalla y control, \u00a1y mucho m\u00e1s! Lea nuestros art\u00edculos de blog sobre ajustes personalizados de sesi\u00f3n para obtener m\u00e1s informaci\u00f3n.<\/p>\t\t\t\t\t\t\t\t<\/div>\n\t\t\t\t<\/div>\n\t\t\t\t<\/div>\n\t\t\t\t\t<\/div>\n\t\t\t\t<\/div>\n\t\t\t\t<\/div>\n\t\t<div class=\"elementor-element elementor-element-7f06089 e-con-full e-flex e-con e-parent\" data-id=\"7f06089\" data-element_type=\"container\" data-e-type=\"container\" data-settings=\"{&quot;background_background&quot;:&quot;classic&quot;}\">\n\t\t<div class=\"elementor-element elementor-element-656acf7c e-flex e-con-boxed e-con e-child\" data-id=\"656acf7c\" data-element_type=\"container\" data-e-type=\"container\">\n\t\t\t\t\t<div class=\"e-con-inner\">\n\t\t\t\t<div class=\"elementor-element elementor-element-3de556f4 elementor-widget elementor-widget-heading\" data-id=\"3de556f4\" data-element_type=\"widget\" data-e-type=\"widget\" data-widget_type=\"heading.default\">\n\t\t\t\t<div class=\"elementor-widget-container\">\n\t\t\t\t\t<h5 class=\"elementor-heading-title elementor-size-default\">Art\u00edculos sobre ajustes personalizados de sesi\u00f3n<\/h5>\t\t\t\t<\/div>\n\t\t\t\t<\/div>\n\t\t\t\t<div class=\"elementor-element elementor-element-157e58c elementor-widget elementor-widget-text-editor\" data-id=\"157e58c\" data-element_type=\"widget\" data-e-type=\"widget\" data-widget_type=\"text-editor.default\">\n\t\t\t\t<div class=\"elementor-widget-container\">\n\t\t\t\t\t\t\t\t\tPr\u00f3ximamente\t\t\t\t\t\t\t\t<\/div>\n\t\t\t\t<\/div>\n\t\t\t\t\t<\/div>\n\t\t\t\t<\/div>\n\t\t\t\t<\/div>\n\t\t<div class=\"elementor-element elementor-element-64f23b50 e-flex e-con-boxed e-con e-parent\" data-id=\"64f23b50\" data-element_type=\"container\" data-e-type=\"container\">\n\t\t\t\t\t<div class=\"e-con-inner\">\n\t\t\t\t<div class=\"elementor-element elementor-element-2500b0a0 elementor-hidden-mobile elementor-widget elementor-widget-text-editor\" data-id=\"2500b0a0\" data-element_type=\"widget\" data-e-type=\"widget\" data-widget_type=\"text-editor.default\">\n\t\t\t\t<div class=\"elementor-widget-container\">\n\t\t\t\t\t\t\t\t\t<a href=\"\/about\/\">About Arizer<\/a> | <a href=\"\/about\/history\/\">History of Arizer<\/a> | <a href=\"\/home\/about\/thinking-about-a-dry-herb-vaporizer\/\">Why Dry<\/a> | <a href=\"\/home\/about\/the-clear-choice-is-glass\/\">The Clarity of Glass<\/a><br>\n<a href=\"\/home\/about\/custom-session-settings\/\">Custom Session Settings<\/a> | <a href=\"\/home\/about\/hints-tips-story\/\">Hints, Tips &amp; Story<\/a> | <a href=\"\/home\/about\/v-scale\/\">V-Scale\u00a0<\/a>\t\t\t\t\t\t\t\t<\/div>\n\t\t\t\t<\/div>\n\t\t\t\t<div class=\"elementor-element elementor-element-2d26ced3 elementor-hidden-desktop elementor-hidden-tablet elementor-widget elementor-widget-text-editor\" data-id=\"2d26ced3\" data-element_type=\"widget\" data-e-type=\"widget\" data-widget_type=\"text-editor.default\">\n\t\t\t\t<div class=\"elementor-widget-container\">\n\t\t\t\t\t\t\t\t\t<a href=\"\/about\/\">About Arizer<\/a> | <a href=\"\/about\/history\/\">History of Arizer<\/a> | <a href=\"\/home\/about\/thinking-about-a-dry-herb-vaporizer\/\">Why Dry<\/a> | <a href=\"\/home\/about\/the-clear-choice-is-glass\/\">The Clarity of Glass<\/a><br>\n<a href=\"\/home\/about\/custom-session-settings\/\">Custom Session Settings<\/a> | <a href=\"\/home\/about\/hints-tips-story\/\">Hints, Tips &amp; Story<\/a> | <a href=\"\/home\/about\/v-scale\/\">V-Scale\u00a0<\/a>\t\t\t\t\t\t\t\t<\/div>\n\t\t\t\t<\/div>\n\t\t\t\t\t<\/div>\n\t\t\t\t<\/div>\n\t\t\t\t<\/div>\n\t\t","protected":false},"excerpt":{"rendered":"<p>AJUSTES DE SESI\u00d3N PERSONALIZADOS En Arizer, somos entusiastas del vapeo y nos tomamos la experiencia de vapear muy en serio. Los t\u00e9rminos \u00abpersonalizado\u00bb y \u00abcurado\u00bb a menudo se usan a la ligera, pero todos nuestros productos realmente tienen Sistemas Operativos bien pensados y f\u00e1ciles de usar que son altamente personalizables para adaptarse a tus necesidades [&hellip;]<\/p>\n","protected":false},"author":1,"featured_media":0,"parent":20211043308,"menu_order":0,"comment_status":"closed","ping_status":"closed","template":"","meta":{"_acf_changed":false,"footnotes":""},"class_list":["post-20211043312","page","type-page","status-publish","hentry","entry"],"acf":[],"yoast_head":"<!-- This site is optimized with the Yoast SEO Premium plugin v27.1 (Yoast SEO v27.1.1) - https:\/\/yoast.com\/product\/yoast-seo-premium-wordpress\/ -->\n<title>Custom Session Settings - Arizer EU<\/title>\n<meta name=\"robots\" content=\"index, follow, max-snippet:-1, max-image-preview:large, max-video-preview:-1\" \/>\n<meta property=\"og:locale\" content=\"es_ES\" \/>\n<meta property=\"og:type\" content=\"article\" \/>\n<meta property=\"og:title\" content=\"Custom Session Settings\" \/>\n<meta property=\"og:description\" content=\"AJUSTES DE SESI\u00d3N PERSONALIZADOS En Arizer, somos entusiastas del vapeo y nos tomamos la experiencia de vapear muy en serio. Los t\u00e9rminos \u00abpersonalizado\u00bb\" \/>\n<meta property=\"og:url\" content=\"https:\/\/arizer.eu\/es\/home\/about\/custom-session-settings\/\" \/>\n<meta property=\"og:site_name\" content=\"Arizer EU\" \/>\n<meta property=\"article:modified_time\" content=\"2025-11-14T11:05:13+00:00\" \/>\n<meta property=\"og:image\" content=\"https:\/\/arizer.eu\/wp-content\/uploads\/sites\/8\/2025\/01\/2024-Website-Redesign-New-Images-BACKGROUNDS-CSS-desktop.jpg\" \/>\n\t<meta property=\"og:image:width\" content=\"1254\" \/>\n\t<meta property=\"og:image:height\" content=\"706\" \/>\n\t<meta property=\"og:image:type\" content=\"image\/jpeg\" \/>\n<meta name=\"twitter:card\" content=\"summary_large_image\" \/>\n<meta name=\"twitter:label1\" content=\"Tiempo de lectura\" \/>\n\t<meta name=\"twitter:data1\" content=\"2 minutos\" \/>\n<script type=\"application\/ld+json\" class=\"yoast-schema-graph\">{\"@context\":\"https:\/\/schema.org\",\"@graph\":[{\"@type\":\"WebPage\",\"@id\":\"https:\/\/arizer.eu\/es\/home\/about\/custom-session-settings\/\",\"url\":\"https:\/\/arizer.eu\/es\/home\/about\/custom-session-settings\/\",\"name\":\"Custom Session Settings - Arizer EU\",\"isPartOf\":{\"@id\":\"https:\/\/arizer.eu\/es\/#website\"},\"primaryImageOfPage\":{\"@id\":\"https:\/\/arizer.eu\/es\/home\/about\/custom-session-settings\/#primaryimage\"},\"image\":{\"@id\":\"https:\/\/arizer.eu\/es\/home\/about\/custom-session-settings\/#primaryimage\"},\"thumbnailUrl\":\"https:\/\/arizer.eu\/wp-content\/uploads\/sites\/8\/2025\/01\/2024-Website-Redesign-New-Images-BACKGROUNDS-CSS-desktop-1024x577.jpg\",\"datePublished\":\"2025-01-28T06:55:15+00:00\",\"dateModified\":\"2025-11-14T11:05:13+00:00\",\"breadcrumb\":{\"@id\":\"https:\/\/arizer.eu\/es\/home\/about\/custom-session-settings\/#breadcrumb\"},\"inLanguage\":\"es\",\"potentialAction\":[{\"@type\":\"ReadAction\",\"target\":[\"https:\/\/arizer.eu\/es\/home\/about\/custom-session-settings\/\"]}]},{\"@type\":\"ImageObject\",\"inLanguage\":\"es\",\"@id\":\"https:\/\/arizer.eu\/es\/home\/about\/custom-session-settings\/#primaryimage\",\"url\":\"https:\/\/arizer.eu\/wp-content\/uploads\/sites\/8\/2025\/01\/2024-Website-Redesign-New-Images-BACKGROUNDS-CSS-desktop-1024x577.jpg\",\"contentUrl\":\"https:\/\/arizer.eu\/wp-content\/uploads\/sites\/8\/2025\/01\/2024-Website-Redesign-New-Images-BACKGROUNDS-CSS-desktop-1024x577.jpg\"},{\"@type\":\"BreadcrumbList\",\"@id\":\"https:\/\/arizer.eu\/es\/home\/about\/custom-session-settings\/#breadcrumb\",\"itemListElement\":[{\"@type\":\"ListItem\",\"position\":1,\"name\":\"Home\",\"item\":\"https:\/\/arizer.eu\/es\/\"},{\"@type\":\"ListItem\",\"position\":2,\"name\":\"Home\",\"item\":\"https:\/\/arizer.eu\/es\/\"},{\"@type\":\"ListItem\",\"position\":3,\"name\":\"About\",\"item\":\"https:\/\/arizer.eu\/es\/home\/about\/\"},{\"@type\":\"ListItem\",\"position\":4,\"name\":\"Custom Session Settings\"}]},{\"@type\":\"WebSite\",\"@id\":\"https:\/\/arizer.eu\/es\/#website\",\"url\":\"https:\/\/arizer.eu\/es\/\",\"name\":\"Arizer EU\",\"description\":\"Best Portable Electronic Vaporizers | Better By Design\",\"publisher\":{\"@id\":\"https:\/\/arizer.eu\/es\/#organization\"},\"potentialAction\":[{\"@type\":\"SearchAction\",\"target\":{\"@type\":\"EntryPoint\",\"urlTemplate\":\"https:\/\/arizer.eu\/es\/?s={search_term_string}\"},\"query-input\":{\"@type\":\"PropertyValueSpecification\",\"valueRequired\":true,\"valueName\":\"search_term_string\"}}],\"inLanguage\":\"es\"},{\"@type\":\"Organization\",\"@id\":\"https:\/\/arizer.eu\/es\/#organization\",\"name\":\"AR TECH\",\"url\":\"https:\/\/arizer.eu\/es\/\",\"logo\":{\"@type\":\"ImageObject\",\"inLanguage\":\"es\",\"@id\":\"https:\/\/arizer.eu\/es\/#\/schema\/logo\/image\/\",\"url\":\"\",\"contentUrl\":\"\",\"caption\":\"AR TECH\"},\"image\":{\"@id\":\"https:\/\/arizer.eu\/es\/#\/schema\/logo\/image\/\"},\"sameAs\":[\"https:\/\/www.instagram.com\/arizertech\/\",\"https:\/\/www.youtube.com\/channel\/UCg1A_lcPMTaYi5GHJnxvM_A\"]}]}<\/script>\n<!-- \/ Yoast SEO Premium plugin. -->","yoast_head_json":{"title":"Custom Session Settings - Arizer EU","robots":{"index":"index","follow":"follow","max-snippet":"max-snippet:-1","max-image-preview":"max-image-preview:large","max-video-preview":"max-video-preview:-1"},"og_locale":"es_ES","og_type":"article","og_title":"Custom Session Settings","og_description":"AJUSTES DE SESI\u00d3N PERSONALIZADOS En Arizer, somos entusiastas del vapeo y nos tomamos la experiencia de vapear muy en serio. Los t\u00e9rminos \u00abpersonalizado\u00bb","og_url":"https:\/\/arizer.eu\/es\/home\/about\/custom-session-settings\/","og_site_name":"Arizer EU","article_modified_time":"2025-11-14T11:05:13+00:00","og_image":[{"width":1254,"height":706,"url":"https:\/\/arizer.eu\/wp-content\/uploads\/sites\/8\/2025\/01\/2024-Website-Redesign-New-Images-BACKGROUNDS-CSS-desktop.jpg","type":"image\/jpeg"}],"twitter_card":"summary_large_image","twitter_misc":{"Tiempo de lectura":"2 minutos"},"schema":{"@context":"https:\/\/schema.org","@graph":[{"@type":"WebPage","@id":"https:\/\/arizer.eu\/es\/home\/about\/custom-session-settings\/","url":"https:\/\/arizer.eu\/es\/home\/about\/custom-session-settings\/","name":"Custom Session Settings - Arizer EU","isPartOf":{"@id":"https:\/\/arizer.eu\/es\/#website"},"primaryImageOfPage":{"@id":"https:\/\/arizer.eu\/es\/home\/about\/custom-session-settings\/#primaryimage"},"image":{"@id":"https:\/\/arizer.eu\/es\/home\/about\/custom-session-settings\/#primaryimage"},"thumbnailUrl":"https:\/\/arizer.eu\/wp-content\/uploads\/sites\/8\/2025\/01\/2024-Website-Redesign-New-Images-BACKGROUNDS-CSS-desktop-1024x577.jpg","datePublished":"2025-01-28T06:55:15+00:00","dateModified":"2025-11-14T11:05:13+00:00","breadcrumb":{"@id":"https:\/\/arizer.eu\/es\/home\/about\/custom-session-settings\/#breadcrumb"},"inLanguage":"es","potentialAction":[{"@type":"ReadAction","target":["https:\/\/arizer.eu\/es\/home\/about\/custom-session-settings\/"]}]},{"@type":"ImageObject","inLanguage":"es","@id":"https:\/\/arizer.eu\/es\/home\/about\/custom-session-settings\/#primaryimage","url":"https:\/\/arizer.eu\/wp-content\/uploads\/sites\/8\/2025\/01\/2024-Website-Redesign-New-Images-BACKGROUNDS-CSS-desktop-1024x577.jpg","contentUrl":"https:\/\/arizer.eu\/wp-content\/uploads\/sites\/8\/2025\/01\/2024-Website-Redesign-New-Images-BACKGROUNDS-CSS-desktop-1024x577.jpg"},{"@type":"BreadcrumbList","@id":"https:\/\/arizer.eu\/es\/home\/about\/custom-session-settings\/#breadcrumb","itemListElement":[{"@type":"ListItem","position":1,"name":"Home","item":"https:\/\/arizer.eu\/es\/"},{"@type":"ListItem","position":2,"name":"Home","item":"https:\/\/arizer.eu\/es\/"},{"@type":"ListItem","position":3,"name":"About","item":"https:\/\/arizer.eu\/es\/home\/about\/"},{"@type":"ListItem","position":4,"name":"Custom Session Settings"}]},{"@type":"WebSite","@id":"https:\/\/arizer.eu\/es\/#website","url":"https:\/\/arizer.eu\/es\/","name":"Arizer EU","description":"Best Portable Electronic Vaporizers | Better By Design","publisher":{"@id":"https:\/\/arizer.eu\/es\/#organization"},"potentialAction":[{"@type":"SearchAction","target":{"@type":"EntryPoint","urlTemplate":"https:\/\/arizer.eu\/es\/?s={search_term_string}"},"query-input":{"@type":"PropertyValueSpecification","valueRequired":true,"valueName":"search_term_string"}}],"inLanguage":"es"},{"@type":"Organization","@id":"https:\/\/arizer.eu\/es\/#organization","name":"AR TECH","url":"https:\/\/arizer.eu\/es\/","logo":{"@type":"ImageObject","inLanguage":"es","@id":"https:\/\/arizer.eu\/es\/#\/schema\/logo\/image\/","url":"","contentUrl":"","caption":"AR TECH"},"image":{"@id":"https:\/\/arizer.eu\/es\/#\/schema\/logo\/image\/"},"sameAs":["https:\/\/www.instagram.com\/arizertech\/","https:\/\/www.youtube.com\/channel\/UCg1A_lcPMTaYi5GHJnxvM_A"]}]}},"_links":{"self":[{"href":"https:\/\/arizer.eu\/es\/wp-json\/wp\/v2\/pages\/20211043312","targetHints":{"allow":["GET"]}}],"collection":[{"href":"https:\/\/arizer.eu\/es\/wp-json\/wp\/v2\/pages"}],"about":[{"href":"https:\/\/arizer.eu\/es\/wp-json\/wp\/v2\/types\/page"}],"author":[{"embeddable":true,"href":"https:\/\/arizer.eu\/es\/wp-json\/wp\/v2\/users\/1"}],"replies":[{"embeddable":true,"href":"https:\/\/arizer.eu\/es\/wp-json\/wp\/v2\/comments?post=20211043312"}],"version-history":[{"count":8,"href":"https:\/\/arizer.eu\/es\/wp-json\/wp\/v2\/pages\/20211043312\/revisions"}],"predecessor-version":[{"id":20220675841,"href":"https:\/\/arizer.eu\/es\/wp-json\/wp\/v2\/pages\/20211043312\/revisions\/20220675841"}],"up":[{"embeddable":true,"href":"https:\/\/arizer.eu\/es\/wp-json\/wp\/v2\/pages\/20211043308"}],"wp:attachment":[{"href":"https:\/\/arizer.eu\/es\/wp-json\/wp\/v2\/media?parent=20211043312"}],"curies":[{"name":"wp","href":"https:\/\/api.w.org\/{rel}","templated":true}]}}