{"id":20211041419,"date":"2020-01-08T05:02:28","date_gmt":"2020-01-08T05:02:28","guid":{"rendered":"https:\/\/arizer.eu\/terms-of-use\/"},"modified":"2026-04-13T19:14:05","modified_gmt":"2026-04-13T19:14:05","slug":"terms-of-use","status":"publish","type":"page","link":"https:\/\/arizer.eu\/es\/terms-of-use\/","title":{"rendered":"Arizer Website Terms of Use"},"content":{"rendered":"\t\t<div data-elementor-type=\"wp-page\" data-elementor-id=\"20211041419\" class=\"elementor elementor-20211041419 elementor-5531\" data-elementor-post-type=\"page\">\n\t\t\t\t\t\t<section class=\"elementor-section elementor-top-section elementor-element elementor-element-8371e21 elementor-section-boxed elementor-section-height-default elementor-section-height-default\" data-id=\"8371e21\" data-element_type=\"section\" data-e-type=\"section\">\n\t\t\t\t\t\t<div class=\"elementor-container elementor-column-gap-default\">\n\t\t\t\t\t<div class=\"elementor-column elementor-col-100 elementor-top-column elementor-element elementor-element-7dad27c\" data-id=\"7dad27c\" data-element_type=\"column\" data-e-type=\"column\">\n\t\t\t<div class=\"elementor-widget-wrap elementor-element-populated\">\n\t\t\t\t\t\t<div class=\"elementor-element elementor-element-9659cb7 elementor-widget elementor-widget-heading\" data-id=\"9659cb7\" data-element_type=\"widget\" data-e-type=\"widget\" data-widget_type=\"heading.default\">\n\t\t\t\t<div class=\"elementor-widget-container\">\n\t\t\t\t\t<h1 class=\"elementor-heading-title elementor-size-default\">T\u00e9rminos y condiciones<\/h1>\t\t\t\t<\/div>\n\t\t\t\t<\/div>\n\t\t\t\t\t<\/div>\n\t\t<\/div>\n\t\t\t\t\t<\/div>\n\t\t<\/section>\n\t\t\t\t<section class=\"elementor-section elementor-top-section elementor-element elementor-element-fa51637 elementor-section-boxed elementor-section-height-default elementor-section-height-default\" data-id=\"fa51637\" data-element_type=\"section\" data-e-type=\"section\">\n\t\t\t\t\t\t<div class=\"elementor-container elementor-column-gap-default\">\n\t\t\t\t\t<div class=\"elementor-column elementor-col-100 elementor-top-column elementor-element elementor-element-05937f2\" data-id=\"05937f2\" data-element_type=\"column\" data-e-type=\"column\">\n\t\t\t<div class=\"elementor-widget-wrap elementor-element-populated\">\n\t\t\t\t\t\t<div class=\"elementor-element elementor-element-02558ff elementor-widget elementor-widget-text-editor\" data-id=\"02558ff\" data-element_type=\"widget\" data-e-type=\"widget\" data-widget_type=\"text-editor.default\">\n\t\t\t\t<div class=\"elementor-widget-container\">\n\t\t\t\t\t\t\t\t\t<h2>1. \u00c1mbito de aplicaci\u00f3n<\/h2><p>Las presentes condiciones generales se aplican a todos los pedidos realizados por consumidores y profesionales a trav\u00e9s de nuestra tienda en l\u00ednea.<\/p><p>Se considera consumidor a toda persona f\u00edsica que celebra un acto jur\u00eddico con fines que no pueden atribuirse principalmente a su actividad comercial ni a su actividad profesional independiente. Se considera profesional a toda persona f\u00edsica o jur\u00eddica o sociedad con capacidad jur\u00eddica que, al celebrar un acto jur\u00eddico, act\u00faa en el ejercicio de su actividad comercial o profesional independiente.<\/p><p>En relaci\u00f3n con los profesionales, estas condiciones generales tambi\u00e9n se aplican a futuras relaciones comerciales sin necesidad de que volvamos a mencionarlas. Si el profesional utiliza condiciones generales contradictorias o complementarias, se rechaza su validez; solo pasar\u00e1n a formar parte del contrato si las hemos aceptado expresamente.<\/p><h2>2. Parte contratante, celebraci\u00f3n del contrato<\/h2><p>El contrato de compraventa se celebra con Reinhart GmbH &amp; Co. KG.<\/p><p>Al publicar los productos en la tienda en l\u00ednea, realizamos una oferta vinculante para la celebraci\u00f3n de un contrato sobre dichos art\u00edculos. Puede a\u00f1adir nuestros productos al carrito sin compromiso y corregir sus datos en cualquier momento antes de enviar su pedido vinculante utilizando las herramientas de correcci\u00f3n previstas y explicadas en el proceso de compra. El contrato se perfecciona cuando usted acepta la oferta de los productos contenidos en el carrito haciendo clic en el bot\u00f3n de pedido. Inmediatamente despu\u00e9s de enviar el pedido, recibir\u00e1 una confirmaci\u00f3n por correo electr\u00f3nico.<\/p><h2>3. Idioma del contrato, almacenamiento del texto contractual<\/h2><p>Los idiomas disponibles para la celebraci\u00f3n del contrato son espa\u00f1ol e ingl\u00e9s.<\/p><p>El texto del contrato no es almacenado por nosotros.<\/p><h2>4. Condiciones de env\u00edo<\/h2><p>A los precios de los productos indicados se pueden a\u00f1adir gastos de env\u00edo. Puede consultar m\u00e1s detalles sobre el importe de los gastos de env\u00edo en las ofertas.<\/p><p>Realizamos entregas \u00fanicamente mediante env\u00edo. No es posible recoger la mercanc\u00eda personalmente.<\/p><h2>5. M\u00e9todos de pago<\/h2><p>En nuestra tienda est\u00e1n disponibles los siguientes m\u00e9todos de pago:<\/p><p>Transferencia bancaria<br \/>Si elige el pago por adelantado, le facilitaremos nuestros datos bancarios en un correo electr\u00f3nico independiente y enviaremos la mercanc\u00eda una vez recibido el pago.<\/p><p>PayPal<br \/>Durante el proceso de pedido ser\u00e1 redirigido al sitio web del proveedor en l\u00ednea PayPal. Para pagar el importe de la factura mediante PayPal, debe estar registrado o registrarse previamente, identificarse con sus datos de acceso y confirmar la orden de pago. Tras realizar el pedido en la tienda, solicitaremos a PayPal que inicie la transacci\u00f3n de pago. Recibir\u00e1 m\u00e1s instrucciones durante el proceso de pedido.<\/p><p>SOFORT \u00dcberweisung<br \/>Tras realizar el pedido, ser\u00e1 redirigido al sitio web del proveedor SOFORT \u00dcberweisung. Para poder pagar mediante este servicio, debe disponer de una cuenta de banca en l\u00ednea con procedimiento PIN\/TAN activado, identificarse y confirmar la orden de pago. Recibir\u00e1 m\u00e1s instrucciones durante el proceso de pedido. La transacci\u00f3n se realizar\u00e1 inmediatamente y se cargar\u00e1 el importe en su cuenta.<\/p><p>No se a\u00f1aden costes adicionales (0 %) al precio de compra.<\/p><h2>6. Reserva de dominio<\/h2><p>La mercanc\u00eda seguir\u00e1 siendo de nuestra propiedad hasta que se haya realizado el pago completo.<\/p><p>Para los profesionales, se aplica adem\u00e1s lo siguiente: nos reservamos la propiedad de la mercanc\u00eda hasta la liquidaci\u00f3n completa de todas las reclamaciones derivadas de una relaci\u00f3n comercial en curso. Puede revender la mercanc\u00eda sujeta a reserva de dominio en el curso ordinario de los negocios; nos cede desde ahora todas las reclamaciones derivadas de dicha reventa por el importe de la factura, independientemente de cualquier combinaci\u00f3n o transformaci\u00f3n de la mercanc\u00eda. Aceptamos esta cesi\u00f3n. Usted sigue autorizado a cobrar las reclamaciones, pero tambi\u00e9n podemos cobrarlas nosotros si no cumple con sus obligaciones de pago. Se aplica la responsabilidad legal por defectos. La informaci\u00f3n sobre cualquier garant\u00eda adicional aplicable y sus condiciones exactas puede encontrarse con el producto y en p\u00e1ginas informativas especiales de la tienda en l\u00ednea.<\/p><h2>7. Resoluci\u00f3n de litigios<\/h2><p>La Comisi\u00f3n Europea ofrece una plataforma de resoluci\u00f3n de litigios en l\u00ednea (ODR), que puede encontrar aqu\u00ed: http:\/\/ec.europa.eu\/consumers\/odr\/<\/p><p>No estamos obligados ni dispuestos a participar en un procedimiento de resoluci\u00f3n de litigios ante una entidad de resoluci\u00f3n de conflictos de consumo.<\/p><h2>8. Rese\u00f1as de productos<\/h2><p>Valoramos sus contribuciones y le animamos a dejar rese\u00f1as sobre los productos de Arizer. Las rese\u00f1as deben ser relevantes, honestas y centradas en el producto en s\u00ed.<\/p><p>Los comentarios sobre Arizer como empresa, el env\u00edo, el servicio al cliente o el embalaje deben dirigirse a nuestro equipo de soporte en service@arizer.com<br \/>.<\/p><p>Al enviar una rese\u00f1a en nuestro sitio web, usted acepta que Arizer pueda publicar su rese\u00f1a, junto con su nombre, en nuestro sitio web en cualquier formato o ubicaci\u00f3n a su discreci\u00f3n.<\/p><p>Tambi\u00e9n acepta que Arizer pueda editar las rese\u00f1as por motivos de claridad, extensi\u00f3n o adecuaci\u00f3n, siempre que no se cambie la intenci\u00f3n de la rese\u00f1a. Arizer se reserva el derecho de eliminar o no publicar cualquier contenido que no sea relevante o apropiado.<\/p><h2>9. Disposiciones finales<\/h2><p>Si usted es un profesional, se aplica el derecho alem\u00e1n con exclusi\u00f3n de la Convenci\u00f3n de las Naciones Unidas sobre los Contratos de Compraventa Internacional de Mercader\u00edas.<\/p><p>Si usted es comerciante en el sentido del C\u00f3digo de Comercio alem\u00e1n, una persona jur\u00eddica de derecho p\u00fablico o un patrimonio especial de derecho p\u00fablico, el lugar exclusivo de jurisdicci\u00f3n para todas las disputas derivadas de relaciones contractuales entre nosotros y usted es nuestro domicilio social.<\/p>\t\t\t\t\t\t\t\t<\/div>\n\t\t\t\t<\/div>\n\t\t\t\t\t<\/div>\n\t\t<\/div>\n\t\t\t\t\t<\/div>\n\t\t<\/section>\n\t\t\t\t<\/div>\n\t\t","protected":false},"excerpt":{"rendered":"<p>T\u00e9rminos y condiciones 1. \u00c1mbito de aplicaci\u00f3n Las presentes condiciones generales se aplican a todos los pedidos realizados por consumidores y profesionales a trav\u00e9s de nuestra tienda en l\u00ednea. Se considera consumidor a toda persona f\u00edsica que celebra un acto jur\u00eddico con fines que no pueden atribuirse principalmente a su actividad comercial ni a su [&hellip;]<\/p>\n","protected":false},"author":1,"featured_media":0,"parent":0,"menu_order":0,"comment_status":"closed","ping_status":"closed","template":"","meta":{"_acf_changed":false,"footnotes":""},"class_list":["post-20211041419","page","type-page","status-publish","hentry","entry"],"acf":[],"yoast_head":"<!-- This site is optimized with the Yoast SEO Premium plugin v27.1 (Yoast SEO v27.1.1) - https:\/\/yoast.com\/product\/yoast-seo-premium-wordpress\/ -->\n<title>Arizer Website Terms of Use - Arizer EU<\/title>\n<meta name=\"robots\" content=\"index, follow, max-snippet:-1, max-image-preview:large, max-video-preview:-1\" \/>\n<meta property=\"og:locale\" content=\"es_ES\" \/>\n<meta property=\"og:type\" content=\"article\" \/>\n<meta property=\"og:title\" content=\"Arizer Website Terms of Use\" \/>\n<meta property=\"og:description\" content=\"T\u00e9rminos y condiciones 1. \u00c1mbito de aplicaci\u00f3nLas presentes condiciones generales se aplican a todos los pedidos realizados por consumidores y\" \/>\n<meta property=\"og:url\" content=\"https:\/\/arizer.eu\/es\/terms-of-use\/\" \/>\n<meta property=\"og:site_name\" content=\"Arizer EU\" \/>\n<meta property=\"article:modified_time\" content=\"2026-04-13T19:14:05+00:00\" \/>\n<meta name=\"twitter:card\" content=\"summary_large_image\" \/>\n<meta name=\"twitter:label1\" content=\"Tiempo de lectura\" \/>\n\t<meta name=\"twitter:data1\" content=\"5 minutos\" \/>\n<script type=\"application\/ld+json\" class=\"yoast-schema-graph\">{\"@context\":\"https:\/\/schema.org\",\"@graph\":[{\"@type\":\"WebPage\",\"@id\":\"https:\/\/arizer.eu\/es\/terms-of-use\/\",\"url\":\"https:\/\/arizer.eu\/es\/terms-of-use\/\",\"name\":\"Arizer Website Terms of Use - Arizer EU\",\"isPartOf\":{\"@id\":\"https:\/\/arizer.eu\/es\/#website\"},\"datePublished\":\"2020-01-08T05:02:28+00:00\",\"dateModified\":\"2026-04-13T19:14:05+00:00\",\"breadcrumb\":{\"@id\":\"https:\/\/arizer.eu\/es\/terms-of-use\/#breadcrumb\"},\"inLanguage\":\"es\",\"potentialAction\":[{\"@type\":\"ReadAction\",\"target\":[\"https:\/\/arizer.eu\/es\/terms-of-use\/\"]}]},{\"@type\":\"BreadcrumbList\",\"@id\":\"https:\/\/arizer.eu\/es\/terms-of-use\/#breadcrumb\",\"itemListElement\":[{\"@type\":\"ListItem\",\"position\":1,\"name\":\"Home\",\"item\":\"https:\/\/arizer.eu\/es\/\"},{\"@type\":\"ListItem\",\"position\":2,\"name\":\"Arizer Website Terms of Use\"}]},{\"@type\":\"WebSite\",\"@id\":\"https:\/\/arizer.eu\/es\/#website\",\"url\":\"https:\/\/arizer.eu\/es\/\",\"name\":\"Arizer EU\",\"description\":\"Best Portable Electronic Vaporizers | Better By Design\",\"publisher\":{\"@id\":\"https:\/\/arizer.eu\/es\/#organization\"},\"potentialAction\":[{\"@type\":\"SearchAction\",\"target\":{\"@type\":\"EntryPoint\",\"urlTemplate\":\"https:\/\/arizer.eu\/es\/?s={search_term_string}\"},\"query-input\":{\"@type\":\"PropertyValueSpecification\",\"valueRequired\":true,\"valueName\":\"search_term_string\"}}],\"inLanguage\":\"es\"},{\"@type\":\"Organization\",\"@id\":\"https:\/\/arizer.eu\/es\/#organization\",\"name\":\"AR TECH\",\"url\":\"https:\/\/arizer.eu\/es\/\",\"logo\":{\"@type\":\"ImageObject\",\"inLanguage\":\"es\",\"@id\":\"https:\/\/arizer.eu\/es\/#\/schema\/logo\/image\/\",\"url\":\"\",\"contentUrl\":\"\",\"caption\":\"AR TECH\"},\"image\":{\"@id\":\"https:\/\/arizer.eu\/es\/#\/schema\/logo\/image\/\"},\"sameAs\":[\"https:\/\/www.instagram.com\/arizertech\/\",\"https:\/\/www.youtube.com\/channel\/UCg1A_lcPMTaYi5GHJnxvM_A\"]}]}<\/script>\n<!-- \/ Yoast SEO Premium plugin. -->","yoast_head_json":{"title":"Arizer Website Terms of Use - Arizer EU","robots":{"index":"index","follow":"follow","max-snippet":"max-snippet:-1","max-image-preview":"max-image-preview:large","max-video-preview":"max-video-preview:-1"},"og_locale":"es_ES","og_type":"article","og_title":"Arizer Website Terms of Use","og_description":"T\u00e9rminos y condiciones 1. \u00c1mbito de aplicaci\u00f3nLas presentes condiciones generales se aplican a todos los pedidos realizados por consumidores y","og_url":"https:\/\/arizer.eu\/es\/terms-of-use\/","og_site_name":"Arizer EU","article_modified_time":"2026-04-13T19:14:05+00:00","twitter_card":"summary_large_image","twitter_misc":{"Tiempo de lectura":"5 minutos"},"schema":{"@context":"https:\/\/schema.org","@graph":[{"@type":"WebPage","@id":"https:\/\/arizer.eu\/es\/terms-of-use\/","url":"https:\/\/arizer.eu\/es\/terms-of-use\/","name":"Arizer Website Terms of Use - Arizer EU","isPartOf":{"@id":"https:\/\/arizer.eu\/es\/#website"},"datePublished":"2020-01-08T05:02:28+00:00","dateModified":"2026-04-13T19:14:05+00:00","breadcrumb":{"@id":"https:\/\/arizer.eu\/es\/terms-of-use\/#breadcrumb"},"inLanguage":"es","potentialAction":[{"@type":"ReadAction","target":["https:\/\/arizer.eu\/es\/terms-of-use\/"]}]},{"@type":"BreadcrumbList","@id":"https:\/\/arizer.eu\/es\/terms-of-use\/#breadcrumb","itemListElement":[{"@type":"ListItem","position":1,"name":"Home","item":"https:\/\/arizer.eu\/es\/"},{"@type":"ListItem","position":2,"name":"Arizer Website Terms of Use"}]},{"@type":"WebSite","@id":"https:\/\/arizer.eu\/es\/#website","url":"https:\/\/arizer.eu\/es\/","name":"Arizer EU","description":"Best Portable Electronic Vaporizers | Better By Design","publisher":{"@id":"https:\/\/arizer.eu\/es\/#organization"},"potentialAction":[{"@type":"SearchAction","target":{"@type":"EntryPoint","urlTemplate":"https:\/\/arizer.eu\/es\/?s={search_term_string}"},"query-input":{"@type":"PropertyValueSpecification","valueRequired":true,"valueName":"search_term_string"}}],"inLanguage":"es"},{"@type":"Organization","@id":"https:\/\/arizer.eu\/es\/#organization","name":"AR TECH","url":"https:\/\/arizer.eu\/es\/","logo":{"@type":"ImageObject","inLanguage":"es","@id":"https:\/\/arizer.eu\/es\/#\/schema\/logo\/image\/","url":"","contentUrl":"","caption":"AR TECH"},"image":{"@id":"https:\/\/arizer.eu\/es\/#\/schema\/logo\/image\/"},"sameAs":["https:\/\/www.instagram.com\/arizertech\/","https:\/\/www.youtube.com\/channel\/UCg1A_lcPMTaYi5GHJnxvM_A"]}]}},"_links":{"self":[{"href":"https:\/\/arizer.eu\/es\/wp-json\/wp\/v2\/pages\/20211041419","targetHints":{"allow":["GET"]}}],"collection":[{"href":"https:\/\/arizer.eu\/es\/wp-json\/wp\/v2\/pages"}],"about":[{"href":"https:\/\/arizer.eu\/es\/wp-json\/wp\/v2\/types\/page"}],"author":[{"embeddable":true,"href":"https:\/\/arizer.eu\/es\/wp-json\/wp\/v2\/users\/1"}],"replies":[{"embeddable":true,"href":"https:\/\/arizer.eu\/es\/wp-json\/wp\/v2\/comments?post=20211041419"}],"version-history":[{"count":11,"href":"https:\/\/arizer.eu\/es\/wp-json\/wp\/v2\/pages\/20211041419\/revisions"}],"predecessor-version":[{"id":20220684613,"href":"https:\/\/arizer.eu\/es\/wp-json\/wp\/v2\/pages\/20211041419\/revisions\/20220684613"}],"wp:attachment":[{"href":"https:\/\/arizer.eu\/es\/wp-json\/wp\/v2\/media?parent=20211041419"}],"curies":[{"name":"wp","href":"https:\/\/api.w.org\/{rel}","templated":true}]}}